{"id":15747,"date":"2024-08-06T12:42:21","date_gmt":"2024-08-06T10:42:21","guid":{"rendered":"https:\/\/wearevillage.org\/?post_type=product&#038;p=15747"},"modified":"2024-08-19T11:44:44","modified_gmt":"2024-08-19T09:44:44","slug":"outdoor-berliner-mauerweg","status":"publish","type":"product","link":"https:\/\/wearevillage.org\/shop\/village-outdoor\/w39-2024\/","title":{"rendered":"Outdoor \u2013 Berliner Mauerweg"},"content":{"rendered":"<div class=\"wpb-content-wrapper\"><div class=\"vc_row wpb_row vc_row-fluid\"><div class=\"wpb_column vc_column_container vc_col-sm-10\"><div class=\"vc_column-inner\"><div class=\"wpb_wrapper\"><\/div><\/div><\/div><div class=\"wpb_column vc_column_container vc_col-sm-2\"><div class=\"vc_column-inner\"><div class=\"wpb_wrapper\"><\/div><\/div><\/div><\/div><div class=\"vc_row wpb_row vc_row-fluid\"><div class=\"wpb_column vc_column_container vc_col-sm-12\"><div class=\"vc_column-inner\"><div class=\"wpb_wrapper\"><h4 style=\"text-align: left\" class=\"vc_custom_heading vc_do_custom_heading\" >Village Outdoor \u2013 Berliner Mauerweg, Abschnitt 5: Von Frohnau \u00fcber Hennigsdorf bis zum Spandauer Forst<\/h4><h5 style=\"text-align: left\" class=\"vc_custom_heading vc_do_custom_heading\" >mit Thomas Fischer<\/h5>\n\t<div class=\"wpb_text_column wpb_content_element\" >\n\t\t<div class=\"wpb_wrapper\">\n\t\t\t<div class=\"x11i5rnm xat24cr x1mh8g0r x1vvkbs xtlvy1s\">\n<div class=\"x11i5rnm xat24cr x1mh8g0r x1vvkbs xtlvy1s\">\n<div class=\"x11i5rnm xat24cr x1mh8g0r x1vvkbs xtlvy1s\">\n<div class=\"x11i5rnm xat24cr x1mh8g0r x1vvkbs xtlvy1s\">\n<p>Diese 5. Etappe auf dem Berliner Mauerweg f\u00fchrt uns aus der Gartenstadt Frohnau (eine Villenkolonie nach britischem Vorbild aus dem Beginn des 20ten Jahrhunderts) zun\u00e4chst durch ein Forstgebiet nach Hennigsdorf.<br \/>\nVon hieraus geht es dann nah entlang der Havel \u00fcber Uferwiesen Richtung S\u00fcden bis wir den Spandauer Forst bei Konradsh\u00f6he erreichen. Auch auf diesem Abschnitt gibt es einen der wenigen erhaltenen Grenzt\u00fcrme als erhaltenes Relikt der ehemaligen DDR-Grenzanlagen zu entdecken.<\/p>\n<p><strong>Was ist Village Outdoor?<\/strong><br \/>\nVillage Outdoor Events sind monatliche Treffen der we are village-Community und ihrer Freunde, um Outdoor-Aktivit\u00e4ten in und um Berlin zu genie\u00dfen. Zu den Aktivit\u00e4ten geh\u00f6ren Waldwanderungen, Radtouren, Schwimmen in Seen, Sightseeing und Kajakfahren.<br \/>\nJeden Monat gibt es einen kostenlosen und unkomplizierten Spaziergang oder eine Wanderung in Bereichen Berlins oder in der Umgebung, die mit \u00f6ffentlichen Verkehrsmitteln erreichbar sind.<\/p>\n<\/div>\n<\/div>\n<\/div>\n<\/div>\n\n\t\t<\/div>\n\t<\/div>\n<div class=\"vc_separator wpb_content_element vc_separator_align_center vc_sep_width_100 vc_sep_pos_align_center vc_separator_no_text vc_sep_color_grey wpb_content_element  wpb_content_element\" ><span class=\"vc_sep_holder vc_sep_holder_l\"><span class=\"vc_sep_line\"><\/span><\/span><span class=\"vc_sep_holder vc_sep_holder_r\"><span class=\"vc_sep_line\"><\/span><\/span>\n<\/div>\n\t<div class=\"wpb_text_column wpb_content_element\" >\n\t\t<div class=\"wpb_wrapper\">\n\t\t\t<p><img loading=\"lazy\" decoding=\"async\" class=\"wp-image-16123 alignleft\" src=\"https:\/\/wearevillage.org\/wp-content\/uploads\/2024\/08\/wav-team-Thomas-Fischer-270x300.png\" alt=\"\" width=\"160\" height=\"178\" srcset=\"https:\/\/wearevillage.org\/wp-content\/uploads\/2024\/08\/wav-team-Thomas-Fischer-270x300.png 270w, https:\/\/wearevillage.org\/wp-content\/uploads\/2024\/08\/wav-team-Thomas-Fischer-135x150.png 135w, https:\/\/wearevillage.org\/wp-content\/uploads\/2024\/08\/wav-team-Thomas-Fischer-768x853.png 768w, https:\/\/wearevillage.org\/wp-content\/uploads\/2024\/08\/wav-team-Thomas-Fischer-624x693.png 624w, https:\/\/wearevillage.org\/wp-content\/uploads\/2024\/08\/wav-team-Thomas-Fischer-390x433.png 390w, https:\/\/wearevillage.org\/wp-content\/uploads\/2024\/08\/wav-team-Thomas-Fischer-600x667.png 600w, https:\/\/wearevillage.org\/wp-content\/uploads\/2024\/08\/wav-team-Thomas-Fischer.png 900w\" sizes=\"auto, (max-width: 160px) 100vw, 160px\" \/> F\u00fcr <strong>Thomas Fischer<\/strong> ist Bewegung im Freien und besonders in der Natur wichtig, um sich mit sich selbst und der Welt um ihn herum zu verbinden. Er unterst\u00fctzt daher die Village Outdoor Angebote und bringt seine zwanzigj\u00e4hrige Erfahrung aus der Erkundung von Berlin und Brandenburg ein.<br \/>\nMit seinem Hintergrund in den Gesundheitswissenschaften ist er besonders an der Verbindung von Geist, K\u00f6rper und sozialen Verbindungen interessiert. Er ist davon \u00fcberzeugt, dass Bewegung, Neugier und kontinuierliche Entwicklung zentral f\u00fcr die menschliche Reise durchs Leben sind.<\/p>\n\n\t\t<\/div>\n\t<\/div>\n<div class=\"vc_separator wpb_content_element vc_separator_align_center vc_sep_width_100 vc_sep_pos_align_center vc_separator_no_text vc_sep_color_grey vc_custom_1724060680562 wpb_content_element  vc_custom_1724060680562 wpb_content_element\" ><span class=\"vc_sep_holder vc_sep_holder_l\"><span class=\"vc_sep_line\"><\/span><\/span><span class=\"vc_sep_holder vc_sep_holder_r\"><span class=\"vc_sep_line\"><\/span><\/span>\n<\/div>\n\t<div class=\"wpb_text_column wpb_content_element\" >\n\t\t<div class=\"wpb_wrapper\">\n\t\t\t<p><span style=\"text-decoration: underline;\"><strong>Hinweise<br \/>\n<\/strong><\/span><strong>Treffpunkt<\/strong>: S-Bahnhof Frohnau, Frohnauer Br\u00fccke<br \/>\n<strong>R\u00fcckfahrt<\/strong>: Bus X36 bis U- und S-Bahnhof Spandau<br \/>\n<strong>Streckenl\u00e4nge<\/strong>: ca. 12 km (3 \u2013 4 Stunden)<br \/>\n<strong>Sprache<\/strong>: Je nach Bed\u00fcrfnissen der Gruppe werden wir Deutsch und\/oder Englisch sprechen.<br \/>\n<strong>Kosten<\/strong>: Die Teilnahme ist kostenlos.<\/p>\n\n\t\t<\/div>\n\t<\/div>\n<\/div><\/div><\/div><\/div>\n<\/div>","protected":false},"excerpt":{"rendered":"<h5><strong>Outdoor Event<\/strong><br \/>\n<strong>jeden letzten Sonntag im Monat<\/strong><br \/>\n<strong>11:00 \u2013 15:00<\/strong><br \/>\nTreffpunkt: S-Bahnhof Frohnau, Frohnauer Br\u00fccke<\/h5>\n<h5><strong>| <span style=\"color: #ec6c23;\">LGBTQIA+\u00a0<\/span>|<\/strong><\/h5>\n<div class=\"x11i5rnm xat24cr x1mh8g0r x1vvkbs xtlvy1s\">\n<div class=\"x11i5rnm xat24cr x1mh8g0r x1vvkbs xtlvy1s\">\n<p>Diese 5. Etappe des Berliner Mauerwegs f\u00fchrt uns von der Gartenstadt Frohnau durch einen Forst nach Hennigsdorf. Von dort entlang der Havel \u00fcber Uferwiesen bis zum Spandauer Forst bei Konradsh\u00f6he.<\/p>\n<\/div>\n<\/div>\n","protected":false},"author":12,"featured_media":15749,"template":"","meta":{"pmpro_default_level":"","inline_featured_image":false},"product_brand":[],"product_cat":[77,769,79],"product_tag":[469],"class_list":{"0":"post-15747","1":"product","2":"type-product","3":"status-publish","4":"has-post-thumbnail","6":"product_cat-community-events","7":"product_cat-kostenloser-zugang","8":"product_cat-monatliche-events","9":"product_tag-lgbtqiaplus","10":"pmpro-has-access","12":"first","13":"outofstock","14":"purchasable","15":"product-type-variable"},"wpml_current_locale":"de_DE","wpml_translations":{"en_US":{"locale":"en_US","id":15751,"slug":"outdoor-berlin-wall-trail","post_title":"Outdoor \u2013 Berlin Wall Trail","href":"https:\/\/wearevillage.org\/en\/shop\/village-outdoor\/w39-2024"}},"language":{"code":"de","locale":"","name":"","is_rtl":false},"_links":{"self":[{"href":"https:\/\/wearevillage.org\/wp-json\/wp\/v2\/product\/15747","targetHints":{"allow":["GET"]}}],"collection":[{"href":"https:\/\/wearevillage.org\/wp-json\/wp\/v2\/product"}],"about":[{"href":"https:\/\/wearevillage.org\/wp-json\/wp\/v2\/types\/product"}],"author":[{"embeddable":true,"href":"https:\/\/wearevillage.org\/wp-json\/wp\/v2\/users\/12"}],"wp:featuredmedia":[{"embeddable":true,"href":"https:\/\/wearevillage.org\/wp-json\/wp\/v2\/media\/15749"}],"wp:attachment":[{"href":"https:\/\/wearevillage.org\/wp-json\/wp\/v2\/media?parent=15747"}],"wp:term":[{"taxonomy":"product_brand","embeddable":true,"href":"https:\/\/wearevillage.org\/wp-json\/wp\/v2\/product_brand?post=15747"},{"taxonomy":"product_cat","embeddable":true,"href":"https:\/\/wearevillage.org\/wp-json\/wp\/v2\/product_cat?post=15747"},{"taxonomy":"product_tag","embeddable":true,"href":"https:\/\/wearevillage.org\/wp-json\/wp\/v2\/product_tag?post=15747"}],"curies":[{"name":"wp","href":"https:\/\/api.w.org\/{rel}","templated":true}]}}