{"id":15894,"date":"2024-08-07T14:43:04","date_gmt":"2024-08-07T12:43:04","guid":{"rendered":"https:\/\/wearevillage.org\/?post_type=product&#038;p=15894"},"modified":"2024-08-07T16:46:09","modified_gmt":"2024-08-07T14:46:09","slug":"touch-and-move-kontakt-improvisieren-community-schaffen-10","status":"publish","type":"product","link":"https:\/\/wearevillage.org\/shop\/touch-and-move\/w40-2024\/","title":{"rendered":"Touch and Move: Kontakt improvisieren, Community schaffen"},"content":{"rendered":"<div class=\"wpb-content-wrapper\"><div class=\"vc_row wpb_row vc_row-fluid\"><div class=\"wpb_column vc_column_container vc_col-sm-12\"><div class=\"vc_column-inner\"><div class=\"wpb_wrapper\"><h4 style=\"text-align: left\" class=\"vc_custom_heading vc_do_custom_heading\" >Touch and Move: Kontakt improvisieren, Community schaffen<\/h4><h5 style=\"text-align: left\" class=\"vc_custom_heading vc_do_custom_heading\" >mit Touch and Move Collective<\/h5>\n\t<div class=\"wpb_text_column wpb_content_element\" >\n\t\t<div class=\"wpb_wrapper\">\n\t\t\t<p>Dies ist ein Kurs f\u00fcr GBTQ M\u00e4nner* mit allen Erfahrungsstufen, von absoluten Neulingen bis zu Fortgeschrittenen.<br \/>\nWir treffen uns und beginnen mit einem gegenseitigen Kennenlernen, gefolgt von einer angeleiteten Erkundung, die von somatischer Praxis zu Kontakttanzimprovisationen f\u00fchrt. Von hier aus \u00f6ffnen wir den Raum f\u00fcr den freien Fluss des Tanzes und der Erkundungen in Duos, Trios und als Gruppe. Mit Hilfe von Bodywork w\u00e4rmen wir uns zum Schluss auf und integrieren das Erlebte.<br \/>\nTanz ist unsere Art, einen Raum f\u00fcr Erkundungen zu schaffen: Was passiert, wenn sich die K\u00f6rper queerer M\u00e4nner treffen und ohne Erwartungen und Absichten in Ber\u00fchrung kommen?<br \/>\nIn der Contact Improvisation ist die Ber\u00fchrung der Ursprung, um Tanzbewegungen zu entdecken. Sie hilft dir, offen zu sein f\u00fcr das Hier und Jetzt, f\u00fcr \u00dcberraschungen, f\u00fcr das Loslassen von Rollen, Erwartungen und Vorschriften.<br \/>\nJede Bewegung kann Teil dieses Tanzes sein, egal wie einfach \u2013 wir bewegen uns so, wie wir uns tats\u00e4chlich f\u00fchlen. So entsteht eine Konversation ohne Worte, einfach durch unsere bewegten K\u00f6rper. Uns selbst zu sp\u00fcren, indem wir andere sp\u00fcren, kann ein ebenso wertvolles Gemeinschaftsgef\u00fchl, wie ein Gef\u00fchl von Befreiung schaffen. Wir legen Wert auf Konsens, Respekt, die Vielfalt der Menschen und Energien, das Zuh\u00f6ren und einen urteilsfreien Raum.<\/p>\n\n\t\t<\/div>\n\t<\/div>\n<div class=\"vc_separator wpb_content_element vc_separator_align_center vc_sep_width_100 vc_sep_pos_align_center vc_separator_no_text vc_sep_color_grey wpb_content_element  wpb_content_element\" ><span class=\"vc_sep_holder vc_sep_holder_l\"><span class=\"vc_sep_line\"><\/span><\/span><span class=\"vc_sep_holder vc_sep_holder_r\"><span class=\"vc_sep_line\"><\/span><\/span>\n<\/div>\n\t<div class=\"wpb_text_column wpb_content_element\" >\n\t\t<div class=\"wpb_wrapper\">\n\t\t\t<div class=\"x11i5rnm xat24cr x1mh8g0r x1vvkbs xtlvy1s\">\n<div class=\"x11i5rnm xat24cr x1mh8g0r x1vvkbs xtlvy1s\">\n<div class=\"x11i5rnm xat24cr x1mh8g0r x1vvkbs xtlvy1s\">\n<p><span style=\"text-decoration: underline;\"><strong>Hinweise<br \/>\n<\/strong><\/span>Trage bequeme Kleidungen<br \/>\n<strong>Sprache<\/strong>: Je nach Bed\u00fcrfnissen der Gruppe werden wir Deutsch und\/oder Englisch sprechen.<br \/>\n<strong>Kosten<\/strong>: Diese Veranstaltung z\u00e4hlt zu den zwei kostenfreien Veranstaltungen pro Monat f\u00fcr Mitglieder.<br \/>\n<strong>Member werden<\/strong>: Als Mitglied unterst\u00fctzt du nicht nur unser Projekt, sondern du erh\u00e4ltst gleichzeitig monatlich Zugang zu zwei kostenfreien Veranstaltungen. Mehr Infos <a href=\"https:\/\/wearevillage.org\/produkt-kategorie\/mitgliedschaften\/\" target=\"_blank\" rel=\"noopener\"><strong>hier<\/strong><\/a>.<\/p>\n<\/div>\n<\/div>\n<\/div>\n\n\t\t<\/div>\n\t<\/div>\n<\/div><\/div><\/div><\/div>\n<\/div>","protected":false},"excerpt":{"rendered":"<h5>Montags<br \/>\n20:00 \u2013 21:30<\/h5>\n<p class=\"p1\"><strong>| <span style=\"color: #ec6c23;\">GBTQ men*<\/span>\u00a0|<\/strong><\/p>\n<p class=\"x11i5rnm xat24cr x1mh8g0r x1vvkbs xtlvy1s\">Tanz ist unsere Art, einen Raum f\u00fcr Erkundungen zu schaffen: Was passiert, wenn sich die K\u00f6rper queerer M\u00e4nner* treffen und ohne Erwartungen und Absichten in Ber\u00fchrung kommen? In der Contact Improvisation ist die Ber\u00fchrung der Ursprung, um Tanzbewegungen zu entdecken.<\/p>\n","protected":false},"author":11,"featured_media":1746,"template":"","meta":{"pmpro_default_level":"","inline_featured_image":false},"product_brand":[],"product_cat":[82],"product_tag":[256],"class_list":{"0":"post-15894","1":"product","2":"type-product","3":"status-publish","4":"has-post-thumbnail","6":"product_cat-woechentliche-klassen","7":"product_tag-gbtq-men","8":"pmpro-has-access","10":"first","11":"instock","12":"purchasable","13":"product-type-variable"},"wpml_current_locale":"de_DE","wpml_translations":{"en_US":{"locale":"en_US","id":15927,"slug":"touch-and-move-improvising-contact-creating-community-3","post_title":"Touch and Move: Improvising Contact, creating Community","href":"https:\/\/wearevillage.org\/en\/shop\/touch-and-move\/w40-2024"}},"language":{"code":"de","locale":"","name":"","is_rtl":false},"_links":{"self":[{"href":"https:\/\/wearevillage.org\/wp-json\/wp\/v2\/product\/15894","targetHints":{"allow":["GET"]}}],"collection":[{"href":"https:\/\/wearevillage.org\/wp-json\/wp\/v2\/product"}],"about":[{"href":"https:\/\/wearevillage.org\/wp-json\/wp\/v2\/types\/product"}],"author":[{"embeddable":true,"href":"https:\/\/wearevillage.org\/wp-json\/wp\/v2\/users\/11"}],"wp:featuredmedia":[{"embeddable":true,"href":"https:\/\/wearevillage.org\/wp-json\/wp\/v2\/media\/1746"}],"wp:attachment":[{"href":"https:\/\/wearevillage.org\/wp-json\/wp\/v2\/media?parent=15894"}],"wp:term":[{"taxonomy":"product_brand","embeddable":true,"href":"https:\/\/wearevillage.org\/wp-json\/wp\/v2\/product_brand?post=15894"},{"taxonomy":"product_cat","embeddable":true,"href":"https:\/\/wearevillage.org\/wp-json\/wp\/v2\/product_cat?post=15894"},{"taxonomy":"product_tag","embeddable":true,"href":"https:\/\/wearevillage.org\/wp-json\/wp\/v2\/product_tag?post=15894"}],"curies":[{"name":"wp","href":"https:\/\/api.w.org\/{rel}","templated":true}]}}