{"id":16005,"date":"2024-08-08T16:54:58","date_gmt":"2024-08-08T14:54:58","guid":{"rendered":"https:\/\/wearevillage.org\/?post_type=product&#038;p=16005"},"modified":"2024-09-13T17:17:12","modified_gmt":"2024-09-13T15:17:12","slug":"yoga-fuer-queere-maenner-2","status":"publish","type":"product","link":"https:\/\/wearevillage.org\/shop\/yoga-queer-men\/w38-2024\/","title":{"rendered":"Yoga f\u00fcr queere M\u00e4nner*"},"content":{"rendered":"<div class=\"wpb-content-wrapper\"><div class=\"vc_row wpb_row vc_row-fluid\"><div class=\"wpb_column vc_column_container vc_col-sm-12\"><div class=\"vc_column-inner\"><div class=\"wpb_wrapper\"><h4 style=\"text-align: left\" class=\"vc_custom_heading vc_do_custom_heading\" >Yoga f\u00fcr queere M\u00e4nner*<\/h4><h5 style=\"text-align: left\" class=\"vc_custom_heading vc_do_custom_heading\" >mit Karl-Henrik Sahl\u00e9n<\/h5>\n\t<div class=\"wpb_text_column wpb_content_element\" >\n\t\t<div class=\"wpb_wrapper\">\n\t\t\t<p>Mit einer ausgewogenen Mischung aus dynamischen Haltungen, etwas Flow und ruhigeren Positionen nehmen wir uns die Zeit, tief einzutauchen und zu f\u00fchlen, indem wir aus dem Kopf zur\u00fcck in den K\u00f6rper kommen.<br \/>\nEs gibt keine festen Ziele: Du bestimmst deine eigenen Grenzen und W\u00fcnsche.<br \/>\nMach dich bereit, zu strahlen und zu leuchten!<br \/>\nAlle Level und K\u00f6rpertypen sind willkommen.<\/p>\n\n\t\t<\/div>\n\t<\/div>\n<div class=\"vc_separator wpb_content_element vc_separator_align_center vc_sep_width_100 vc_sep_pos_align_center vc_separator_no_text vc_sep_color_grey wpb_content_element  wpb_content_element\" ><span class=\"vc_sep_holder vc_sep_holder_l\"><span class=\"vc_sep_line\"><\/span><\/span><span class=\"vc_sep_holder vc_sep_holder_r\"><span class=\"vc_sep_line\"><\/span><\/span>\n<\/div>\n\t<div class=\"wpb_text_column wpb_content_element\" >\n\t\t<div class=\"wpb_wrapper\">\n\t\t\t<p><strong><img loading=\"lazy\" decoding=\"async\" class=\"wp-image-16043 alignleft\" src=\"https:\/\/wearevillage.org\/wp-content\/uploads\/2024\/08\/wav-team-Karl-Henrik-Sahlen2-270x300.png\" alt=\"\" width=\"160\" height=\"178\" srcset=\"https:\/\/wearevillage.org\/wp-content\/uploads\/2024\/08\/wav-team-Karl-Henrik-Sahlen2-270x300.png 270w, https:\/\/wearevillage.org\/wp-content\/uploads\/2024\/08\/wav-team-Karl-Henrik-Sahlen2-135x150.png 135w, https:\/\/wearevillage.org\/wp-content\/uploads\/2024\/08\/wav-team-Karl-Henrik-Sahlen2-768x853.png 768w, https:\/\/wearevillage.org\/wp-content\/uploads\/2024\/08\/wav-team-Karl-Henrik-Sahlen2-624x693.png 624w, https:\/\/wearevillage.org\/wp-content\/uploads\/2024\/08\/wav-team-Karl-Henrik-Sahlen2-390x433.png 390w, https:\/\/wearevillage.org\/wp-content\/uploads\/2024\/08\/wav-team-Karl-Henrik-Sahlen2-600x667.png 600w, https:\/\/wearevillage.org\/wp-content\/uploads\/2024\/08\/wav-team-Karl-Henrik-Sahlen2.png 900w\" sizes=\"auto, (max-width: 160px) 100vw, 160px\" \/>Karl-Henrik<\/strong>\u00a0hat einen Bachelor in Internationaler Psychologie, ist zertifizierter Hatha- und Chakra-Yogalehrer und akkreditierter Life Purpose Coach. Er integriert laufend neue Praktiken in Psychologie, Spiritualit\u00e4t und Bewegung, einschlie\u00dflich Bioenergetik, Feldenkrais, Katonah & Jivamukti Yoga sowie Mixed Martial Arts. Neben seiner 1-1-Praxis leitet er regelm\u00e4\u00dfige Sitzungen und Workshops. Karl-Henrik schafft mit Ehrlichkeit, Freude und Freundlichkeit Raum f\u00fcr Selbsterforschung, Introspektion und Bewegung und ist ein kraftvoller Begleiter in diesen Prozessen.<\/p>\n\n\t\t<\/div>\n\t<\/div>\n<div class=\"vc_separator wpb_content_element vc_separator_align_center vc_sep_width_100 vc_sep_pos_align_center vc_separator_no_text vc_sep_color_grey wpb_content_element  wpb_content_element\" ><span class=\"vc_sep_holder vc_sep_holder_l\"><span class=\"vc_sep_line\"><\/span><\/span><span class=\"vc_sep_holder vc_sep_holder_r\"><span class=\"vc_sep_line\"><\/span><\/span>\n<\/div>\n\t<div class=\"wpb_text_column wpb_content_element\" >\n\t\t<div class=\"wpb_wrapper\">\n\t\t\t<p><strong>Hinweise<br \/>\n<\/strong>Trage bequeme Kleidungen<br \/>\n<strong>Sprache<\/strong>: Je nach Bed\u00fcrfnissen der Gruppe werden wir Deutsch und\/oder Englisch sprechen.<br \/>\n<strong>Kosten<\/strong>: Diese Veranstaltung z\u00e4hlt zu den zwei kostenfreien Veranstaltungen pro Monat f\u00fcr Mitglieder.<br \/>\n<strong>Member werden<\/strong>: Als Mitglied unterst\u00fctzt du nicht nur unser Projekt, sondern du erh\u00e4ltst gleichzeitig monatlich Zugang zu zwei kostenfreien Veranstaltungen. Mehr Infos\u00a0<a href=\"https:\/\/wearevillage.org\/produkt-kategorie\/mitgliedschaften\/\" target=\"_blank\" rel=\"noopener\"><strong>hier<\/strong><\/a>.<\/p>\n\n\t\t<\/div>\n\t<\/div>\n<\/div><\/div><\/div><\/div>\n<\/div>","protected":false},"excerpt":{"rendered":"<h5>Mittwochs<br \/>\n20:00 \u2013 21:30<\/h5>\n<p class=\"p1\"><strong>| <span style=\"color: #ec6c23;\">GBTQ men*<\/span>\u00a0|<\/strong><\/p>\n<p>Mit einer ausgewogenen Mischung aus dynamischen Haltungen, Flow und ruhigeren Positionen nehmen wir uns die Zeit, um tief einzutauchen und zu f\u00fchlen, indem wir aus dem Kopf zur\u00fcck in den K\u00f6rper kommen.<\/p>\n","protected":false},"author":11,"featured_media":4529,"template":"","meta":{"pmpro_default_level":"","inline_featured_image":false},"product_brand":[],"product_cat":[82],"product_tag":[256],"class_list":{"0":"post-16005","1":"product","2":"type-product","3":"status-publish","4":"has-post-thumbnail","6":"product_cat-woechentliche-klassen","7":"product_tag-gbtq-men","8":"pmpro-has-access","10":"first","11":"instock","12":"purchasable","13":"product-type-variable"},"wpml_current_locale":"de_DE","wpml_translations":{"en_US":{"locale":"en_US","id":16009,"slug":"yoga-for-queer-men-kopie","post_title":"Yoga for queer men*","href":"https:\/\/wearevillage.org\/en\/shop\/yoga-queer-men\/w38-2024"}},"language":{"code":"de","locale":"","name":"","is_rtl":false},"_links":{"self":[{"href":"https:\/\/wearevillage.org\/wp-json\/wp\/v2\/product\/16005","targetHints":{"allow":["GET"]}}],"collection":[{"href":"https:\/\/wearevillage.org\/wp-json\/wp\/v2\/product"}],"about":[{"href":"https:\/\/wearevillage.org\/wp-json\/wp\/v2\/types\/product"}],"author":[{"embeddable":true,"href":"https:\/\/wearevillage.org\/wp-json\/wp\/v2\/users\/11"}],"wp:featuredmedia":[{"embeddable":true,"href":"https:\/\/wearevillage.org\/wp-json\/wp\/v2\/media\/4529"}],"wp:attachment":[{"href":"https:\/\/wearevillage.org\/wp-json\/wp\/v2\/media?parent=16005"}],"wp:term":[{"taxonomy":"product_brand","embeddable":true,"href":"https:\/\/wearevillage.org\/wp-json\/wp\/v2\/product_brand?post=16005"},{"taxonomy":"product_cat","embeddable":true,"href":"https:\/\/wearevillage.org\/wp-json\/wp\/v2\/product_cat?post=16005"},{"taxonomy":"product_tag","embeddable":true,"href":"https:\/\/wearevillage.org\/wp-json\/wp\/v2\/product_tag?post=16005"}],"curies":[{"name":"wp","href":"https:\/\/api.w.org\/{rel}","templated":true}]}}