{"id":16032,"date":"2024-08-14T10:10:17","date_gmt":"2024-08-14T08:10:17","guid":{"rendered":"https:\/\/wearevillage.org\/?post_type=product&#038;p=16032"},"modified":"2024-09-13T11:28:56","modified_gmt":"2024-09-13T09:28:56","slug":"art-grant-writing-seminar-3","status":"publish","type":"product","link":"https:\/\/wearevillage.org\/shop\/art-grant\/w37-2024\/","title":{"rendered":"Art grant writing seminar"},"content":{"rendered":"<div class=\"wpb-content-wrapper\"><div class=\"vc_row wpb_row vc_row-fluid\"><div class=\"wpb_column vc_column_container vc_col-sm-10\"><div class=\"vc_column-inner\"><div class=\"wpb_wrapper\"><\/div><\/div><\/div><div class=\"wpb_column vc_column_container vc_col-sm-2\"><div class=\"vc_column-inner\"><div class=\"wpb_wrapper\"><\/div><\/div><\/div><\/div><div class=\"vc_row wpb_row vc_row-fluid\"><div class=\"wpb_column vc_column_container vc_col-sm-12\"><div class=\"vc_column-inner\"><div class=\"wpb_wrapper\"><h4 style=\"text-align: left\" class=\"vc_custom_heading vc_do_custom_heading\" >Art grant writing seminar<\/h4><h5 style=\"text-align: left\" class=\"vc_custom_heading vc_do_custom_heading\" >mit Ece Pazarbasi \/ Berlin Art Grant Clinic<\/h5>\n\t<div class=\"wpb_text_column wpb_content_element\" >\n\t\t<div class=\"wpb_wrapper\">\n\t\t\t<p>In diesem Seminar sollen Teilnehmende ihre F\u00e4higkeiten in ihrer professionellen k\u00fcnstlerischen Arbeit auf die n\u00e4chste Stufe bringen. Der Kurs wird dich Schritt f\u00fcr Schritt durch die Struktur eines F\u00f6rderantrags f\u00fchren. Du wirst lernen, wie man eine Projektbeschreibung und ein Anschreiben verfasst, eine Biografie und einen Lebenslauf erstellt, ein k\u00fcnstlerisches Statement schreibt und ein wettbewerbsf\u00e4higes Portfolio vorbereitet. Dar\u00fcber hinaus werden die Teilnehmenden erkunden, wie sie geeignete internationale Ausschreibungen f\u00fcr ihr Projekt\/Kunstwerk finden k\u00f6nnen. Ziel des Workshops ist es, dich darauf vorzubereiten, bessere Bewerbungen f\u00fcr kommende Ausschreibungen einzureichen.<\/p>\n<p>Der Workshop ist Teil unseres Projekts Art Bridge Berlin, das die Einbeziehung von queeren K\u00fcnstlern mit Fl\u00fcchtlings- oder Migrationserfahrung unterst\u00fctzt.<\/p>\n<p><strong>Mit freundlicher Unterst\u00fctzung von<\/strong><br \/>\n<img loading=\"lazy\" decoding=\"async\" class=\"alignnone size-medium wp-image-13574\" src=\"https:\/\/wearevillage.org\/wp-content\/uploads\/2024\/03\/B_SEN_KuGZ_Logo_DE_H_P_1C-300x50.png\" alt=\"\" width=\"300\" height=\"50\" srcset=\"https:\/\/wearevillage.org\/wp-content\/uploads\/2024\/03\/B_SEN_KuGZ_Logo_DE_H_P_1C-300x50.png 300w, https:\/\/wearevillage.org\/wp-content\/uploads\/2024\/03\/B_SEN_KuGZ_Logo_DE_H_P_1C-1024x171.png 1024w, https:\/\/wearevillage.org\/wp-content\/uploads\/2024\/03\/B_SEN_KuGZ_Logo_DE_H_P_1C-150x25.png 150w, https:\/\/wearevillage.org\/wp-content\/uploads\/2024\/03\/B_SEN_KuGZ_Logo_DE_H_P_1C-768x128.png 768w, https:\/\/wearevillage.org\/wp-content\/uploads\/2024\/03\/B_SEN_KuGZ_Logo_DE_H_P_1C-1536x256.png 1536w, https:\/\/wearevillage.org\/wp-content\/uploads\/2024\/03\/B_SEN_KuGZ_Logo_DE_H_P_1C-2048x342.png 2048w, https:\/\/wearevillage.org\/wp-content\/uploads\/2024\/03\/B_SEN_KuGZ_Logo_DE_H_P_1C-624x104.png 624w, https:\/\/wearevillage.org\/wp-content\/uploads\/2024\/03\/B_SEN_KuGZ_Logo_DE_H_P_1C-390x65.png 390w, https:\/\/wearevillage.org\/wp-content\/uploads\/2024\/03\/B_SEN_KuGZ_Logo_DE_H_P_1C-600x100.png 600w\" sizes=\"auto, (max-width: 300px) 100vw, 300px\" \/><\/p>\n\n\t\t<\/div>\n\t<\/div>\n<div class=\"vc_separator wpb_content_element vc_separator_align_center vc_sep_width_100 vc_sep_pos_align_center vc_separator_no_text vc_sep_color_grey wpb_content_element  wpb_content_element\" ><span class=\"vc_sep_holder vc_sep_holder_l\"><span class=\"vc_sep_line\"><\/span><\/span><span class=\"vc_sep_holder vc_sep_holder_r\"><span class=\"vc_sep_line\"><\/span><\/span>\n<\/div>\n\t<div class=\"wpb_text_column wpb_content_element\" >\n\t\t<div class=\"wpb_wrapper\">\n\t\t\t<div class=\"x11i5rnm xat24cr x1mh8g0r x1vvkbs xtlvy1s\">\n<div class=\"x11i5rnm xat24cr x1mh8g0r x1vvkbs xtlvy1s\">\n<div class=\"x11i5rnm xat24cr x1mh8g0r x1vvkbs xtlvy1s\">\n<div class=\"x11i5rnm xat24cr x1mh8g0r x1vvkbs xtlvy1s\">\n<div class=\"x11i5rnm xat24cr x1mh8g0r x1vvkbs xtlvy1s\">\n<div class=\"x11i5rnm xat24cr x1mh8g0r x1vvkbs xtlvy1s\">\n<div class=\"x11i5rnm xat24cr x1mh8g0r x1vvkbs xtlvy1s\">\n<p><img loading=\"lazy\" decoding=\"async\" class=\"wp-image-13722 alignleft\" src=\"https:\/\/wearevillage.org\/wp-content\/uploads\/2024\/03\/wav-team-Ece-Pazarbasi-270x300.png\" alt=\"\" width=\"159\" height=\"176\" srcset=\"https:\/\/wearevillage.org\/wp-content\/uploads\/2024\/03\/wav-team-Ece-Pazarbasi-270x300.png 270w, https:\/\/wearevillage.org\/wp-content\/uploads\/2024\/03\/wav-team-Ece-Pazarbasi-135x150.png 135w, https:\/\/wearevillage.org\/wp-content\/uploads\/2024\/03\/wav-team-Ece-Pazarbasi-768x853.png 768w, https:\/\/wearevillage.org\/wp-content\/uploads\/2024\/03\/wav-team-Ece-Pazarbasi-624x693.png 624w, https:\/\/wearevillage.org\/wp-content\/uploads\/2024\/03\/wav-team-Ece-Pazarbasi-390x433.png 390w, https:\/\/wearevillage.org\/wp-content\/uploads\/2024\/03\/wav-team-Ece-Pazarbasi-600x667.png 600w, https:\/\/wearevillage.org\/wp-content\/uploads\/2024\/03\/wav-team-Ece-Pazarbasi.png 900w\" sizes=\"auto, (max-width: 159px) 100vw, 159px\" \/><\/p>\n<p>Die <strong>Berlin Art Grant Clinic<\/strong> wurde 2014 als Unterst\u00fctzungssystem f\u00fcr K\u00fcnstler, Kuratoren, NGOs und Kreative aus allen Bereichen gegr\u00fcndet, um ihnen zu helfen, sich f\u00fcr eine erfolgreiche Karriere in der Kunstszene zu r\u00fcsten. Mit ihren Seminaren, Workshops und Beratungspraktiken schlie\u00dft sie die L\u00fccke zwischen den Kunstschulen und dem Berufsleben und hilft Kulturschaffenden, ihre Karriere und ihr Leben zu sichern. Die von <strong>Ece Pazarba\u015f\u0131<\/strong> gegr\u00fcndete Klinik hat mehr als 600 K\u00fcnstler, Kuratoren, Kulturmanager und Designer betreut und vielen von ihnen geholfen, F\u00f6rdermittel zu erhalten.<br \/>\n<strong><a href=\"http:\/\/www.ece-pazarbasi.com\">www.ece-pazarbasi.com<\/a><br \/>\n<\/strong><a class=\"text-blue underline focus-visible\" contenteditable=\"plaintext-only\" href=\"http:\/\/www.artgrantclinic.org\/\" target=\"_blank\" rel=\"noreferrer noopener\"><strong>www.artgrantclinic.org<\/strong><\/a><\/p>\n<\/div>\n<\/div>\n<\/div>\n<\/div>\n<\/div>\n<\/div>\n<\/div>\n\n\t\t<\/div>\n\t<\/div>\n<div class=\"vc_separator wpb_content_element vc_separator_align_center vc_sep_width_100 vc_sep_pos_align_center vc_separator_no_text vc_sep_color_grey wpb_content_element  wpb_content_element\" ><span class=\"vc_sep_holder vc_sep_holder_l\"><span class=\"vc_sep_line\"><\/span><\/span><span class=\"vc_sep_holder vc_sep_holder_r\"><span class=\"vc_sep_line\"><\/span><\/span>\n<\/div>\n\t<div class=\"wpb_text_column wpb_content_element\" >\n\t\t<div class=\"wpb_wrapper\">\n\t\t\t<p><span style=\"text-decoration: underline;\"><strong>Hinweise<\/strong><\/span><br \/>\n<strong>Sprache<\/strong>: Dieses Event wird auf Englisch sein.<br \/>\n<strong>Kosten<\/strong>: Die Teilnahme ist kostenlos.<strong><br \/>\nAnmeldung<\/strong>: Die Teilnehmerpl\u00e4tze sind auf 10 Personen begrenzt. Eine vorherige Anmeldung unter <strong><a href=\"mailto:events@wearevillage.org\"><span id=\"wpmt-234918-983629\">events@wearevillage.org <\/span><\/a><\/strong>ist erforderlich<br \/>\nBIPOC und Menschen mit Migrationshintergrund werden bei der Auswahl der Seminarteilnehmenden bevorzugt ber\u00fccksichtigt.<\/p>\n\n\t\t<\/div>\n\t<\/div>\n<\/div><\/div><\/div><\/div>\n<\/div>","protected":false},"excerpt":{"rendered":"<h5>Freitag<br \/>\n16:30 \u2013 18:30<br \/>\nFrei<br \/>\nAnmeldung erforderlich<\/h5>\n<p class=\"p1\"><strong>| <span style=\"color: #ec6c23;\">LGBTQIA+<\/span>\u00a0|<\/strong><\/p>\n<p>In diesem Seminar sollen Teilnehmende ihre F\u00e4higkeiten in ihrer professionellen k\u00fcnstlerischen Arbeit auf die n\u00e4chste Stufe bringen. Der Kurs wird dich Schritt f\u00fcr Schritt durch die Struktur eines F\u00f6rderantrags f\u00fchren.<\/p>\n","protected":false},"author":12,"featured_media":13719,"template":"","meta":{"pmpro_default_level":"","inline_featured_image":false},"product_brand":[],"product_cat":[769,80,83],"product_tag":[469],"class_list":{"0":"post-16032","1":"product","2":"type-product","3":"status-publish","4":"has-post-thumbnail","6":"product_cat-kostenloser-zugang","7":"product_cat-queer-matters","8":"product_cat-workshops","9":"product_tag-lgbtqiaplus","10":"pmpro-has-access","12":"first","13":"outofstock","14":"purchasable","15":"product-type-variable"},"wpml_current_locale":"de_DE","wpml_translations":{"en_US":{"locale":"en_US","id":16033,"slug":"art-grant-writing-seminar-kopie-2","post_title":"Art grant writing seminar","href":"https:\/\/wearevillage.org\/en\/shop\/art-grant\/w37-2024"}},"language":{"code":"de","locale":"","name":"","is_rtl":false},"_links":{"self":[{"href":"https:\/\/wearevillage.org\/wp-json\/wp\/v2\/product\/16032","targetHints":{"allow":["GET"]}}],"collection":[{"href":"https:\/\/wearevillage.org\/wp-json\/wp\/v2\/product"}],"about":[{"href":"https:\/\/wearevillage.org\/wp-json\/wp\/v2\/types\/product"}],"author":[{"embeddable":true,"href":"https:\/\/wearevillage.org\/wp-json\/wp\/v2\/users\/12"}],"wp:featuredmedia":[{"embeddable":true,"href":"https:\/\/wearevillage.org\/wp-json\/wp\/v2\/media\/13719"}],"wp:attachment":[{"href":"https:\/\/wearevillage.org\/wp-json\/wp\/v2\/media?parent=16032"}],"wp:term":[{"taxonomy":"product_brand","embeddable":true,"href":"https:\/\/wearevillage.org\/wp-json\/wp\/v2\/product_brand?post=16032"},{"taxonomy":"product_cat","embeddable":true,"href":"https:\/\/wearevillage.org\/wp-json\/wp\/v2\/product_cat?post=16032"},{"taxonomy":"product_tag","embeddable":true,"href":"https:\/\/wearevillage.org\/wp-json\/wp\/v2\/product_tag?post=16032"}],"curies":[{"name":"wp","href":"https:\/\/api.w.org\/{rel}","templated":true}]}}