{"id":16544,"date":"2024-08-31T15:43:55","date_gmt":"2024-08-31T13:43:55","guid":{"rendered":"https:\/\/wearevillage.org\/?post_type=product&#038;p=16544"},"modified":"2024-10-30T16:03:36","modified_gmt":"2024-10-30T15:03:36","slug":"queer-contact-improvisation-class-jam-queer-bridges-kopie","status":"publish","type":"product","link":"https:\/\/wearevillage.org\/shop\/queer-bridges-contact-improvisation\/w41-2024\/","title":{"rendered":"Queer Contact Improvisation Class + Jam \u2013 Queer Bridges"},"content":{"rendered":"<div class=\"wpb-content-wrapper\"><div class=\"vc_row wpb_row vc_row-fluid\"><div class=\"wpb_column vc_column_container vc_col-sm-12\"><div class=\"vc_column-inner\"><div class=\"wpb_wrapper\"><h4 style=\"text-align: left\" class=\"vc_custom_heading vc_do_custom_heading\" >Queer Bridges: Queer Contact Improvisation Class + Jam<\/h4><h5 style=\"text-align: left\" class=\"vc_custom_heading vc_do_custom_heading\" >mit Makisig<\/h5>\n\t<div class=\"wpb_text_column wpb_content_element\" >\n\t\t<div class=\"wpb_wrapper\">\n\t\t\t<div class=\"x11i5rnm xat24cr x1mh8g0r x1vvkbs xtlvy1s\">\n<div class=\"x11i5rnm xat24cr x1mh8g0r x1vvkbs xtlvy1s\">\n<div class=\"x11i5rnm xat24cr x1mh8g0r x1vvkbs xtlvy1s\">\n<p>Der\u00a0<strong>Queer Contact Improvisation Kurs + Jam<\/strong>\u00a0bietet Menschen, die sich als queer identifizieren und Erfahrungen mit\u00a0<strong>Flucht und\/oder Migration<\/strong>\u00a0gemacht haben, die M\u00f6glichkeit, in einem sicheren Rahmen\u00a0<strong>Contact Improvisation<\/strong>\u00a0zu lernen und zu \u00fcben \u2013 gemeinsam mit anderen, die \u00e4hnliche Erfahrungen teilen.<br \/>\n<strong>Contact Improvisation<\/strong>\u00a0ist eine Tanzform, die auf improvisierter Forschung basiert und Elemente wie Ber\u00fchrung, Schwung, Schwerkraft, Einverst\u00e4ndnis, Risiko und Spiel beinhaltet.<br \/>\nIm Kurs steht die St\u00e4rkung von\u00a0<strong>queeren BIPoC<\/strong>\u00a0im Vordergrund, um einen Raum der Erm\u00e4chtigung zu schaffen.<br \/>\nEs sind keine Vorkenntnisse n\u00f6tig.<br \/>\nDer Schwerpunkt liegt auf Tanzen, gemeinsamem Erleben, Bewegung im Tempo des Vertrauens (adrienne maree brown), gemeinschaftlichem Tr\u00e4umen und einem gemeinsamen Wachsen und Erbl\u00fchen durch Tanz und Gemeinschaft.<\/p>\n<\/div>\n<\/div>\n<\/div>\n\n\t\t<\/div>\n\t<\/div>\n<div class=\"vc_separator wpb_content_element vc_separator_align_center vc_sep_width_100 vc_sep_pos_align_center vc_separator_no_text vc_sep_color_grey wpb_content_element  wpb_content_element\" ><span class=\"vc_sep_holder vc_sep_holder_l\"><span class=\"vc_sep_line\"><\/span><\/span><span class=\"vc_sep_holder vc_sep_holder_r\"><span class=\"vc_sep_line\"><\/span><\/span>\n<\/div>\n\t<div class=\"wpb_text_column wpb_content_element\" >\n\t\t<div class=\"wpb_wrapper\">\n\t\t\t<p><img loading=\"lazy\" decoding=\"async\" class=\"wp-image-16442 alignleft\" src=\"https:\/\/wearevillage.org\/wp-content\/uploads\/2024\/08\/Makisig-Akin_crop-270x300.jpg\" alt=\"\" width=\"160\" height=\"178\" srcset=\"https:\/\/wearevillage.org\/wp-content\/uploads\/2024\/08\/Makisig-Akin_crop-270x300.jpg 270w, https:\/\/wearevillage.org\/wp-content\/uploads\/2024\/08\/Makisig-Akin_crop-921x1024.jpg 921w, https:\/\/wearevillage.org\/wp-content\/uploads\/2024\/08\/Makisig-Akin_crop-135x150.jpg 135w, https:\/\/wearevillage.org\/wp-content\/uploads\/2024\/08\/Makisig-Akin_crop-768x853.jpg 768w, https:\/\/wearevillage.org\/wp-content\/uploads\/2024\/08\/Makisig-Akin_crop-1382x1536.jpg 1382w, https:\/\/wearevillage.org\/wp-content\/uploads\/2024\/08\/Makisig-Akin_crop-1843x2048.jpg 1843w, https:\/\/wearevillage.org\/wp-content\/uploads\/2024\/08\/Makisig-Akin_crop-624x693.jpg 624w, https:\/\/wearevillage.org\/wp-content\/uploads\/2024\/08\/Makisig-Akin_crop-390x433.jpg 390w, https:\/\/wearevillage.org\/wp-content\/uploads\/2024\/08\/Makisig-Akin_crop-600x667.jpg 600w\" sizes=\"auto, (max-width: 160px) 100vw, 160px\" \/> <strong>Makisig Akin<\/strong> (they\/them): Ich bin ein*e queere*r, transgender philippinische*r Choreograf*in, Tanzk\u00fcnstler*in, Moderator*in und Aktivist*in. Ich halte R\u00e4ume, sowohl choreografisch als auch p\u00e4dagogisch, indem ich untersuche, wie \u00dcberlebensstrategien in eine gemeinschaftliche physische Praxis \u00fcbersetzt werden k\u00f6nnen, die ich dann als Katalysator f\u00fcr einen potenziellen kreativen Heilungsprozess nutze. Ich bin au\u00dferdem Mitbegr\u00fcnder*in des Emerging Change Tanzfestivals, zusammen mit Nara Virgens, einem Tanzfestival, das Queer- und BIPoC-K\u00fcnstler*innen und ihre Kollaborateurinnen pr\u00e4sentiert und kuratiert. <a class=\"text-blue underline focus-visible\" contenteditable=\"plaintext-only\" href=\"http:\/\/www.makisigakin.com\/\" target=\"_blank\" rel=\"noreferrer noopener\">www.makisigakin.com<\/a>\u00a0 \u2013\u00a0 <a class=\"text-blue underline focus-visible\" contenteditable=\"plaintext-only\" href=\"http:\/\/www.emergingchange.org\/\" target=\"_blank\" rel=\"noreferrer noopener\">www.emergingchange.org<\/a><em><br \/>\n<\/em><\/p>\n\n\t\t<\/div>\n\t<\/div>\n<div class=\"vc_separator wpb_content_element vc_separator_align_center vc_sep_width_100 vc_sep_pos_align_center vc_separator_no_text vc_sep_color_grey wpb_content_element  wpb_content_element\" ><span class=\"vc_sep_holder vc_sep_holder_l\"><span class=\"vc_sep_line\"><\/span><\/span><span class=\"vc_sep_holder vc_sep_holder_r\"><span class=\"vc_sep_line\"><\/span><\/span>\n<\/div>\n\t<div class=\"wpb_text_column wpb_content_element\" >\n\t\t<div class=\"wpb_wrapper\">\n\t\t\t<p><strong>Queer Bridges: Verbindungen schaffen und Ressourcen f\u00fcr LGBTQIA+ Menschen mit Migrationserfahrung bereitstellen.<\/strong><\/p>\n<p>Queere Menschen mit Migrationserfahrung in Berlin sehen sich in ihrem t\u00e4glichen Leben oft mit besonderen Herausforderungen konfrontiert, die ihren Zugang zu unterst\u00fctzenden Gemeinschaften und integrativen Umgebungen einschr\u00e4nken k\u00f6nnen.<\/p>\n<p><img loading=\"lazy\" decoding=\"async\" class=\"wp-image-15170 alignleft\" src=\"https:\/\/wearevillage.org\/wp-content\/uploads\/2024\/06\/stiftung-300x121.png\" alt=\"\" width=\"216\" height=\"87\" srcset=\"https:\/\/wearevillage.org\/wp-content\/uploads\/2024\/06\/stiftung-300x121.png 300w, https:\/\/wearevillage.org\/wp-content\/uploads\/2024\/06\/stiftung-1024x414.png 1024w, https:\/\/wearevillage.org\/wp-content\/uploads\/2024\/06\/stiftung-150x61.png 150w, https:\/\/wearevillage.org\/wp-content\/uploads\/2024\/06\/stiftung-768x310.png 768w, https:\/\/wearevillage.org\/wp-content\/uploads\/2024\/06\/stiftung-1536x620.png 1536w, https:\/\/wearevillage.org\/wp-content\/uploads\/2024\/06\/stiftung-2048x827.png 2048w, https:\/\/wearevillage.org\/wp-content\/uploads\/2024\/06\/stiftung-624x252.png 624w, https:\/\/wearevillage.org\/wp-content\/uploads\/2024\/06\/stiftung-390x158.png 390w, https:\/\/wearevillage.org\/wp-content\/uploads\/2024\/06\/stiftung-600x242.png 600w\" sizes=\"auto, (max-width: 216px) 100vw, 216px\" \/>Mit Unterst\u00fctzung der <strong>Deutschen Fernsehlotterie Stiftung<\/strong>, haben wir das Programm Queer Bridges entwickelt, um diese H\u00fcrden zu \u00fcberwinden. Wir bieten Ressourcen, Vernetzung und Unterst\u00fctzung in einem einladenden Umfeld f\u00fcr queere Migrant*innen und Gefl\u00fcchtete durch unser spezielles Programm. Unser Ziel ist es, ein Gef\u00fchl der Zugeh\u00f6rigkeit zur lokalen LGBTQIA+ Community zu f\u00f6rdern und damit eine reibungslose Integration sowie eine verbesserte Lebensqualit\u00e4t f\u00fcr queere Menschen mit Migrationserfahrung zu erm\u00f6glichen.<\/p>\n<p>\u2705 Unser<strong> Queer Bridges<\/strong> Programm wird sich stetig weiter entwickeln und wir freuen uns auch jederzeit von Euren Bedarfen zu h\u00f6ren. Bei Interesse k\u00f6nnt ihr uns eine E-Mail schicken, um \u00fcber weitere Aktualisierungen informiert zu bleiben.*<\/p>\n\n\t\t<\/div>\n\t<\/div>\n<div class=\"vc_separator wpb_content_element vc_separator_align_center vc_sep_width_100 vc_sep_pos_align_center vc_separator_no_text vc_sep_color_grey wpb_content_element  wpb_content_element\" ><span class=\"vc_sep_holder vc_sep_holder_l\"><span class=\"vc_sep_line\"><\/span><\/span><span class=\"vc_sep_holder vc_sep_holder_r\"><span class=\"vc_sep_line\"><\/span><\/span>\n<\/div>\n\t<div class=\"wpb_text_column wpb_content_element\" >\n\t\t<div class=\"wpb_wrapper\">\n\t\t\t<p><strong><span style=\"text-decoration: underline;\">Hinweise<\/span><br \/>\nSprache<\/strong>: Dieses Event wird auf Deutsch und Englisch sein.<br \/>\n<strong>Anmeldung<\/strong>: Aufgrund begrenzter Pl\u00e4tze f\u00fcr die Veranstaltung ist eine Anmeldung erforderlich. Bitte schreibt uns eine E-Mail an <a href=\"mailto:events@wearevillage.org\"><strong>events@wearevillage.org<\/strong><\/a>. <strong>Teilnehmenden<\/strong>: Dieser Workshop richtet sich an alle, die sich als LGBTQ+ identifizieren und Migrations- und\/oder Fluchterfahrung erlebt haben. Wenn ihr diese Erfahrungen nicht teilt, aber dennoch an einer Teilnahme interessiert seid, meldet euch bitte zuerst bei uns, um zu kl\u00e4ren, ob ein Platz frei ist. Wir bitten alle Teilnehmenden, den Schwerpunkt des Programms zu respektieren und dazu beizutragen, einen offenen, respektvollen Raum zu schaffen.<br \/>\n<strong>Kosten<\/strong>: Die Teilnahme ist kostenlos.<\/p>\n\n\t\t<\/div>\n\t<\/div>\n<\/div><\/div><\/div><\/div>\n<\/div>","protected":false},"excerpt":{"rendered":"<h5>Montags (einmal im Monat)<br \/>\nkostenfrei<br \/>\nAnmeldung erforderlich<br \/>\n18:00-19:30<\/h5>\n<h5><strong style=\"font-size: 16px;\">| <span style=\"color: #ec6c23;\">LGBTQIA+<\/span>|<\/strong><\/h5>\n<div class=\"x11i5rnm xat24cr x1mh8g0r x1vvkbs xtlvy1s\">\n<div class=\"x11i5rnm xat24cr x1mh8g0r x1vvkbs xtlvy1s\">\n<p>Fokussiert auf Gemeinschaft, Empowerment und Vertrauen, ist dieser Queer Contact Improvisation Kurs + Jam f\u00fcr alle Erfahrungsstufen offen und bietet einen einladenden Raum f\u00fcr queere Menschen mit Migrations- und\/oder Fluchterfahrung. Kommt, tanzt, teilt und wachst gemeinsam.<\/p>\n<\/div>\n<\/div>\n","protected":false},"author":12,"featured_media":16437,"template":"","meta":{"pmpro_default_level":"","inline_featured_image":false},"product_brand":[],"product_cat":[77,769,83],"product_tag":[469],"class_list":{"0":"post-16544","1":"product","2":"type-product","3":"status-publish","4":"has-post-thumbnail","6":"product_cat-community-events","7":"product_cat-kostenloser-zugang","8":"product_cat-workshops","9":"product_tag-lgbtqiaplus","10":"pmpro-has-access","12":"first","13":"outofstock","14":"product-type-variable"},"wpml_current_locale":"de_DE","wpml_translations":{"en_US":{"locale":"en_US","id":16545,"slug":"queer-contact-improvisation-class-jam-queer-bridges-kopie-2","post_title":"Queer Contact Improvisation Class + Jam - Queer Bridges","href":"https:\/\/wearevillage.org\/en\/shop\/queer-bridges-contact-improvisation\/w41-2024"}},"language":{"code":"de","locale":"","name":"","is_rtl":false},"_links":{"self":[{"href":"https:\/\/wearevillage.org\/wp-json\/wp\/v2\/product\/16544","targetHints":{"allow":["GET"]}}],"collection":[{"href":"https:\/\/wearevillage.org\/wp-json\/wp\/v2\/product"}],"about":[{"href":"https:\/\/wearevillage.org\/wp-json\/wp\/v2\/types\/product"}],"author":[{"embeddable":true,"href":"https:\/\/wearevillage.org\/wp-json\/wp\/v2\/users\/12"}],"wp:featuredmedia":[{"embeddable":true,"href":"https:\/\/wearevillage.org\/wp-json\/wp\/v2\/media\/16437"}],"wp:attachment":[{"href":"https:\/\/wearevillage.org\/wp-json\/wp\/v2\/media?parent=16544"}],"wp:term":[{"taxonomy":"product_brand","embeddable":true,"href":"https:\/\/wearevillage.org\/wp-json\/wp\/v2\/product_brand?post=16544"},{"taxonomy":"product_cat","embeddable":true,"href":"https:\/\/wearevillage.org\/wp-json\/wp\/v2\/product_cat?post=16544"},{"taxonomy":"product_tag","embeddable":true,"href":"https:\/\/wearevillage.org\/wp-json\/wp\/v2\/product_tag?post=16544"}],"curies":[{"name":"wp","href":"https:\/\/api.w.org\/{rel}","templated":true}]}}