{"id":16689,"date":"2024-09-05T14:42:58","date_gmt":"2024-09-05T12:42:58","guid":{"rendered":"https:\/\/wearevillage.org\/?post_type=product&#038;p=16689"},"modified":"2024-09-18T16:19:02","modified_gmt":"2024-09-18T14:19:02","slug":"instinct-16-words-of-excess","status":"publish","type":"product","link":"https:\/\/wearevillage.org\/shop\/instinct-reading\/w38-2024\/","title":{"rendered":"Instinct #16 | Words of Excess"},"content":{"rendered":"<div class=\"wpb-content-wrapper\"><div class=\"vc_row wpb_row vc_row-fluid\"><div class=\"wpb_column vc_column_container vc_col-sm-12\"><div class=\"vc_column-inner\"><div class=\"wpb_wrapper\"><h4 style=\"text-align: left\" class=\"vc_custom_heading vc_do_custom_heading\" >Instinct #16 | Words of Excess<\/h4><h5 style=\"text-align: left\" class=\"vc_custom_heading vc_do_custom_heading\" >Queer Voices in Literature!<\/h5>\n\t<div class=\"wpb_text_column wpb_content_element\" >\n\t\t<div class=\"wpb_wrapper\">\n\t\t\t\n\t\t<\/div>\n\t<\/div>\n\n\t<div class=\"wpb_text_column wpb_content_element\" >\n\t\t<div class=\"wpb_wrapper\">\n\t\t\t<p>Join us for an intimate reading evening at Instinct Berlin, featuring a selection of talented writers who will explore themes of identity, desire, and excess. In alignment with our exhibition \u201eLa Part Maudite,\u201c these voices will investigate the complexities of queer experiences and the rituals that shape our lives.<\/p>\n<p>Each writer will share their unique perspective, inviting you to engage with the rich tapestry of queer literature. Come and immerse yourself in stories that challenge norms and celebrate the beauty of self-expression.<\/p>\n<p><strong>Our Guests:<\/strong><\/p>\n<p><span style=\"font-weight: 400;\">Marco Astolfi<\/span><\/p>\n<p><span style=\"font-weight: 400;\">Alexander Cheves<\/span><\/p>\n<p><span style=\"font-weight: 400;\">Tom\u00e1s Choen<\/span><\/p>\n<p><span style=\"font-weight: 400;\">M\u00e1ty\u00e1s Dunajcsik<\/span><\/p>\n<p><span style=\"font-weight: 400;\">Marwan Kaabour\u00a0<\/span><\/p>\n<p><span style=\"font-weight: 400;\">Alan Lessik<\/span><\/p>\n<p><span style=\"font-weight: 400;\">Oscar Perdomo<\/span><\/p>\n<p><span style=\"font-weight: 400;\">Nikolaj Tange Lange <\/span><\/p>\n\n\t\t<\/div>\n\t<\/div>\n<div class=\"vc_separator wpb_content_element vc_separator_align_center vc_sep_width_100 vc_sep_pos_align_center vc_separator_no_text vc_sep_color_grey wpb_content_element  wpb_content_element\" ><span class=\"vc_sep_holder vc_sep_holder_l\"><span class=\"vc_sep_line\"><\/span><\/span><span class=\"vc_sep_holder vc_sep_holder_r\"><span class=\"vc_sep_line\"><\/span><\/span>\n<\/div>\n\t<div class=\"wpb_text_column wpb_content_element\" >\n\t\t<div class=\"wpb_wrapper\">\n\t\t\t<p><strong>\u00dcber Instinct<br \/>\n<\/strong>Instinct.berlin ist eine Kunstorganisation, die zweimal j\u00e4hrlich Ausstellungen mit queeren K\u00fcnstler:innen im Village, einem Community Center f\u00fcr queere Menschen in Berlin, pr\u00e4sentiert. Diese Ausstellungen, zusammen mit Performances und Gespr\u00e4chen, f\u00f6rdern die Interaktion zwischen K\u00fcnstler:innen und der lokalen Community.<\/p>\n<p>Das Residenzprogramm erm\u00f6glicht es den K\u00fcnstler:innen, sich intensiv mit der lebendigen Atmosph\u00e4re des Village auseinanderzusetzen und eine Br\u00fccke zwischen ihrer Arbeit und der breiteren queeren Community zu schlagen. Diese Zusammenarbeit bereichert den kulturellen Dialog und unterst\u00fctzt die Entwicklung queerer Kunstprojekte, was sowohl den K\u00fcnstlerinnen als auch der Gemeinschaft insgesamt zugutekommt.<\/p>\n<p>Das Event ist Teil unseres Projekts Art Bridge Berlin, das die Einbeziehung von queeren K\u00fcnstlern mit Fl\u00fcchtlings- oder Migrationserfahrung unterst\u00fctzt.<\/p>\n<p><strong>Mit freundlicher Unterst\u00fctzung von<\/strong><br \/>\n<img loading=\"lazy\" decoding=\"async\" class=\"alignnone size-medium wp-image-13574\" src=\"https:\/\/wearevillage.org\/wp-content\/uploads\/2024\/03\/B_SEN_KuGZ_Logo_DE_H_P_1C-300x50.png\" alt=\"\" width=\"300\" height=\"50\" srcset=\"https:\/\/wearevillage.org\/wp-content\/uploads\/2024\/03\/B_SEN_KuGZ_Logo_DE_H_P_1C-300x50.png 300w, https:\/\/wearevillage.org\/wp-content\/uploads\/2024\/03\/B_SEN_KuGZ_Logo_DE_H_P_1C-1024x171.png 1024w, https:\/\/wearevillage.org\/wp-content\/uploads\/2024\/03\/B_SEN_KuGZ_Logo_DE_H_P_1C-150x25.png 150w, https:\/\/wearevillage.org\/wp-content\/uploads\/2024\/03\/B_SEN_KuGZ_Logo_DE_H_P_1C-768x128.png 768w, https:\/\/wearevillage.org\/wp-content\/uploads\/2024\/03\/B_SEN_KuGZ_Logo_DE_H_P_1C-1536x256.png 1536w, https:\/\/wearevillage.org\/wp-content\/uploads\/2024\/03\/B_SEN_KuGZ_Logo_DE_H_P_1C-2048x342.png 2048w, https:\/\/wearevillage.org\/wp-content\/uploads\/2024\/03\/B_SEN_KuGZ_Logo_DE_H_P_1C-624x104.png 624w, https:\/\/wearevillage.org\/wp-content\/uploads\/2024\/03\/B_SEN_KuGZ_Logo_DE_H_P_1C-390x65.png 390w, https:\/\/wearevillage.org\/wp-content\/uploads\/2024\/03\/B_SEN_KuGZ_Logo_DE_H_P_1C-600x100.png 600w\" sizes=\"auto, (max-width: 300px) 100vw, 300px\" \/><\/p>\n\n\t\t<\/div>\n\t<\/div>\n<div class=\"vc_separator wpb_content_element vc_separator_align_center vc_sep_width_100 vc_sep_pos_align_center vc_separator_no_text vc_sep_color_grey wpb_content_element  wpb_content_element\" ><span class=\"vc_sep_holder vc_sep_holder_l\"><span class=\"vc_sep_line\"><\/span><\/span><span class=\"vc_sep_holder vc_sep_holder_r\"><span class=\"vc_sep_line\"><\/span><\/span>\n<\/div>\n\t<div class=\"wpb_text_column wpb_content_element\" >\n\t\t<div class=\"wpb_wrapper\">\n\t\t\t<div class=\"page\" title=\"Page 1\">\n<div class=\"section\">\n<div class=\"layoutArea\">\n<div class=\"column\">\n<div class=\"page\" title=\"Page 1\">\n<div class=\"section\">\n<div class=\"layoutArea\">\n<div class=\"column\">\n<p>Schau auf <strong><a href=\"https:\/\/www.instinct.berlin\/\">www.instinct.berlin<\/a><\/strong> vorbei, um die K\u00fcnstler, Programmdetails und \u00d6ffnungszeiten zu finden.<\/p>\n<\/div>\n<\/div>\n<\/div>\n<\/div>\n<\/div>\n<\/div>\n<\/div>\n<\/div>\n\n\t\t<\/div>\n\t<\/div>\n<\/div><\/div><\/div><\/div>\n<\/div>","protected":false},"excerpt":{"rendered":"<p><strong>Instinct #16<br \/>\nWords of Excess<br \/>\n16:30 \u2013 18:30<\/strong><\/p>\n<p class=\"p1\"><strong>| <span style=\"color: #ec6c23;\">LGBTQI+ <\/span>|<\/strong><\/p>\n<p>Join us for an intimate reading evening at Instinct Berlin, featuring a selection of talented writers who will explore themes of identity, desire, and excess. In alignment with our exhibition \u201cLa Part Maudite,\u201d these voices will investigate the complexities of queer experiences and the rituals that shape our lives.Each writer will share their unique perspective, inviting you to engage with the rich tapestry of queer literature. Come and immerse yourself in stories that challenge norms and celebrate the beauty of self-expression. <strong><a class=\"_ps2id\" href=\"www.instinct.berlin\" data-ps2id-offset=\"\">www.instinct.berlin<\/a><\/strong><\/p>\n","protected":false},"author":12,"featured_media":16763,"template":"","meta":{"pmpro_default_level":"","inline_featured_image":false},"product_brand":[],"product_cat":[769],"product_tag":[469],"class_list":{"0":"post-16689","1":"product","2":"type-product","3":"status-publish","4":"has-post-thumbnail","6":"product_cat-kostenloser-zugang","7":"product_tag-lgbtqiaplus","8":"pmpro-has-access","10":"first","11":"outofstock","12":"purchasable","13":"product-type-variable"},"wpml_current_locale":"de_DE","wpml_translations":{"en_US":{"locale":"en_US","id":16690,"slug":"instinct-16-short-film-program-copy","post_title":"Instinct #16 | Words of Excess","href":"https:\/\/wearevillage.org\/en\/shop\/instinct-reading\/w38-2024"}},"language":{"code":"de","locale":"","name":"","is_rtl":false},"_links":{"self":[{"href":"https:\/\/wearevillage.org\/wp-json\/wp\/v2\/product\/16689","targetHints":{"allow":["GET"]}}],"collection":[{"href":"https:\/\/wearevillage.org\/wp-json\/wp\/v2\/product"}],"about":[{"href":"https:\/\/wearevillage.org\/wp-json\/wp\/v2\/types\/product"}],"author":[{"embeddable":true,"href":"https:\/\/wearevillage.org\/wp-json\/wp\/v2\/users\/12"}],"wp:featuredmedia":[{"embeddable":true,"href":"https:\/\/wearevillage.org\/wp-json\/wp\/v2\/media\/16763"}],"wp:attachment":[{"href":"https:\/\/wearevillage.org\/wp-json\/wp\/v2\/media?parent=16689"}],"wp:term":[{"taxonomy":"product_brand","embeddable":true,"href":"https:\/\/wearevillage.org\/wp-json\/wp\/v2\/product_brand?post=16689"},{"taxonomy":"product_cat","embeddable":true,"href":"https:\/\/wearevillage.org\/wp-json\/wp\/v2\/product_cat?post=16689"},{"taxonomy":"product_tag","embeddable":true,"href":"https:\/\/wearevillage.org\/wp-json\/wp\/v2\/product_tag?post=16689"}],"curies":[{"name":"wp","href":"https:\/\/api.w.org\/{rel}","templated":true}]}}