{"id":17509,"date":"2024-09-20T10:34:15","date_gmt":"2024-09-20T08:34:15","guid":{"rendered":"https:\/\/wearevillage.org\/?post_type=product&#038;p=17509"},"modified":"2024-09-20T10:35:47","modified_gmt":"2024-09-20T08:35:47","slug":"open-writing-circle-11","status":"publish","type":"product","link":"https:\/\/wearevillage.org\/shop\/writing-circle\/w43-2024\/","title":{"rendered":"Open writing circle"},"content":{"rendered":"<div class=\"wpb-content-wrapper\"><div class=\"vc_row wpb_row vc_row-fluid\"><div class=\"wpb_column vc_column_container vc_col-sm-12\"><div class=\"vc_column-inner\"><div class=\"wpb_wrapper\"><h4 style=\"text-align: left\" class=\"vc_custom_heading vc_do_custom_heading\" >Open writing circle<\/h4><h5 style=\"text-align: left\" class=\"vc_custom_heading vc_do_custom_heading\" >mit David Le Guillermic<\/h5>\n\t<div class=\"wpb_text_column wpb_content_element\" >\n\t\t<div class=\"wpb_wrapper\">\n\t\t\t<div class=\"x11i5rnm xat24cr x1mh8g0r x1vvkbs xtlvy1s\">\n<div class=\"x11i5rnm xat24cr x1mh8g0r x1vvkbs xtlvy1s\">\n<div class=\"x11i5rnm xat24cr x1mh8g0r x1vvkbs xtlvy1s\">\n<p><strong>Entdecke die Freude am Schreiben!<\/strong><br \/>\nGanz gleich, ob Du nur zum Vergn\u00fcgen schreibst oder bereits eine Autorin oder ein Autor bist, ob du dich beim Schreiben wohlf\u00fchlen, gest\u00e4rkt werden oder einfach nur entspannen willst, komm zu uns und nimm an einem geselligen, umfassenden Workshop teil!<\/p>\n<p>Es sind keine Vorkenntnisse erforderlich. Alles, was du brauchst, ist die Neugier auf den Schreibprozess und der Wunsch, die kleine innere Stimme zu n\u00e4hren, die darauf gewartet hat, herauszukommen. Jetzt ist der perfekte Zeitpunkt, um es auszuprobieren, mit Worten zu experimentieren und den eigenen erz\u00e4hlerischen Horizont zu erweitern.<\/p>\n<p>Jede Sitzung wird sich um ein bestimmtes Thema drehen. Wir werden auf Techniken zur\u00fcckgreifen, die in Schreibwerkst\u00e4tten verwendet werden, und uns bem\u00fchen, uns gegenseitig Feedback, Unterst\u00fctzung und Ermutigung zu geben. Diese kollaborative Umgebung erm\u00f6glicht einen dynamischen Austausch von Ideen und Erkenntnissen.<\/p>\n<p>Ziel dieses Workshops ist es, einen bejahenden, spielerischen und ermutigenden Raum f\u00fcr queere Menschen zu schaffen, in dem du deine Identit\u00e4t erforschen, ausdr\u00fccken und feiern kannst, sowie eine Plattform zu bieten, auf der die Geschichten der LGBTQIA+ Community geteilt, geh\u00f6rt und gesch\u00e4tzt werden.<\/p>\n<\/div>\n<\/div>\n<\/div>\n\n\t\t<\/div>\n\t<\/div>\n\n\t<div class=\"wpb_text_column wpb_content_element\" >\n\t\t<div class=\"wpb_wrapper\">\n\t\t\t\n\t\t<\/div>\n\t<\/div>\n<div class=\"vc_separator wpb_content_element vc_separator_align_center vc_sep_width_100 vc_sep_pos_align_center vc_separator_no_text vc_sep_color_grey wpb_content_element  wpb_content_element\" ><span class=\"vc_sep_holder vc_sep_holder_l\"><span class=\"vc_sep_line\"><\/span><\/span><span class=\"vc_sep_holder vc_sep_holder_r\"><span class=\"vc_sep_line\"><\/span><\/span>\n<\/div>\n\t<div class=\"wpb_text_column wpb_content_element\" >\n\t\t<div class=\"wpb_wrapper\">\n\t\t\t<p><img loading=\"lazy\" decoding=\"async\" class=\" wp-image-9400 alignleft\" src=\"https:\/\/wearevillage.org\/wp-content\/uploads\/2023\/11\/wav-team-LDavid-Le-Guillermic-270x300.png\" alt=\"\" width=\"160\" height=\"177\" srcset=\"https:\/\/wearevillage.org\/wp-content\/uploads\/2023\/11\/wav-team-LDavid-Le-Guillermic-270x300.png 270w, https:\/\/wearevillage.org\/wp-content\/uploads\/2023\/11\/wav-team-LDavid-Le-Guillermic-135x150.png 135w, https:\/\/wearevillage.org\/wp-content\/uploads\/2023\/11\/wav-team-LDavid-Le-Guillermic-768x853.png 768w, https:\/\/wearevillage.org\/wp-content\/uploads\/2023\/11\/wav-team-LDavid-Le-Guillermic-624x693.png 624w, https:\/\/wearevillage.org\/wp-content\/uploads\/2023\/11\/wav-team-LDavid-Le-Guillermic-390x433.png 390w, https:\/\/wearevillage.org\/wp-content\/uploads\/2023\/11\/wav-team-LDavid-Le-Guillermic-600x667.png 600w, https:\/\/wearevillage.org\/wp-content\/uploads\/2023\/11\/wav-team-LDavid-Le-Guillermic.png 900w\" sizes=\"auto, (max-width: 160px) 100vw, 160px\" \/><strong>David Le Guillermic<\/strong> ist Autor und freiberuflicher Kulturjournalist f\u00fcr die franz\u00f6sische Presse. Urspr\u00fcnglich aus Paris stammend, zog er in seinen fr\u00fchen Zwanzigern nach London, wo er sich in der weltweit ersten LBGT-Bildagentur engagierte und ehrenamtlich in Kampagnen zur HIV- und Hassverbrechenspr\u00e4vention t\u00e4tig war. Seit 2004 lebt er in Berlin und konzentriert sich haupts\u00e4chlich auf literarische Projekte zu Themen, die ihm am Herzen liegen: urbaner Raum, soziale Fragen, Geschlechterpolitik und queere Geschichte. Bei <em>we are village<\/em> leitet er au\u00dferdem den\u00a0monatlichen <em>Open Writing Circle<\/em> und ist einer der Kuratoren der <em>Movie Night<\/em>.<\/p>\n\n\t\t<\/div>\n\t<\/div>\n<div class=\"vc_separator wpb_content_element vc_separator_align_center vc_sep_width_100 vc_sep_pos_align_center vc_separator_no_text vc_sep_color_grey wpb_content_element  wpb_content_element\" ><span class=\"vc_sep_holder vc_sep_holder_l\"><span class=\"vc_sep_line\"><\/span><\/span><span class=\"vc_sep_holder vc_sep_holder_r\"><span class=\"vc_sep_line\"><\/span><\/span>\n<\/div>\n\t<div class=\"wpb_text_column wpb_content_element\" >\n\t\t<div class=\"wpb_wrapper\">\n\t\t\t<p><span style=\"text-decoration: underline;\"><strong>Hinweise<\/strong><\/span><br \/>\n<strong>Sprache<\/strong>: Der Kurs wird auf Englisch abgehalten, aber du kannst gerne in der Sprache deiner Wahl schreiben, deinen Text mit der Gruppe teilen \u2013 oder einfach nur anwesend sein und zuh\u00f6ren!<br \/>\n<strong>Kosten<\/strong>: Die Teilnahme ist kostenlos.<\/p>\n\n\t\t<\/div>\n\t<\/div>\n<\/div><\/div><\/div><\/div>\n<\/div>","protected":false},"excerpt":{"rendered":"<h5>Dienstags (einmal pro Monat)<br \/>\n19:30 \u2013 21:30<br \/>\nkostenfrei<\/h5>\n<p class=\"p1\"><strong>| <span style=\"color: #ec6c23;\">LGBTQIA+<\/span>|\u00a0<\/strong><\/p>\n<p><strong>Entdecke die Freude am Schreiben!<\/strong><br \/>\nGanz gleich, ob Du nur zum Vergn\u00fcgen schreibst oder bereits eine Autorin oder ein Autor bist, ob du dich beim Schreiben wohlf\u00fchlen, gest\u00e4rkt werden oder einfach nur entspannen willst, komm zu uns und nimm an einem geselligen, umfassenden Workshop teil! Es sind keine Vorkenntnisse erforderlich. Alles, was du brauchst, ist Neugierde f\u00fcr den Schreibprozess und den Wunsch, die kleine innere Stimme zu n\u00e4hren, die darauf wartet, herauszukommen.<\/p>\n","protected":false},"author":12,"featured_media":10105,"template":"","meta":{"pmpro_default_level":"","inline_featured_image":false},"product_brand":[],"product_cat":[769,80],"product_tag":[469],"class_list":{"0":"post-17509","1":"product","2":"type-product","3":"status-publish","4":"has-post-thumbnail","6":"product_cat-kostenloser-zugang","7":"product_cat-queer-matters","8":"product_tag-lgbtqiaplus","9":"pmpro-has-access","11":"first","12":"outofstock","13":"purchasable","14":"product-type-variable"},"wpml_current_locale":"de_DE","wpml_translations":{"en_US":{"locale":"en_US","id":17510,"slug":"open-writing-circle-kopie-12","post_title":"Open writing circle","href":"https:\/\/wearevillage.org\/en\/shop\/writing-circle\/w43-2024"}},"language":{"code":"de","locale":"","name":"","is_rtl":false},"_links":{"self":[{"href":"https:\/\/wearevillage.org\/wp-json\/wp\/v2\/product\/17509","targetHints":{"allow":["GET"]}}],"collection":[{"href":"https:\/\/wearevillage.org\/wp-json\/wp\/v2\/product"}],"about":[{"href":"https:\/\/wearevillage.org\/wp-json\/wp\/v2\/types\/product"}],"author":[{"embeddable":true,"href":"https:\/\/wearevillage.org\/wp-json\/wp\/v2\/users\/12"}],"wp:featuredmedia":[{"embeddable":true,"href":"https:\/\/wearevillage.org\/wp-json\/wp\/v2\/media\/10105"}],"wp:attachment":[{"href":"https:\/\/wearevillage.org\/wp-json\/wp\/v2\/media?parent=17509"}],"wp:term":[{"taxonomy":"product_brand","embeddable":true,"href":"https:\/\/wearevillage.org\/wp-json\/wp\/v2\/product_brand?post=17509"},{"taxonomy":"product_cat","embeddable":true,"href":"https:\/\/wearevillage.org\/wp-json\/wp\/v2\/product_cat?post=17509"},{"taxonomy":"product_tag","embeddable":true,"href":"https:\/\/wearevillage.org\/wp-json\/wp\/v2\/product_tag?post=17509"}],"curies":[{"name":"wp","href":"https:\/\/api.w.org\/{rel}","templated":true}]}}