{"id":17566,"date":"2024-09-20T13:19:05","date_gmt":"2024-09-20T11:19:05","guid":{"rendered":"https:\/\/wearevillage.org\/?post_type=product&#038;p=17566"},"modified":"2024-11-07T17:39:55","modified_gmt":"2024-11-07T16:39:55","slug":"queer-images-8","status":"publish","type":"product","link":"https:\/\/wearevillage.org\/shop\/queer-images\/w45-2024\/","title":{"rendered":"Queer Images"},"content":{"rendered":"<div class=\"wpb-content-wrapper\"><div class=\"vc_row wpb_row vc_row-fluid\"><div class=\"wpb_column vc_column_container vc_col-sm-12\"><div class=\"vc_column-inner\"><div class=\"wpb_wrapper\"><h4 style=\"text-align: left\" class=\"vc_custom_heading vc_do_custom_heading\" >Queer Images: Kreativit\u00e4t und Verbindung entdecken<\/h4><h5 style=\"text-align: left\" class=\"vc_custom_heading vc_do_custom_heading\" >mit Michael Rolnick<\/h5>\n\t<div class=\"wpb_text_column wpb_content_element\" >\n\t\t<div class=\"wpb_wrapper\">\n\t\t\t<p>In diesem Workshop tauchen wir in die Welt der Bewegung und der Ausdruckskunst ein. Wir besch\u00e4ftigen uns mit einer Reihe von Aktivit\u00e4ten, wie somatischen Bewegungs\u00fcbungen, Tanz, Zeichnen und Meditation, um unsere pers\u00f6nliche Kreativit\u00e4t zu f\u00f6rdern und eine tiefere Verbindung zu unserem inneren Selbst herzustellen.<br \/>\nWir werden auch die Gelegenheit haben, unsere Erfahrungen mit anderen in der Gruppe zu teilen, um ein Gef\u00fchl des Zusammenseins und der gegenseitigen Unterst\u00fctzung zu f\u00f6rdern.<br \/>\nDieser Workshop ist f\u00fcr Menschen mit allen Erfahrungsstufen gedacht, um den Einzelnen zu st\u00e4rken und zu inspirieren, sich kreativ mit sich selbst und der Welt um uns herum zu besch\u00e4ftigen.<br \/>\nBegebt euch auf diese aufregende Reise der Selbstentdeckung und des k\u00fcnstlerischen Ausdrucks!<\/p>\n\n\t\t<\/div>\n\t<\/div>\n<div class=\"vc_separator wpb_content_element vc_separator_align_center vc_sep_width_100 vc_sep_pos_align_center vc_separator_no_text vc_sep_color_grey wpb_content_element  wpb_content_element\" ><span class=\"vc_sep_holder vc_sep_holder_l\"><span class=\"vc_sep_line\"><\/span><\/span><span class=\"vc_sep_holder vc_sep_holder_r\"><span class=\"vc_sep_line\"><\/span><\/span>\n<\/div>\n\t<div class=\"wpb_text_column wpb_content_element\" >\n\t\t<div class=\"wpb_wrapper\">\n\t\t\t<p><strong><img loading=\"lazy\" decoding=\"async\" class=\"wp-image-38 alignleft\" src=\"https:\/\/wearevillage.org\/wp-content\/uploads\/2022\/08\/Michael-Rolnick-271x300.jpg\" alt=\"\" width=\"160\" height=\"177\" srcset=\"https:\/\/wearevillage.org\/wp-content\/uploads\/2022\/08\/Michael-Rolnick-271x300.jpg 271w, https:\/\/wearevillage.org\/wp-content\/uploads\/2022\/08\/Michael-Rolnick-390x431.jpg 390w, https:\/\/wearevillage.org\/wp-content\/uploads\/2022\/08\/Michael-Rolnick-600x663.jpg 600w, https:\/\/wearevillage.org\/wp-content\/uploads\/2022\/08\/Michael-Rolnick-624x690.jpg 624w, https:\/\/wearevillage.org\/wp-content\/uploads\/2022\/08\/Michael-Rolnick.jpg 700w\" sizes=\"auto, (max-width: 160px) 100vw, 160px\" \/>Michael<\/strong> <strong>Rolnick<\/strong> wurde in London geboren, wo er an der Royal Ballet School zum T\u00e4nzer ausgebildet wurde. Zu seinen Tanzerfahrungen geh\u00f6ren Engagements beim Northern Ballet Theatre, Scottish Ballet, der Lindsay Kemp Company, AMP und zahlreichen anderen. Neben seiner T\u00e4tigkeit als Choreograf und bildender K\u00fcnstler ist Michael leidenschaftlich daran interessiert, kreative R\u00e4ume zu gestalten. Derzeit unterrichtet er Pilates und ist co-facilitator unseres Authentic Eros One-Year Trainings. Er leitet Workshops, die den k\u00fcnstlerischen Ausdruck in Gruppen f\u00f6rdern und dabei Zusammenarbeit und Kreativit\u00e4t unter den Teilnehmern ermutigen.<\/p>\n\n\t\t<\/div>\n\t<\/div>\n<div class=\"vc_separator wpb_content_element vc_separator_align_center vc_sep_width_100 vc_sep_pos_align_center vc_separator_no_text vc_sep_color_grey wpb_content_element  wpb_content_element\" ><span class=\"vc_sep_holder vc_sep_holder_l\"><span class=\"vc_sep_line\"><\/span><\/span><span class=\"vc_sep_holder vc_sep_holder_r\"><span class=\"vc_sep_line\"><\/span><\/span>\n<\/div>\n\t<div class=\"wpb_text_column wpb_content_element\" >\n\t\t<div class=\"wpb_wrapper\">\n\t\t\t<p><strong><u>Hinweise<\/u><\/strong><br \/>\n<strong>Sprache<\/strong>:\u00a0Je nach Bed\u00fcrfnissen der Gruppe werden wir Deutsch und\/oder Englisch sprechen.<br \/>\n<b>Kosten<\/b>: Die Veranstaltung ist kostenlos.<\/p>\n\n\t\t<\/div>\n\t<\/div>\n<\/div><\/div><\/div><\/div>\n<\/div>","protected":false},"excerpt":{"rendered":"<h5>Samstags (einmal im Monat)<br \/>\n13:00 \u2013 16:00<br \/>\nkostenlos<\/h5>\n<p><strong>| <span style=\"color: #ec6c23;\">LGBTQIA+ <\/span>|<\/strong><\/p>\n<p>In diesem Workshop tauchen wir in die Welt der Bewegung und der Ausdruckskunst ein, um unsere pers\u00f6nliche Kreativit\u00e4t zu f\u00f6rdern und eine tiefere Verbindung zu unserem inneren Selbst herzustellen. Dabei widmen wir uns Aktivit\u00e4ten wie somatischen Bewegungs\u00fcbungen, Tanz, Zeichnen und Meditation.<\/p>\n","protected":false},"author":12,"featured_media":9404,"template":"","meta":{"pmpro_default_level":"","inline_featured_image":false},"product_brand":[],"product_cat":[77,791,769,79],"product_tag":[469],"class_list":{"0":"post-17566","1":"product","2":"type-product","3":"status-publish","4":"has-post-thumbnail","6":"product_cat-community-events","7":"product_cat-gemeinsam-statt-einsam","8":"product_cat-kostenloser-zugang","9":"product_cat-monatliche-events","10":"product_tag-lgbtqiaplus","11":"pmpro-has-access","13":"first","14":"outofstock","15":"purchasable","16":"product-type-variable"},"wpml_current_locale":"de_DE","wpml_translations":{"en_US":{"locale":"en_US","id":17567,"slug":"queer-images-kopie-2-3","post_title":"Queer Images","href":"https:\/\/wearevillage.org\/en\/shop\/queer-images\/w45-2024"}},"language":{"code":"de","locale":"","name":"","is_rtl":false},"_links":{"self":[{"href":"https:\/\/wearevillage.org\/wp-json\/wp\/v2\/product\/17566","targetHints":{"allow":["GET"]}}],"collection":[{"href":"https:\/\/wearevillage.org\/wp-json\/wp\/v2\/product"}],"about":[{"href":"https:\/\/wearevillage.org\/wp-json\/wp\/v2\/types\/product"}],"author":[{"embeddable":true,"href":"https:\/\/wearevillage.org\/wp-json\/wp\/v2\/users\/12"}],"wp:featuredmedia":[{"embeddable":true,"href":"https:\/\/wearevillage.org\/wp-json\/wp\/v2\/media\/9404"}],"wp:attachment":[{"href":"https:\/\/wearevillage.org\/wp-json\/wp\/v2\/media?parent=17566"}],"wp:term":[{"taxonomy":"product_brand","embeddable":true,"href":"https:\/\/wearevillage.org\/wp-json\/wp\/v2\/product_brand?post=17566"},{"taxonomy":"product_cat","embeddable":true,"href":"https:\/\/wearevillage.org\/wp-json\/wp\/v2\/product_cat?post=17566"},{"taxonomy":"product_tag","embeddable":true,"href":"https:\/\/wearevillage.org\/wp-json\/wp\/v2\/product_tag?post=17566"}],"curies":[{"name":"wp","href":"https:\/\/api.w.org\/{rel}","templated":true}]}}