{"id":17574,"date":"2024-09-20T14:41:31","date_gmt":"2024-09-20T12:41:31","guid":{"rendered":"https:\/\/wearevillage.org\/?post_type=product&#038;p=17574"},"modified":"2024-10-21T00:00:07","modified_gmt":"2024-10-20T22:00:07","slug":"some-like-it-hot-einfuehrung-in-sinnliches-wachs-und-kerzenspiel","status":"publish","type":"product","link":"https:\/\/wearevillage.org\/shop\/kink-touch\/w42-2024\/","title":{"rendered":"Some Like it Hot"},"content":{"rendered":"<div class=\"wpb-content-wrapper\"><div class=\"vc_row wpb_row vc_row-fluid\"><div class=\"wpb_column vc_column_container vc_col-sm-12\"><div class=\"vc_column-inner\"><div class=\"wpb_wrapper\"><h4 style=\"text-align: left\" class=\"vc_custom_heading vc_do_custom_heading\" >Some Like it Hot: Einf\u00fchrung in sinnliches Wachs- und Kerzenspiel<\/h4><h5 style=\"text-align: left\" class=\"vc_custom_heading vc_do_custom_heading\" >Kink Play & Touch Lab Series for Queer People<\/h5><h5 style=\"text-align: left\" class=\"vc_custom_heading vc_do_custom_heading\" >mit Raf Beck<\/h5>\n\t<div class=\"wpb_text_column wpb_content_element\" >\n\t\t<div class=\"wpb_wrapper\">\n\t\t\t<p>Das Spiel mit dem Wachs ist eine Art von Sinnesspiel, welches die Reaktion des K\u00f6rpers auf Spannung, Hitze, kurze Stimulationen und sensorische Deprivation erkundet. In diesem praktischen und interaktiven Workshop werden wir die erotische Praxis des Spiels mit hei\u00dfem Wachs f\u00fcr Solo- oder Partner\u00fcbungen erforschen.<\/p>\n<p>Der Workshop umfasst:<\/p>\n<ul>\n<li>Paarweise Einverst\u00e4ndnis- und Verhandlungs\u00fcbungen<\/li>\n<li>Die Physik: Was ist Wachs, bei welchen Temperaturen schmilzt es und welche Kerzen sind sicher (und unsicher) f\u00fcr Wachsspiele<\/li>\n<li>Sichere Stellen am K\u00f6rper, um Wachs zu tropfen und verschiedene Tropftechniken<\/li>\n<li>Praktisches Wachsspiel: Solo und in Paaren<\/li>\n<li>Tipps und Techniken zur Steigerung der Sinneseindr\u00fccke<\/li>\n<li>Wachs auf der Haut: Tipps zum Entfernen und Reinigen<\/li>\n<\/ul>\n\n\t\t<\/div>\n\t<\/div>\n<div class=\"vc_separator wpb_content_element vc_separator_align_center vc_sep_width_100 vc_sep_pos_align_center vc_separator_no_text vc_sep_color_grey wpb_content_element  wpb_content_element\" ><span class=\"vc_sep_holder vc_sep_holder_l\"><span class=\"vc_sep_line\"><\/span><\/span><span class=\"vc_sep_holder vc_sep_holder_r\"><span class=\"vc_sep_line\"><\/span><\/span>\n<\/div>\n\t<div class=\"wpb_text_column wpb_content_element\" >\n\t\t<div class=\"wpb_wrapper\">\n\t\t\t<p><img loading=\"lazy\" decoding=\"async\" class=\"wp-image-17583 alignleft\" src=\"https:\/\/wearevillage.org\/wp-content\/uploads\/2024\/09\/bio_Raf-B.jpg\" alt=\"\" width=\"160\" height=\"178\" srcset=\"https:\/\/wearevillage.org\/wp-content\/uploads\/2024\/09\/bio_Raf-B.jpg 409w, https:\/\/wearevillage.org\/wp-content\/uploads\/2024\/09\/bio_Raf-B-270x300.jpg 270w, https:\/\/wearevillage.org\/wp-content\/uploads\/2024\/09\/bio_Raf-B-135x150.jpg 135w, https:\/\/wearevillage.org\/wp-content\/uploads\/2024\/09\/bio_Raf-B-390x433.jpg 390w\" sizes=\"auto, (max-width: 160px) 100vw, 160px\" \/> <strong>Raf Beck<\/strong> ist ein wei\u00df, britisch, queerer, transmasc, non-binary Kinkster, und lebt zwischen Berlin und London. Raf ist P\u00e4dagoge*, Moderator* und Coach* und arbeitet in den Bereichen Gesundheit, Sex und BDSM. Besonders stolz ist Raf auf die Erarbeitung eigener generationen\u00fcbergreifender Netzwerke und Beziehungen.<\/p>\n\n\t\t<\/div>\n\t<\/div>\n<div class=\"vc_separator wpb_content_element vc_separator_align_center vc_sep_width_100 vc_sep_pos_align_center vc_separator_no_text vc_sep_color_grey wpb_content_element  wpb_content_element\" ><span class=\"vc_sep_holder vc_sep_holder_l\"><span class=\"vc_sep_line\"><\/span><\/span><span class=\"vc_sep_holder vc_sep_holder_r\"><span class=\"vc_sep_line\"><\/span><\/span>\n<\/div>\n\t<div class=\"wpb_text_column wpb_content_element\" >\n\t\t<div class=\"wpb_wrapper\">\n\t\t\t<p><strong>Was ist Sensual Touch Lab Series for GBTQ M\u00e4nner*?<\/strong><br \/>\nSensual Touch Lab Series f\u00fcr GBTQ M\u00e4nner* ist ein monatlicher Workshop, bei dem wir einen Raum f\u00fcr sinnliche N\u00e4he und spielerische Begegnungen schaffen m\u00f6chten.<br \/>\nVerk\u00f6rperte, somatische Erfahrungen, die unsere Gesamtk\u00f6rperlichkeit wertsch\u00e4tzen. Sinnlichkeit als Zugang, neue Wege im Umgang mit unseren eigenen \u00c4ngsten oder Mustern in Bezug auf Nacktheit, Intimit\u00e4t und Ber\u00fchrung erkunden. Wir laden dich ein, deine pers\u00f6nlichen Grenzen in einem Rahmen gegenseitigen Respekts und Einvernehmens zu erforschen, zu kommunizieren und gegebenenfalls zu erweitern. Dabei er\u00f6ffnet sich die M\u00f6glichkeit, die Kraft von Ber\u00fchrung, Empfindung und nonverbaler, zwischenmenschlicher Bezogenheit zu erfahren.<br \/>\nJedes Event wird ein gef\u00fchrter Prozess sein, der je nach Thema und Hintergrund der Kursleitenden* eine besondere Note hat, sei es K\u00f6rperarbeit und Ber\u00fchrung, Somatik und Intimit\u00e4t oder etwas anderes. Diese Kurzworkshops k\u00f6nnen Nacktheit, Partner\u00fcbungen sowie k\u00f6rperlich nahe Interaktionen beinhalten.<\/p>\n<p><strong>Vorteile<\/strong><\/p>\n<ul>\n<li>Schafft wertvolle, gemeinsame Erfahrungen unter GBTQ M\u00e4nner* durch N\u00e4he, Empathie und Verbundenheit<\/li>\n<li>Bek\u00e4mpft Gef\u00fchle der Isolation und Einsamkeit<\/li>\n<li>F\u00f6rdert Selbstliebe und Akzeptanz des eigenen K\u00f6rpers und der Identit\u00e4t<\/li>\n<li>Bietet einen sicheren, urteilsfreien Raum zur Erforschung pers\u00f6nlicher Grenzen<\/li>\n<li>Tr\u00e4gt zum allgemeinen Wohlbefinden bei und unterst\u00fctzt die F\u00e4higkeit, dauerhafte Beziehungen aufzubauen<\/li>\n<li>Kann als gesunder Bew\u00e4ltigungsmechanismus dienen und das Risiko von Substanzmissbrauch reduzieren<\/li>\n<\/ul>\n\n\t\t<\/div>\n\t<\/div>\n<div class=\"vc_separator wpb_content_element vc_separator_align_center vc_sep_width_100 vc_sep_pos_align_center vc_separator_no_text vc_sep_color_grey wpb_content_element  wpb_content_element\" ><span class=\"vc_sep_holder vc_sep_holder_l\"><span class=\"vc_sep_line\"><\/span><\/span><span class=\"vc_sep_holder vc_sep_holder_r\"><span class=\"vc_sep_line\"><\/span><\/span>\n<\/div>\n\t<div class=\"wpb_text_column wpb_content_element\" >\n\t\t<div class=\"wpb_wrapper\">\n\t\t\t<p><u><strong>Hinweise<\/strong><\/u><br \/>\n<strong>Teilnehmende<\/strong>: Dieses Format ist f\u00fcr alle queeren Menschen (LGBTQIA+), die Ber\u00fchrung und Kontakt in einer einvernehmlichen, unterst\u00fctzenden Atmosph\u00e4re erfahren m\u00f6chten. Du solltest einen relativ entspannten Umgang mit Nacktheit haben. Diese Veranstaltung ist sinnlich und kann genitale Ber\u00fchrungen beinhalten. Bitte lege Wert auf pers\u00f6nliche Hygiene.<br \/>\n<strong>Material<\/strong>: Kerzen und verwandte Utensilien werden zur Verf\u00fcgung gestellt. Bringe zum Abdecken von Kissen, Matten oder Massageliegen ein Laken mit. Du solltest auch ein altes Handtuch oder Stoffst\u00fcck mitbringen, das am Ende des Workshops mit Wachs bedeckt sein kann.<br \/>\n<strong>Sprache<\/strong>: Je nach Bed\u00fcrfnissen der Gruppe werden wir Deutsch und\/oder Englisch sprechen.<br \/>\n<strong>Kosten<\/strong>: Dieses Event ist auch zu einem erm\u00e4\u00dfigten Mitgliederpreis erh\u00e4ltlich \u2013 aber kein Bestandteil der zwei kostenlosen monatlichen Mitgliederveranstaltungen. Erm\u00e4\u00dfigter Zugang ist auf schriftliche Anfrage an: <strong><a href=\"mailto:events@wearevillage.org\">events@wearevillage.org<\/a><\/strong> m\u00f6glich.<\/p>\n\n\t\t<\/div>\n\t<\/div>\n<\/div><\/div><\/div><\/div><div class=\"vc_row wpb_row vc_row-fluid\"><div class=\"wpb_column vc_column_container vc_col-sm-12\"><div class=\"vc_column-inner\"><div class=\"wpb_wrapper\"><\/div><\/div><\/div><\/div>\n<\/div>","protected":false},"excerpt":{"rendered":"<h5>Kink & Touch Lab Series for Queer People<br \/>\nSonntags (einmal im Monat)<br \/>\n14:00 \u2013 17:00<\/h5>\n<p><strong>| <span style=\"color: #ec6c23;\">LGBTQIA+<\/span>\u00a0|<\/strong><\/p>\n<p>Das Spiel mit dem Wachs ist eine Art von Sinnesspiel, welches die Reaktion des K\u00f6rpers auf Spannung, Hitze, kurze Stimulationen und sensorische Deprivation erkundet. In diesem praktischen und interaktiven Workshop werden wir die erotische Praxis des Spiels mit hei\u00dfem Wachs f\u00fcr Solo- oder Partner\u00fcbungen erforschen.<\/p>\n","protected":false},"author":11,"featured_media":17597,"template":"","meta":{"pmpro_default_level":"","inline_featured_image":false},"product_brand":[],"product_cat":[79,83],"product_tag":[469],"class_list":{"0":"post-17574","1":"product","2":"type-product","3":"status-publish","4":"has-post-thumbnail","6":"product_cat-monatliche-events","7":"product_cat-workshops","8":"product_tag-lgbtqiaplus","9":"pmpro-has-access","11":"first","12":"instock","13":"product-type-variable","14":"has-default-attributes"},"wpml_current_locale":"de_DE","wpml_translations":{"en_US":{"locale":"en_US","id":17577,"slug":"eros-play-circle-kopie","post_title":"Some Like it Hot","href":"https:\/\/wearevillage.org\/en\/shop\/kink-touch\/w42-2024"}},"language":{"code":"de","locale":"","name":"","is_rtl":false},"_links":{"self":[{"href":"https:\/\/wearevillage.org\/wp-json\/wp\/v2\/product\/17574","targetHints":{"allow":["GET"]}}],"collection":[{"href":"https:\/\/wearevillage.org\/wp-json\/wp\/v2\/product"}],"about":[{"href":"https:\/\/wearevillage.org\/wp-json\/wp\/v2\/types\/product"}],"author":[{"embeddable":true,"href":"https:\/\/wearevillage.org\/wp-json\/wp\/v2\/users\/11"}],"wp:featuredmedia":[{"embeddable":true,"href":"https:\/\/wearevillage.org\/wp-json\/wp\/v2\/media\/17597"}],"wp:attachment":[{"href":"https:\/\/wearevillage.org\/wp-json\/wp\/v2\/media?parent=17574"}],"wp:term":[{"taxonomy":"product_brand","embeddable":true,"href":"https:\/\/wearevillage.org\/wp-json\/wp\/v2\/product_brand?post=17574"},{"taxonomy":"product_cat","embeddable":true,"href":"https:\/\/wearevillage.org\/wp-json\/wp\/v2\/product_cat?post=17574"},{"taxonomy":"product_tag","embeddable":true,"href":"https:\/\/wearevillage.org\/wp-json\/wp\/v2\/product_tag?post=17574"}],"curies":[{"name":"wp","href":"https:\/\/api.w.org\/{rel}","templated":true}]}}