{"id":17688,"date":"2024-09-26T15:22:48","date_gmt":"2024-09-26T13:22:48","guid":{"rendered":"https:\/\/wearevillage.org\/?post_type=product&#038;p=17688"},"modified":"2025-03-06T21:37:48","modified_gmt":"2025-03-06T20:37:48","slug":"wege-aus-dem-chemsex-gruppenorientierte-koerperarbeit-fuer-schwule-bi-und-trans-maenner","status":"publish","type":"product","link":"https:\/\/wearevillage.org\/shop\/ways-out-of-chemsex\/w50-2024\/","title":{"rendered":"Wege aus dem Chemsex | Schritte zur N\u00e4he & Verbundenheit"},"content":{"rendered":"<div class=\"wpb-content-wrapper\"><div class=\"vc_row wpb_row vc_row-fluid\"><div class=\"wpb_column vc_column_container vc_col-sm-12\"><div class=\"vc_column-inner\"><div class=\"wpb_wrapper\"><h4 style=\"text-align: left\" class=\"vc_custom_heading vc_do_custom_heading\" >Wege aus dem Chemsex | Schritte zur N\u00e4he & Verbundenheit | Wissenswertes & praktische F\u00e4higkeiten f\u00fcr schwule, bi und Trans M\u00e4nner*<\/h4><h5 style=\"text-align: left\" class=\"vc_custom_heading vc_do_custom_heading\" >Workshopreihe mit Jan Gro\u00dfer & Kai Ehrhardt<\/h5>\n\t<div class=\"wpb_text_column wpb_content_element\" >\n\t\t<div class=\"wpb_wrapper\">\n\t\t\t<p>Im Rahmen der Gesundheitsf\u00f6rderung bieten wir in Zusammenarbeit mit der Berliner Aidshilfe, Jan Gro\u00dfer und Kai Ehrhardt, einen 6-Tage Workshop (verteilt \u00fcber 3 Wochenenden) zum Thema \u201cWege aus und Begegnungen nach dem Chemsex\u201d an.<\/p>\n<p>Die Workshopreihe\u00a0(\u00fcber 3 Wochenenden) richtet sich an schwule M\u00e4nner*, die Chemsex praktizieren und Abstinenz oder eine gr\u00f6\u00dfere Kontrolle \u00fcber ihren Substanzkonsum und ihre sexuelle Praxis anstreben.<\/p>\n<p>K\u00f6rpertherapeutische \u00dcbungen vermitteln praktische Erfahrungen und Einsicht in Themen wie K\u00f6rperwahrnehmung, K\u00f6rper & Emotionen, Kommunikation, Konflikterleben, Scham, pers\u00f6nliche Grenzen und ihre \u00dcberschreitung neben anderen.<\/p>\n<p>In Gespr\u00e4chen in der Gruppe werden die Erfahrungen aus der K\u00f6rperarbeit reflektiert und Teilnehmer* k\u00f6nnen eigene Anliegen und Erlebnisse besprechen. In kurzen Impulsvortr\u00e4gen werden Aspekte schwuler Sexualit\u00e4t und Sexkultur sowie zwischenmenschliche und intime Beziehungen thematisiert.<\/p>\n<p><strong>Da wir Vertrauen zueinander aufbauen werden, ist ein Einstieg nach dem ersten Wochenende nicht mehr m\u00f6glich. Die Wochenenden bauen aufeinander auf. Wir bitten dich, zu den Terminen n\u00fcchtern zu sein<\/strong><\/p>\n<p><strong>WE1<\/strong>: 18.-19. Januar 2025<br \/>\n<strong>WE2<\/strong>: 22.-23. Februar 2025<br \/>\n<strong>WE3<\/strong>: 15.-16. M\u00e4rz 2025<\/p>\n\n\t\t<\/div>\n\t<\/div>\n<div class=\"vc_separator wpb_content_element vc_separator_align_center vc_sep_width_100 vc_sep_pos_align_center vc_separator_no_text vc_sep_color_grey wpb_content_element  wpb_content_element\" ><span class=\"vc_sep_holder vc_sep_holder_l\"><span class=\"vc_sep_line\"><\/span><\/span><span class=\"vc_sep_holder vc_sep_holder_r\"><span class=\"vc_sep_line\"><\/span><\/span>\n<\/div>\n\t<div class=\"wpb_text_column wpb_content_element\" >\n\t\t<div class=\"wpb_wrapper\">\n\t\t\t<p><img loading=\"lazy\" decoding=\"async\" class=\"size-full wp-image-9837 alignleft\" src=\"https:\/\/wearevillage.org\/wp-content\/uploads\/2023\/11\/wav-team-Jan-Henry-Grosser.jpg\" alt=\"\" width=\"160\" height=\"1000\" \/><strong><span style=\"vertical-align: inherit;\"><span style=\"vertical-align: inherit;\">Jan Gro\u00dfer<\/span><\/span><\/strong><span style=\"vertical-align: inherit;\"><span style=\"vertical-align: inherit;\"> ist FA f\u00fcr Psychiatrie und Psychotherapie mit T\u00e4tigkeiten in der Sexualtherapie, Suchtpsychiatrie und Psychotherapie. Er ist seit mehreren Jahren ehrenamtlich in der psychologischen Beratung bei der Schwulenberatung Berlin t\u00e4tig. Sein Ziel ist die F\u00f6rderung von k\u00f6rperlicher und mentaler Gesundheit durch Psychoedukation, lebensnahe Interventionstechniken und Konfliktl\u00f6sungsstrategien im Umgang mit Erkrankung, Sexualit\u00e4t, Substanzkonsum, Scham und Stigmatisierungserfahrungen. Er ist mit all diesen Themen sowohl als Arzt und Therapeut vertraut als auch als schwuler Mann mit HIV direkt betroffen.<\/span><\/span><\/p>\n\n\t\t<\/div>\n\t<\/div>\n\n\t<div class=\"wpb_text_column wpb_content_element\" >\n\t\t<div class=\"wpb_wrapper\">\n\t\t\t<p><img loading=\"lazy\" decoding=\"async\" class=\"wp-image-43 alignleft\" src=\"https:\/\/wearevillage.org\/wp-content\/uploads\/2022\/08\/team-kai-erhardt.jpg\" alt=\"\" width=\"160\" height=\"177\" srcset=\"https:\/\/wearevillage.org\/wp-content\/uploads\/2022\/08\/team-kai-erhardt.jpg 700w, https:\/\/wearevillage.org\/wp-content\/uploads\/2022\/08\/team-kai-erhardt-390x431.jpg 390w, https:\/\/wearevillage.org\/wp-content\/uploads\/2022\/08\/team-kai-erhardt-600x663.jpg 600w, https:\/\/wearevillage.org\/wp-content\/uploads\/2022\/08\/team-kai-erhardt-271x300.jpg 271w, https:\/\/wearevillage.org\/wp-content\/uploads\/2022\/08\/team-kai-erhardt-624x690.jpg 624w\" sizes=\"auto, (max-width: 160px) 100vw, 160px\" \/> <strong>Kai Ehrhardt<\/strong> gr\u00fcndete 2016 Village.Berlin (heute: we are village) und 2012 die Somatische Akademie Berlin, wo er administrativ in der Gesch\u00e4ftsf\u00fchrung t\u00e4tig ist, Veranstaltungen und Aus- sowie Fortbildungen entwickelt, und die STRETCH und BODY IQ Festivals kuratiert und durchf\u00fchrt. Als somatischer P\u00e4dagoge unterrichtet er den Erfahrbarer Atem nach Prof. Middendorf und Continuum und besitzt die Zulassung zum Heilpraktiker Psychotherapie. Im Jahr 2002 gr\u00fcndete er Authentic Eros \u2013 ein Angebot f\u00fcr schwule, bi und trans Gruppenprozesse rund um Intimit\u00e4t und Ber\u00fchrung, Kommunikation und pers\u00f6nliche Entwicklung.<\/p>\n\n\t\t<\/div>\n\t<\/div>\n<div class=\"vc_separator wpb_content_element vc_separator_align_center vc_sep_width_100 vc_sep_pos_align_center vc_separator_no_text vc_sep_color_grey wpb_content_element  wpb_content_element\" ><span class=\"vc_sep_holder vc_sep_holder_l\"><span class=\"vc_sep_line\"><\/span><\/span><span class=\"vc_sep_holder vc_sep_holder_r\"><span class=\"vc_sep_line\"><\/span><\/span>\n<\/div>\n\t<div class=\"wpb_text_column wpb_content_element\" >\n\t\t<div class=\"wpb_wrapper\">\n\t\t\t<p><strong>Hinweise<br \/>\n<\/strong>\u2022 Diese Gruppe besteht aus maximal 20 Teilnehmern*, die sich im Voraus anmelden m\u00fcssen.<br \/>\n\u2022 Dieses Programm ist speziell f\u00fcr schwule, bi & trans M\u00e4nner* konzipiert.<br \/>\n\u2022 Die Teilnahme an dieser zu 90% gef\u00f6rderten, 6-t\u00e4gigen Workshopserie (\u00fcber drei Wochenenden) kostet 90 \u20ac.<br \/>\n\u2022 Du musst dich f\u00fcr die 3 Wochenenden verpflichten.<br \/>\n\u2022\u00a0Diese Workshop-Reihe wird in englischer Sprache abgehalten, um Menschen, die nicht flie\u00dfend Deutsch sprechen, den Zugang zum Programm zu bieten. Die n\u00e4chste deutschsprachige Reihe beginnt im Jahr 2025.<br \/>\n\u2022 Dieser Workshop ist eine Zusammenarbeit von we are village | queer matters & der Berliner Aidshilfe<\/p>\n<p><strong>Mit freundlicher Unterst\u00fctzung von<\/strong><\/p>\n<div class=\"x11i5rnm xat24cr x1mh8g0r x1vvkbs xtlvy1s\">\n<div class=\"x11i5rnm xat24cr x1mh8g0r x1vvkbs xtlvy1s\">\n<div class=\"x11i5rnm xat24cr x1mh8g0r x1vvkbs xtlvy1s\">\n<p><img loading=\"lazy\" decoding=\"async\" class=\"alignnone size-full wp-image-12045\" src=\"https:\/\/wearevillage.org\/wp-content\/uploads\/2023\/10\/Screenshot-2023-12-13-at-12.58.48.png\" alt=\"\" width=\"260\" height=\"43\" srcset=\"https:\/\/wearevillage.org\/wp-content\/uploads\/2023\/10\/Screenshot-2023-12-13-at-12.58.48.png 260w, https:\/\/wearevillage.org\/wp-content\/uploads\/2023\/10\/Screenshot-2023-12-13-at-12.58.48-150x25.png 150w\" sizes=\"auto, (max-width: 260px) 100vw, 260px\" \/><\/p>\n<\/div>\n<\/div>\n<\/div>\n\n\t\t<\/div>\n\t<\/div>\n<\/div><\/div><\/div><\/div><div class=\"vc_row wpb_row vc_row-fluid\"><div class=\"wpb_column vc_column_container vc_col-sm-12\"><div class=\"vc_column-inner\"><div class=\"wpb_wrapper\">\n\t<div class=\"wpb_text_column wpb_content_element\" >\n\t\t<div class=\"wpb_wrapper\">\n\t\t\t\n\t\t<\/div>\n\t<\/div>\n<\/div><\/div><\/div><\/div>\n<\/div>","protected":false},"excerpt":{"rendered":"<h5>Serie von 3 Wochenenden<br \/>\n10:00 \u2013 17:30<\/h5>\n<p><strong>Wissenswertes & praktische F\u00e4higkeiten f\u00fcr schwule, bi und Trans M\u00e4nner*<br \/>\n<\/strong>mit Jan Gro\u00dfer & Kai Ehrhardt<\/p>\n<p><strong>| <span style=\"color: #ec6c23;\">GBTQ men*<\/span>\u00a0|<\/strong><\/p>\n<p>Diese Workshopreihe (\u00fcber 3 Wochenenden) richtet sich an schwule, bi und Trans M\u00e4nner*, die Chemsex praktizieren und Abstinenz oder eine gr\u00f6\u00dfere Kontrolle \u00fcber ihren Substanzkonsum und ihre sexuelle Praxis anstreben.<\/p>\n<p>\u2022 Die Anzahl der Teilnehmenden ist auf 20 Personen begrenzt.<br \/>\n\u2022 Vorherige Anmeldung erforderlich.<\/p>\n","protected":false},"author":14,"featured_media":17695,"template":"","meta":{"pmpro_default_level":"","inline_featured_image":false},"product_brand":[],"product_cat":[785,80,83],"product_tag":[256],"class_list":{"0":"post-17688","1":"product","2":"type-product","3":"status-publish","4":"has-post-thumbnail","6":"product_cat-authentic-eros-events-qbtq-men","7":"product_cat-queer-matters","8":"product_cat-workshops","9":"product_tag-gbtq-men","10":"pmpro-has-access","12":"first","13":"instock","14":"product-type-simple"},"wpml_current_locale":"de_DE","wpml_translations":{"en_US":{"locale":"en_US","id":17689,"slug":"steps-toward-intimacy-connection-tools-practical-skills-for-the-journey-after-chemsex-copy","post_title":"Ways out of Chemsex | Steps toward intimacy & connection","href":"https:\/\/wearevillage.org\/en\/shop\/ways-out-of-chemsex\/w50-2024"}},"language":{"code":"de","locale":"","name":"","is_rtl":false},"_links":{"self":[{"href":"https:\/\/wearevillage.org\/wp-json\/wp\/v2\/product\/17688","targetHints":{"allow":["GET"]}}],"collection":[{"href":"https:\/\/wearevillage.org\/wp-json\/wp\/v2\/product"}],"about":[{"href":"https:\/\/wearevillage.org\/wp-json\/wp\/v2\/types\/product"}],"author":[{"embeddable":true,"href":"https:\/\/wearevillage.org\/wp-json\/wp\/v2\/users\/14"}],"wp:featuredmedia":[{"embeddable":true,"href":"https:\/\/wearevillage.org\/wp-json\/wp\/v2\/media\/17695"}],"wp:attachment":[{"href":"https:\/\/wearevillage.org\/wp-json\/wp\/v2\/media?parent=17688"}],"wp:term":[{"taxonomy":"product_brand","embeddable":true,"href":"https:\/\/wearevillage.org\/wp-json\/wp\/v2\/product_brand?post=17688"},{"taxonomy":"product_cat","embeddable":true,"href":"https:\/\/wearevillage.org\/wp-json\/wp\/v2\/product_cat?post=17688"},{"taxonomy":"product_tag","embeddable":true,"href":"https:\/\/wearevillage.org\/wp-json\/wp\/v2\/product_tag?post=17688"}],"curies":[{"name":"wp","href":"https:\/\/api.w.org\/{rel}","templated":true}]}}