{"id":17926,"date":"2024-10-04T11:39:55","date_gmt":"2024-10-04T09:39:55","guid":{"rendered":"https:\/\/wearevillage.org\/?post_type=product&#038;p=17926"},"modified":"2024-10-07T17:12:01","modified_gmt":"2024-10-07T15:12:01","slug":"opening-a-brothers-touch","status":"publish","type":"product","link":"https:\/\/wearevillage.org\/shop\/jaspers-j-maurer-a-brothers-touch\/w42-2024\/","title":{"rendered":"Opening \u201eA Brother\u2019s Touch\u201c"},"content":{"rendered":"<div class=\"wpb-content-wrapper\"><div class=\"vc_row wpb_row vc_row-fluid\"><div class=\"wpb_column vc_column_container vc_col-sm-10\"><div class=\"vc_column-inner\"><div class=\"wpb_wrapper\"><\/div><\/div><\/div><div class=\"wpb_column vc_column_container vc_col-sm-2\"><div class=\"vc_column-inner\"><div class=\"wpb_wrapper\"><\/div><\/div><\/div><\/div><div class=\"vc_row wpb_row vc_row-fluid\"><div class=\"wpb_column vc_column_container vc_col-sm-12\"><div class=\"vc_column-inner\"><div class=\"wpb_wrapper\"><h4 style=\"text-align: left\" class=\"vc_custom_heading vc_do_custom_heading\" >Opening \"A Brothers Touch\"<\/h4><h5 style=\"text-align: left\" class=\"vc_custom_heading vc_do_custom_heading\" >Exhibition and Book Launch by Jasper J. Maurer<\/h5>\n\t<div class=\"wpb_text_column wpb_content_element\" >\n\t\t<div class=\"wpb_wrapper\">\n\t\t\t\n\t\t<\/div>\n\t<\/div>\n\n\t<div class=\"wpb_text_column wpb_content_element\" >\n\t\t<div class=\"wpb_wrapper\">\n\t\t\t<p>Das Instinct Residency Programme pr\u00e4sentiert Arbeiten von Jasper J. Maurer aus dem Projekt \u201eA Brother\u2019s Touch\u201c. Diese Arbeiten entstanden im Rahmen einer Residency im Village Berlin. In einer rauen Mischung aus Nostalgie und zeitgen\u00f6ssischer Sinnlichkeit l\u00e4dt diese Sammlung von Schwarz-Wei\u00df-Fotografien dazu ein, die intimen \u00dcberschneidungen von trans_sexuellem Begehren, M\u00e4nnlichkeit und K\u00f6rper zu erkunden. Inspiriert von der \u00c4sthetik von Tom of Finland, aber mit einer modernen Perspektive versehen, feiern die Bilder trans- und nicht-bin\u00e4re K\u00f6rper und \u00fcberschreiten traditionelle Grenzen, um eine visuelle Erz\u00e4hlung zu schaffen, die sinnlich, zeitlos und provokativ ist.<\/p>\n\n\t\t<\/div>\n\t<\/div>\n<div class=\"vc_separator wpb_content_element vc_separator_align_center vc_sep_width_100 vc_sep_pos_align_center vc_separator_no_text vc_sep_color_grey wpb_content_element  wpb_content_element\" ><span class=\"vc_sep_holder vc_sep_holder_l\"><span class=\"vc_sep_line\"><\/span><\/span><span class=\"vc_sep_holder vc_sep_holder_r\"><span class=\"vc_sep_line\"><\/span><\/span>\n<\/div>\n\t<div class=\"wpb_text_column wpb_content_element\" >\n\t\t<div class=\"wpb_wrapper\">\n\t\t\t<p><img loading=\"lazy\" decoding=\"async\" class=\"wp-image-14381 alignleft\" src=\"https:\/\/wearevillage.org\/wp-content\/uploads\/2024\/05\/wav-team-Jasper-J.-Maurer.png\" alt=\"\" width=\"160\" height=\"178\" srcset=\"https:\/\/wearevillage.org\/wp-content\/uploads\/2024\/05\/wav-team-Jasper-J.-Maurer.png 900w, https:\/\/wearevillage.org\/wp-content\/uploads\/2024\/05\/wav-team-Jasper-J.-Maurer-270x300.png 270w, https:\/\/wearevillage.org\/wp-content\/uploads\/2024\/05\/wav-team-Jasper-J.-Maurer-135x150.png 135w, https:\/\/wearevillage.org\/wp-content\/uploads\/2024\/05\/wav-team-Jasper-J.-Maurer-768x853.png 768w, https:\/\/wearevillage.org\/wp-content\/uploads\/2024\/05\/wav-team-Jasper-J.-Maurer-624x693.png 624w, https:\/\/wearevillage.org\/wp-content\/uploads\/2024\/05\/wav-team-Jasper-J.-Maurer-390x433.png 390w, https:\/\/wearevillage.org\/wp-content\/uploads\/2024\/05\/wav-team-Jasper-J.-Maurer-600x667.png 600w\" sizes=\"auto, (max-width: 160px) 100vw, 160px\" \/><strong>Jasper J. Maurer<\/strong> ist ein (analoger) Portr\u00e4tfotograf. Seine k\u00fcnstlerische Praxis besteht in der fotografischen Dokumentation der queeren Communities, in denen er sich bewegt. Seine Arbeit konzentriert sich auf Fragen von Trans_sexualit\u00e4ten, Begehren und Zugeh\u00f6rigkeit. Sie bewegt sich im Bereich des queeren Nacht- und Alltagslebens und der erotischen Kunst. Jasper ist Mitbegr\u00fcnder und Teil des Kollektivs Queer Analog Darkroom. Er lebt und arbeitet in Berlin.<\/p>\n\n\t\t<\/div>\n\t<\/div>\n<div class=\"vc_separator wpb_content_element vc_separator_align_center vc_sep_width_100 vc_sep_pos_align_center vc_separator_no_text vc_sep_color_grey wpb_content_element  wpb_content_element\" ><span class=\"vc_sep_holder vc_sep_holder_l\"><span class=\"vc_sep_line\"><\/span><\/span><span class=\"vc_sep_holder vc_sep_holder_r\"><span class=\"vc_sep_line\"><\/span><\/span>\n<\/div>\n\t<div class=\"wpb_text_column wpb_content_element\" >\n\t\t<div class=\"wpb_wrapper\">\n\t\t\t<p><strong>instinct residency program<\/strong> ist in der kreativen internationalen Kunstszene Berlins angesiedelt. Die Residenz erm\u00f6glicht es den TeilnehmerInnen, sich mit der queeren Community des Dorfes Berlin und der breiteren Berliner Community auseinanderzusetzen. Das breite Spektrum an Aktivit\u00e4ten und Veranstaltungen im Raum erm\u00f6glicht es den Residenten, in das kreative und queere Leben Berlins einzutauchen. Zus\u00e4tzliche Verbindungen zum kreativen Netzwerk au\u00dferhalb des Village werden sichergestellt, wobei die Residenz als Br\u00fccke zwischen dem einzelnen K\u00fcnstler und der kreativen Welt Berlins fungiert. Das instinct-Residenzprogramm steht K\u00fcnstlern, Akademikern, Kuratoren, Lehrern, Aktivisten, Heilern und allen Arten von kreativen queeren Menschen aus aller Welt offen.<\/p>\n\n\t\t<\/div>\n\t<\/div>\n<\/div><\/div><\/div><\/div>\n<\/div>","protected":false},"excerpt":{"rendered":"<p><strong>Donnerstag<\/strong><br \/>\n<strong>18:00 \u2013 22:30<\/strong><\/p>\n<p><strong>Ausstellung und Buchvorstellung von Jasper J. Maurer<\/strong><\/p>\n<p class=\"p1\"><strong>| <span style=\"color: #ec6c23;\">LGBTQAI+ <\/span>|<\/strong><\/p>\n<p>Ausstellung 17.-28. Oktober<\/p>\n<p><strong><a href=\"https:\/\/www.instinct.berlin\/\" target=\"_blank\" rel=\"noopener\">www.instinct.berlin<\/a><\/strong><\/p>\n","protected":false},"author":12,"featured_media":17929,"template":"","meta":{"pmpro_default_level":"","inline_featured_image":false},"product_brand":[],"product_cat":[76,769],"product_tag":[469],"class_list":{"0":"post-17926","1":"product","2":"type-product","3":"status-publish","4":"has-post-thumbnail","6":"product_cat-ausstellung","7":"product_cat-kostenloser-zugang","8":"product_tag-lgbtqiaplus","9":"pmpro-has-access","11":"first","12":"outofstock","13":"purchasable","14":"product-type-variable"},"wpml_current_locale":"de_DE","wpml_translations":{"en_US":{"locale":"en_US","id":17927,"slug":"instinct-16-vernissage-kopie","post_title":"Opening \u201eA Brother's Touch\u201c","href":"https:\/\/wearevillage.org\/en\/shop\/jaspers-j-maurer-a-brothers-touch\/w42-2024"}},"language":{"code":"de","locale":"","name":"","is_rtl":false},"_links":{"self":[{"href":"https:\/\/wearevillage.org\/wp-json\/wp\/v2\/product\/17926","targetHints":{"allow":["GET"]}}],"collection":[{"href":"https:\/\/wearevillage.org\/wp-json\/wp\/v2\/product"}],"about":[{"href":"https:\/\/wearevillage.org\/wp-json\/wp\/v2\/types\/product"}],"author":[{"embeddable":true,"href":"https:\/\/wearevillage.org\/wp-json\/wp\/v2\/users\/12"}],"wp:featuredmedia":[{"embeddable":true,"href":"https:\/\/wearevillage.org\/wp-json\/wp\/v2\/media\/17929"}],"wp:attachment":[{"href":"https:\/\/wearevillage.org\/wp-json\/wp\/v2\/media?parent=17926"}],"wp:term":[{"taxonomy":"product_brand","embeddable":true,"href":"https:\/\/wearevillage.org\/wp-json\/wp\/v2\/product_brand?post=17926"},{"taxonomy":"product_cat","embeddable":true,"href":"https:\/\/wearevillage.org\/wp-json\/wp\/v2\/product_cat?post=17926"},{"taxonomy":"product_tag","embeddable":true,"href":"https:\/\/wearevillage.org\/wp-json\/wp\/v2\/product_tag?post=17926"}],"curies":[{"name":"wp","href":"https:\/\/api.w.org\/{rel}","templated":true}]}}