{"id":18019,"date":"2024-10-08T11:34:02","date_gmt":"2024-10-08T09:34:02","guid":{"rendered":"https:\/\/wearevillage.org\/?post_type=product&#038;p=18019"},"modified":"2024-10-30T16:49:23","modified_gmt":"2024-10-30T15:49:23","slug":"sprachcafe-queer-bridges-2","status":"publish","type":"product","link":"https:\/\/wearevillage.org\/shop\/queer-bridges-language-cafe\/w46-2024\/","title":{"rendered":"Sprachcaf\u00e9 \u2013 Queer Bridges"},"content":{"rendered":"<div class=\"wpb-content-wrapper\"><div class=\"vc_row wpb_row vc_row-fluid\"><div class=\"wpb_column vc_column_container vc_col-sm-12\"><div class=\"vc_column-inner\"><div class=\"wpb_wrapper\"><h4 style=\"text-align: left\" class=\"vc_custom_heading vc_do_custom_heading\" >Queer Bridges Sprachcaf\u00e9<\/h4><h5 style=\"text-align: left\" class=\"vc_custom_heading vc_do_custom_heading\" >mit Pari Ludin<\/h5>\n\t<div class=\"wpb_text_column wpb_content_element\" >\n\t\t<div class=\"wpb_wrapper\">\n\t\t\t<p>Kommt zu unserem Sprachcaf\u00e9, wo ihr euch mit anderen austauschen und an lebhaften Gespr\u00e4chen teilnehmen k\u00f6nnt. Es ist eine gro\u00dfartige Gelegenheit, eure Sprech- und H\u00f6rf\u00e4higkeiten zu verbessern und neue W\u00f6rter zu lernen, w\u00e4hrend ihr in lockerer Umgebung neue Bekanntschaften kn\u00fcpft. Egal, wie gut ihr die Sprache k\u00f6nnt, alle sind eingeladen mitzumachen und zusammen zu lernen. Kommt wegen der Gespr\u00e4che, bleibt wegen der Gemeinschaft!<br \/>\n<strong>Welche Sprachen sind vertreten?<\/strong><br \/>\nWir werden Tische f\u00fcr Englisch und Deutsch haben. Dar\u00fcber hinaus liegt es an euch! Wir hoffen, bald viele verschiedene Sprachen anbieten zu k\u00f6nnen und freuen uns darauf, dieses Caf\u00e9 mit eurer Hilfe wachsen zu sehen.<br \/>\n<strong>Was, wenn ich mir in meinen Sprachkenntnissen nicht sicher bin?<\/strong><br \/>\nUnser Sprachcaf\u00e9 ist f\u00fcr alle offen, egal, wie gut ihr die Sprache k\u00f6nnt. Von Anf\u00e4nger*innen bis zu Muttersprachler*innen \u2013 wir sorgen daf\u00fcr, dass es f\u00fcr alle eine lockere und sichere Umgebung ist.<\/p>\n\n\t\t<\/div>\n\t<\/div>\n<div class=\"vc_separator wpb_content_element vc_separator_align_center vc_sep_width_100 vc_sep_pos_align_center vc_separator_no_text vc_sep_color_grey wpb_content_element  wpb_content_element\" ><span class=\"vc_sep_holder vc_sep_holder_l\"><span class=\"vc_sep_line\"><\/span><\/span><span class=\"vc_sep_holder vc_sep_holder_r\"><span class=\"vc_sep_line\"><\/span><\/span>\n<\/div>\n\t<div class=\"wpb_text_column wpb_content_element\" >\n\t\t<div class=\"wpb_wrapper\">\n\t\t\t<p><img loading=\"lazy\" decoding=\"async\" class=\"wp-image-15142 alignleft\" src=\"https:\/\/wearevillage.org\/wp-content\/uploads\/2024\/06\/wav-team-Pari-Ludin-270x300.png\" alt=\"\" width=\"160\" height=\"178\" srcset=\"https:\/\/wearevillage.org\/wp-content\/uploads\/2024\/06\/wav-team-Pari-Ludin-270x300.png 270w, https:\/\/wearevillage.org\/wp-content\/uploads\/2024\/06\/wav-team-Pari-Ludin-135x150.png 135w, https:\/\/wearevillage.org\/wp-content\/uploads\/2024\/06\/wav-team-Pari-Ludin-768x853.png 768w, https:\/\/wearevillage.org\/wp-content\/uploads\/2024\/06\/wav-team-Pari-Ludin-624x693.png 624w, https:\/\/wearevillage.org\/wp-content\/uploads\/2024\/06\/wav-team-Pari-Ludin-390x433.png 390w, https:\/\/wearevillage.org\/wp-content\/uploads\/2024\/06\/wav-team-Pari-Ludin-600x667.png 600w, https:\/\/wearevillage.org\/wp-content\/uploads\/2024\/06\/wav-team-Pari-Ludin.png 900w\" sizes=\"auto, (max-width: 160px) 100vw, 160px\" \/><strong>Pari Ludin<\/strong> ist in Deutschland geboren und in Kanada aufgewachsen und engagiert sich leidenschaftlich f\u00fcr soziale Projekte. Mit afghanischen Wurzeln und einem tiefen Verst\u00e4ndnis f\u00fcr kulturelle Vielfalt, widmet sie sich insbesondere der Unterst\u00fctzung queerer Gefl\u00fcchteter und Menschen mit Migrationserfahrung.\u00a0Ihre Arbeit zeichnet sich durch Empathie und ein starkes soziales Engagement aus, mit dem Ziel, Barrieren abzubauen, Inklusion zu f\u00f6rdern und sowohl lokal als auch dar\u00fcber hinaus sichere und einladende R\u00e4ume zu schaffen.\u00a0Ihr Studium im Musik- und Kunstmanagement hat ihre F\u00e4higkeiten weiter gest\u00e4rkt, kreative L\u00f6sungen f\u00fcr gesellschaftliche Herausforderungen zu finden.<\/p>\n\n\t\t<\/div>\n\t<\/div>\n<div class=\"vc_separator wpb_content_element vc_separator_align_center vc_sep_width_100 vc_sep_pos_align_center vc_separator_no_text vc_sep_color_grey wpb_content_element  wpb_content_element\" ><span class=\"vc_sep_holder vc_sep_holder_l\"><span class=\"vc_sep_line\"><\/span><\/span><span class=\"vc_sep_holder vc_sep_holder_r\"><span class=\"vc_sep_line\"><\/span><\/span>\n<\/div>\n\t<div class=\"wpb_text_column wpb_content_element\" >\n\t\t<div class=\"wpb_wrapper\">\n\t\t\t<p><strong>Queer Bridges: Verbindungen schaffen und Ressourcen f\u00fcr LGBTQIA+ Menschen mit Migrationserfahrung bereitstellen.<\/strong><\/p>\n<p>Queere Menschen mit Migrationshintergrund in Berlin sehen sich in ihrem t\u00e4glichen Leben oft mit besonderen Herausforderungen konfrontiert, die ihren Zugang zu unterst\u00fctzenden Gemeinschaften und integrativen Umgebungen einschr\u00e4nken k\u00f6nnen.<\/p>\n<p><img loading=\"lazy\" decoding=\"async\" class=\"wp-image-15170 alignleft\" src=\"https:\/\/wearevillage.org\/wp-content\/uploads\/2024\/06\/stiftung-300x121.png\" alt=\"\" width=\"216\" height=\"87\" srcset=\"https:\/\/wearevillage.org\/wp-content\/uploads\/2024\/06\/stiftung-300x121.png 300w, https:\/\/wearevillage.org\/wp-content\/uploads\/2024\/06\/stiftung-1024x414.png 1024w, https:\/\/wearevillage.org\/wp-content\/uploads\/2024\/06\/stiftung-150x61.png 150w, https:\/\/wearevillage.org\/wp-content\/uploads\/2024\/06\/stiftung-768x310.png 768w, https:\/\/wearevillage.org\/wp-content\/uploads\/2024\/06\/stiftung-1536x620.png 1536w, https:\/\/wearevillage.org\/wp-content\/uploads\/2024\/06\/stiftung-2048x827.png 2048w, https:\/\/wearevillage.org\/wp-content\/uploads\/2024\/06\/stiftung-624x252.png 624w, https:\/\/wearevillage.org\/wp-content\/uploads\/2024\/06\/stiftung-390x158.png 390w, https:\/\/wearevillage.org\/wp-content\/uploads\/2024\/06\/stiftung-600x242.png 600w\" sizes=\"auto, (max-width: 216px) 100vw, 216px\" \/>Mit Unterst\u00fctzung der <strong>Deutschen Fernsehlotterie Stiftung<\/strong>, haben wir das Programm Queer Bridges entwickelt, um diese H\u00fcrden zu \u00fcberwinden. Wir bieten Ressourcen, Vernetzung und Unterst\u00fctzung in einem einladenden Umfeld f\u00fcr queere Migrant*innen und Gefl\u00fcchtete durch unser spezielles Programm. Unser Ziel ist es, ein Gef\u00fchl der Zugeh\u00f6rigkeit zur lokalen LGBTQIA+ Community zu f\u00f6rdern und damit eine reibungslose Integration sowie eine verbesserte Lebensqualit\u00e4t f\u00fcr queere Menschen mit Migrationshintergrund zu erm\u00f6glichen.<\/p>\n<p>Unser Queer Bridges Programm wird sich stetig weiter entwickeln und wir freuen uns auch jederzeit von Euren Bedarfen zu h\u00f6ren. Bei Interesse k\u00f6nnt ihr uns eine E-Mail schicken, um \u00fcber weitere Aktualisierungen informiert zu bleiben.<\/p>\n\n\t\t<\/div>\n\t<\/div>\n<div class=\"vc_separator wpb_content_element vc_separator_align_center vc_sep_width_100 vc_sep_pos_align_center vc_separator_no_text vc_sep_color_grey wpb_content_element  wpb_content_element\" ><span class=\"vc_sep_holder vc_sep_holder_l\"><span class=\"vc_sep_line\"><\/span><\/span><span class=\"vc_sep_holder vc_sep_holder_r\"><span class=\"vc_sep_line\"><\/span><\/span>\n<\/div>\n\t<div class=\"wpb_text_column wpb_content_element\" >\n\t\t<div class=\"wpb_wrapper\">\n\t\t\t<p><strong><u>Hinweise<\/u><\/strong><br \/>\n<strong>Sprache<\/strong>: Dieses Event wird auf Deutsch und Englisch sein.<br \/>\n<strong>Anmeldung<\/strong>: Eine Anmeldung ist erforderlich, damit wir wissen, wie viele Personen wir erwarten k\u00f6nnen und welche Sprachen du sprichst bzw. gerne \u00fcben m\u00f6chtest. Anmeldung unter Angabe deiner Sprache und der die du gern lernen m\u00f6chtest an <a href=\"mailto:events@wearevillage.org\"><strong>events@wearevillage.org<\/strong><\/a>. Wenn du dich jedoch nicht angemeldet hast, kannst du gerne vorbeikommen!<br \/>\n<strong>Kosten<\/strong>: Die Teilnahme ist kostenlos.<\/p>\n\n\t\t<\/div>\n\t<\/div>\n<\/div><\/div><\/div><\/div>\n<\/div>","protected":false},"excerpt":{"rendered":"<h5>Donnerstags (zweimal im Monat)<br \/>\nkostenfrei<br \/>\n18:30-20:30<\/h5>\n<p><strong> | <span style=\"color: #ec6c23;\"> LGBTQIA+ <\/span> |<\/strong><\/p>\n<p>Kommt zu unserem Sprachcaf\u00e9, wo ihr euch mit anderen austauschen und an lebhaften Gespr\u00e4chen teilnehmen k\u00f6nnt. Es ist eine gro\u00dfartige Gelegenheit, eure Sprech- und H\u00f6rf\u00e4higkeiten zu verbessern und neue W\u00f6rter zu lernen, w\u00e4hrend ihr in lockerer Umgebung neue Bekanntschaften kn\u00fcpft.<\/p>\n","protected":false},"author":12,"featured_media":15554,"template":"","meta":{"pmpro_default_level":"","inline_featured_image":false},"product_brand":[],"product_cat":[77,769,797],"product_tag":[469],"class_list":{"0":"post-18019","1":"product","2":"type-product","3":"status-publish","4":"has-post-thumbnail","6":"product_cat-community-events","7":"product_cat-kostenloser-zugang","8":"product_cat-queer-bridges-events-2","9":"product_tag-lgbtqiaplus","10":"pmpro-has-access","12":"first","13":"outofstock","14":"purchasable","15":"product-type-variable"},"wpml_current_locale":"de_DE","wpml_translations":{"en_US":{"locale":"en_US","id":18020,"slug":"language-cafe-queer-bridges-kopie-2","post_title":"Language Caf\u00e9 - Queer Bridges","href":"https:\/\/wearevillage.org\/en\/shop\/queer-bridges-language-cafe\/w46-2024"}},"language":{"code":"de","locale":"","name":"","is_rtl":false},"_links":{"self":[{"href":"https:\/\/wearevillage.org\/wp-json\/wp\/v2\/product\/18019","targetHints":{"allow":["GET"]}}],"collection":[{"href":"https:\/\/wearevillage.org\/wp-json\/wp\/v2\/product"}],"about":[{"href":"https:\/\/wearevillage.org\/wp-json\/wp\/v2\/types\/product"}],"author":[{"embeddable":true,"href":"https:\/\/wearevillage.org\/wp-json\/wp\/v2\/users\/12"}],"wp:featuredmedia":[{"embeddable":true,"href":"https:\/\/wearevillage.org\/wp-json\/wp\/v2\/media\/15554"}],"wp:attachment":[{"href":"https:\/\/wearevillage.org\/wp-json\/wp\/v2\/media?parent=18019"}],"wp:term":[{"taxonomy":"product_brand","embeddable":true,"href":"https:\/\/wearevillage.org\/wp-json\/wp\/v2\/product_brand?post=18019"},{"taxonomy":"product_cat","embeddable":true,"href":"https:\/\/wearevillage.org\/wp-json\/wp\/v2\/product_cat?post=18019"},{"taxonomy":"product_tag","embeddable":true,"href":"https:\/\/wearevillage.org\/wp-json\/wp\/v2\/product_tag?post=18019"}],"curies":[{"name":"wp","href":"https:\/\/api.w.org\/{rel}","templated":true}]}}