{"id":18025,"date":"2024-10-08T11:51:53","date_gmt":"2024-10-08T09:51:53","guid":{"rendered":"https:\/\/wearevillage.org\/?post_type=product&#038;p=18025"},"modified":"2024-10-16T09:54:56","modified_gmt":"2024-10-16T07:54:56","slug":"erfolg-in-vorstellungsgespraechen-queer-bridges","status":"publish","type":"product","link":"https:\/\/wearevillage.org\/shop\/queer-bridges-oram-job-interviews\/w44-2024\/","title":{"rendered":"Erfolg in Vorstellungsgespr\u00e4chen \u2013 Queer Bridges"},"content":{"rendered":"<div class=\"wpb-content-wrapper\"><div class=\"vc_row wpb_row vc_row-fluid\"><div class=\"wpb_column vc_column_container vc_col-sm-12\"><div class=\"vc_column-inner\"><div class=\"wpb_wrapper\"><h4 style=\"text-align: left\" class=\"vc_custom_heading vc_do_custom_heading\" >Erfolg in Vorstellungsgespr\u00e4chen - Queer Bridges<\/h4><h5 style=\"text-align: left\" class=\"vc_custom_heading vc_do_custom_heading\" >mit Josef Weber<\/h5>\n\t<div class=\"wpb_text_column wpb_content_element\" >\n\t\t<div class=\"wpb_wrapper\">\n\t\t\t<p>Nehmt am kostenlosen, praxisnahen Workshop von ORAM und Queer Bridges teil, in dem ihr lernt, wie ihr euer n\u00e4chstes Bewerbungsgespr\u00e4ch erfolgreich meistert, geleitet von Karrierecoach Josef Weber.<\/p>\n<p>Dieses Event bietet euch wertvolle Einblicke in die Vorbereitung auf Bewerbungsgespr\u00e4che und beinhaltet eine interaktive Session, in der ihr Interviewtechniken in einer unterst\u00fctzenden Umgebung \u00fcben k\u00f6nnt. Egal, ob ihr neu auf dem Arbeitsmarkt seid oder eure F\u00e4higkeiten verbessern m\u00f6chtet, dieser Workshop ist darauf ausgelegt, euch mit Selbstvertrauen an Bewerbungsgespr\u00e4che heranzuf\u00fchren.<\/p>\n<p>Das Event ist Teil des Economic Empowerment Programms von ORAM und des Queer Bridges Programms und bietet euch eine gro\u00dfartige Gelegenheit, andere queere Gefl\u00fcchtete und Migrant*innen kennenzulernen und mehr \u00fcber die Teams von ORAM und Queer Bridges zu erfahren. Bleibt nach dem Workshop noch etwas l\u00e4nger, um euch auszutauschen und andere aus der Community zu treffen!<\/p>\n\n\t\t<\/div>\n\t<\/div>\n<div class=\"vc_separator wpb_content_element vc_separator_align_center vc_sep_width_100 vc_sep_pos_align_center vc_separator_no_text vc_sep_color_grey wpb_content_element  wpb_content_element\" ><span class=\"vc_sep_holder vc_sep_holder_l\"><span class=\"vc_sep_line\"><\/span><\/span><span class=\"vc_sep_holder vc_sep_holder_r\"><span class=\"vc_sep_line\"><\/span><\/span>\n<\/div>\n\t<div class=\"wpb_text_column wpb_content_element\" >\n\t\t<div class=\"wpb_wrapper\">\n\t\t\t<p><strong><img loading=\"lazy\" decoding=\"async\" class=\"wp-image-18028 alignleft\" src=\"https:\/\/wearevillage.org\/wp-content\/uploads\/2024\/10\/Josef-Weber-ORAM.jpeg\" alt=\"\" width=\"160\" height=\"178\" srcset=\"https:\/\/wearevillage.org\/wp-content\/uploads\/2024\/10\/Josef-Weber-ORAM.jpeg 717w, https:\/\/wearevillage.org\/wp-content\/uploads\/2024\/10\/Josef-Weber-ORAM-270x300.jpeg 270w, https:\/\/wearevillage.org\/wp-content\/uploads\/2024\/10\/Josef-Weber-ORAM-135x150.jpeg 135w, https:\/\/wearevillage.org\/wp-content\/uploads\/2024\/10\/Josef-Weber-ORAM-624x694.jpeg 624w, https:\/\/wearevillage.org\/wp-content\/uploads\/2024\/10\/Josef-Weber-ORAM-390x434.jpeg 390w, https:\/\/wearevillage.org\/wp-content\/uploads\/2024\/10\/Josef-Weber-ORAM-600x667.jpeg 600w\" sizes=\"auto, (max-width: 160px) 100vw, 160px\" \/>Josef Weber<\/strong> arbeitet als Principal bei der Boston Consulting Group. Er ist ein aktiver Unterst\u00fctzer der LGBTIQ-Community, zum Beispiel als Co-Lead von Pride@BCG und als Mitglied von GiveOut. Er war auch ein wichtiger Akteur bei der Unterst\u00fctzung der beruflichen Entwicklung von Fl\u00fcchtlingen, indem er mit BCG zusammenarbeitete, um 50 Karriere-Mentoren f\u00fcr Fl\u00fcchtlinge \u00fcber einen Zeitraum von drei Jahren in Partnerschaft mit TENT Germany zu verpflichten.<\/p>\n\n\t\t<\/div>\n\t<\/div>\n<div class=\"vc_separator wpb_content_element vc_separator_align_center vc_sep_width_100 vc_sep_pos_align_center vc_separator_no_text vc_sep_color_grey wpb_content_element  wpb_content_element\" ><span class=\"vc_sep_holder vc_sep_holder_l\"><span class=\"vc_sep_line\"><\/span><\/span><span class=\"vc_sep_holder vc_sep_holder_r\"><span class=\"vc_sep_line\"><\/span><\/span>\n<\/div>\n\t<div class=\"wpb_text_column wpb_content_element\" >\n\t\t<div class=\"wpb_wrapper\">\n\t\t\t<p><strong>Queer Bridges: Verbindungen schaffen und Ressourcen f\u00fcr LGBTQIA+ Menschen mit Migrationserfahrung bereitstellen.<\/strong><\/p>\n<p>Queere Menschen mit Migrationshintergrund in Berlin sehen sich in ihrem t\u00e4glichen Leben oft mit besonderen Herausforderungen konfrontiert, die ihren Zugang zu unterst\u00fctzenden Gemeinschaften und integrativen Umgebungen einschr\u00e4nken k\u00f6nnen.<\/p>\n<p><img loading=\"lazy\" decoding=\"async\" class=\"wp-image-15170 alignleft\" src=\"https:\/\/wearevillage.org\/wp-content\/uploads\/2024\/06\/stiftung-300x121.png\" alt=\"\" width=\"216\" height=\"87\" srcset=\"https:\/\/wearevillage.org\/wp-content\/uploads\/2024\/06\/stiftung-300x121.png 300w, https:\/\/wearevillage.org\/wp-content\/uploads\/2024\/06\/stiftung-1024x414.png 1024w, https:\/\/wearevillage.org\/wp-content\/uploads\/2024\/06\/stiftung-150x61.png 150w, https:\/\/wearevillage.org\/wp-content\/uploads\/2024\/06\/stiftung-768x310.png 768w, https:\/\/wearevillage.org\/wp-content\/uploads\/2024\/06\/stiftung-1536x620.png 1536w, https:\/\/wearevillage.org\/wp-content\/uploads\/2024\/06\/stiftung-2048x827.png 2048w, https:\/\/wearevillage.org\/wp-content\/uploads\/2024\/06\/stiftung-624x252.png 624w, https:\/\/wearevillage.org\/wp-content\/uploads\/2024\/06\/stiftung-390x158.png 390w, https:\/\/wearevillage.org\/wp-content\/uploads\/2024\/06\/stiftung-600x242.png 600w\" sizes=\"auto, (max-width: 216px) 100vw, 216px\" \/>Mit Unterst\u00fctzung der <strong>Deutschen Fernsehlotterie Stiftung<\/strong>, haben wir das Programm Queer Bridges entwickelt, um diese H\u00fcrden zu \u00fcberwinden. Wir bieten Ressourcen, Vernetzung und Unterst\u00fctzung in einem einladenden Umfeld f\u00fcr queere Migrant*innen und Gefl\u00fcchtete durch unser spezielles Programm. Unser Ziel ist es, ein Gef\u00fchl der Zugeh\u00f6rigkeit zur lokalen LGBTQIA+ Community zu f\u00f6rdern und damit eine reibungslose Integration sowie eine verbesserte Lebensqualit\u00e4t f\u00fcr queere Menschen mit Migrationshintergrund zu erm\u00f6glichen.<\/p>\n<p>\u2705 Unser Queer Bridges Programm wird sich stetig weiter entwickeln und wir freuen uns auch jederzeit von Euren Bedarfen zu h\u00f6ren. Bei Interesse k\u00f6nnt ihr uns eine E-Mail schicken, um \u00fcber weitere Aktualisierungen informiert zu bleiben.<\/p>\n\n\t\t<\/div>\n\t<\/div>\n<div class=\"vc_separator wpb_content_element vc_separator_align_center vc_sep_width_100 vc_sep_pos_align_center vc_separator_no_text vc_sep_color_grey wpb_content_element  wpb_content_element\" ><span class=\"vc_sep_holder vc_sep_holder_l\"><span class=\"vc_sep_line\"><\/span><\/span><span class=\"vc_sep_holder vc_sep_holder_r\"><span class=\"vc_sep_line\"><\/span><\/span>\n<\/div>\n\t<div class=\"wpb_text_column wpb_content_element\" >\n\t\t<div class=\"wpb_wrapper\">\n\t\t\t<p><strong><u>Hinweise<\/u><\/strong><br \/>\n<strong>Sprache<\/strong>: Dieses Event wird auf Englisch sein.<br \/>\n<strong>Anmeldung<\/strong>: Aufgrund begrenzter Pl\u00e4tze f\u00fcr die Veranstaltung ist eine Anmeldung erforderlich. Bitte schreibt uns eine E-Mail an <a href=\"mailto:events@wearevillage.org\"><strong>events@wearevillage.org<\/strong><\/a>.<br \/>\n<strong>Teilnehmende<\/strong>: Dieser Workshop richtet sich an alle, die sich als LGBTQIA+ identifizieren und Migrations- und\/oder Fluchterfahrung erlebt haben. Wenn ihr diese Erfahrungen nicht teilt, aber dennoch an einer Teilnahme interessiert seid, meldet euch bitte zuerst bei uns, um zu kl\u00e4ren, ob ein Platz frei ist. Wir bitten alle Teilnehmenden, den Schwerpunkt des Programms zu respektieren und dazu beizutragen, einen offenen, respektvollen Raum zu schaffen.<br \/>\n<strong>Kosten<\/strong>: Die Teilnahme ist kostenlos.<\/p>\n\n\t\t<\/div>\n\t<\/div>\n<\/div><\/div><\/div><\/div>\n<\/div>","protected":false},"excerpt":{"rendered":"<h5>Dienstag<br \/>\nkostenfrei<br \/>\n14:00 \u2013 16:00<\/h5>\n<p><strong> | <span style=\"color: #ec6c23;\"> LGBTQIA+ <\/span> |<\/strong><\/p>\n<p>Nehmt am kostenlosen <a href=\"https:\/\/www.oramrefugee.org\/\">ORAM<\/a> und Queer Bridges Workshop mit Karrierecoach Josef Weber teil, in dem ihr praktische Interviewf\u00e4higkeiten erlernt und euch in einer unterst\u00fctzenden Umgebung mit anderen queeren Gefl\u00fcchteten und Migrant*innen vernetzt.<\/p>\n","protected":false},"author":12,"featured_media":18030,"template":"","meta":{"pmpro_default_level":"","inline_featured_image":false},"product_brand":[],"product_cat":[77,769],"product_tag":[469],"class_list":{"0":"post-18025","1":"product","2":"type-product","3":"status-publish","4":"has-post-thumbnail","6":"product_cat-community-events","7":"product_cat-kostenloser-zugang","8":"product_tag-lgbtqiaplus","9":"pmpro-has-access","11":"first","12":"outofstock","13":"purchasable","14":"product-type-variable"},"wpml_current_locale":"de_DE","wpml_translations":{"en_US":{"locale":"en_US","id":18026,"slug":"language-cafe-queer-bridges-kopie-4","post_title":"How to Succeed in Job Interviews - Queer Bridges","href":"https:\/\/wearevillage.org\/en\/shop\/queer-bridges-oram-job-interviews\/w44-2024"}},"language":{"code":"de","locale":"","name":"","is_rtl":false},"_links":{"self":[{"href":"https:\/\/wearevillage.org\/wp-json\/wp\/v2\/product\/18025","targetHints":{"allow":["GET"]}}],"collection":[{"href":"https:\/\/wearevillage.org\/wp-json\/wp\/v2\/product"}],"about":[{"href":"https:\/\/wearevillage.org\/wp-json\/wp\/v2\/types\/product"}],"author":[{"embeddable":true,"href":"https:\/\/wearevillage.org\/wp-json\/wp\/v2\/users\/12"}],"wp:featuredmedia":[{"embeddable":true,"href":"https:\/\/wearevillage.org\/wp-json\/wp\/v2\/media\/18030"}],"wp:attachment":[{"href":"https:\/\/wearevillage.org\/wp-json\/wp\/v2\/media?parent=18025"}],"wp:term":[{"taxonomy":"product_brand","embeddable":true,"href":"https:\/\/wearevillage.org\/wp-json\/wp\/v2\/product_brand?post=18025"},{"taxonomy":"product_cat","embeddable":true,"href":"https:\/\/wearevillage.org\/wp-json\/wp\/v2\/product_cat?post=18025"},{"taxonomy":"product_tag","embeddable":true,"href":"https:\/\/wearevillage.org\/wp-json\/wp\/v2\/product_tag?post=18025"}],"curies":[{"name":"wp","href":"https:\/\/api.w.org\/{rel}","templated":true}]}}