{"id":18032,"date":"2024-10-08T12:23:32","date_gmt":"2024-10-08T10:23:32","guid":{"rendered":"https:\/\/wearevillage.org\/?post_type=product&#038;p=18032"},"modified":"2024-11-08T14:07:41","modified_gmt":"2024-11-08T13:07:41","slug":"clay-healing-journey-queer-bridges-2","status":"publish","type":"product","link":"https:\/\/wearevillage.org\/shop\/queer-bridges-the-power-of-portrait\/w47-2024\/","title":{"rendered":"Die Kraft des Portr\u00e4ts \u2013 Queer Bridges"},"content":{"rendered":"<div class=\"wpb-content-wrapper\"><div class=\"vc_row wpb_row vc_row-fluid\"><div class=\"wpb_column vc_column_container vc_col-sm-12\"><div class=\"vc_column-inner\"><div class=\"wpb_wrapper\"><h4 style=\"text-align: left\" class=\"vc_custom_heading vc_do_custom_heading\" >Die Kraft des Portr\u00e4ts - Queer Bridges<\/h4><h5 style=\"text-align: left\" class=\"vc_custom_heading vc_do_custom_heading\" >mit Thuli Wolf<\/h5>\n\t<div class=\"wpb_text_column wpb_content_element\" >\n\t\t<div class=\"wpb_wrapper\">\n\t\t\t<p><strong>Die Kraft des Portr\u00e4ts<\/strong> ist ein Malworkshop, bei dem ihr euch mit eurem Selbstbild und dem Bild der anderen auseinandersetzt. Mit Hilfe einer einfachen und spielerischen Portr\u00e4tmethode werdet ihr die Gesichter der anderen Gruppenmitglieder skizzieren und schlie\u00dflich an eurem eigenen Selbstportr\u00e4t arbeiten.<br \/>\nLasst euch darauf ein, zu erkunden, wie ihr glaubt, von anderen wahrgenommen zu werden, und gewinnt neues Selbstvertrauen in euer Erscheinungsbild. Besonders f\u00fcr Menschen, die aufgrund ihres Aussehens Diskriminierung erfahren haben, kann das Selbstbild eine komplizierte Angelegenheit sein. Durch das Spiel mit Farben k\u00f6nnt ihr euch wieder mit eurem eigenen Spiegelbild verbinden und eure wahren Farben zeigen.<\/p>\n\n\t\t<\/div>\n\t<\/div>\n<div class=\"vc_separator wpb_content_element vc_separator_align_center vc_sep_width_100 vc_sep_pos_align_center vc_separator_no_text vc_sep_color_grey wpb_content_element  wpb_content_element\" ><span class=\"vc_sep_holder vc_sep_holder_l\"><span class=\"vc_sep_line\"><\/span><\/span><span class=\"vc_sep_holder vc_sep_holder_r\"><span class=\"vc_sep_line\"><\/span><\/span>\n<\/div>\n\t<div class=\"wpb_text_column wpb_content_element\" >\n\t\t<div class=\"wpb_wrapper\">\n\t\t\t<p><strong><img loading=\"lazy\" decoding=\"async\" class=\"wp-image-16699 alignleft\" src=\"https:\/\/wearevillage.org\/wp-content\/uploads\/2024\/09\/6945d49d-d8e3-4f23-bccb-a9ea1f4abbac-1-269x300.jpg\" alt=\"\" width=\"160\" height=\"178\" srcset=\"https:\/\/wearevillage.org\/wp-content\/uploads\/2024\/09\/6945d49d-d8e3-4f23-bccb-a9ea1f4abbac-1-269x300.jpg 269w, https:\/\/wearevillage.org\/wp-content\/uploads\/2024\/09\/6945d49d-d8e3-4f23-bccb-a9ea1f4abbac-1-135x150.jpg 135w, https:\/\/wearevillage.org\/wp-content\/uploads\/2024\/09\/6945d49d-d8e3-4f23-bccb-a9ea1f4abbac-1-390x434.jpg 390w, https:\/\/wearevillage.org\/wp-content\/uploads\/2024\/09\/6945d49d-d8e3-4f23-bccb-a9ea1f4abbac-1.jpg 449w\" sizes=\"auto, (max-width: 160px) 100vw, 160px\" \/>Thuli Wolf <\/strong>ist eine in Berlin ans\u00e4ssige Kunsttherapeutin, K\u00fcnstlerin, \u00c4rztin und Rednerin, die ihren Klienten hilft, ihr Unbewusstes durch authentischen kreativen Ausdruck zu entdecken. Ihr Angebot reicht von Einzel- und Gruppensitzungen bis hin zu Firmenveranstaltungen. In ihren Sitzungen schafft sie einen urteilsfreien Raum f\u00fcr sichere Selbstdarstellung, Erkundung und Transformation. Aus eigener Erfahrung glaubt Thuli fest an die heilende Kraft der Kunst, da sie einen spielerischen und gleichzeitig tiefgr\u00fcndigen Weg bietet, um mit den Herausforderungen des Lebens umzugehen. Ihr Ziel ist es, Menschen zu einem kreativeren und somit ges\u00fcnderen Leben zu verhelfen. <strong><a class=\"text-blue underline focus-visible\" contenteditable=\"plaintext-only\" href=\"http:\/\/www.thuliwolf.com\/\" target=\"_blank\" rel=\"noreferrer noopener\">www.thuliwolf.com<\/a><\/strong><\/p>\n\n\t\t<\/div>\n\t<\/div>\n<div class=\"vc_separator wpb_content_element vc_separator_align_center vc_sep_width_100 vc_sep_pos_align_center vc_separator_no_text vc_sep_color_grey wpb_content_element  wpb_content_element\" ><span class=\"vc_sep_holder vc_sep_holder_l\"><span class=\"vc_sep_line\"><\/span><\/span><span class=\"vc_sep_holder vc_sep_holder_r\"><span class=\"vc_sep_line\"><\/span><\/span>\n<\/div>\n\t<div class=\"wpb_text_column wpb_content_element\" >\n\t\t<div class=\"wpb_wrapper\">\n\t\t\t<p><strong>Queer Bridges: Verbindungen schaffen und Ressourcen f\u00fcr LGBTQIA+ Menschen mit Migrationserfahrung bereitstellen.<\/strong><\/p>\n<p>Queere Menschen mit Migrationserfahrung in Berlin sehen sich in ihrem t\u00e4glichen Leben oft mit besonderen Herausforderungen konfrontiert, die ihren Zugang zu unterst\u00fctzenden Gemeinschaften und integrativen Umgebungen einschr\u00e4nken k\u00f6nnen.<\/p>\n<p><img loading=\"lazy\" decoding=\"async\" class=\"wp-image-15170 alignleft\" src=\"https:\/\/wearevillage.org\/wp-content\/uploads\/2024\/06\/stiftung-300x121.png\" alt=\"\" width=\"216\" height=\"87\" srcset=\"https:\/\/wearevillage.org\/wp-content\/uploads\/2024\/06\/stiftung-300x121.png 300w, https:\/\/wearevillage.org\/wp-content\/uploads\/2024\/06\/stiftung-1024x414.png 1024w, https:\/\/wearevillage.org\/wp-content\/uploads\/2024\/06\/stiftung-150x61.png 150w, https:\/\/wearevillage.org\/wp-content\/uploads\/2024\/06\/stiftung-768x310.png 768w, https:\/\/wearevillage.org\/wp-content\/uploads\/2024\/06\/stiftung-1536x620.png 1536w, https:\/\/wearevillage.org\/wp-content\/uploads\/2024\/06\/stiftung-2048x827.png 2048w, https:\/\/wearevillage.org\/wp-content\/uploads\/2024\/06\/stiftung-624x252.png 624w, https:\/\/wearevillage.org\/wp-content\/uploads\/2024\/06\/stiftung-390x158.png 390w, https:\/\/wearevillage.org\/wp-content\/uploads\/2024\/06\/stiftung-600x242.png 600w\" sizes=\"auto, (max-width: 216px) 100vw, 216px\" \/>Mit Unterst\u00fctzung der<strong> Deutschen Fernsehlotterie Stiftung<\/strong>, haben wir das Programm Queer Bridges entwickelt, um diese H\u00fcrden zu \u00fcberwinden. Wir bieten Ressourcen, Vernetzung und Unterst\u00fctzung in einem einladenden Umfeld f\u00fcr queere Migrant*innen und Gefl\u00fcchtete durch unser spezielles Programm. Unser Ziel ist es, ein Gef\u00fchl der Zugeh\u00f6rigkeit zur lokalen LGBTQIA+ Community zu f\u00f6rdern und damit eine reibungslose Integration sowie eine verbesserte Lebensqualit\u00e4t f\u00fcr queere Menschen mit Migrations- und\/oder Fluchterfahrung zu erm\u00f6glichen.<\/p>\n<p><span style=\"vertical-align: inherit;\"><span style=\"vertical-align: inherit;\">\u2705 Unser <strong>Queer Bridges<\/strong> Programm wird sich stetig weiter entwickeln und wir freuen uns auch jederzeit von Euren Bedarfen zu h\u00f6ren. Bei Interesse k\u00f6nnt ihr uns eine E-Mail schicken, um \u00fcber weitere Aktualisierungen informiert zu bleiben.<\/span><\/span><\/p>\n\n\t\t<\/div>\n\t<\/div>\n<div class=\"vc_separator wpb_content_element vc_separator_align_center vc_sep_width_100 vc_sep_pos_align_center vc_separator_no_text vc_sep_color_grey wpb_content_element  wpb_content_element\" ><span class=\"vc_sep_holder vc_sep_holder_l\"><span class=\"vc_sep_line\"><\/span><\/span><span class=\"vc_sep_holder vc_sep_holder_r\"><span class=\"vc_sep_line\"><\/span><\/span>\n<\/div>\n\t<div class=\"wpb_text_column wpb_content_element\" >\n\t\t<div class=\"wpb_wrapper\">\n\t\t\t<p><span style=\"text-decoration: underline;\"><strong>Hinweise<\/strong><\/span><br \/>\n<strong>Teilnehmende<\/strong>: Dieser Workshop richtet sich an alle, die sich als LGBTQIA+ identifizieren und Migrations- und\/oder Fluchterfahrung erlebt haben. Wenn ihr diese Erfahrungen nicht teilt, aber dennoch an einer Teilnahme interessiert seid, meldet euch bitte zuerst bei uns, um zu kl\u00e4ren, ob ein Platz frei ist. Wir bitten alle Teilnehmenden, den Schwerpunkt des Programms zu respektieren und dazu beizutragen, einen offenen, respektvollen Raum zu schaffen.<br \/>\n<strong>Anmeldung<\/strong>: Aufgrund begrenzter Pl\u00e4tze f\u00fcr die Veranstaltung ist eine Anmeldung erforderlich. Bitte schreibt uns eine E-Mail an <strong><a class=\"_ps2id\" href=\"mailto:events@wearevillage.org\" data-ps2id-offset=\"\">events@wearevillage.org<\/a><\/strong>.<br \/>\n<strong>Sprache<\/strong>: Dieses Event wird auf Deutsch und Englisch sein.<br \/>\n<strong>Kosten<\/strong>: Die Teilnahme ist kostenlos.<\/p>\n\n\t\t<\/div>\n\t<\/div>\n<\/div><\/div><\/div><\/div><div class=\"vc_row wpb_row vc_row-fluid\"><div class=\"wpb_column vc_column_container vc_col-sm-12\"><div class=\"vc_column-inner\"><div class=\"wpb_wrapper\">\n\t<div class=\"wpb_text_column wpb_content_element\" >\n\t\t<div class=\"wpb_wrapper\">\n\t\t\t\n\t\t<\/div>\n\t<\/div>\n<\/div><\/div><\/div><\/div>\n<\/div>","protected":false},"excerpt":{"rendered":"<h5>Monday<br \/>\n18:00-19:30<br \/>\nFrei<br \/>\nAnmeldung erforderlich<\/h5>\n<p><strong> | <span style=\"color: #ec6c23;\"> LGBTQIA+ <\/span> | <\/strong><\/p>\n<p>Wir laden euch ein zu diesem Malworkshop, bei dem ihr euer Selbstbild und eure Wahrnehmung erforscht, indem ihr andere skizziert, euer eigenes Selbstportr\u00e4t erstellt und euch mit euren wahren Farben verbindet.<\/p>\n","protected":false},"author":12,"featured_media":19071,"template":"","meta":{"pmpro_default_level":"","inline_featured_image":false},"product_brand":[],"product_cat":[77,769,797,83],"product_tag":[469],"class_list":{"0":"post-18032","1":"product","2":"type-product","3":"status-publish","4":"has-post-thumbnail","6":"product_cat-community-events","7":"product_cat-kostenloser-zugang","8":"product_cat-queer-bridges-events-2","9":"product_cat-workshops","10":"product_tag-lgbtqiaplus","11":"pmpro-has-access","13":"first","14":"outofstock","15":"purchasable","16":"product-type-variable"},"wpml_current_locale":"de_DE","wpml_translations":{"en_US":{"locale":"en_US","id":18033,"slug":"clay-healing-journey-queer-bridges-kopie","post_title":"The Power of Portrait  - Queer Bridges","href":"https:\/\/wearevillage.org\/en\/shop\/queer-bridges-the-power-of-portrait\/w47-2024"}},"language":{"code":"de","locale":"","name":"","is_rtl":false},"_links":{"self":[{"href":"https:\/\/wearevillage.org\/wp-json\/wp\/v2\/product\/18032","targetHints":{"allow":["GET"]}}],"collection":[{"href":"https:\/\/wearevillage.org\/wp-json\/wp\/v2\/product"}],"about":[{"href":"https:\/\/wearevillage.org\/wp-json\/wp\/v2\/types\/product"}],"author":[{"embeddable":true,"href":"https:\/\/wearevillage.org\/wp-json\/wp\/v2\/users\/12"}],"wp:featuredmedia":[{"embeddable":true,"href":"https:\/\/wearevillage.org\/wp-json\/wp\/v2\/media\/19071"}],"wp:attachment":[{"href":"https:\/\/wearevillage.org\/wp-json\/wp\/v2\/media?parent=18032"}],"wp:term":[{"taxonomy":"product_brand","embeddable":true,"href":"https:\/\/wearevillage.org\/wp-json\/wp\/v2\/product_brand?post=18032"},{"taxonomy":"product_cat","embeddable":true,"href":"https:\/\/wearevillage.org\/wp-json\/wp\/v2\/product_cat?post=18032"},{"taxonomy":"product_tag","embeddable":true,"href":"https:\/\/wearevillage.org\/wp-json\/wp\/v2\/product_tag?post=18032"}],"curies":[{"name":"wp","href":"https:\/\/api.w.org\/{rel}","templated":true}]}}