{"id":18096,"date":"2024-10-11T15:25:26","date_gmt":"2024-10-11T13:25:26","guid":{"rendered":"https:\/\/wearevillage.org\/?post_type=product&#038;p=18096"},"modified":"2024-11-15T13:15:46","modified_gmt":"2024-11-15T12:15:46","slug":"film-night-parting-glances-1986","status":"publish","type":"product","link":"https:\/\/wearevillage.org\/shop\/village-film\/w48-2024\/","title":{"rendered":"Film Night \u2013  Parting Glances (1986)"},"content":{"rendered":"<div class=\"wpb-content-wrapper\"><div class=\"vc_row wpb_row vc_row-fluid\"><div class=\"wpb_column vc_column_container vc_col-sm-12\"><div class=\"vc_column-inner\"><div class=\"wpb_wrapper\"><h4 style=\"text-align: left\" class=\"vc_custom_heading vc_do_custom_heading\" >Village Film Night<\/h4><h4 style=\"text-align: left\" class=\"vc_custom_heading vc_do_custom_heading\" >Parting Glances (Abschiedsblicke) by Bill Sherwood<\/h4><h5 style=\"text-align: left\" class=\"vc_custom_heading vc_do_custom_heading\" >Moderiert und eingef\u00fchrt von Marcelo Alves<\/h5><div class=\"vc_separator wpb_content_element vc_separator_align_center vc_sep_width_100 vc_sep_pos_align_center vc_separator_no_text vc_sep_color_grey wpb_content_element  wpb_content_element\" ><span class=\"vc_sep_holder vc_sep_holder_l\"><span class=\"vc_sep_line\"><\/span><\/span><span class=\"vc_sep_holder vc_sep_holder_r\"><span class=\"vc_sep_line\"><\/span><\/span>\n<\/div>\n\t<div class=\"wpb_text_column wpb_content_element\" >\n\t\t<div class=\"wpb_wrapper\">\n\t\t\t<p>Wir starten eine besondere 5-t\u00e4gige Reflexion im Village Berlin, die zum Welt-AIDS-Tag 2024 f\u00fchrt. Begleitet uns zu Bill Sherwoods subversivem Film \u201eParting Glances\u201c in seiner neuen Restaurierung, die vom OUTFEST Legacy Project in LA in Auftrag gegeben wurde. Dies war Bill Sherwoods letzter und einziger abendf\u00fcllender Spielfilm, da er 1990 an AIDS-bedingten Komplikationen verstarb. Der Film ist besonders bemerkenswert, da er das Thema AIDS nicht mit Samthandschuhen anfasst, sondern es stattdessen zu einem selbstverst\u00e4ndlichen Teil der Geschichte macht \u2013 weder \u00fcberdramatisiert noch unter den Teppich gekehrt. Trotz des \u201eromantischen Kom\u00f6dien\u201c-Tons zeigt der Film zudem einen realistischen Standpunkt, der sp\u00e4ter durch eine traum\u00e4hnliche Sequenz erg\u00e4nzt wird, die die Bindungen zum Ausdruck bringt, die zu Beginn der HIV- und AIDS-Epidemie entstanden sind. Die einzigartige Darstellung an vorderster Front ist gr\u00f6\u00dftenteils Sherwoods Drehbuch und Steve Buscemis erster Rolle als Nick, einem bohemischen Freund und Menschen mit AIDS, zu verdanken. Dieser Film ist nicht nur bahnbrechend in seiner Darstellung von AIDS, sondern zeigt auch eine bestimmte Bev\u00f6lkerungsgruppe, die in nur wenigen Jahren durch die AIDS-Epidemie und die anhaltende Pandemie dezimiert werden w\u00fcrde.<\/p>\n<p>Der Film <em><strong>Parting Glances<\/strong><\/em> spielt in einem Zeitraum von 24 Stunden und dreht sich um Michael und Robert, ein schwules Paar im New York des Jahres 1984, die sich auf Roberts Abreise f\u00fcr einen zweij\u00e4hrigen Arbeitsaufenthalt in Afrika vorbereiten. Michael muss sich mit Roberts wahren Motiven f\u00fcr die Abreise auseinandersetzen und gleichzeitig mit ihrem Kreis exzentrischer Freunde umgehen, darunter Nick, der mit AIDS lebt. Der Film ist ein Zeitgeist des wei\u00dfen queeren Lebens in New York City und zeigt den damals avantgardistischen queeren Wert, Stile zu mischen, um neue zu schaffen. Darstellungen von Orten wie dem Limelight, K\u00fcnstlerpartys in Soho\/Tribeca und Musik von Bronski Beat weisen auf seinen zuk\u00fcnftigen Einfluss hin, w\u00e4hrend er dem treu bleibt, was zu einem definierenden Merkmal des neuen queeren Kinos werden sollte: eine subversive neue Ordnung, in der sich Hoch- und Popkultur, Downtown und Uptown, Oper und New Wave mischen konnten.<\/p>\n<p>Zu den zu diskutierenden Themen geh\u00f6ren die Bedeutung von Subversivit\u00e4t in den mittleren 80er Jahren, wie HIV und AIDS Bewegungen hervorbrachten, die bis heute andauern, Subversivit\u00e4t als entscheidender Aspekt des Queer-Seins und die Betrachtung des Blickwinkels eines Au\u00dfenstehenden im Auge des Sturms. Zus\u00e4tzlich werden wir fragen, wie das Thema des Welt-AIDS-Tages \u201eGemeinsames Handeln: HIV aufrechterhalten und beschleunigen\u201c oder das von Visual AIDS: \u201eRed Reminds Me\u201c (\u201eRot erinnert mich\u201c) heute f\u00fcr uns relevant sind.<\/p>\n<p>Dies ist eine \u00f6ffentliche Veranstaltung, die eine 5-t\u00e4gige Gedenkfeier zum WELT-AIDS-TAG 2024 einleitet.<\/p>\n<p><strong>\u00dcber die Village Film Night<br \/>\n<\/strong><\/p>\n<p>Die Film Night ist eine monatliche Veranstaltung, die die vielf\u00e4ltige Welt des queeren Kinos und dar\u00fcber hinaus erkundet. Unsere Auswahl reicht von Klassikern der Filmgeschichte bis hin zu den neuesten Filmen des jungen queeren Kinos.<br \/>\nJede Vorf\u00fchrung bietet die Gelegenheit, neue Erz\u00e4hlungen und Stimmen zu entdecken, Geschichten zu erleben, die Normen hinterfragen und Vielfalt feiern.<br \/>\nNach jedem Film gibt es die M\u00f6glichkeit zu informellen Gruppengespr\u00e4chen \u00fcber den Film und verwandte Themen.<\/p>\n\n\t\t<\/div>\n\t<\/div>\n<div class=\"vc_separator wpb_content_element vc_separator_align_center vc_sep_width_100 vc_sep_pos_align_center vc_separator_no_text vc_sep_color_grey wpb_content_element  wpb_content_element\" ><span class=\"vc_sep_holder vc_sep_holder_l\"><span class=\"vc_sep_line\"><\/span><\/span><span class=\"vc_sep_holder vc_sep_holder_r\"><span class=\"vc_sep_line\"><\/span><\/span>\n<\/div>\n\t<div class=\"wpb_text_column wpb_content_element\" >\n\t\t<div class=\"wpb_wrapper\">\n\t\t\t<p><img loading=\"lazy\" decoding=\"async\" class=\"wp-image-34 alignleft\" src=\"https:\/\/wearevillage.org\/wp-content\/uploads\/2022\/08\/Marcelo-Alves.jpg\" alt=\"\" width=\"160\" height=\"177\" srcset=\"https:\/\/wearevillage.org\/wp-content\/uploads\/2022\/08\/Marcelo-Alves.jpg 700w, https:\/\/wearevillage.org\/wp-content\/uploads\/2022\/08\/Marcelo-Alves-390x431.jpg 390w, https:\/\/wearevillage.org\/wp-content\/uploads\/2022\/08\/Marcelo-Alves-600x663.jpg 600w, https:\/\/wearevillage.org\/wp-content\/uploads\/2022\/08\/Marcelo-Alves-271x300.jpg 271w, https:\/\/wearevillage.org\/wp-content\/uploads\/2022\/08\/Marcelo-Alves-624x690.jpg 624w\" sizes=\"auto, (max-width: 160px) 100vw, 160px\" \/>Nachdem <strong>Marcelo Alves <\/strong>20 Jahre lang in New York gelebt hat, ist er nach Berlin gezogen, um in Babelsberg Produktionsdesign zu studieren und jetzt in diesem Bereich zu arbeiten. Er betrachtet sein Leben als queerer POC der dritten Generation und engagiert sich in Community-Organisationen wie GMHC, Friends in Deed, der Berliner AIDS Hilfe und dem Berliner Chem-Sex Netzwerk. Seit dem ersten Stretch hat er sich bei Village.Berlin engagiert. Heute ist er Teil einer Anti-Rassismus- und Inklusionsinitiative und kann seine Leidenschaft teilen, indem er die monatliche Filmnacht mit organisiert.<\/p>\n\n\t\t<\/div>\n\t<\/div>\n<div class=\"vc_separator wpb_content_element vc_separator_align_center vc_sep_width_100 vc_sep_pos_align_center vc_separator_no_text vc_sep_color_grey wpb_content_element  wpb_content_element\" ><span class=\"vc_sep_holder vc_sep_holder_l\"><span class=\"vc_sep_line\"><\/span><\/span><span class=\"vc_sep_holder vc_sep_holder_r\"><span class=\"vc_sep_line\"><\/span><\/span>\n<\/div>\n\t<div class=\"wpb_text_column wpb_content_element\" >\n\t\t<div class=\"wpb_wrapper\">\n\t\t\t<p><b>Hinweise<br \/>\n<\/b>Einlass ist um 19:30 Uhr, der Film beginnt p\u00fcnktlich um 20:00 Uhr.<br \/>\n<strong>Sprache<\/strong>: Die Veranstaltung wird auf Englisch abgehalten.<br \/>\n<strong>Kosten<\/strong>: Die Veranstaltung ist f\u00fcr alle zug\u00e4nglich und kostenlos.<\/p>\n\n\t\t<\/div>\n\t<\/div>\n<\/div><\/div><\/div><\/div>\n<\/div>","protected":false},"excerpt":{"rendered":"<h5>Dienstag<br \/>\n19:30 \u2013 22:30<br \/>\nEintritt frei<br \/>\nAuf Englisch mit deutschen Untertiteln<\/h5>\n<p><strong>| <span style=\"color: #ec6c23;\">LGBTQIA+<\/span>|<\/strong><\/p>\n<p><strong> Parting Glances (Abschiedsblicke) <\/strong><br \/>\nRegisseur: Bill Sherwood<br \/>\n1986 \u2013 96 Min.<\/p>\n","protected":false},"author":12,"featured_media":18417,"template":"","meta":{"pmpro_default_level":"","inline_featured_image":false},"product_brand":[],"product_cat":[769,79],"product_tag":[469],"class_list":{"0":"post-18096","1":"product","2":"type-product","3":"status-publish","4":"has-post-thumbnail","6":"product_cat-kostenloser-zugang","7":"product_cat-monatliche-events","8":"product_tag-lgbtqiaplus","9":"pmpro-has-access","11":"first","12":"outofstock","13":"purchasable","14":"product-type-variable"},"wpml_current_locale":"de_DE","wpml_translations":{"en_US":{"locale":"en_US","id":18097,"slug":"film-night-victim-kopie","post_title":"Film Night \u2013 Parting Glances (1986)","href":"https:\/\/wearevillage.org\/en\/shop\/village-film\/w48-2024"}},"language":{"code":"de","locale":"","name":"","is_rtl":false},"_links":{"self":[{"href":"https:\/\/wearevillage.org\/wp-json\/wp\/v2\/product\/18096","targetHints":{"allow":["GET"]}}],"collection":[{"href":"https:\/\/wearevillage.org\/wp-json\/wp\/v2\/product"}],"about":[{"href":"https:\/\/wearevillage.org\/wp-json\/wp\/v2\/types\/product"}],"author":[{"embeddable":true,"href":"https:\/\/wearevillage.org\/wp-json\/wp\/v2\/users\/12"}],"wp:featuredmedia":[{"embeddable":true,"href":"https:\/\/wearevillage.org\/wp-json\/wp\/v2\/media\/18417"}],"wp:attachment":[{"href":"https:\/\/wearevillage.org\/wp-json\/wp\/v2\/media?parent=18096"}],"wp:term":[{"taxonomy":"product_brand","embeddable":true,"href":"https:\/\/wearevillage.org\/wp-json\/wp\/v2\/product_brand?post=18096"},{"taxonomy":"product_cat","embeddable":true,"href":"https:\/\/wearevillage.org\/wp-json\/wp\/v2\/product_cat?post=18096"},{"taxonomy":"product_tag","embeddable":true,"href":"https:\/\/wearevillage.org\/wp-json\/wp\/v2\/product_tag?post=18096"}],"curies":[{"name":"wp","href":"https:\/\/api.w.org\/{rel}","templated":true}]}}