{"id":18202,"date":"2024-10-14T19:19:04","date_gmt":"2024-10-14T17:19:04","guid":{"rendered":"https:\/\/wearevillage.org\/?post_type=product&#038;p=18202"},"modified":"2024-11-15T17:16:58","modified_gmt":"2024-11-15T16:16:58","slug":"beruehrung-und-intentionen","status":"publish","type":"product","link":"https:\/\/wearevillage.org\/shop\/regenerative-touch\/w47-2024\/","title":{"rendered":"Ber\u00fchrung und Intentionen"},"content":{"rendered":"<div class=\"wpb-content-wrapper\"><div class=\"vc_row wpb_row vc_row-fluid\"><div class=\"wpb_column vc_column_container vc_col-sm-12\"><div class=\"vc_column-inner\"><div class=\"wpb_wrapper\"><h4 style=\"text-align: left\" class=\"vc_custom_heading vc_do_custom_heading\" >Ber\u00fchrung und Intentionen<\/h4><h5 style=\"text-align: left\" class=\"vc_custom_heading vc_do_custom_heading\" >Regenerative Touch Lab Series for Queer People<\/h5><h5 style=\"text-align: left\" class=\"vc_custom_heading vc_do_custom_heading\" >Gast: Jochen Stechmann<\/h5>\n\t<div class=\"wpb_text_column wpb_content_element\" >\n\t\t<div class=\"wpb_wrapper\">\n\t\t\t<div class=\"x11i5rnm xat24cr x1mh8g0r x1vvkbs xtlvy1s\">\n<div class=\"x11i5rnm xat24cr x1mh8g0r x1vvkbs xtlvy1s\">\n<div class=\"x11i5rnm xat24cr x1mh8g0r x1vvkbs xtlvy1s\">\n<p>Im Workshop erforschen wir verschiedene Intentionen der Ber\u00fchrung und deren Wirkung auf die beteiligten Personen. Was empfindest Du, wenn du auf spielerische, sinnliche, energetisierende, unterst\u00fctzende oder sch\u00fctzende Art ber\u00fchrst oder ber\u00fchrt wirst?<\/p>\n<p>F\u00fchle Dich eingeladen, in einem sicheren Raum spielerischen Begegnungen und wechselnden Partnern unerwartet neue Formen des Kontaktes zu entdecken. Finde heraus, welche Intentionen und Konstellationen f\u00fcr Dich und deine W\u00fcnsche passen, und was dies an innerer und \u00e4u\u00dferer Bewegung bewirkt<\/p>\n<\/div>\n<\/div>\n<\/div>\n\n\t\t<\/div>\n\t<\/div>\n<div class=\"vc_separator wpb_content_element vc_separator_align_center vc_sep_width_100 vc_sep_pos_align_center vc_separator_no_text vc_sep_color_grey wpb_content_element  wpb_content_element\" ><span class=\"vc_sep_holder vc_sep_holder_l\"><span class=\"vc_sep_line\"><\/span><\/span><span class=\"vc_sep_holder vc_sep_holder_r\"><span class=\"vc_sep_line\"><\/span><\/span>\n<\/div>\n\t<div class=\"wpb_text_column wpb_content_element\" >\n\t\t<div class=\"wpb_wrapper\">\n\t\t\t<p><img loading=\"lazy\" decoding=\"async\" class=\"wp-image-14574 alignleft\" src=\"https:\/\/wearevillage.org\/wp-content\/uploads\/2024\/05\/wav-team-Jochen-Stechmann.png\" alt=\"\" width=\"160\" height=\"178\" srcset=\"https:\/\/wearevillage.org\/wp-content\/uploads\/2024\/05\/wav-team-Jochen-Stechmann.png 900w, https:\/\/wearevillage.org\/wp-content\/uploads\/2024\/05\/wav-team-Jochen-Stechmann-270x300.png 270w, https:\/\/wearevillage.org\/wp-content\/uploads\/2024\/05\/wav-team-Jochen-Stechmann-135x150.png 135w, https:\/\/wearevillage.org\/wp-content\/uploads\/2024\/05\/wav-team-Jochen-Stechmann-768x853.png 768w, https:\/\/wearevillage.org\/wp-content\/uploads\/2024\/05\/wav-team-Jochen-Stechmann-624x693.png 624w, https:\/\/wearevillage.org\/wp-content\/uploads\/2024\/05\/wav-team-Jochen-Stechmann-390x433.png 390w, https:\/\/wearevillage.org\/wp-content\/uploads\/2024\/05\/wav-team-Jochen-Stechmann-600x667.png 600w\" sizes=\"auto, (max-width: 160px) 100vw, 160px\" \/><strong>Jochen Stechmann<\/strong> arbeitet in der k\u00f6rperbasierten Traumatherapie mit den Methoden Somatic Experiencing und NARM haupts\u00e4chlich mit queeren Menschen in Berlin. Neben Einzelsitzungen auch im Format von Gruppen-Workshops, letzteres mit Fokus auf Tanz und Ber\u00fchrung. Jochen hat Mathematik, Zeitgen\u00f6ssischen Tanz (BA) und Theater (MA) studiert und ist 15 Jahre in den Niederlanden als T\u00e4nzer und Choreograph t\u00e4tig gewesen. Jochen ist fasziniert von der F\u00e4higkeit des K\u00f6rpers und des Nervensystems, sich intuitiv und flie\u00dfend dauerhaft selbst zu regulieren. Mit grosser Empathie und Freude am Neuen erforscht er die Rolle, die achtsame, wertfreie emphatische Ber\u00fchrung dabei spielen kann.<br \/>\n<strong><a class=\"text-blue underline focus-visible\" contenteditable=\"plaintext-only\" href=\"http:\/\/www.body-attention.com\/\" target=\"_blank\" rel=\"noreferrer noopener\">www.body-attention.com<\/a><\/strong><\/p>\n\n\t\t<\/div>\n\t<\/div>\n<div class=\"vc_separator wpb_content_element vc_separator_align_center vc_sep_width_100 vc_sep_pos_align_center vc_separator_no_text vc_sep_color_grey wpb_content_element  wpb_content_element\" ><span class=\"vc_sep_holder vc_sep_holder_l\"><span class=\"vc_sep_line\"><\/span><\/span><span class=\"vc_sep_holder vc_sep_holder_r\"><span class=\"vc_sep_line\"><\/span><\/span>\n<\/div>\n\t<div class=\"wpb_text_column wpb_content_element\" >\n\t\t<div class=\"wpb_wrapper\">\n\t\t\t<p><b>Was ist Regenerative Ber\u00fchrung?<br \/>\n<\/b>Regenerative Touch ist ein monatlicher Workshop f\u00fcr alle queeren Identit\u00e4ten, bei dem wir uns gegenseitig helfen, langsamer zu werden, in unseren K\u00f6rper zu kommen und in einer unterst\u00fctzenden und n\u00e4hrenden Umgebung die wohltuende Wirkung von achtsamer und dadurch regenerativer Ber\u00fchrung erkunden.<\/p>\n<p>Ber\u00fchrung, die im t\u00e4glichen Leben oft \u00fcbersehen wird, ist ein grundlegendes menschliches Bed\u00fcrfnis. In diesen Workshops schaffen wir einen Raum, der ausschlie\u00dflich ihrer regenerativen, spannungs-lindernden und verbindenden Kraft gewidmet ist, frei von romantischen oder sexuellen Konnotationen. Ber\u00fchrung kommuniziert direkt und erreicht Orte, die Worte nicht erreichen k\u00f6nnen.<br \/>\nHast du jemals die beruhigende Wirkung einer warmen Umarmung oder einer tr\u00f6stenden Hand auf deiner Schulter erlebt? Selbst ein kurzes 15-min\u00fctiges Handhalten kann zu einer signifikanten Senkung der Herzfrequenz und des Blutdrucks f\u00fchren und eine starke Entspannungsreaktion signalisieren. Eine einfache 20-sek\u00fcndige Umarmung kann zu h\u00f6heren Oxytocinspiegeln f\u00fchren, dem Hormon, das mit Bindung und Vertrauen verbunden ist.<br \/>\nJeden Monat wird unsere trauma-sensitive und wechselnde Kursleitung einen Abend um Themen wie Pr\u00e4senz, Regulierung des Nervensystems und emotionale Sicherheit gestalten und sich auf praktisches Erleben anstatt auf zu viele Worte oder Techniken konzentrieren. Es sind keine Vorkenntnisse in K\u00f6rperarbeit erforderlich \u2013 bring einfach deine Neugier mit.<\/p>\n<p><strong>Vorteile<\/strong><br \/>\n\u2022 Erfahre eine Verringerung von Angstzust\u00e4nden und Depressionen sowie eine erh\u00f6hte emotionale Widerstandsf\u00e4higkeit durch beruhigende, achtsame Ber\u00fchrung.<br \/>\n\u2022 Kultiviere wertsch\u00e4tzende Anwesenheit und tiefere Verbindungen zu dir selbst und anderen.<br \/>\n\u2022 Unterst\u00fctze die Heilung von Traumata und setze in einer sicheren, n\u00e4hrenden Umgebung Emotionen frei.<br \/>\n\u2022 Verbessere deine Stimmung und deine Immunfunktion, indem du Stress reduzierst und Endorphine freisetzt.<br \/>\n\u2022 F\u00f6rdere ein Gef\u00fchl von Gemeinschaft und Zugeh\u00f6rigkeit durch gemeinsame, nonverbale Erfahrungen.<br \/>\n\u2022 Ermutige tieferes Mitgef\u00fchl und Akzeptanz durch sanften, unterst\u00fctzenden Kontakt.<\/p>\n\n\t\t<\/div>\n\t<\/div>\n<div class=\"vc_separator wpb_content_element vc_separator_align_center vc_sep_width_100 vc_sep_pos_align_center vc_separator_no_text vc_sep_color_grey wpb_content_element  wpb_content_element\" ><span class=\"vc_sep_holder vc_sep_holder_l\"><span class=\"vc_sep_line\"><\/span><\/span><span class=\"vc_sep_holder vc_sep_holder_r\"><span class=\"vc_sep_line\"><\/span><\/span>\n<\/div>\n\t<div class=\"wpb_text_column wpb_content_element\" >\n\t\t<div class=\"wpb_wrapper\">\n\t\t\t<p><span style=\"text-decoration: underline;\"><b>Hinweise<\/b><\/span><br \/>\n\u2022 Dieses Format ist f\u00fcr alle queeren Personen (LGBTQIA+), die Ber\u00fchrung in einer einvernehmlichen, unterst\u00fctzenden Atmosph\u00e4re erfahren m\u00f6chten.<br \/>\n\u2022 Teilnehmende bleiben bei diesem Format bekleidet.<br \/>\n\u2022 Bringe zum Abdecken von Kissen, Matten oder Massageliegen ein Laken und ein Handtuch mit.<br \/>\n\u2022 Je nach Bed\u00fcrfnissen der Gruppe werden wir Deutsch und\/oder Englisch sprechen. Wir haben erm\u00e4\u00dfigte Solidarit\u00e4tstickets.<br \/>\n\u2022 Dieses Event ist auch zu einem erm\u00e4\u00dfigten Mitgliederpreis erh\u00e4ltlich \u2013 aber kein Bestandteil der zwei kostenlosen monatlichen Mitgliederveranstaltungen.<br \/>\n\u2022 Erm\u00e4\u00dfigter Zugang ist auf schriftliche Anfrage per E-Mail an <strong>events@wearevillage.org<\/strong>.<\/p>\n\n\t\t<\/div>\n\t<\/div>\n<\/div><\/div><\/div><\/div>\n<\/div>","protected":false},"excerpt":{"rendered":"<h5>Regenerative Touch Series<\/p>\n<p>Montags (einmal im Monat)<br \/>\n20:00 \u2013 22:00<\/h5>\n<p class=\"p1\"><strong>| <span style=\"color: #ec6c23;\">LGBTQIA+<\/span>\u00a0|<\/strong><\/p>\n<p>Im Workshop erforschen wir verschiedene Intentionen der Ber\u00fchrung und deren Wirkung auf die beteiligten Personen. Was empfindest Du, wenn du auf spielerische, sinnliche, energetisierende, unterst\u00fctzende oder sch\u00fctzende Art ber\u00fchrst oder ber\u00fchrt wirst?<\/p>\n","protected":false},"author":11,"featured_media":17678,"template":"","meta":{"pmpro_default_level":"","inline_featured_image":false},"product_brand":[],"product_cat":[79,83],"product_tag":[469],"class_list":{"0":"post-18202","1":"product","2":"type-product","3":"status-publish","4":"has-post-thumbnail","6":"product_cat-monatliche-events","7":"product_cat-workshops","8":"product_tag-lgbtqiaplus","9":"pmpro-has-access","11":"first","12":"instock","13":"product-type-variable","14":"has-default-attributes"},"wpml_current_locale":"de_DE","wpml_translations":{"en_US":{"locale":"en_US","id":18205,"slug":"from-tension-to-ease-kopie","post_title":"Touch and Intentions","href":"https:\/\/wearevillage.org\/en\/shop\/regenerative-touch\/w47-2024"}},"language":{"code":"de","locale":"","name":"","is_rtl":false},"_links":{"self":[{"href":"https:\/\/wearevillage.org\/wp-json\/wp\/v2\/product\/18202","targetHints":{"allow":["GET"]}}],"collection":[{"href":"https:\/\/wearevillage.org\/wp-json\/wp\/v2\/product"}],"about":[{"href":"https:\/\/wearevillage.org\/wp-json\/wp\/v2\/types\/product"}],"author":[{"embeddable":true,"href":"https:\/\/wearevillage.org\/wp-json\/wp\/v2\/users\/11"}],"wp:featuredmedia":[{"embeddable":true,"href":"https:\/\/wearevillage.org\/wp-json\/wp\/v2\/media\/17678"}],"wp:attachment":[{"href":"https:\/\/wearevillage.org\/wp-json\/wp\/v2\/media?parent=18202"}],"wp:term":[{"taxonomy":"product_brand","embeddable":true,"href":"https:\/\/wearevillage.org\/wp-json\/wp\/v2\/product_brand?post=18202"},{"taxonomy":"product_cat","embeddable":true,"href":"https:\/\/wearevillage.org\/wp-json\/wp\/v2\/product_cat?post=18202"},{"taxonomy":"product_tag","embeddable":true,"href":"https:\/\/wearevillage.org\/wp-json\/wp\/v2\/product_tag?post=18202"}],"curies":[{"name":"wp","href":"https:\/\/api.w.org\/{rel}","templated":true}]}}