{"id":18217,"date":"2024-10-15T11:09:42","date_gmt":"2024-10-15T09:09:42","guid":{"rendered":"https:\/\/wearevillage.org\/?post_type=product&#038;p=18217"},"modified":"2024-11-14T14:38:17","modified_gmt":"2024-11-14T13:38:17","slug":"queer-art-bridge-berlin-meet-up-4","status":"publish","type":"product","link":"https:\/\/wearevillage.org\/shop\/art-bridge\/w48-2024\/","title":{"rendered":"Queer Art Bridge Berlin Meet-up"},"content":{"rendered":"<div class=\"wpb-content-wrapper\"><div class=\"vc_row wpb_row vc_row-fluid\"><div class=\"wpb_column vc_column_container vc_col-sm-12\"><div class=\"vc_column-inner\"><div class=\"wpb_wrapper\"><h4 style=\"text-align: left\" class=\"vc_custom_heading vc_do_custom_heading\" >\u201cQueer Art Bridge Berlin\u201d Meet-up<\/h4><h5 style=\"text-align: left\" class=\"vc_custom_heading vc_do_custom_heading\" >mit Nichol\u00e9 Vel\u00e1squez<\/h5>\n\t<div class=\"wpb_text_column wpb_content_element\" >\n\t\t<div class=\"wpb_wrapper\">\n\t\t\t<p>Als internationale, vielf\u00e4ltige Stadt ist Berlin ein sicherer Hafen f\u00fcr viele queere K\u00fcnstler*innen, die aus pers\u00f6nlichen oder politischen Gr\u00fcnden ihr Land verlassen oder andere Migrationserfahrungen gemacht haben.<\/p>\n<p>Berlin kann aber auch ein schwieriger Ort sein, um sich beruflich und kreativ zu entfalten, Netzwerke aufzubauen, F\u00f6rdermittel, Auftr\u00e4ge oder Arbeitsr\u00e4ume zu finden, denn die Konkurrenz ist gro\u00df, die b\u00fcrokratischen H\u00fcrden sind hoch und manchmal gibt es Sprachbarrieren.<\/p>\n<p>Um diverse Herausforderungen in Bezug auf Zugang zur kulturellen Teilhabe\u00a0zu meistern, haben wir bei Village Berlin im Rahmen unseres Programms\u00a0<strong><a href=\"https:\/\/wearevillage.org\/village-quartiere\/queer-art-bridge\" target=\"_blank\" rel=\"noopener\">Queer Art Bridge<\/a><\/strong>\u00a0ein neues Netzwerktreffen ins Leben gerufen.<\/p>\n<p>Dieses Treffen bietet queeren K\u00fcnstler*innen und Kulturschaffenden mit und ohne Flucht- und Migrationserfahrung, Vertreter*innen von Kunst- und Hochschuleinrichtungen und anderen Akteur*innen der Berliner Kulturszene die M\u00f6glichkeit, in einem informellen Rahmen Kontakte zu kn\u00fcpfen und Ideen, Geschichten und Erfahrungen auszutauschen.<\/p>\n\n\t\t<\/div>\n\t<\/div>\n<div class=\"vc_separator wpb_content_element vc_separator_align_center vc_sep_width_100 vc_sep_pos_align_center vc_separator_no_text vc_sep_color_grey wpb_content_element  wpb_content_element\" ><span class=\"vc_sep_holder vc_sep_holder_l\"><span class=\"vc_sep_line\"><\/span><\/span><span class=\"vc_sep_holder vc_sep_holder_r\"><span class=\"vc_sep_line\"><\/span><\/span>\n<\/div>\n\t<div class=\"wpb_text_column wpb_content_element\" >\n\t\t<div class=\"wpb_wrapper\">\n\t\t\t<p><strong>Zugeh\u00f6rigkeit, Unterst\u00fctzung und M\u00f6glichkeiten f\u00fcr queer internationale K\u00fcnstler*innen<\/strong><\/p>\n<p>Weil wir glauben, dass Kunst und Kultur eine m\u00e4chtige Plattform f\u00fcr Ver\u00e4nderung und Selbstentfaltung sein k\u00f6nnen und gleichzeitig bestehende kulturelle Strukturen und Kunstszenen durch neue, internationale queere Inspirationen bereichern und diversifizieren.<\/p>\n<p><img loading=\"lazy\" decoding=\"async\" class=\"size-medium wp-image-13574 alignleft\" src=\"https:\/\/wearevillage.org\/wp-content\/uploads\/2024\/03\/B_SEN_KuGZ_Logo_DE_H_P_1C-300x50.png\" alt=\"\" width=\"300\" height=\"50\" srcset=\"https:\/\/wearevillage.org\/wp-content\/uploads\/2024\/03\/B_SEN_KuGZ_Logo_DE_H_P_1C-300x50.png 300w, https:\/\/wearevillage.org\/wp-content\/uploads\/2024\/03\/B_SEN_KuGZ_Logo_DE_H_P_1C-1024x171.png 1024w, https:\/\/wearevillage.org\/wp-content\/uploads\/2024\/03\/B_SEN_KuGZ_Logo_DE_H_P_1C-150x25.png 150w, https:\/\/wearevillage.org\/wp-content\/uploads\/2024\/03\/B_SEN_KuGZ_Logo_DE_H_P_1C-768x128.png 768w, https:\/\/wearevillage.org\/wp-content\/uploads\/2024\/03\/B_SEN_KuGZ_Logo_DE_H_P_1C-1536x256.png 1536w, https:\/\/wearevillage.org\/wp-content\/uploads\/2024\/03\/B_SEN_KuGZ_Logo_DE_H_P_1C-2048x342.png 2048w, https:\/\/wearevillage.org\/wp-content\/uploads\/2024\/03\/B_SEN_KuGZ_Logo_DE_H_P_1C-624x104.png 624w, https:\/\/wearevillage.org\/wp-content\/uploads\/2024\/03\/B_SEN_KuGZ_Logo_DE_H_P_1C-390x65.png 390w, https:\/\/wearevillage.org\/wp-content\/uploads\/2024\/03\/B_SEN_KuGZ_Logo_DE_H_P_1C-600x100.png 600w\" sizes=\"auto, (max-width: 300px) 100vw, 300px\" \/>In Kooperation mit der <strong>Senatsverwaltung f\u00fcr Kultur und Gesellschaftlichen Zusammenhalt<\/strong> hat sich <strong>we are village | queer matters <\/strong>zum Ziel gesetzt, im Jahr 2024 ein Veranstaltungsprogramm anzubieten, das queeren K\u00fcnstlerinnen und K\u00fcnstlern mit Migrationshintergrund erm\u00f6glicht, in der Berliner Kunstszene Fu\u00df zu fassen.<\/p>\n\n\t\t<\/div>\n\t<\/div>\n<div class=\"vc_separator wpb_content_element vc_separator_align_center vc_sep_width_100 vc_sep_pos_align_center vc_separator_no_text vc_sep_color_grey wpb_content_element  wpb_content_element\" ><span class=\"vc_sep_holder vc_sep_holder_l\"><span class=\"vc_sep_line\"><\/span><\/span><span class=\"vc_sep_holder vc_sep_holder_r\"><span class=\"vc_sep_line\"><\/span><\/span>\n<\/div>\n\t<div class=\"wpb_text_column wpb_content_element\" >\n\t\t<div class=\"wpb_wrapper\">\n\t\t\t<p><img loading=\"lazy\" decoding=\"async\" class=\"wp-image-16588 alignleft\" src=\"https:\/\/wearevillage.org\/wp-content\/uploads\/2024\/09\/01-Nichole-Velasquez-Berlin-10x9-1-270x300.jpeg\" alt=\"\" width=\"160\" height=\"178\" srcset=\"https:\/\/wearevillage.org\/wp-content\/uploads\/2024\/09\/01-Nichole-Velasquez-Berlin-10x9-1-270x300.jpeg 270w, https:\/\/wearevillage.org\/wp-content\/uploads\/2024\/09\/01-Nichole-Velasquez-Berlin-10x9-1-135x150.jpeg 135w, https:\/\/wearevillage.org\/wp-content\/uploads\/2024\/09\/01-Nichole-Velasquez-Berlin-10x9-1-768x852.jpeg 768w, https:\/\/wearevillage.org\/wp-content\/uploads\/2024\/09\/01-Nichole-Velasquez-Berlin-10x9-1-624x693.jpeg 624w, https:\/\/wearevillage.org\/wp-content\/uploads\/2024\/09\/01-Nichole-Velasquez-Berlin-10x9-1-390x433.jpeg 390w, https:\/\/wearevillage.org\/wp-content\/uploads\/2024\/09\/01-Nichole-Velasquez-Berlin-10x9-1-600x666.jpeg 600w, https:\/\/wearevillage.org\/wp-content\/uploads\/2024\/09\/01-Nichole-Velasquez-Berlin-10x9-1.jpeg 900w\" sizes=\"auto, (max-width: 160px) 100vw, 160px\" \/> <strong>Nichol\u00e9 Vel\u00e1squez <\/strong>wuchs in New York auf und emigrierte 2011 nach Berlin. Er wurde von Rika Burnham an der Met in die Kunst eingef\u00fchrt und entwickelte seine Kunst als Jocelyn Benzakin-Stipendiat am International Center for Photography im Jahr 2005 weiter. 2018 war er Preistr\u00e4ger des Le Prix Industries et Cultures \/ Art Faber f\u00fcr seine Darstellungen von Just-in-time-Industrieprozessen. Neben seiner k\u00fcnstlerischen T\u00e4tigkeit arbeitete Nichol\u00e9 von 2017 bis 2020 als kuratorischer Assistent an der Bumiller Collection und entwickelte 2023 das erste kuratorische Fellowship bei Otte1. An Otte1 kuratierte er intergenerationelle Dialoge mit einem Fokus auf feministische Programme. Nichol\u00e9 ist aktives Mitglied des BBK und des IKG (Internationales K\u00fcnstlergremium).<\/p>\n\n\t\t<\/div>\n\t<\/div>\n<div class=\"vc_separator wpb_content_element vc_separator_align_center vc_sep_width_100 vc_sep_pos_align_center vc_separator_no_text vc_sep_color_grey wpb_content_element  wpb_content_element\" ><span class=\"vc_sep_holder vc_sep_holder_l\"><span class=\"vc_sep_line\"><\/span><\/span><span class=\"vc_sep_holder vc_sep_holder_r\"><span class=\"vc_sep_line\"><\/span><\/span>\n<\/div>\n\t<div class=\"wpb_text_column wpb_content_element\" >\n\t\t<div class=\"wpb_wrapper\">\n\t\t\t<p><b><u>Hinweise<\/u><\/b><br \/>\n<b>Sprache<\/b>: Je nach Bed\u00fcrfnissen der Gruppe werden wir Deutsch und\/oder Englisch sprechen.<br \/>\n<b>Kosten<\/b>: Diese Veranstaltung ist kostenlos.<\/p>\n\n\t\t<\/div>\n\t<\/div>\n<\/div><\/div><\/div><\/div>\n<\/div>","protected":false},"excerpt":{"rendered":"<h5>Dienstag<br \/>\nkostenfrei<br \/>\n15:00 \u2013 17:00<\/h5>\n<p><strong> | <span style=\"color: #ec6c23;\">LGBTQIA+<\/span> | <\/strong><\/p>\n<p>Dieses Treffen bietet queeren K\u00fcnstler*innen und Kulturschaffenden mit und ohne Flucht- und Migrationserfahrung, Vertreter*innen von Kunst- und Hochschuleinrichtungen und anderen Akteur*innen der Berliner Kulturszene die M\u00f6glichkeit, in einem informellen Rahmen Kontakte zu kn\u00fcpfen und Ideen, Geschichten und Erfahrungen auszutauschen.<\/p>\n","protected":false},"author":12,"featured_media":18307,"template":"","meta":{"pmpro_default_level":"","inline_featured_image":false},"product_brand":[],"product_cat":[77,769],"product_tag":[469],"class_list":{"0":"post-18217","1":"product","2":"type-product","3":"status-publish","4":"has-post-thumbnail","6":"product_cat-community-events","7":"product_cat-kostenloser-zugang","8":"product_tag-lgbtqiaplus","9":"pmpro-has-access","11":"first","12":"outofstock","13":"purchasable","14":"product-type-variable"},"wpml_current_locale":"de_DE","wpml_translations":{"en_US":{"locale":"en_US","id":18218,"slug":"queer-art-bridge-berlin-meet-up-kopie-4","post_title":"Queer Art Bridge Berlin Meet-up","href":"https:\/\/wearevillage.org\/en\/shop\/art-bridge\/w48-2024"}},"language":{"code":"de","locale":"","name":"","is_rtl":false},"_links":{"self":[{"href":"https:\/\/wearevillage.org\/wp-json\/wp\/v2\/product\/18217","targetHints":{"allow":["GET"]}}],"collection":[{"href":"https:\/\/wearevillage.org\/wp-json\/wp\/v2\/product"}],"about":[{"href":"https:\/\/wearevillage.org\/wp-json\/wp\/v2\/types\/product"}],"author":[{"embeddable":true,"href":"https:\/\/wearevillage.org\/wp-json\/wp\/v2\/users\/12"}],"wp:featuredmedia":[{"embeddable":true,"href":"https:\/\/wearevillage.org\/wp-json\/wp\/v2\/media\/18307"}],"wp:attachment":[{"href":"https:\/\/wearevillage.org\/wp-json\/wp\/v2\/media?parent=18217"}],"wp:term":[{"taxonomy":"product_brand","embeddable":true,"href":"https:\/\/wearevillage.org\/wp-json\/wp\/v2\/product_brand?post=18217"},{"taxonomy":"product_cat","embeddable":true,"href":"https:\/\/wearevillage.org\/wp-json\/wp\/v2\/product_cat?post=18217"},{"taxonomy":"product_tag","embeddable":true,"href":"https:\/\/wearevillage.org\/wp-json\/wp\/v2\/product_tag?post=18217"}],"curies":[{"name":"wp","href":"https:\/\/api.w.org\/{rel}","templated":true}]}}