{"id":18410,"date":"2024-10-23T14:39:46","date_gmt":"2024-10-23T12:39:46","guid":{"rendered":"https:\/\/wearevillage.org\/?post_type=product&#038;p=18410"},"modified":"2024-11-26T13:40:09","modified_gmt":"2024-11-26T12:40:09","slug":"podiumsdiskussion-einsamkeit-in-der-queeren-community-2","status":"publish","type":"product","link":"https:\/\/wearevillage.org\/shop\/podiumsdiskussion\/w48-2024\/","title":{"rendered":"Podiumsdiskussion \u201cEinsamkeit in der queeren Community\u201d"},"content":{"rendered":"<div class=\"wpb-content-wrapper\"><div class=\"vc_row wpb_row vc_row-fluid\"><div class=\"wpb_column vc_column_container vc_col-sm-12\"><div class=\"vc_column-inner\"><div class=\"wpb_wrapper\"><h4 style=\"text-align: left\" class=\"vc_custom_heading vc_do_custom_heading\" >Podiumsdiskussion \"Einsamkeit in der queeren Community\"<\/h4><h5 style=\"text-align: left\" class=\"vc_custom_heading vc_do_custom_heading\" >mit Prof. Dr. Anna Steigemann (Moderation), Lilith Raza, Deniz Y\u0131ld\u0131r\u0131m Do\u011fan, Prof. Dr. Mirjam Fischer, Tomer Einav und Dr. Jochen Kleres<\/h5>\n\t<div class=\"wpb_text_column wpb_content_element\" >\n\t\t<div class=\"wpb_wrapper\">\n\t\t\t<p>Diese Gespr\u00e4chsrunde bietet eine wichtige Gelegenheit, die Herausforderungen der Einsamkeit in der queeren Community zu verstehen und konstruktive Ans\u00e4tze zur Verbesserung zu entwickeln. <strong>Da Einsamkeit sich nicht f\u00fcr jeden Menschen gleich anf\u00fchlt und auch nicht f\u00fcr jeden Menschen die gleichen Gr\u00fcnde hat, wollen wir die spezifischen Aspekte der Einsamkeit betrachten, um gemeinsam realistische L\u00f6sungsans\u00e4tze zu finden<\/strong>. Wir laden Euch ein, aktiv an dieser Diskussion teilzunehmen, auch im voraus bereits Fragen zu stellen und Ideen auszutauschen.<\/p>\n<p>Wir versammeln wunderbare Pers\u00f6nlichkeiten, die durch ihre Expertise und Erfahrung wertvolle Einblicke in dieses dringende Anliegen bieten k\u00f6nnen. Unsere G\u00e4ste sind:<\/p>\n<p><strong>\u2022 Prof. Dr. Anna Steigemann <\/strong>(Moderation): Stadtforscherin und Soziologin und arbeitet als Professorin an der Universit\u00e4t Regensburg und der TU Berlin. Sie forscht vor allem zu Gender, Migration, Diversit\u00e4t und Stadt, community and neighborhood studies, queer-feministischer Stadtkritik, Raumpraktiken, kritischer Partizipations- und Governanceforschung, sowie qualitativen Raum- und Sozialforschungmethoden.<\/p>\n<p><strong>\u2022 Lilith Raza:<\/strong>\u00a0queer-trans Aktivistin aus Pakistan, die seit 2012 in Deutschland lebt. Sie setzt sich aktiv f\u00fcr die Rechte von LGBTIQ+ Gefl\u00fcchteten ein, arbeitet f\u00fcr das Projekt \u201eQueer Refugees Deutschland\u201c der LSVD (Lesben- und Schwulenverband in Deutschland) und ist in queer Netzwerken in ganz Europa aktiv.<\/p>\n<p><strong>\u2022 Deniz Y\u0131ld\u0131r\u0131m Do\u011fan<\/strong>: Wissenschaftlicher Mitarbeiter und Assistenzarzt an der Klinik f\u00fcr Psychiatrie und Psychotherapie an der Charit\u00e9 \u2013 Universit\u00e4tsmedizin Berlin, wird wertvolle Einblicke in die psychische Gesundheit in der queeren Community bieten.<\/p>\n<p><strong>\u2022 Prof. Dr. Mirjam Fischer<\/strong>: Soziologin f\u00fcr sexuelle und geschlechtliche Vielfalt in Europa. Sie h\u00e4lt derzeit eine Gastprofessur f\u00fcr Gender Studies an der Humboldt-Universit\u00e4t Berlin und ist Forschungsmitarbeiterin am Institut f\u00fcr Empirisch-Analytische Forschung an der Goethe-Universit\u00e4t Frankfurt am Main.<\/p>\n<p><strong>\u2022 Tomer Einav<\/strong>: Forscher und Apotheker an der Charit\u00e9, ist Teil der AG Gaebler, die sich auf HIV-Heilung und innovative Therapien konzentriert. Sein Interesse gilt dem Altern mit HIV sowie den neurologischen und psychologischen Auswirkungen des Lebens mit HIV.<\/p>\n<p><strong>\u2022 Dr. Jochen Kleres<\/strong>: Hat als Soziologe zu queeren Bewegungen und AIDS Organisationen geforscht und arbeitet jetzt als Tanztherapeut in der psychiatrischen Abteilung am K\u00f6nigin Elisabeth Herzberge Krankenhaus, er ist Facilitator der Workshop-Serie zu queerer Einsamkeit im Village.<\/p>\n\n\t\t<\/div>\n\t<\/div>\n<div class=\"vc_separator wpb_content_element vc_separator_align_center vc_sep_width_100 vc_sep_pos_align_center vc_separator_no_text vc_sep_color_grey wpb_content_element  wpb_content_element\" ><span class=\"vc_sep_holder vc_sep_holder_l\"><span class=\"vc_sep_line\"><\/span><\/span><span class=\"vc_sep_holder vc_sep_holder_r\"><span class=\"vc_sep_line\"><\/span><\/span>\n<\/div>\n\t<div class=\"wpb_text_column wpb_content_element\" >\n\t\t<div class=\"wpb_wrapper\">\n\t\t\t<p>Mehr Info und auch eine st\u00e4ndige Umfrage zur Einsamkeit und einen Programm\u00fcberblick der kostenlosen Events findet ihr <a href=\"https:\/\/wearevillage.org\/village-quartiere\/addressing-queer-lonliness\">hier<\/a>. Fragen im Vorfeld k\u00f6nnt ihr gern <a href=\"https:\/\/wall.sli.do\/event\/8T2L7aC1BtK2de3witHfab\">hier<\/a> stellen.<\/p>\n<p><em>In Zusammenarbeit mit der Landesstelle f\u00fcr Gleichbehandlung \u2013 gegen Diskriminierung hat sich <strong>we are village | queer matters<\/strong> f\u00fcr das Jahr 2023\/2024 zum Ziel gesetzt, das Thema Einsamkeit in der queeren Community anzugehen.<br \/>\n<\/em><img loading=\"lazy\" decoding=\"async\" class=\"alignnone wp-image-19191\" src=\"https:\/\/wearevillage.org\/wp-content\/uploads\/2024\/10\/logo-Landesstelle-for-wav_eric.png\" alt=\"\" width=\"227\" height=\"90\" srcset=\"https:\/\/wearevillage.org\/wp-content\/uploads\/2024\/10\/logo-Landesstelle-for-wav_eric.png 2560w, https:\/\/wearevillage.org\/wp-content\/uploads\/2024\/10\/logo-Landesstelle-for-wav_eric-300x119.png 300w, https:\/\/wearevillage.org\/wp-content\/uploads\/2024\/10\/logo-Landesstelle-for-wav_eric-1024x406.png 1024w, https:\/\/wearevillage.org\/wp-content\/uploads\/2024\/10\/logo-Landesstelle-for-wav_eric-150x59.png 150w, https:\/\/wearevillage.org\/wp-content\/uploads\/2024\/10\/logo-Landesstelle-for-wav_eric-768x305.png 768w, https:\/\/wearevillage.org\/wp-content\/uploads\/2024\/10\/logo-Landesstelle-for-wav_eric-1536x609.png 1536w, https:\/\/wearevillage.org\/wp-content\/uploads\/2024\/10\/logo-Landesstelle-for-wav_eric-2048x812.png 2048w, https:\/\/wearevillage.org\/wp-content\/uploads\/2024\/10\/logo-Landesstelle-for-wav_eric-624x247.png 624w, https:\/\/wearevillage.org\/wp-content\/uploads\/2024\/10\/logo-Landesstelle-for-wav_eric-390x155.png 390w, https:\/\/wearevillage.org\/wp-content\/uploads\/2024\/10\/logo-Landesstelle-for-wav_eric-600x238.png 600w\" sizes=\"auto, (max-width: 227px) 100vw, 227px\" \/><\/p>\n\n\t\t<\/div>\n\t<\/div>\n<\/div><\/div><\/div><\/div>\n<\/div>","protected":false},"excerpt":{"rendered":"<h5>Freitag<br \/>\n19:00 \u2013 21:00<\/h5>\n<h5><strong style=\"font-size: 16px;\">| <span style=\"color: #ec6c23;\">LGBTQIA+ <\/span>|<\/strong><\/h5>\n<div class=\"x11i5rnm xat24cr x1mh8g0r x1vvkbs xtlvy1s\">\n<div class=\"x11i5rnm xat24cr x1mh8g0r x1vvkbs xtlvy1s\">\n<p>Diese Gespr\u00e4chsrunde bietet eine wichtige Gelegenheit, die Herausforderungen der Einsamkeit in der queeren Community zu verstehen und konstruktive Ans\u00e4tze zur Verbesserung zu entwickeln. Wir laden Euch ein, aktiv an dieser Diskussion teilzunehmen, auch im voraus bereits Fragen zu stellen und Ideen auszutauschen.<\/p>\n<\/div>\n<\/div>\n","protected":false},"author":12,"featured_media":6484,"template":"","meta":{"pmpro_default_level":"","inline_featured_image":false},"product_brand":[],"product_cat":[134,791,769,80],"product_tag":[469],"class_list":{"0":"post-18410","1":"product","2":"type-product","3":"status-publish","4":"has-post-thumbnail","6":"product_cat-einmalige-events","7":"product_cat-gemeinsam-statt-einsam","8":"product_cat-kostenloser-zugang","9":"product_cat-queer-matters","10":"product_tag-lgbtqiaplus","11":"pmpro-has-access","13":"first","14":"outofstock","15":"purchasable","16":"product-type-variable"},"wpml_current_locale":"de_DE","wpml_translations":{"en_US":{"locale":"en_US","id":18411,"slug":"panel-discussion-loneliness-in-the-queer-community-kopie-2","post_title":"Panel Discussion \"Loneliness in the Queer Community\"","href":"https:\/\/wearevillage.org\/en\/shop\/podiumsdiskussion\/w48-2024"}},"language":{"code":"de","locale":"","name":"","is_rtl":false},"_links":{"self":[{"href":"https:\/\/wearevillage.org\/wp-json\/wp\/v2\/product\/18410","targetHints":{"allow":["GET"]}}],"collection":[{"href":"https:\/\/wearevillage.org\/wp-json\/wp\/v2\/product"}],"about":[{"href":"https:\/\/wearevillage.org\/wp-json\/wp\/v2\/types\/product"}],"author":[{"embeddable":true,"href":"https:\/\/wearevillage.org\/wp-json\/wp\/v2\/users\/12"}],"wp:featuredmedia":[{"embeddable":true,"href":"https:\/\/wearevillage.org\/wp-json\/wp\/v2\/media\/6484"}],"wp:attachment":[{"href":"https:\/\/wearevillage.org\/wp-json\/wp\/v2\/media?parent=18410"}],"wp:term":[{"taxonomy":"product_brand","embeddable":true,"href":"https:\/\/wearevillage.org\/wp-json\/wp\/v2\/product_brand?post=18410"},{"taxonomy":"product_cat","embeddable":true,"href":"https:\/\/wearevillage.org\/wp-json\/wp\/v2\/product_cat?post=18410"},{"taxonomy":"product_tag","embeddable":true,"href":"https:\/\/wearevillage.org\/wp-json\/wp\/v2\/product_tag?post=18410"}],"curies":[{"name":"wp","href":"https:\/\/api.w.org\/{rel}","templated":true}]}}