{"id":18581,"date":"2024-10-29T15:05:31","date_gmt":"2024-10-29T14:05:31","guid":{"rendered":"https:\/\/wearevillage.org\/?post_type=product&#038;p=18581"},"modified":"2024-10-30T15:26:23","modified_gmt":"2024-10-30T14:26:23","slug":"world-aids-day-red-reminds-me-of-solitude_refracting-red_","status":"publish","type":"product","link":"https:\/\/wearevillage.org\/shop\/village-aids-day\/w48-2024\/","title":{"rendered":"World AIDS Day | Red reminds me of solitude_refracting red_"},"content":{"rendered":"<div class=\"wpb-content-wrapper\"><div class=\"vc_row wpb_row vc_row-fluid\"><div class=\"wpb_column vc_column_container vc_col-sm-12\"><div class=\"vc_column-inner\"><div class=\"wpb_wrapper\"><h4 style=\"text-align: left\" class=\"vc_custom_heading vc_do_custom_heading\" >World AIDS Day | Red reminds me of solitude_refracting red_<\/h4>\n\t<div class=\"wpb_text_column wpb_content_element\" >\n\t\t<div class=\"wpb_wrapper\">\n\t\t\t<p>Anl\u00e4sslich des Welt-AIDS-Tages erkundet diese immersive Erfahrung die komplexe Gef\u00fchlswelt des Lebens mit HIV, mit besonderem Fokus auf das oft \u00fcbersehene Thema der Einsamkeit.<\/p>\n<p><strong>Refracting Red<br \/>\n<\/strong>Unsere Ausstellung erweitert die traditionellen Assoziationen der Farbe Rot mit HIV\/AIDS und l\u00e4dt dich ein, ein breiteres Spektrum an Emotionen und Erfahrungen zu betrachten. Von intimen Momenten der Verbundenheit bis hin zu tief empfundener Isolation untersuchen wir, wie die Farbe Rot eine Vielzahl von Gef\u00fchlen bei Menschen mit HIV hervorrufen kann.<br \/>\nDiese facettenreiche Ausstellung umfasst bildende Kunst, Videoinstallationen, Live-Performances und interaktive R\u00e4ume, die dich dazu einladen, das emotionale Spektrum der HIV-Erfahrung zu erkunden.<br \/>\nDurch die Werke internationaler K\u00fcnstler*innen und lokaler Stimmen schafft \u201eRot erinnert mich\u2026 an Einsamkeit\u201c einen Raum f\u00fcr Reflexion, Austausch und Verbindung.<\/p>\n<p><strong>Einsamkeit im Fokus<\/strong><br \/>\nIm Mittelpunkt unserer Ausstellung steht die Erforschung der Einsamkeit als oft unausgesprochener Aspekt des Lebens mit HIV. Durch bildende Kunst, Film und interaktive Installationen tauchen wir ein in die Isolation, die viele erleben, w\u00e4hrend wir gleichzeitig die Kraft der Gemeinschaft und Verbindung hervorheben.<\/p>\n<p><strong>Program<\/strong><br \/>\n26.11. Dienstag \u2013 FILMS<br \/>\n27.11. Mittwoch\u00a0 \u2013 World AIDS Day Meditation<br \/>\n28.11. Donnerstag \u2013 Opening with performance<br \/>\n29.11. Freitag \u2013 Podium Discussion<br \/>\n30.11. Samstag \u2013 Samuel Perea D\u00edaz<br \/>\n01.12. Sonntag \u2013 Screening VISUAL AIDS<br \/>\n01.12. Sonntag \u2013 Select reading by Nicolaj Tange Lange<\/p>\n\n\t\t<\/div>\n\t<\/div>\n<div class=\"vc_separator wpb_content_element vc_separator_align_center vc_sep_width_100 vc_sep_pos_align_center vc_separator_no_text vc_sep_color_grey wpb_content_element  wpb_content_element\" ><span class=\"vc_sep_holder vc_sep_holder_l\"><span class=\"vc_sep_line\"><\/span><\/span><span class=\"vc_sep_holder vc_sep_holder_r\"><span class=\"vc_sep_line\"><\/span><\/span>\n<\/div>\n\t<div class=\"wpb_text_column wpb_content_element\" >\n\t\t<div class=\"wpb_wrapper\">\n\t\t\t<p><strong>\u00dcber Instinct<\/strong><br \/>\nInstinct.berlin is an art organization that presents exhibitions featuring queer artists biannually at Village, a community center for queer individuals in Berlin. These exhibitions, along with performances and talks, foster interaction between artists and the local community. The residency program allows artists to immerse themselves in Village\u2019s vibrant environment, creating a bridge between their work and the broader queer community. This collaboration enhances the cultural dialogue and supports the development of queer art projects, enriching both the artists and the community at large.<\/p>\n<p>Kindly supported by<br \/>\n<img loading=\"lazy\" decoding=\"async\" class=\"alignnone wp-image-59\" src=\"https:\/\/wearevillage.org\/wp-content\/uploads\/2022\/08\/SenatsverwaltungBerlin.jpg\" alt=\"\" width=\"332\" height=\"132\" srcset=\"https:\/\/wearevillage.org\/wp-content\/uploads\/2022\/08\/SenatsverwaltungBerlin.jpg 405w, https:\/\/wearevillage.org\/wp-content\/uploads\/2022\/08\/SenatsverwaltungBerlin-390x155.jpg 390w, https:\/\/wearevillage.org\/wp-content\/uploads\/2022\/08\/SenatsverwaltungBerlin-300x119.jpg 300w\" sizes=\"auto, (max-width: 332px) 100vw, 332px\" \/><\/p>\n\n\t\t<\/div>\n\t<\/div>\n\n\t<div class=\"wpb_text_column wpb_content_element\" >\n\t\t<div class=\"wpb_wrapper\">\n\t\t\t\n\t\t<\/div>\n\t<\/div>\n<\/div><\/div><\/div><\/div>\n<\/div>","protected":false},"excerpt":{"rendered":"<h5>18:00 \u2013 21:00<br \/>\nEintritt frei<\/h5>\n<p class=\"p1\"><strong>| <span style=\"color: #ec6c23;\">LGBTQIA+<\/span>\u00a0|<\/strong><\/p>\n<p>Anl\u00e4sslich des AIDS-Gedenktages erforscht diese Ausstellung die komplexe emotionale Landschaft des Lebens mit HIV, mit besonderem Fokus auf das oft \u00fcbersehene Thema der Einsamkeit. Diese Ausstellung wird als besondere Beobachtung im Village Berlin abgehalten, die zum Welt-AIDS-Tag 2024 hinf\u00fchrt.<\/p>\n","protected":false},"author":12,"featured_media":18665,"template":"","meta":{"pmpro_default_level":"","inline_featured_image":false},"product_brand":[],"product_cat":[77,769,80],"product_tag":[469],"class_list":{"0":"post-18581","1":"product","2":"type-product","3":"status-publish","4":"has-post-thumbnail","6":"product_cat-community-events","7":"product_cat-kostenloser-zugang","8":"product_cat-queer-matters","9":"product_tag-lgbtqiaplus","10":"pmpro-has-access","12":"first","13":"outofstock","14":"purchasable","15":"product-type-variable"},"wpml_current_locale":"de_DE","wpml_translations":{"en_US":{"locale":"en_US","id":18582,"slug":"world-aids-day-kopie","post_title":"World AIDS Day | Red reminds me of solitude_refracting red_","href":"https:\/\/wearevillage.org\/en\/shop\/village-aids-day\/w48-2024"}},"language":{"code":"de","locale":"","name":"","is_rtl":false},"_links":{"self":[{"href":"https:\/\/wearevillage.org\/wp-json\/wp\/v2\/product\/18581","targetHints":{"allow":["GET"]}}],"collection":[{"href":"https:\/\/wearevillage.org\/wp-json\/wp\/v2\/product"}],"about":[{"href":"https:\/\/wearevillage.org\/wp-json\/wp\/v2\/types\/product"}],"author":[{"embeddable":true,"href":"https:\/\/wearevillage.org\/wp-json\/wp\/v2\/users\/12"}],"wp:featuredmedia":[{"embeddable":true,"href":"https:\/\/wearevillage.org\/wp-json\/wp\/v2\/media\/18665"}],"wp:attachment":[{"href":"https:\/\/wearevillage.org\/wp-json\/wp\/v2\/media?parent=18581"}],"wp:term":[{"taxonomy":"product_brand","embeddable":true,"href":"https:\/\/wearevillage.org\/wp-json\/wp\/v2\/product_brand?post=18581"},{"taxonomy":"product_cat","embeddable":true,"href":"https:\/\/wearevillage.org\/wp-json\/wp\/v2\/product_cat?post=18581"},{"taxonomy":"product_tag","embeddable":true,"href":"https:\/\/wearevillage.org\/wp-json\/wp\/v2\/product_tag?post=18581"}],"curies":[{"name":"wp","href":"https:\/\/api.w.org\/{rel}","templated":true}]}}