{"id":18750,"date":"2024-10-30T22:15:09","date_gmt":"2024-10-30T21:15:09","guid":{"rendered":"https:\/\/wearevillage.org\/?post_type=product&#038;p=18750"},"modified":"2024-10-30T22:53:31","modified_gmt":"2024-10-30T21:53:31","slug":"world-aids-day-day-without-art-2023-everyone-i-know-is-sick-copy","status":"publish","type":"product","link":"https:\/\/wearevillage.org\/shop\/village-aids-day\/w48-2-2024\/","title":{"rendered":"Day With(out) Art 2024: Red Reminds Me\u2026"},"content":{"rendered":"<div class=\"wpb-content-wrapper\"><div class=\"vc_row wpb_row vc_row-fluid\"><div class=\"wpb_column vc_column_container vc_col-sm-12\"><div class=\"vc_column-inner\"><div class=\"wpb_wrapper\"><h4 style=\"text-align: left\" class=\"vc_custom_heading vc_do_custom_heading\" >World AIDS Day \/ Day With(out) Art 2024: Red Reminds Me\u2026<\/h4><h5 style=\"text-align: left\" class=\"vc_custom_heading vc_do_custom_heading\" >In collaboration with Visual AIDS* & hosted by Marcelo Alves<\/h5>\n\t<div class=\"wpb_text_column wpb_content_element\" >\n\t\t<div class=\"wpb_wrapper\">\n\t\t\t<p>Am Welt-AIDS-Tag und zum Abschluss einer f\u00fcnft\u00e4gigen Beobachtung von HIV\/AIDS veranstaltet Village Berlin eine besondere Zeremonie, um sich um Themen im Zusammenhang mit HIV und AIDS zu vereinen. Die Veranstaltung umfasst das gemeinsame Erstellen eines Altars, das Abhalten einer kleinen Zeremonie, gefolgt von einem Filmprogramm von Visual AIDS.<\/p>\n<p>F\u00fcr den Altar werden die Teilnehmer ermutigt, alles mitzubringen, was mit dem Thema HIV\/AIDS, Krankheit, Genesung und Gedeihen in Bezug auf die Farbe Rot zu tun hat, ein von Visual AIDS initiiertes Thema. Dieser Altar soll jegliche pers\u00f6nliche Erfahrung mit HIV und AIDS zum Ausdruck bringen.<\/p>\n<p>Nach dem Altar werden wir als Gruppe einige Momente der Stille halten und dann den Raum f\u00fcr pers\u00f6nliche Reflexionen \u00f6ffnen. Die Teilnehmer werden ausdr\u00fccklich ermutigt, sich in jeder Kapazit\u00e4t zu beteiligen. Unter Bezugnahme auf das Thema von Visual AIDS zur Farbe Rot als Ausgangspunkt werden alle Stimmen gleichberechtigt behandelt. Sei es Verlust, Trauer, Wut, Aktivismus, Gleichg\u00fcltigkeit oder sogar historisches Interesse, keine Stimme soll ungeh\u00f6rt bleiben.<\/p>\n<p><span style=\"text-decoration: underline;\"><strong>PROGRAMM<\/strong><\/span><\/p>\n<p><strong>\u2022 open circle by Marcelo Alves<\/strong><\/p>\n<p><strong>\u2022 Reading performance by Nikolaj Tange Lange<br \/>\n<\/strong>Like many kids growing up i the Eighties, Nikolaj Tange Lange knew that sex could kill him, before he even knew what sex was. He\u2019ll be reading to us a chapter from his novel Romeo & Seahorse in which he reflects on testing positive in 2007, in a period of change when it wasn\u2019t so much the virus that was the issue, as is was the history and the stigma around it.<strong><br \/>\n<\/strong><\/p>\n<p><strong>\u2022 \u201eRed Reminds Me\u2026\u201c wird neu in Auftrag gegebene Kurzvideos von K\u00fcnstlern aus der ganzen Welt pr\u00e4sentieren:<br \/>\n_ Gian Cruz (Philippinen) <\/strong><strong>_ Milko Delgado (Panama) _ \u00a0Imani Harrington (USA)<br \/>\n_ David Oscar Harvey (USA) _ Mariana Iacono und Juan De La Mar (Argentinien\/Kolumbien) _ Nixie (Belgien) _ Vasilios Papapitsios (USA)<\/strong><\/p>\n<p><strong>\u2022 Closing<\/strong><\/p>\n\n\t\t<\/div>\n\t<\/div>\n\n\t<div class=\"wpb_text_column wpb_content_element\" >\n\t\t<div class=\"wpb_wrapper\">\n\t\t\t\n\t\t<\/div>\n\t<\/div>\n<\/div><\/div><\/div><\/div>\n<\/div>","protected":false},"excerpt":{"rendered":"<h5>World AIDS Day<br \/>\n15:00 \u2013 20:00<br \/>\nEintritt frei<\/h5>\n<p class=\"p1\"><strong>| <span style=\"color: #ec6c23;\">LGBTQIA+<\/span>\u00a0|<\/strong><\/p>\n<p>Am Welt-AIDS-Tag und zum Abschluss einer f\u00fcnft\u00e4gigen Beobachtung von HIV\/AIDS veranstaltet Village Berlin eine besondere Zeremonie, um sich um Themen im Zusammenhang mit HIV und AIDS zu vereinen. Die Veranstaltung umfasst das gemeinsame Erstellen eines Altars, das Abhalten einer kleinen Zeremonie, gefolgt von einem Filmprogramm von Visual AIDS.<\/p>\n","protected":false},"author":12,"featured_media":18753,"template":"","meta":{"pmpro_default_level":"","inline_featured_image":false},"product_brand":[],"product_cat":[77,769,80],"product_tag":[469],"class_list":{"0":"post-18750","1":"product","2":"type-product","3":"status-publish","4":"has-post-thumbnail","6":"product_cat-community-events","7":"product_cat-kostenloser-zugang","8":"product_cat-queer-matters","9":"product_tag-lgbtqiaplus","10":"pmpro-has-access","12":"first","13":"outofstock","14":"purchasable","15":"product-type-variable"},"wpml_current_locale":"de_DE","wpml_translations":{"en_US":{"locale":"en_US","id":18751,"slug":"world-aids-day-copy","post_title":"Day With(out) Art 2024: Red Reminds Me\u2026","href":"https:\/\/wearevillage.org\/en\/shop\/village-aids-day\/w48-2-2024"}},"language":{"code":"de","locale":"","name":"","is_rtl":false},"_links":{"self":[{"href":"https:\/\/wearevillage.org\/wp-json\/wp\/v2\/product\/18750","targetHints":{"allow":["GET"]}}],"collection":[{"href":"https:\/\/wearevillage.org\/wp-json\/wp\/v2\/product"}],"about":[{"href":"https:\/\/wearevillage.org\/wp-json\/wp\/v2\/types\/product"}],"author":[{"embeddable":true,"href":"https:\/\/wearevillage.org\/wp-json\/wp\/v2\/users\/12"}],"wp:featuredmedia":[{"embeddable":true,"href":"https:\/\/wearevillage.org\/wp-json\/wp\/v2\/media\/18753"}],"wp:attachment":[{"href":"https:\/\/wearevillage.org\/wp-json\/wp\/v2\/media?parent=18750"}],"wp:term":[{"taxonomy":"product_brand","embeddable":true,"href":"https:\/\/wearevillage.org\/wp-json\/wp\/v2\/product_brand?post=18750"},{"taxonomy":"product_cat","embeddable":true,"href":"https:\/\/wearevillage.org\/wp-json\/wp\/v2\/product_cat?post=18750"},{"taxonomy":"product_tag","embeddable":true,"href":"https:\/\/wearevillage.org\/wp-json\/wp\/v2\/product_tag?post=18750"}],"curies":[{"name":"wp","href":"https:\/\/api.w.org\/{rel}","templated":true}]}}