{"id":19033,"date":"2024-11-07T11:58:42","date_gmt":"2024-11-07T10:58:42","guid":{"rendered":"https:\/\/wearevillage.org\/?post_type=product&#038;p=19033"},"modified":"2025-01-06T12:50:20","modified_gmt":"2025-01-06T11:50:20","slug":"queer-crip-community-building-lernen","status":"publish","type":"product","link":"https:\/\/wearevillage.org\/shop\/queer-crip-community-building\/w51-2024\/","title":{"rendered":"Queer Crip Community Building Lernen"},"content":{"rendered":"<div class=\"wpb-content-wrapper\"><div class=\"vc_row wpb_row vc_row-fluid\"><div class=\"wpb_column vc_column_container vc_col-sm-12\"><div class=\"vc_column-inner\"><div class=\"wpb_wrapper\"><h4 style=\"text-align: left\" class=\"vc_custom_heading vc_do_custom_heading\" >Queer Crip Community Building Lernen<\/h4><h5 style=\"text-align: left\" class=\"vc_custom_heading vc_do_custom_heading\" >mit Breand\u00e1n Drewes<\/h5>\n\t<div class=\"wpb_text_column wpb_content_element\" >\n\t\t<div class=\"wpb_wrapper\">\n\t\t\t<p>Im \u00f6ffentlichen Diskurs \u00fcber Diskriminierungs- und Marginalisierungserfahrungen der LSBTIQA+ Community mangelt es oftmals an einem Bewusstsein f\u00fcr die Perspektiven von mehrfachmarginalisierten (intersektional) Mitgliedern. Auch wenn dahingehend \u00fcber die letzten Jahre und Jahrzehnte innerhalb der Gro\u00dfcommunity Fortschritte erzielt wurden, bilden insbesondere die Lebenswelten von Queers, die behindert sind \/ werden, chronische Erkrankungen haben oder sich als neurodivergent verstehen allenfalls ein Nischenthema in dieser Auseinandersetzung.<br \/>\nUm dieser Problematik entgegenzuwirken, sollen bei dieser Veranstaltung die Erfahrungen von Queers, die von Ableismus betroffen sind, zentriert werden.<br \/>\nWie k\u00f6nnen wir eine Community \u201ebauen\u201c, die inklusiver ist und in der mehrfachmarginaliserte Menschen sich zugeh\u00f6rig(er) f\u00fchlen k\u00f6nnen, um intersektional bedingter Einsamkeit entgegenzuwirken?<br \/>\nDa die Thematik Behinderung \/ Chronische Erkrankung potentiell jeden Menschen im Laufe des Lebens betreffen kann, sind alle herzlich eingeladen an der Veranstaltung teilzunehmen.<\/p>\n<p>Es wird einen Vortrag mit anschlie\u00dfender Diskussion geben.<\/p>\n<p>Um eine gelingende, weniger angstbehaftete Diskussion zu erm\u00f6glichen, kann zur Vorbereitung ein Text zu\u00a0<em>safer <\/em>und <em>braver spaces <\/em>freiwillig gelesen werden, der unter diesem<strong> <a href=\"https:\/\/interventionen.dissens.de\/angebote\/termine-news\/detail\/verletzlichkeit-bildungsarbeit-safer-und-braver-spaces\">Link<\/a> <\/strong>abrufbar ist. Zu empfehlen ist auch diese <strong><a href=\"https:\/\/open.spotify.com\/episode\/3BYuukgPv0cLG8jWueR7QL?si=33259f881c4f4aa1\">dreiteilige Podcastreihe<\/a><\/strong> zu Emotionen im Rahmen zu Lernen zu Diskriminierung (Folgen #12, #13, #14).<\/p>\n\n\t\t<\/div>\n\t<\/div>\n<div class=\"vc_separator wpb_content_element vc_separator_align_center vc_sep_width_100 vc_sep_pos_align_center vc_separator_no_text vc_sep_color_grey wpb_content_element  wpb_content_element\" ><span class=\"vc_sep_holder vc_sep_holder_l\"><span class=\"vc_sep_line\"><\/span><\/span><span class=\"vc_sep_holder vc_sep_holder_r\"><span class=\"vc_sep_line\"><\/span><\/span>\n<\/div>\n\t<div class=\"wpb_text_column wpb_content_element\" >\n\t\t<div class=\"wpb_wrapper\">\n\t\t\t<p><img loading=\"lazy\" decoding=\"async\" class=\"wp-image-19038 alignleft\" src=\"https:\/\/wearevillage.org\/wp-content\/uploads\/2024\/11\/IMG_20240113_230428_778-e1730979908244.webp\" alt=\"\" width=\"160\" height=\"178\" srcset=\"https:\/\/wearevillage.org\/wp-content\/uploads\/2024\/11\/IMG_20240113_230428_778-e1730979908244.webp 1782w, https:\/\/wearevillage.org\/wp-content\/uploads\/2024\/11\/IMG_20240113_230428_778-e1730979908244-270x300.webp 270w, https:\/\/wearevillage.org\/wp-content\/uploads\/2024\/11\/IMG_20240113_230428_778-e1730979908244-922x1024.webp 922w, https:\/\/wearevillage.org\/wp-content\/uploads\/2024\/11\/IMG_20240113_230428_778-e1730979908244-135x150.webp 135w, https:\/\/wearevillage.org\/wp-content\/uploads\/2024\/11\/IMG_20240113_230428_778-e1730979908244-768x853.webp 768w, https:\/\/wearevillage.org\/wp-content\/uploads\/2024\/11\/IMG_20240113_230428_778-e1730979908244-1382x1536.webp 1382w, https:\/\/wearevillage.org\/wp-content\/uploads\/2024\/11\/IMG_20240113_230428_778-e1730979908244-624x693.webp 624w, https:\/\/wearevillage.org\/wp-content\/uploads\/2024\/11\/IMG_20240113_230428_778-e1730979908244-390x433.webp 390w, https:\/\/wearevillage.org\/wp-content\/uploads\/2024\/11\/IMG_20240113_230428_778-e1730979908244-600x667.webp 600w\" sizes=\"auto, (max-width: 160px) 100vw, 160px\" \/><strong>Breand\u00e1n Drewes<\/strong> ist Sozialarbeiter und Sozialp\u00e4dagoge mit einem Bachelorabschluss in Sozialer Arbeit von der ASH Berlin. Zus\u00e4tzlich hat er eine Weiterbildung zum Sexualp\u00e4dagogen an der BiKo Berlin absolviert.<\/p>\n\n\t\t<\/div>\n\t<\/div>\n<div class=\"vc_separator wpb_content_element vc_separator_align_center vc_sep_width_100 vc_sep_pos_align_center vc_separator_no_text vc_sep_color_grey vc_custom_1730979684528 wpb_content_element  vc_custom_1730979684528 wpb_content_element\" ><span class=\"vc_sep_holder vc_sep_holder_l\"><span class=\"vc_sep_line\"><\/span><\/span><span class=\"vc_sep_holder vc_sep_holder_r\"><span class=\"vc_sep_line\"><\/span><\/span>\n<\/div>\n\t<div class=\"wpb_text_column wpb_content_element\" >\n\t\t<div class=\"wpb_wrapper\">\n\t\t\t<p><span style=\"text-decoration: underline;\"><strong>Hinweise<br \/>\n<\/strong><\/span><strong>Barrierefreiheit<\/strong>: Damit alle Interessierten die M\u00f6glichkeit haben, am Event teilzunehmen, sind wir bereit, besondere Bed\u00fcrfnisse oder Anliegen zu ber\u00fccksichtigen und gegebenenfalls nach unseren M\u00f6glichkeiten zu erf\u00fcllen. Es stehen eine barrierearme Toilette sowie eine mobile Rampe f\u00fcr den barrierearmen Zugang zu den R\u00e4umlichkeiten zur Verf\u00fcgung. Au\u00dferdem sind im Raum verschiedene Typen von Sitzgelegenheiten (Holzst\u00fchle, gepolsterte Sessel) vorhanden.<br \/>\n<strong>Sprache<\/strong>: Diese Veranstaltung wird auf Deutsch stattfinden. Wir sind bereit, Geb\u00e4rdensprachdolmetschung bereitzustellen. Daf\u00fcr ben\u00f6tigen wir jedoch bis zum 10. Dezember eine Benachrichtigung an <strong><a class=\"_ps2id\" href=\"mailto:events@wearevillage.org\" data-ps2id-offset=\"\">events@wearevillage.org<\/a><\/strong> von denjenigen, die die \u00dcbersetzung ben\u00f6tigen.<\/p>\n\n\t\t<\/div>\n\t<\/div>\n<\/div><\/div><\/div><\/div>\n<\/div>","protected":false},"excerpt":{"rendered":"<h5>Freitag<br \/>\n19:00 \u2013 21:00<\/h5>\n<h5><strong style=\"font-size: 16px;\">| <span style=\"color: #ec6c23;\">LGBTQIA+ <\/span>|<\/strong><\/h5>\n<div class=\"x11i5rnm xat24cr x1mh8g0r x1vvkbs xtlvy1s\">\n<div class=\"x11i5rnm xat24cr x1mh8g0r x1vvkbs xtlvy1s\">\n<p>Auf dieser Veranstaltung sollen insbesondere die Perspektiven von Queer Crips, d.h. Menschen, die sich als queer & behindert, neurodivergent, chronisch krank, als von Ableismus betroffen verstehen, zentriert werden, um dieser Exklusion entgegenzuwirken und einen Prozess des sozialen Wandels in der Gro\u00dfcommunity anzusto\u00dfen.<\/p>\n<\/div>\n<\/div>\n","protected":false},"author":12,"featured_media":19298,"template":"","meta":{"pmpro_default_level":"","inline_featured_image":false},"product_brand":[],"product_cat":[134,769],"product_tag":[469],"class_list":{"0":"post-19033","1":"product","2":"type-product","3":"status-publish","4":"has-post-thumbnail","6":"product_cat-einmalige-events","7":"product_cat-kostenloser-zugang","8":"product_tag-lgbtqiaplus","9":"pmpro-has-access","11":"first","12":"outofstock","13":"purchasable","14":"product-type-variable"},"wpml_current_locale":"de_DE","wpml_translations":{"en_US":{"locale":"en_US","id":19034,"slug":"panel-discussion-loneliness-in-the-queer-community-kopie-3","post_title":"Learning Queer Crip Community Building","href":"https:\/\/wearevillage.org\/en\/shop\/queer-crip-community-building\/w51-2024"}},"language":{"code":"de","locale":"","name":"","is_rtl":false},"_links":{"self":[{"href":"https:\/\/wearevillage.org\/wp-json\/wp\/v2\/product\/19033","targetHints":{"allow":["GET"]}}],"collection":[{"href":"https:\/\/wearevillage.org\/wp-json\/wp\/v2\/product"}],"about":[{"href":"https:\/\/wearevillage.org\/wp-json\/wp\/v2\/types\/product"}],"author":[{"embeddable":true,"href":"https:\/\/wearevillage.org\/wp-json\/wp\/v2\/users\/12"}],"wp:featuredmedia":[{"embeddable":true,"href":"https:\/\/wearevillage.org\/wp-json\/wp\/v2\/media\/19298"}],"wp:attachment":[{"href":"https:\/\/wearevillage.org\/wp-json\/wp\/v2\/media?parent=19033"}],"wp:term":[{"taxonomy":"product_brand","embeddable":true,"href":"https:\/\/wearevillage.org\/wp-json\/wp\/v2\/product_brand?post=19033"},{"taxonomy":"product_cat","embeddable":true,"href":"https:\/\/wearevillage.org\/wp-json\/wp\/v2\/product_cat?post=19033"},{"taxonomy":"product_tag","embeddable":true,"href":"https:\/\/wearevillage.org\/wp-json\/wp\/v2\/product_tag?post=19033"}],"curies":[{"name":"wp","href":"https:\/\/api.w.org\/{rel}","templated":true}]}}