{"id":19255,"date":"2024-11-22T15:25:16","date_gmt":"2024-11-22T14:25:16","guid":{"rendered":"https:\/\/wearevillage.org\/?post_type=product&#038;p=19255"},"modified":"2024-11-22T16:45:18","modified_gmt":"2024-11-22T15:45:18","slug":"zuhoeren-zu-archiven-klang-und-zeugnisse-von-hiv-aids","status":"publish","type":"product","link":"https:\/\/wearevillage.org\/shop\/village-aids-day-talk\/w48-2024\/","title":{"rendered":"Zuh\u00f6ren zu Archiven: Klang und Zeugnisse von HIV\/AIDS"},"content":{"rendered":"<div class=\"wpb-content-wrapper\"><div class=\"vc_row wpb_row vc_row-fluid\"><div class=\"wpb_column vc_column_container vc_col-sm-12\"><div class=\"vc_column-inner\"><div class=\"wpb_wrapper\"><h4 style=\"text-align: left\" class=\"vc_custom_heading vc_do_custom_heading\" >Zuh\u00f6ren zu Archiven: Klang und Zeugnisse von HIV\/AIDS<\/h4><h5 style=\"text-align: left\" class=\"vc_custom_heading vc_do_custom_heading\" >K\u00fcnstlergespr\u00e4ch mit Samuel Perea-D\u00edaz<\/h5>\n\t<div class=\"wpb_text_column wpb_content_element\" >\n\t\t<div class=\"wpb_wrapper\">\n\t\t\t<p>Die Forschung von Samuel Perea-D\u00edaz konzentriert sich auf Klangarbeiten, die w\u00e4hrend der ersten Welle der HIV\/AIDS-Epidemie produziert wurden. Die k\u00fcnstlerische Forschung untersucht aufmerksames H\u00f6ren als eine Form der Empathie, erkennt jedoch auch die Geschichte der Kunst und ihrer Kl\u00e4nge in ihrer spezifischen Beziehung zur HIV\/AIDS-Krise an.<\/p>\n<p>Begleitet uns uns zu einem aufschlussreichen K\u00fcnstlergespr\u00e4ch mit dem K\u00fcnstler und Forscher Samuel Perea-D\u00edaz. Dieses Gespr\u00e4ch teilt Reflexionen \u00fcber Praktiken des Zuh\u00f6rens zu Archiven von HIV\/AIDS.<\/p>\n<p>Die F\u00fchrung konzentriert sich auf die individuellen und kollektiven Zeugnisse, die in klangorientierte Kunstwerke aus den sp\u00e4ten 80er- und 90er-Jahren eingebettet sind. W\u00e4hrend der Pr\u00e4sentation werden Fragen der Klangbewahrung sowie Konzepte des H\u00f6rens und des Geh\u00f6rtwerdens im Hinblick auf die Auswirkungen der HIV\/AIDS-Epidemie auf die Klangkunst diskutiert.<\/p>\n<p>Die Pr\u00e4sentation wird folgende Themen behandeln:<\/p>\n<p><strong>Klang als Zeugnis<br \/>\n<\/strong>Die Kraft auditiver Archive zur Bewahrung von HIV\/AIDS-Erz\u00e4hlungen<br \/>\nIndividuelle und kollektive Stimmen, die in Klangkunstwerken eingebettet sind<br \/>\nDas Konzept des aufmerksamen H\u00f6rens als eine Form der Empathie<\/p>\n<p><strong>Archivpraktiken und Bewahrung<br \/>\n<\/strong>Herausforderungen und Methoden der Klangbewahrung<br \/>\nDie Bedeutung der Aufbewahrung von Audioaufzeichnungen der HIV\/AIDS-Krise<\/p>\n<p><strong>Klangkunst und die HIV\/AIDS-Epidemie<br \/>\n<\/strong>Die Beziehung zwischen Klangkunst und der ersten Welle der HIV\/AIDS-Epidemie<br \/>\nWie K\u00fcnstler Klang nutzten, um die Auswirkungen der Krise zu signalisieren<br \/>\nDie Entwicklung von H\u00f6ren und Geh\u00f6rtwerden im Kontext von HIV\/AIDS<\/p>\n<p><strong>Samuel Perea-D\u00edaz<\/strong> ist ein interdisziplin\u00e4rer K\u00fcnstler, Forscher und Dozent. Seine Praxis umfasst Architektur, Kuratierung und Klangkunst. Dieses Gespr\u00e4ch ist Teil von Samuels laufender Doktorandenforschung in Bildender Kunst an der Universidad Complutense in Madrid.<\/p>\n<p>Die Pr\u00e4sentation wird mit einer Frage- und Antwortrunde abschlie\u00dfen, bei der die Teilnehmer direkt mit dem K\u00fcnstler in Kontakt treten und tiefer in diese faszinierende Schnittstelle von Kunst, Klang und sozialer Geschichte eintauchen k\u00f6nnen.<\/p>\n<p>Diese Veranstaltung ist Teil des AIDS-Memorial-Ausstellungsprogramms von Instinct Berlin, das dem Gedenken an von AIDS betroffene Leben gewidmet ist und Fortschritte in Bewusstsein und Behandlung feiert. Sie baut auf Samuels fr\u00fcherem kuratorischen Projekt \u201eAn AIDS Walkthrough\u201c auf, das in Zusammenarbeit mit Eric Le Rouge bei WeAreVillage f\u00fcr Instinct #12 produziert wurde.<\/p>\n<p>Begleitet uns bei dieser einzigartigen Erkundung von Klang, Erinnerung und den bleibenden Auswirkungen der HIV\/AIDS-Epidemie auf Kunst und Gesellschaft.<\/p>\n<p>Diese Veranstaltung wird von Instinct Berlin und Gemeinschaftspartnern unterst\u00fctzt.<\/p>\n\n\t\t<\/div>\n\t<\/div>\n<div class=\"vc_separator wpb_content_element vc_separator_align_center vc_sep_width_100 vc_sep_pos_align_center vc_separator_no_text vc_sep_color_grey wpb_content_element  wpb_content_element\" ><span class=\"vc_sep_holder vc_sep_holder_l\"><span class=\"vc_sep_line\"><\/span><\/span><span class=\"vc_sep_holder vc_sep_holder_r\"><span class=\"vc_sep_line\"><\/span><\/span>\n<\/div>\n\t<div class=\"wpb_text_column wpb_content_element\" >\n\t\t<div class=\"wpb_wrapper\">\n\t\t\t<p><strong>\u00dcber Instinct<\/strong><br \/>\n<strong><a href=\"https:\/\/www.instinct.berlin\/\">Instinct.berlin<\/a><\/strong> is an art organization that presents exhibitions featuring queer artists biannually at Village, a community center for queer individuals in Berlin. These exhibitions, along with performances and talks, foster interaction between artists and the local community. The residency program allows artists to immerse themselves in Village\u2019s vibrant environment, creating a bridge between their work and the broader queer community. This collaboration enhances the cultural dialogue and supports the development of queer art projects, enriching both the artists and the community at large.<\/p>\n<p>Kindly supported by<br \/>\n<img loading=\"lazy\" decoding=\"async\" class=\"alignnone wp-image-59\" src=\"https:\/\/wearevillage.org\/wp-content\/uploads\/2022\/08\/SenatsverwaltungBerlin.jpg\" alt=\"\" width=\"332\" height=\"132\" srcset=\"https:\/\/wearevillage.org\/wp-content\/uploads\/2022\/08\/SenatsverwaltungBerlin.jpg 405w, https:\/\/wearevillage.org\/wp-content\/uploads\/2022\/08\/SenatsverwaltungBerlin-390x155.jpg 390w, https:\/\/wearevillage.org\/wp-content\/uploads\/2022\/08\/SenatsverwaltungBerlin-300x119.jpg 300w\" sizes=\"auto, (max-width: 332px) 100vw, 332px\" \/><\/p>\n\n\t\t<\/div>\n\t<\/div>\n\n\t<div class=\"wpb_text_column wpb_content_element\" >\n\t\t<div class=\"wpb_wrapper\">\n\t\t\t\n\t\t<\/div>\n\t<\/div>\n<\/div><\/div><\/div><\/div>\n<\/div>","protected":false},"excerpt":{"rendered":"<h5>17:00 \u2013 18:00<br \/>\nEintritt frei<\/h5>\n<p><strong>K\u00fcnstlergespr\u00e4ch mit Samuel Perea-D\u00edaz<\/strong><\/p>\n<p class=\"p1\"><strong>| <span style=\"color: #ec6c23;\">LGBTQIA+<\/span>\u00a0|<\/strong><\/p>\n<p>Der K\u00fcnstler und Forscher Samuel Perea-D\u00edaz Einblicke und Reflexionen \u00fcber Praktiken des Zuh\u00f6rens zu Archiven von HIV\/AIDS. Das Gespr\u00e4ch konzentriert sich auf die individuellen und kollektiven Zeugnisse, die in klangorientierten Kunstwerken aus den sp\u00e4ten 80er- und 90er-Jahren eingebettet sind.<\/p>\n","protected":false},"author":12,"featured_media":19259,"template":"","meta":{"pmpro_default_level":"","inline_featured_image":false},"product_brand":[],"product_cat":[77,76,769],"product_tag":[469],"class_list":{"0":"post-19255","1":"product","2":"type-product","3":"status-publish","4":"has-post-thumbnail","6":"product_cat-community-events","7":"product_cat-ausstellung","8":"product_cat-kostenloser-zugang","9":"product_tag-lgbtqiaplus","10":"pmpro-has-access","12":"first","13":"outofstock","14":"purchasable","15":"product-type-variable"},"wpml_current_locale":"de_DE","wpml_translations":{"en_US":{"locale":"en_US","id":19256,"slug":"world-aids-day-red-reminds-me-of-solitude_refracting-red_-kopie","post_title":"Listening to Archives: Sound and Testimonies of HIV\/AIDS","href":"https:\/\/wearevillage.org\/en\/shop\/village-aids-day-talk\/w48-2024"}},"language":{"code":"de","locale":"","name":"","is_rtl":false},"_links":{"self":[{"href":"https:\/\/wearevillage.org\/wp-json\/wp\/v2\/product\/19255","targetHints":{"allow":["GET"]}}],"collection":[{"href":"https:\/\/wearevillage.org\/wp-json\/wp\/v2\/product"}],"about":[{"href":"https:\/\/wearevillage.org\/wp-json\/wp\/v2\/types\/product"}],"author":[{"embeddable":true,"href":"https:\/\/wearevillage.org\/wp-json\/wp\/v2\/users\/12"}],"wp:featuredmedia":[{"embeddable":true,"href":"https:\/\/wearevillage.org\/wp-json\/wp\/v2\/media\/19259"}],"wp:attachment":[{"href":"https:\/\/wearevillage.org\/wp-json\/wp\/v2\/media?parent=19255"}],"wp:term":[{"taxonomy":"product_brand","embeddable":true,"href":"https:\/\/wearevillage.org\/wp-json\/wp\/v2\/product_brand?post=19255"},{"taxonomy":"product_cat","embeddable":true,"href":"https:\/\/wearevillage.org\/wp-json\/wp\/v2\/product_cat?post=19255"},{"taxonomy":"product_tag","embeddable":true,"href":"https:\/\/wearevillage.org\/wp-json\/wp\/v2\/product_tag?post=19255"}],"curies":[{"name":"wp","href":"https:\/\/api.w.org\/{rel}","templated":true}]}}