{"id":19261,"date":"2024-11-22T16:46:18","date_gmt":"2024-11-22T15:46:18","guid":{"rendered":"https:\/\/wearevillage.org\/?post_type=product&#038;p=19261"},"modified":"2024-11-22T17:31:20","modified_gmt":"2024-11-22T16:31:20","slug":"aids-memorial-kuratorische-fuehrung","status":"publish","type":"product","link":"https:\/\/wearevillage.org\/shop\/village-aids-day-curatorial-tour\/w48-2024\/","title":{"rendered":"AIDS Memorial | Kuratorische F\u00fchrung"},"content":{"rendered":"<div class=\"wpb-content-wrapper\"><div class=\"vc_row wpb_row vc_row-fluid\"><div class=\"wpb_column vc_column_container vc_col-sm-12\"><div class=\"vc_column-inner\"><div class=\"wpb_wrapper\"><h4 style=\"text-align: left\" class=\"vc_custom_heading vc_do_custom_heading\" >Kuratorische F\u00fchrung: AIDS Memorial Ausstellung<\/h4><h5 style=\"text-align: left\" class=\"vc_custom_heading vc_do_custom_heading\" >mit David Aaron Schwartz und Eric LeRouge<\/h5>\n\t<div class=\"wpb_text_column wpb_content_element\" >\n\t\t<div class=\"wpb_wrapper\">\n\t\t\t<p>Begleiten Sie uns zu einer pers\u00f6nlichen kuratorischen F\u00fchrung durch die AIDS Memorial Ausstellung, geleitet von den Kuratoren David Aaron Schwartz und Eric LeRouge. Mit seiner umfangreichen Erfahrung aus Jahrzehnten in der Musikindustrie wird Schwartz die Besucher durch die Ausstellung f\u00fchren und dabei einzigartige Perspektiven auf ausgew\u00e4hlte Kunstwerke und deren Bedeutung f\u00fcr ihn teilen; er wird zentrale Werke der Ausstellung hervorheben. Eric LeRouge wird im Dialog dabei sein und seine pers\u00f6nlichen Ansichten sowie seine eigene Reise durch die AIDS Memorial Ausstellung teilen. Beide Kuratoren werden ihre Auswahl und deren Relevanz im Kontext des AIDS Memorial-Themas erl\u00e4utern.<\/p>\n<p>Schwartz\u2018 Expertise im Bereich Film und Medien bietet einen einzigartigen Blickwinkel auf die Ausstellung, wobei der Fokus besonders auf Video-Installationen und multimedialen Arbeiten liegt. Sein Ansatz wird die Macht des visuellen Erz\u00e4hlens betonen, um komplexe emotionale und soziale Themen rund um HIV\/AIDS anzusprechen.<\/p>\n<p>Diese F\u00fchrung bietet eine hervorragende Gelegenheit, ein tieferes Verst\u00e4ndnis f\u00fcr die Themen der Ausstellung zu gewinnen, einschlie\u00dflich Erinnerung, gemeinschaftliche Resilienz und die sich entwickelnde Erz\u00e4hlung von HIV\/AIDS in Kunst und Gesellschaft.<\/p>\n<p>Die F\u00fchrung beginnt um 15:30 Uhr.<\/p>\n<p>Diese Veranstaltung ist Teil des AIDS Memorial-Ausstellungsprogramms von Instinct Berlin und wird von unseren Gemeinschaftspartnern unterst\u00fctzt.<\/p>\n\n\t\t<\/div>\n\t<\/div>\n<div class=\"vc_separator wpb_content_element vc_separator_align_center vc_sep_width_100 vc_sep_pos_align_center vc_separator_no_text vc_sep_color_grey wpb_content_element  wpb_content_element\" ><span class=\"vc_sep_holder vc_sep_holder_l\"><span class=\"vc_sep_line\"><\/span><\/span><span class=\"vc_sep_holder vc_sep_holder_r\"><span class=\"vc_sep_line\"><\/span><\/span>\n<\/div>\n\t<div class=\"wpb_text_column wpb_content_element\" >\n\t\t<div class=\"wpb_wrapper\">\n\t\t\t<p><strong>Zugeh\u00f6rigkeit, Unterst\u00fctzung und M\u00f6glichkeiten f\u00fcr queere internationale K\u00fcnstler*innen<\/strong><\/p>\n<p>In Kooperation mit der <strong>Senatsverwaltung f\u00fcr Kultur und Gesellschaftlichen Zusammenhalt<\/strong> hat sich <strong>we are village | queer matters <\/strong>zum Ziel gesetzt, im Jahr 2024 ein Veranstaltungsprogramm anzubieten, das queeren K\u00fcnstlerinnen und K\u00fcnstlern mit Migrationshintergrund erm\u00f6glicht, in der Berliner Kunstszene Fu\u00df zu fassen.<\/p>\n<p><img loading=\"lazy\" decoding=\"async\" class=\"alignnone wp-image-59\" src=\"https:\/\/wearevillage.org\/wp-content\/uploads\/2022\/08\/SenatsverwaltungBerlin.jpg\" alt=\"\" width=\"332\" height=\"132\" srcset=\"https:\/\/wearevillage.org\/wp-content\/uploads\/2022\/08\/SenatsverwaltungBerlin.jpg 405w, https:\/\/wearevillage.org\/wp-content\/uploads\/2022\/08\/SenatsverwaltungBerlin-390x155.jpg 390w, https:\/\/wearevillage.org\/wp-content\/uploads\/2022\/08\/SenatsverwaltungBerlin-300x119.jpg 300w\" sizes=\"auto, (max-width: 332px) 100vw, 332px\" \/><\/p>\n\n\t\t<\/div>\n\t<\/div>\n\n\t<div class=\"wpb_text_column wpb_content_element\" >\n\t\t<div class=\"wpb_wrapper\">\n\t\t\t\n\t\t<\/div>\n\t<\/div>\n<\/div><\/div><\/div><\/div>\n<\/div>","protected":false},"excerpt":{"rendered":"<h5>15:00 \u2013 16:00<br \/>\nEintritt frei<\/h5>\n<p class=\"p1\"><strong>| <span style=\"color: #ec6c23;\">LGBTQIA+<\/span>\u00a0|<\/strong><\/p>\n<p>Eine pers\u00f6nliche kuratorische F\u00fchrung durch die AIDS Memorial Ausstellung, geleitet von den Kuratoren David Aaron Schwartz und Eric LeRouge<\/p>\n","protected":false},"author":12,"featured_media":18665,"template":"","meta":{"pmpro_default_level":"","inline_featured_image":false},"product_brand":[],"product_cat":[77,76,769],"product_tag":[469],"class_list":{"0":"post-19261","1":"product","2":"type-product","3":"status-publish","4":"has-post-thumbnail","6":"product_cat-community-events","7":"product_cat-ausstellung","8":"product_cat-kostenloser-zugang","9":"product_tag-lgbtqiaplus","10":"pmpro-has-access","12":"first","13":"outofstock","14":"purchasable","15":"product-type-variable"},"wpml_current_locale":"de_DE","wpml_translations":{"en_US":{"locale":"en_US","id":19262,"slug":"listening-to-archives-sound-and-testimonies-of-hiv-aids-kopie","post_title":"AIDS Memorial | Curatorial Tour","href":"https:\/\/wearevillage.org\/en\/shop\/village-aids-day-curatorial-tour\/w48-2024"}},"language":{"code":"de","locale":"","name":"","is_rtl":false},"_links":{"self":[{"href":"https:\/\/wearevillage.org\/wp-json\/wp\/v2\/product\/19261","targetHints":{"allow":["GET"]}}],"collection":[{"href":"https:\/\/wearevillage.org\/wp-json\/wp\/v2\/product"}],"about":[{"href":"https:\/\/wearevillage.org\/wp-json\/wp\/v2\/types\/product"}],"author":[{"embeddable":true,"href":"https:\/\/wearevillage.org\/wp-json\/wp\/v2\/users\/12"}],"wp:featuredmedia":[{"embeddable":true,"href":"https:\/\/wearevillage.org\/wp-json\/wp\/v2\/media\/18665"}],"wp:attachment":[{"href":"https:\/\/wearevillage.org\/wp-json\/wp\/v2\/media?parent=19261"}],"wp:term":[{"taxonomy":"product_brand","embeddable":true,"href":"https:\/\/wearevillage.org\/wp-json\/wp\/v2\/product_brand?post=19261"},{"taxonomy":"product_cat","embeddable":true,"href":"https:\/\/wearevillage.org\/wp-json\/wp\/v2\/product_cat?post=19261"},{"taxonomy":"product_tag","embeddable":true,"href":"https:\/\/wearevillage.org\/wp-json\/wp\/v2\/product_tag?post=19261"}],"curies":[{"name":"wp","href":"https:\/\/api.w.org\/{rel}","templated":true}]}}