{"id":19367,"date":"2024-11-28T14:48:35","date_gmt":"2024-11-28T13:48:35","guid":{"rendered":"https:\/\/wearevillage.org\/?post_type=product&#038;p=19367"},"modified":"2024-12-27T16:13:16","modified_gmt":"2024-12-27T15:13:16","slug":"massage-exchange-fuer-gbtq-maenner-4","status":"publish","type":"product","link":"https:\/\/wearevillage.org\/shop\/massage-exchange\/w02-2025\/","title":{"rendered":"Massage Exchange f\u00fcr GBTQ M\u00e4nner*"},"content":{"rendered":"<div class=\"wpb-content-wrapper\"><div class=\"vc_row wpb_row vc_row-fluid\"><div class=\"wpb_column vc_column_container vc_col-sm-12\"><div class=\"vc_column-inner\"><div class=\"wpb_wrapper\"><h4 style=\"text-align: left\" class=\"vc_custom_heading vc_do_custom_heading\" >Massage Exchange f\u00fcr GBTQ M\u00e4nner*<\/h4><h5 style=\"text-align: left\" class=\"vc_custom_heading vc_do_custom_heading\" >Mit Merdan Akbayir<\/h5>\n\t<div class=\"wpb_text_column wpb_content_element\" >\n\t\t<div class=\"wpb_wrapper\">\n\t\t\t<p><b>Was ist Massage Exchange f\u00fcr GBTQ M\u00e4nner*?<\/b><br \/>\nMassage Exchange f\u00fcr GBTQ M\u00e4nner* ist ein monatliches Event, das einen sicheren und einladenden Raum bietet, um ganzk\u00f6rperliche Ber\u00fchrung und Massagetechniken (unter Verwendung von Massageliegen) zu praktizieren und zu erleben. Bezugnehmend auf die Inhalte des \u201eSoul of Skin Massagetrainings\u201d, bietet jeder Abend den Teilnehmenden die M\u00f6glichkeit, entweder verschiedene Massage Stile zu probieren oder zu vertiefen, wodurch eine Gemeinschaft des Lernens und der Unterst\u00fctzung entsteht.<\/p>\n<p>Der Wechsel zwischen gebender und nehmender Rolle erlaubt es oft M\u00e4nnern*, sich tiefer einzulassen und dadurch mehr Wirkung und Verbindung zu erfahren. Es gibt thematisch sowohl Anregung f\u00fcr Massagegriffe und \u201cbest practices\u201c als auch genug Freiheit, den Raum im gegenseitigen Einvernehmen mit deinem Partner* zu nutzen.<\/p>\n<p>Egal, ob Du neu in der Massage oder aufmerksamen Ber\u00fchrung bist oder ein erfahrener Praktiker, dieses Event ist eine hervorragende Gelegenheit, Dich mit anderen zu verbinden, Deine F\u00e4higkeiten zu verbessern und die vielen Vorteile von Ber\u00fchrung in einer unterst\u00fctzenden Umgebung zu erfahren und zu genie\u00dfen.<\/p>\n<p><strong>Vorteile einer wertfreien, ganzk\u00f6rperlichen Ber\u00fchrung:<\/strong><\/p>\n<p>\u25cf Ber\u00fchrung ist essentiell f\u00fcr unsere seelische Gesundheit und beugt Vereinsamung vor Ber\u00fchrung verlangsamt, n\u00e4hrt und beruhigt.<br \/>\n\u25cf Ber\u00fchrung kann Scham oder negative K\u00f6rperbilder positiv beeinflussen.<br \/>\n\u25cf Ber\u00fchrung f\u00f6rdert Entspannung und Erholung.<br \/>\n\u25cf Ber\u00fchrung kommuniziert ohne Worte und schafft eine tiefere Verbindung zu anderen.<br \/>\n\u25cf Ber\u00fchrung stimuliert Genu\u00df- und Empathief\u00e4higkeit.<\/p>\n\n\t\t<\/div>\n\t<\/div>\n<div class=\"vc_separator wpb_content_element vc_separator_align_center vc_sep_width_100 vc_sep_pos_align_center vc_separator_no_text vc_sep_color_grey wpb_content_element  wpb_content_element\" ><span class=\"vc_sep_holder vc_sep_holder_l\"><span class=\"vc_sep_line\"><\/span><\/span><span class=\"vc_sep_holder vc_sep_holder_r\"><span class=\"vc_sep_line\"><\/span><\/span>\n<\/div>\n\t<div class=\"wpb_text_column wpb_content_element\" >\n\t\t<div class=\"wpb_wrapper\">\n\t\t\t<p><img loading=\"lazy\" decoding=\"async\" class=\"wp-image-16125 alignleft\" src=\"https:\/\/wearevillage.org\/wp-content\/uploads\/2024\/08\/wav-team-Merdan-Akbayir2.png\" alt=\"\" width=\"160\" height=\"178\" srcset=\"https:\/\/wearevillage.org\/wp-content\/uploads\/2024\/08\/wav-team-Merdan-Akbayir2.png 900w, https:\/\/wearevillage.org\/wp-content\/uploads\/2024\/08\/wav-team-Merdan-Akbayir2-270x300.png 270w, https:\/\/wearevillage.org\/wp-content\/uploads\/2024\/08\/wav-team-Merdan-Akbayir2-135x150.png 135w, https:\/\/wearevillage.org\/wp-content\/uploads\/2024\/08\/wav-team-Merdan-Akbayir2-768x853.png 768w, https:\/\/wearevillage.org\/wp-content\/uploads\/2024\/08\/wav-team-Merdan-Akbayir2-624x693.png 624w, https:\/\/wearevillage.org\/wp-content\/uploads\/2024\/08\/wav-team-Merdan-Akbayir2-390x433.png 390w, https:\/\/wearevillage.org\/wp-content\/uploads\/2024\/08\/wav-team-Merdan-Akbayir2-600x667.png 600w\" sizes=\"auto, (max-width: 160px) 100vw, 160px\" \/><strong>Merdan Akbayir<\/strong> arbeitet seit mehr als 10 Jahren im Bereich Yoga, Massage und K\u00f6rperarbeit, zun\u00e4chst in Amsterdam und jetzt in Berlin. Er hat verschiedene Therapiemethoden studiert und arbeitet intuitiv und aus dem Herzen heraus. Sein akademischer Hintergrund liegt in Biologie und Tanz, die er gerne in seine Praktiken integriert. Er ist Co-Lehrer in einer Yoga-Lehrer Ausbildung und leitet Workshops und Retreats. Wenn er nicht gerade unterrichtet oder massiert, ist er als Tourguide im Naturkundemuseum Berlin anzutreffen.<\/p>\n\n\t\t<\/div>\n\t<\/div>\n<div class=\"vc_separator wpb_content_element vc_separator_align_center vc_sep_width_100 vc_sep_pos_align_center vc_separator_no_text vc_sep_color_grey vc_custom_1731929558679 wpb_content_element  vc_custom_1731929558679 wpb_content_element\" ><span class=\"vc_sep_holder vc_sep_holder_l\"><span class=\"vc_sep_line\"><\/span><\/span><span class=\"vc_sep_holder vc_sep_holder_r\"><span class=\"vc_sep_line\"><\/span><\/span>\n<\/div>\n\t<div class=\"wpb_text_column wpb_content_element\" >\n\t\t<div class=\"wpb_wrapper\">\n\t\t\t<p class=\"p1\"><span style=\"text-decoration: underline;\"><strong>Hinweise<\/strong><br \/>\n<\/span>\u25cf Dieses Format ist f\u00fcr alle queeren M\u00e4nner*\/M\u00e4nnlichkeiten, die Ber\u00fchrung in einer einvernehmlichen, unterst\u00fctzenden Atmosph\u00e4re erfahren m\u00f6chten.<br \/>\n\u25cf Bitte lege Wert auf pers\u00f6nliche Hygiene.<br \/>\n\u25cf Du solltest einen relativ entspannten Umgang mit Nacktheit haben. Diese Veranstaltung ist sinnlich und kann genitale Ber\u00fchrungen beinhalten, aber es geht nicht um Sex.<br \/>\n\u25cf Bringe dein eigenes \u00d6l und zum Abdecken von Kissen, Matten oder Massageliegen ein Laken und ein Handtuch mit.<br \/>\n\u25cf Das Event wird je nach Teilnehmer*bed\u00fcrfnissen auf Deutsch und\/oder Englisch sein.<br \/>\n\u25cf Dieses Event ist auch zu einem erm\u00e4\u00dfigten Mitgliederpreis erh\u00e4ltlich \u2013 aber kein Bestandteil der zwei kostenlosen monatlichen Mitgliederveranstaltungen.<br \/>\n\u25cf Erm\u00e4\u00dfigter Zugang m\u00f6glich auf schriftliche Anfrage an events@wearevillage.org<\/p>\n\n\t\t<\/div>\n\t<\/div>\n<\/div><\/div><\/div><\/div>\n<\/div>","protected":false},"excerpt":{"rendered":"<h5>Dienstags (einmal im Monat)<br \/>\n20:00 \u2013 22:30<\/h5>\n<p class=\"p1\"><strong>| <span style=\"color: #ec6c23;\">GBTQ men*<\/span>\u00a0|<\/strong><\/p>\n<p>Massage Exchange f\u00fcr GBTQ M\u00e4nner* ist ein monatliches Event, das einen sicheren und einladenden Raum bietet, um ganzk\u00f6rperliche Ber\u00fchrung und Massagetechniken (unter Verwendung von Massageliegen) zu praktizieren und zu erleben.<\/p>\n","protected":false},"author":11,"featured_media":1751,"template":"","meta":{"pmpro_default_level":"","inline_featured_image":false},"product_brand":[],"product_cat":[79,787],"product_tag":[256],"class_list":{"0":"post-19367","1":"product","2":"type-product","3":"status-publish","4":"has-post-thumbnail","6":"product_cat-monatliche-events","7":"product_cat-soul-of-skin-massage-touch-training","8":"product_tag-gbtq-men","9":"pmpro-has-access","11":"first","12":"instock","13":"product-type-variable","14":"has-default-attributes"},"wpml_current_locale":"de_DE","wpml_translations":{"en_US":{"locale":"en_US","id":19370,"slug":"massage-exchange-for-gbtq-men-kopie-4","post_title":"Massage Exchange for GBTQ men*","href":"https:\/\/wearevillage.org\/en\/shop\/massage-exchange\/w02-2025"}},"language":{"code":"de","locale":"","name":"","is_rtl":false},"_links":{"self":[{"href":"https:\/\/wearevillage.org\/wp-json\/wp\/v2\/product\/19367","targetHints":{"allow":["GET"]}}],"collection":[{"href":"https:\/\/wearevillage.org\/wp-json\/wp\/v2\/product"}],"about":[{"href":"https:\/\/wearevillage.org\/wp-json\/wp\/v2\/types\/product"}],"author":[{"embeddable":true,"href":"https:\/\/wearevillage.org\/wp-json\/wp\/v2\/users\/11"}],"wp:featuredmedia":[{"embeddable":true,"href":"https:\/\/wearevillage.org\/wp-json\/wp\/v2\/media\/1751"}],"wp:attachment":[{"href":"https:\/\/wearevillage.org\/wp-json\/wp\/v2\/media?parent=19367"}],"wp:term":[{"taxonomy":"product_brand","embeddable":true,"href":"https:\/\/wearevillage.org\/wp-json\/wp\/v2\/product_brand?post=19367"},{"taxonomy":"product_cat","embeddable":true,"href":"https:\/\/wearevillage.org\/wp-json\/wp\/v2\/product_cat?post=19367"},{"taxonomy":"product_tag","embeddable":true,"href":"https:\/\/wearevillage.org\/wp-json\/wp\/v2\/product_tag?post=19367"}],"curies":[{"name":"wp","href":"https:\/\/api.w.org\/{rel}","templated":true}]}}