{"id":19379,"date":"2024-11-28T15:14:59","date_gmt":"2024-11-28T14:14:59","guid":{"rendered":"https:\/\/wearevillage.org\/?post_type=product&#038;p=19379"},"modified":"2024-11-28T15:34:12","modified_gmt":"2024-11-28T14:34:12","slug":"buchklub","status":"publish","type":"product","link":"https:\/\/wearevillage.org\/shop\/book-club\/w02-2025\/","title":{"rendered":"Buchklub"},"content":{"rendered":"<div class=\"wpb-content-wrapper\"><div class=\"vc_row wpb_row vc_row-fluid\"><div class=\"wpb_column vc_column_container vc_col-sm-12\"><div class=\"vc_column-inner\"><div class=\"wpb_wrapper\"><h4 style=\"text-align: left\" class=\"vc_custom_heading vc_do_custom_heading\" >Buchklub<\/h4><h5 style=\"text-align: left\" class=\"vc_custom_heading vc_do_custom_heading\" >mit Nils Philipp<\/h5><h5 style=\"text-align: left\" class=\"vc_custom_heading vc_do_custom_heading\" ><em>Schweine m\u00fcssen nackt sein<\/em> (1991) von Napoleon Seyfarth<\/h5>\n\t<div class=\"wpb_text_column wpb_content_element\" >\n\t\t<div class=\"wpb_wrapper\">\n\t\t\t<p>Seine ber\u00fcchtigte Autobiografie schrieb Napoleon Seyfarth in wenigen Wochen im Krankenhaus nieder, als seine Aidserkrankung ihm bereits die Stimme verschlagen hatte. Bis zu seinem Tod im Jahre 2000 ist er zu einem der bekanntesten Aidskranken der Nation avanciert \u2013 einer Therapie hatte er sich bis zuletzt verweigert \u2013 und sah sich unabl\u00e4ssig Anfeindungen von seinen Br\u00fcdern im Geiste (und im Bett) ausgesetzt. Bei der Lekt\u00fcre erfahren wir, warum: Er hat nicht nur an Sippe und Gesellschaft w\u00e4hrend seines Aufwachsens in der Pfalz kein gutes Haar gelassen, sondern ebenso an der Schwulenkultur, die er nach seinem Umzug von Mannheim nach Berlin kennenlernte. Seyfarth ist das Enfant Terrible der Schwulenbewegung, das den Aktivismus der 80er-Jahre als kleinlich und bigott darstellt. Er macht sich die Kunstform der Autobiografie zunutze, um mit pr\u00e4chtigen Galgenhumor ein faszinierendes wie aufschlussreiches Sittengem\u00e4lde seiner Zeit zu zeichnen, das die blinden Flecken der Szene beleuchtet wie Putzlicht den Darkoom. Sein Verm\u00e4chtnis ist ein einzigartiges Zeugnis der Stadtgeschichte und nicht zuletzt eine k\u00f6stliche Lekt\u00fcre.<\/p>\n\n\t\t<\/div>\n\t<\/div>\n<div class=\"vc_separator wpb_content_element vc_separator_align_center vc_sep_width_100 vc_sep_pos_align_center vc_separator_no_text vc_sep_color_grey wpb_content_element  wpb_content_element\" ><span class=\"vc_sep_holder vc_sep_holder_l\"><span class=\"vc_sep_line\"><\/span><\/span><span class=\"vc_sep_holder vc_sep_holder_r\"><span class=\"vc_sep_line\"><\/span><\/span>\n<\/div>\n\t<div class=\"wpb_text_column wpb_content_element\" >\n\t\t<div class=\"wpb_wrapper\">\n\t\t\t<p><img loading=\"lazy\" decoding=\"async\" class=\"wp-image-16166 alignleft\" src=\"https:\/\/wearevillage.org\/wp-content\/uploads\/2024\/08\/wav-team-Nils-Philipp2.png\" alt=\"\" width=\"160\" height=\"178\" srcset=\"https:\/\/wearevillage.org\/wp-content\/uploads\/2024\/08\/wav-team-Nils-Philipp2.png 900w, https:\/\/wearevillage.org\/wp-content\/uploads\/2024\/08\/wav-team-Nils-Philipp2-270x300.png 270w, https:\/\/wearevillage.org\/wp-content\/uploads\/2024\/08\/wav-team-Nils-Philipp2-135x150.png 135w, https:\/\/wearevillage.org\/wp-content\/uploads\/2024\/08\/wav-team-Nils-Philipp2-768x853.png 768w, https:\/\/wearevillage.org\/wp-content\/uploads\/2024\/08\/wav-team-Nils-Philipp2-624x693.png 624w, https:\/\/wearevillage.org\/wp-content\/uploads\/2024\/08\/wav-team-Nils-Philipp2-390x433.png 390w, https:\/\/wearevillage.org\/wp-content\/uploads\/2024\/08\/wav-team-Nils-Philipp2-600x667.png 600w\" sizes=\"auto, (max-width: 160px) 100vw, 160px\" \/> <strong>Nils Philipp<\/strong> ist Kunst- und Architekturvermittler und bet\u00e4tigt sich zudem als Dichter, Fotograf und Dekofee. Nach Erfahrungen als Hausmeister, Feinkostverk\u00e4ufer und Bademeister arbeitet er u.a. als Buchh\u00e4ndler. W\u00e4hrend er auf seinen Durchbruch wahlweise als Schriftsteller oder Dekorateur wartet, liest er viel und gerne.<\/p>\n\n\t\t<\/div>\n\t<\/div>\n<div class=\"vc_separator wpb_content_element vc_separator_align_center vc_sep_width_100 vc_sep_pos_align_center vc_separator_no_text vc_sep_color_grey vc_custom_1723801636502 wpb_content_element  vc_custom_1723801636502 wpb_content_element\" ><span class=\"vc_sep_holder vc_sep_holder_l\"><span class=\"vc_sep_line\"><\/span><\/span><span class=\"vc_sep_holder vc_sep_holder_r\"><span class=\"vc_sep_line\"><\/span><\/span>\n<\/div>\n\t<div class=\"wpb_text_column wpb_content_element\" >\n\t\t<div class=\"wpb_wrapper\">\n\t\t\t<p><strong>\u00dcber den Village Book Club<\/strong><br \/>\nB\u00fccherliebhaber und Leseratten treffen sich jeden Monat, um Literatur und Sachb\u00fccher (Romane, Biografien und Essays) zu besprechen, die sich mit LGBTQIA+-Themen und -Pers\u00f6nlichkeiten befassen oder damit in Zusammenhang stehen.<br \/>\nIn Voraussicht auf aufschlussreiche Diskussionen w\u00e4hlen wir das n\u00e4chste Buch zwei Monate im Voraus aus.<br \/>\nIm Januar wird diese kostenlose Veranstaltung <strong>in deutscher Sprache<\/strong> durchgef\u00fchrt.<\/p>\n\n\t\t<\/div>\n\t<\/div>\n<\/div><\/div><\/div><\/div>\n<\/div>","protected":false},"excerpt":{"rendered":"<h5>Dienstag<br \/>\n20:00 \u2013 22:30<br \/>\nEintritt frei<br \/>\nAuf Deutsch<\/p>\n<p><strong><em>Schweine m\u00fcssen nackt sein<\/em> (1991)<br \/>\nvon Napoleon Seyfarth<\/strong><\/h5>\n<p class=\"p1\"><strong>| <span style=\"color: #ec6c23;\">LGBTQIA+<\/span>\u00a0|<\/strong><\/p>\n<p>Napoleon Seyfarths ber\u00fcchtigte Autobiografie schrieb er in wenigen Wochen im Krankenhaus, als ihm seine AIDS-Erkrankung bereits die Stimme verschlagen hatte. Das Buch bietet einen scharfsinnigen Blick auf sein Leben und seine Kritik an der Schwulenkultur sowie dem Aktivismus der 80er-Jahre. Mit schwarzem Humor zeichnet er ein einzigartiges Bild seiner Zeit und hinterl\u00e4sst ein faszinierendes Zeitdokument.<\/p>\n","protected":false},"author":12,"featured_media":19382,"template":"","meta":{"pmpro_default_level":"","inline_featured_image":false},"product_brand":[],"product_cat":[791,76,769,79],"product_tag":[469],"class_list":{"0":"post-19379","1":"product","2":"type-product","3":"status-publish","4":"has-post-thumbnail","6":"product_cat-gemeinsam-statt-einsam","7":"product_cat-ausstellung","8":"product_cat-kostenloser-zugang","9":"product_cat-monatliche-events","10":"product_tag-lgbtqiaplus","11":"pmpro-has-access","13":"first","14":"outofstock","15":"purchasable","16":"product-type-variable"},"wpml_current_locale":"de_DE","wpml_translations":{"en_US":{"locale":"en_US","id":19380,"slug":"buchklub-kopie","post_title":"Buchklub","href":"https:\/\/wearevillage.org\/en\/shop\/book-club\/w02-2025"}},"language":{"code":"de","locale":"","name":"","is_rtl":false},"_links":{"self":[{"href":"https:\/\/wearevillage.org\/wp-json\/wp\/v2\/product\/19379","targetHints":{"allow":["GET"]}}],"collection":[{"href":"https:\/\/wearevillage.org\/wp-json\/wp\/v2\/product"}],"about":[{"href":"https:\/\/wearevillage.org\/wp-json\/wp\/v2\/types\/product"}],"author":[{"embeddable":true,"href":"https:\/\/wearevillage.org\/wp-json\/wp\/v2\/users\/12"}],"wp:featuredmedia":[{"embeddable":true,"href":"https:\/\/wearevillage.org\/wp-json\/wp\/v2\/media\/19382"}],"wp:attachment":[{"href":"https:\/\/wearevillage.org\/wp-json\/wp\/v2\/media?parent=19379"}],"wp:term":[{"taxonomy":"product_brand","embeddable":true,"href":"https:\/\/wearevillage.org\/wp-json\/wp\/v2\/product_brand?post=19379"},{"taxonomy":"product_cat","embeddable":true,"href":"https:\/\/wearevillage.org\/wp-json\/wp\/v2\/product_cat?post=19379"},{"taxonomy":"product_tag","embeddable":true,"href":"https:\/\/wearevillage.org\/wp-json\/wp\/v2\/product_tag?post=19379"}],"curies":[{"name":"wp","href":"https:\/\/api.w.org\/{rel}","templated":true}]}}