{"id":19541,"date":"2024-11-29T10:53:35","date_gmt":"2024-11-29T09:53:35","guid":{"rendered":"https:\/\/wearevillage.org\/?post_type=product&#038;p=19541"},"modified":"2024-11-29T13:18:31","modified_gmt":"2024-11-29T12:18:31","slug":"village-potluck-holiday","status":"publish","type":"product","link":"https:\/\/wearevillage.org\/shop\/potluck\/w52-2024\/","title":{"rendered":"Potluck \u2013 Holiday"},"content":{"rendered":"<div class=\"wpb-content-wrapper\"><div class=\"vc_row wpb_row vc_row-fluid\"><div class=\"wpb_column vc_column_container vc_col-sm-12\"><div class=\"vc_column-inner\"><div class=\"wpb_wrapper\"><h4 style=\"text-align: left\" class=\"vc_custom_heading vc_do_custom_heading\" >Village Potluck - Holiday<\/h4><h5 style=\"text-align: left\" class=\"vc_custom_heading vc_do_custom_heading\" >vom Volunteer Team organisiert<\/h5>\n\t<div class=\"wpb_text_column wpb_content_element\" >\n\t\t<div class=\"wpb_wrapper\">\n\t\t\t<div class=\"x11i5rnm xat24cr x1mh8g0r x1vvkbs xtlvy1s\">\n<p>Wenn dir am 25. Dezember nach festlicher Musik, sch\u00f6nen Erinnerungen und einer fr\u00f6hlichen Atmosph\u00e4re ist, komm vorbei und feier mit uns. Bring etwas zu Trinken und\/oder Essen mit und teil mit uns Geschichten \u201eam Kamin\u201c.<\/p>\n<\/div>\n\n\t\t<\/div>\n\t<\/div>\n<\/div><\/div><\/div><\/div>\n<\/div>","protected":false},"excerpt":{"rendered":"<h5>Mittwoch<br \/>\n16:00 \u2013 21:00<\/h5>\n<p>Eintritt frei<\/p>\n<p class=\"p1\"><strong>| <span style=\"color: #ec6c23;\">LGBTQIA+\u00a0<\/span>|<\/strong><\/p>\n<p>Komm am 25. Dezember vorbei, feier mit uns und genie\u00df festliche Musik, gute Stimmung und Geschichten \u201eam Kamin\u201c.<\/p>\n","protected":false},"author":12,"featured_media":12112,"template":"","meta":{"pmpro_default_level":"","inline_featured_image":false},"product_brand":[],"product_cat":[77,769,79],"product_tag":[469],"class_list":{"0":"post-19541","1":"product","2":"type-product","3":"status-publish","4":"has-post-thumbnail","6":"product_cat-community-events","7":"product_cat-kostenloser-zugang","8":"product_cat-monatliche-events","9":"product_tag-lgbtqiaplus","10":"pmpro-has-access","12":"first","13":"outofstock","14":"purchasable","15":"product-type-variable"},"wpml_current_locale":"de_DE","wpml_translations":{"en_US":{"locale":"en_US","id":19542,"slug":"village-potluck-silent-night-kopie","post_title":"Potluck - Holiday","href":"https:\/\/wearevillage.org\/en\/shop\/potluck\/w52-2024"}},"language":{"code":"de","locale":"","name":"","is_rtl":false},"_links":{"self":[{"href":"https:\/\/wearevillage.org\/wp-json\/wp\/v2\/product\/19541","targetHints":{"allow":["GET"]}}],"collection":[{"href":"https:\/\/wearevillage.org\/wp-json\/wp\/v2\/product"}],"about":[{"href":"https:\/\/wearevillage.org\/wp-json\/wp\/v2\/types\/product"}],"author":[{"embeddable":true,"href":"https:\/\/wearevillage.org\/wp-json\/wp\/v2\/users\/12"}],"wp:featuredmedia":[{"embeddable":true,"href":"https:\/\/wearevillage.org\/wp-json\/wp\/v2\/media\/12112"}],"wp:attachment":[{"href":"https:\/\/wearevillage.org\/wp-json\/wp\/v2\/media?parent=19541"}],"wp:term":[{"taxonomy":"product_brand","embeddable":true,"href":"https:\/\/wearevillage.org\/wp-json\/wp\/v2\/product_brand?post=19541"},{"taxonomy":"product_cat","embeddable":true,"href":"https:\/\/wearevillage.org\/wp-json\/wp\/v2\/product_cat?post=19541"},{"taxonomy":"product_tag","embeddable":true,"href":"https:\/\/wearevillage.org\/wp-json\/wp\/v2\/product_tag?post=19541"}],"curies":[{"name":"wp","href":"https:\/\/api.w.org\/{rel}","templated":true}]}}