{"id":19592,"date":"2024-11-29T14:48:28","date_gmt":"2024-11-29T13:48:28","guid":{"rendered":"https:\/\/wearevillage.org\/?post_type=product&#038;p=19592"},"modified":"2024-12-17T17:48:23","modified_gmt":"2024-12-17T16:48:23","slug":"nacktyoga-fuer-maenner-18","status":"publish","type":"product","link":"https:\/\/wearevillage.org\/shop\/naked-yoga\/w02-2025\/","title":{"rendered":"Nacktyoga f\u00fcr M\u00e4nner*"},"content":{"rendered":"<div class=\"wpb-content-wrapper\"><div class=\"vc_row wpb_row vc_row-fluid\"><div class=\"wpb_column vc_column_container vc_col-sm-12\"><div class=\"vc_column-inner\"><div class=\"wpb_wrapper\"><h4 style=\"text-align: left\" class=\"vc_custom_heading vc_do_custom_heading\" >Nacktyoga f\u00fcr M\u00e4nner*<\/h4><h5 style=\"text-align: left\" class=\"vc_custom_heading vc_do_custom_heading\" >Mit Tom Barber<\/h5>\n\t<div class=\"wpb_text_column wpb_content_element\" >\n\t\t<div class=\"wpb_wrapper\">\n\t\t\t<p>In dieser Nackt-Yogastunde werden wir unsere eigene Zerbrechlichkeit und Verletzlichkeit erforschen, frei von Bekleidung und in einer sicheren Umgebung.<\/p>\n<p>Wie f\u00fchle ich mich, wenn ich keine Kleidung trage? Wie lange dauert es, bis ich mich daran gew\u00f6hnt habe, so zu sein, wie die Natur mich geschaffen hat? Nacktes Yoga geht auf eine Tradition zur\u00fcck, die einige tausend Jahre alt ist und bei der nichts, nicht einmal ein Lendenschurz, zwischen dir und deiner g\u00f6ttlichen Natur stehen sollte \u2013 eine Form der ultimativen Entsagung von weltlichen Dingen.<\/p>\n<p>Erotik und Sexualit\u00e4t stehen dabei nicht im Vordergrund. Alle Teile und Aspekte unseres K\u00f6rpers werden gleicherma\u00dfen als Teil unseres Lebens betrachtet.<\/p>\n\n\t\t<\/div>\n\t<\/div>\n<div class=\"vc_separator wpb_content_element vc_separator_align_center vc_sep_width_100 vc_sep_pos_align_center vc_separator_no_text vc_sep_color_grey wpb_content_element  wpb_content_element\" ><span class=\"vc_sep_holder vc_sep_holder_l\"><span class=\"vc_sep_line\"><\/span><\/span><span class=\"vc_sep_holder vc_sep_holder_r\"><span class=\"vc_sep_line\"><\/span><\/span>\n<\/div>\n\t<div class=\"wpb_text_column wpb_content_element\" >\n\t\t<div class=\"wpb_wrapper\">\n\t\t\t<p><img loading=\"lazy\" decoding=\"async\" class=\"wp-image-17922 alignleft\" src=\"https:\/\/wearevillage.org\/wp-content\/uploads\/2024\/10\/wav-team-tom-barber.png\" alt=\"\" width=\"160\" height=\"178\" srcset=\"https:\/\/wearevillage.org\/wp-content\/uploads\/2024\/10\/wav-team-tom-barber.png 900w, https:\/\/wearevillage.org\/wp-content\/uploads\/2024\/10\/wav-team-tom-barber-270x300.png 270w, https:\/\/wearevillage.org\/wp-content\/uploads\/2024\/10\/wav-team-tom-barber-135x150.png 135w, https:\/\/wearevillage.org\/wp-content\/uploads\/2024\/10\/wav-team-tom-barber-768x853.png 768w, https:\/\/wearevillage.org\/wp-content\/uploads\/2024\/10\/wav-team-tom-barber-624x693.png 624w, https:\/\/wearevillage.org\/wp-content\/uploads\/2024\/10\/wav-team-tom-barber-390x433.png 390w, https:\/\/wearevillage.org\/wp-content\/uploads\/2024\/10\/wav-team-tom-barber-600x667.png 600w\" sizes=\"auto, (max-width: 160px) 100vw, 160px\" \/><strong>Tom Barber<\/strong> ist Yogalehrer in Berlin, leitet Retreats in ganz Europa und ist ein bekanntes Gesicht auf dem Stretch Festival und den Radical Faerie Gatherings.<\/p>\n\n\t\t<\/div>\n\t<\/div>\n<div class=\"vc_separator wpb_content_element vc_separator_align_center vc_sep_width_100 vc_sep_pos_align_center vc_separator_no_text vc_sep_color_grey vc_custom_1724061302220 wpb_content_element  vc_custom_1724061302220 wpb_content_element\" ><span class=\"vc_sep_holder vc_sep_holder_l\"><span class=\"vc_sep_line\"><\/span><\/span><span class=\"vc_sep_holder vc_sep_holder_r\"><span class=\"vc_sep_line\"><\/span><\/span>\n<\/div>\n\t<div class=\"wpb_text_column wpb_content_element\" >\n\t\t<div class=\"wpb_wrapper\">\n\t\t\t<p><strong><u>Hinweise<\/u><\/strong><br \/>\n<b>Sprache<\/b>: Dieses Event wird je nach Teilnehmerbed\u00fcrfnissen auf Deutsch und\/oder Englisch sein.<br \/>\n<b>Kosten<\/b>: Dieses Event ist auch zu einem erm\u00e4\u00dfigten Mitgliederpreis erh\u00e4ltlich \u2013 aber kein Bestandteil der zwei kostenlosen monatlichen Mitgliederveranstaltungen.<br \/>\n<strong>Zum Mitbringen<\/strong>: Bitte bringe ein Handtuch mit, das du auf die Matte und das Kissen legen kannst.<\/p>\n\n\t\t<\/div>\n\t<\/div>\n<\/div><\/div><\/div><\/div>\n<\/div>","protected":false},"excerpt":{"rendered":"<h5>Samstags (einmal im Monat)<br \/>\n10:00 \u2013 12:00<\/h5>\n<p><strong>| <span style=\"color: #ec6c23;\">GBTQ men*<\/span>\u00a0|<\/strong><\/p>\n<p>In dieser Nackt-Yogastunde werden wir unsere eigene Zerbrechlichkeit und Verletzlichkeit erforschen, frei von Bekleidung und in einer sicheren Umgebung. Wie lange dauert es, bis ich mich daran gew\u00f6hnt habe, so zu sein, wie die Natur mich geschaffen hat? Erotik und Sexualit\u00e4t stehen dabei nicht im Vordergrund. Alle Teile und Aspekte unseres K\u00f6rpers werden gleicherma\u00dfen als Teil unseres Lebens betrachtet.<\/p>\n","protected":false},"author":11,"featured_media":11597,"template":"","meta":{"pmpro_default_level":"","inline_featured_image":false},"product_brand":[],"product_cat":[79],"product_tag":[256],"class_list":{"0":"post-19592","1":"product","2":"type-product","3":"status-publish","4":"has-post-thumbnail","6":"product_cat-monatliche-events","7":"product_tag-gbtq-men","8":"pmpro-has-access","10":"first","11":"instock","12":"product-type-variable","13":"has-default-attributes"},"wpml_current_locale":"de_DE","wpml_translations":{"en_US":{"locale":"en_US","id":19595,"slug":"naked-yoga-for-men-kopie-18","post_title":"Naked Yoga for men*","href":"https:\/\/wearevillage.org\/en\/shop\/naked-yoga\/w02-2025"}},"language":{"code":"de","locale":"","name":"","is_rtl":false},"_links":{"self":[{"href":"https:\/\/wearevillage.org\/wp-json\/wp\/v2\/product\/19592","targetHints":{"allow":["GET"]}}],"collection":[{"href":"https:\/\/wearevillage.org\/wp-json\/wp\/v2\/product"}],"about":[{"href":"https:\/\/wearevillage.org\/wp-json\/wp\/v2\/types\/product"}],"author":[{"embeddable":true,"href":"https:\/\/wearevillage.org\/wp-json\/wp\/v2\/users\/11"}],"wp:featuredmedia":[{"embeddable":true,"href":"https:\/\/wearevillage.org\/wp-json\/wp\/v2\/media\/11597"}],"wp:attachment":[{"href":"https:\/\/wearevillage.org\/wp-json\/wp\/v2\/media?parent=19592"}],"wp:term":[{"taxonomy":"product_brand","embeddable":true,"href":"https:\/\/wearevillage.org\/wp-json\/wp\/v2\/product_brand?post=19592"},{"taxonomy":"product_cat","embeddable":true,"href":"https:\/\/wearevillage.org\/wp-json\/wp\/v2\/product_cat?post=19592"},{"taxonomy":"product_tag","embeddable":true,"href":"https:\/\/wearevillage.org\/wp-json\/wp\/v2\/product_tag?post=19592"}],"curies":[{"name":"wp","href":"https:\/\/api.w.org\/{rel}","templated":true}]}}