{"id":19620,"date":"2024-11-29T16:54:56","date_gmt":"2024-11-29T15:54:56","guid":{"rendered":"https:\/\/wearevillage.org\/?post_type=product&#038;p=19620"},"modified":"2025-01-04T14:30:47","modified_gmt":"2025-01-04T13:30:47","slug":"kink-touch","status":"publish","type":"product","link":"https:\/\/wearevillage.org\/shop\/kink-touch\/w02-2025\/","title":{"rendered":"Rope Flow Meditation \u2013 Mehr als Bondage"},"content":{"rendered":"<div class=\"wpb-content-wrapper\"><div class=\"vc_row wpb_row vc_row-fluid\"><div class=\"wpb_column vc_column_container vc_col-sm-12\"><div class=\"vc_column-inner\"><div class=\"wpb_wrapper\"><h4 style=\"text-align: left\" class=\"vc_custom_heading vc_do_custom_heading\" >Rope Flow Meditation - Mehr als Bondage<\/h4><h5 style=\"text-align: left\" class=\"vc_custom_heading vc_do_custom_heading\" ><em>Kink Play & Touch Lab Series for Queer People<\/em><\/h5><h5 style=\"text-align: left\" class=\"vc_custom_heading vc_do_custom_heading\" >Mit Lovedragon<\/h5>\n\t<div class=\"wpb_text_column wpb_content_element\" >\n\t\t<div class=\"wpb_wrapper\">\n\t\t\t<p>In diesem dreist\u00fcndigen Workshop, der von Bondage inspiriert ist werden wir mit Seilen arbeiten, aber ohne Knoten zu binden oder unsere Partner einzuschr\u00e4nken. Die Seile gleiten \u00fcber die Haut oder die Kleidung und erzeugen eine beruhigende Stimulation. Sie werden auch als Medium dienen, so dass wir unsere Partner nicht direkt ber\u00fchren werden, es sei denn, sie stimmen dem zu. Entschleunigung und Entspannung sind die beiden Hauptziele der Rope Flow Meditation. Keine Vorkenntnisse erforderlich.<\/p>\n\n\t\t<\/div>\n\t<\/div>\n<div class=\"vc_separator wpb_content_element vc_separator_align_center vc_sep_width_100 vc_sep_pos_align_center vc_separator_no_text vc_sep_color_grey wpb_content_element  wpb_content_element\" ><span class=\"vc_sep_holder vc_sep_holder_l\"><span class=\"vc_sep_line\"><\/span><\/span><span class=\"vc_sep_holder vc_sep_holder_r\"><span class=\"vc_sep_line\"><\/span><\/span>\n<\/div>\n\t<div class=\"wpb_text_column wpb_content_element\" >\n\t\t<div class=\"wpb_wrapper\">\n\t\t\t<p><img loading=\"lazy\" decoding=\"async\" class=\"wp-image-16084 alignleft\" src=\"https:\/\/wearevillage.org\/wp-content\/uploads\/2024\/08\/BIO_Lovedragon-109.jpeg\" alt=\"\" width=\"160\" height=\"179\" srcset=\"https:\/\/wearevillage.org\/wp-content\/uploads\/2024\/08\/BIO_Lovedragon-109.jpeg 407w, https:\/\/wearevillage.org\/wp-content\/uploads\/2024\/08\/BIO_Lovedragon-109-268x300.jpeg 268w, https:\/\/wearevillage.org\/wp-content\/uploads\/2024\/08\/BIO_Lovedragon-109-134x150.jpeg 134w, https:\/\/wearevillage.org\/wp-content\/uploads\/2024\/08\/BIO_Lovedragon-109-390x436.jpeg 390w\" sizes=\"auto, (max-width: 160px) 100vw, 160px\" \/><strong>Lovedragon<\/strong> ist immer unterwegs und verdient seinen Lebensunterhalt mit Massagen, der Organisation von Playfight-Ritualen und Tango-Workshops sowie mit Tarot-Lesen.<\/p>\n\n\t\t<\/div>\n\t<\/div>\n<div class=\"vc_separator wpb_content_element vc_separator_align_center vc_sep_width_100 vc_sep_pos_align_center vc_separator_no_text vc_sep_color_grey wpb_content_element  wpb_content_element\" ><span class=\"vc_sep_holder vc_sep_holder_l\"><span class=\"vc_sep_line\"><\/span><\/span><span class=\"vc_sep_holder vc_sep_holder_r\"><span class=\"vc_sep_line\"><\/span><\/span>\n<\/div>\n\t<div class=\"wpb_text_column wpb_content_element\" >\n\t\t<div class=\"wpb_wrapper\">\n\t\t\t<p><strong>Was ist die Kink & Touch Lab Serie f\u00fcr Queer People?<\/strong><br \/>\nDie Sensual Kink & Touch Lab Series f\u00fcr Queers ist ein monatlicher Workshop, bei dem wir einen sicheren und mutigen Raum f\u00fcr intentionale, konsensuelle und spielerische Begegnungen unter Menschen mit vielf\u00e4ltigen Orientierungen und Identit\u00e4ten schaffen wollen.<\/p>\n<p>Zum Beispiel mittels Rollenspiel- oder Impact-Play erkunden wir spielerisch Wege, unsere eigenen Gef\u00fchle, W\u00fcnsche oder Muster in Bezug auf Nacktheit, Intimit\u00e4t, Macht Dynamiken und Ber\u00fchrung zu erforschen. Wir laden euch ein, eure pers\u00f6nlichen Grenzen innerhalb eines Rahmens von gegenseitigem Respekt und Einvernehmen zu erkunden, zu kommunizieren und m\u00f6glicherweise zu erweitern. Dies er\u00f6ffnet die M\u00f6glichkeit, die kombinierte Kraft von Ber\u00fchrung und Rollenspiel zu erleben, die auf der F\u00e4higkeit beruht, einander verbal und nonverbal zuzuh\u00f6ren.<\/p>\n<p>Jede Veranstaltung wird je nach Thema und Hintergrund des\/der Facilitator*in einen eigenen Fokus haben. Diese kurzen Workshops k\u00f6nnen Nacktheit, Partner\u00fcbungen oder enge k\u00f6rperliche Interaktionen beinhalten.<\/p>\n<p><strong>Vorteile<\/strong><\/p>\n<ul>\n<li>Verbessert die klare Kommunikation und verst\u00e4rkt die Bedeutung von explizitem Einverst\u00e4ndnis.<\/li>\n<li>(Wir empfehlen auch die Teilnahme am verk\u00f6rperten Einwilligungs-Workshop, der am selben Tag vor dieser Veranstaltung stattfindet.)<\/li>\n<li>Bietet einen sicheren Raum f\u00fcr Selbstausdruck im Bereich Intimit\u00e4t und Sexualit\u00e4t, unterst\u00fctzt das Selbstwertgef\u00fchl und die psychische Gesundheit.<\/li>\n<li>Erm\u00e4chtigt Einzelne, indem sie die M\u00f6glichkeit zur Erforschung von Identit\u00e4t und pers\u00f6nlicher Macht in einer kontrollierten Umgebung bieten.<\/li>\n<li>F\u00f6rdert die Freisetzung von Endorphinen, Stressabbau und erh\u00f6htes K\u00f6rperbewusstsein.<\/li>\n<li>Kann als gesunder Bew\u00e4ltigungsmechanismus dienen und das Risiko von Substanzmissbrauch reduzieren.<\/li>\n<li>F\u00f6rdert ein Gef\u00fchl der Zugeh\u00f6rigkeit und st\u00e4rkt die empathische Beziehungsf\u00e4higkeit.<\/li>\n<\/ul>\n\n\t\t<\/div>\n\t<\/div>\n<div class=\"vc_separator wpb_content_element vc_separator_align_center vc_sep_width_100 vc_sep_pos_align_center vc_separator_no_text vc_sep_color_grey wpb_content_element  wpb_content_element\" ><span class=\"vc_sep_holder vc_sep_holder_l\"><span class=\"vc_sep_line\"><\/span><\/span><span class=\"vc_sep_holder vc_sep_holder_r\"><span class=\"vc_sep_line\"><\/span><\/span>\n<\/div>\n\t<div class=\"wpb_text_column wpb_content_element\" >\n\t\t<div class=\"wpb_wrapper\">\n\t\t\t<p><u><strong>Hinweise<\/strong><\/u><br \/>\n<strong>Teilnehmende<\/strong>: Dieses Format ist f\u00fcr alle queeren Menschen (LGBTQIA+), die Ber\u00fchrung und Kontakt in einer einvernehmlichen, unterst\u00fctzenden Atmosph\u00e4re erfahren m\u00f6chten. (Siehe auch unsere <a href=\"https:\/\/wearevillage.org\/faq\"><strong>FAQ<\/strong><\/a>). Du solltest einen relativ entspannten Umgang mit Nacktheit haben. Diese Veranstaltung ist sinnlich und kann genitale Ber\u00fchrungen beinhalten. Bitte lege Wert auf pers\u00f6nliche Hygiene.<br \/>\n<strong>Material<\/strong>: Bringe zum Abdecken von Kissen oder Matten ein Laken mit. Es gibt Seile vor Ort, aber du kannst gern deine eigenen mitbringen. Zu empfehlen sind eher weichere Seile, und keine aus synthetischen Materialien.<br \/>\n<strong>Sprache<\/strong>: Je nach Bed\u00fcrfnissen der Gruppe werden wir Deutsch und\/oder Englisch sprechen.<br \/>\n<strong>Kosten<\/strong>: Dieses Event ist auch zu einem erm\u00e4\u00dfigten Mitgliederpreis erh\u00e4ltlich \u2013 aber kein Bestandteil der zwei kostenlosen monatlichen Mitgliederveranstaltungen. Erm\u00e4\u00dfigter Zugang ist auf schriftliche Anfrage an: <strong><a href=\"mailto:events@wearevillage.org\">events@wearevillage.org<\/a><\/strong> m\u00f6glich.<\/p>\n\n\t\t<\/div>\n\t<\/div>\n<\/div><\/div><\/div><\/div>\n<\/div>","protected":false},"excerpt":{"rendered":"<h5><strong>Kink & Touch Lab Series for Queer People<\/strong><\/h5>\n<p>Sonntags (einmal im Monat)<br \/>\n14:00 \u2013 17:00<\/p>\n<p><strong>| <span style=\"color: #ec6c23;\">LGBTQIA+<\/span>\u00a0|<\/strong><\/p>\n<p>In diesem Workshop, der sehr lose von Bondage inspiriert ist werden wir mit Seilen arbeiten, aber ohne Knoten zu binden oder unsere Partner einzuschr\u00e4nken. Die Seile gleiten \u00fcber die Haut oder die Kleidung und erzeugen eine beruhigende Stimulation. Sie werden auch als Medium dienen, so dass wir unsere Partner nicht direkt ber\u00fchren werden, es sei denn, sie stimmen dem zu.<\/p>\n","protected":false},"author":11,"featured_media":20232,"template":"","meta":{"pmpro_default_level":"","inline_featured_image":false},"product_brand":[],"product_cat":[79,83],"product_tag":[469],"class_list":{"0":"post-19620","1":"product","2":"type-product","3":"status-publish","4":"has-post-thumbnail","6":"product_cat-monatliche-events","7":"product_cat-workshops","8":"product_tag-lgbtqiaplus","9":"pmpro-has-access","11":"first","12":"instock","13":"product-type-variable","14":"has-default-attributes"},"wpml_current_locale":"de_DE","wpml_translations":{"en_US":{"locale":"en_US","id":19617,"slug":"massage-exchange-for-men-3-2","post_title":"Rope Flow Meditation - Beyond Bondage","href":"https:\/\/wearevillage.org\/en\/shop\/kink-touch\/w02-2025"}},"language":{"code":"de","locale":"","name":"","is_rtl":false},"_links":{"self":[{"href":"https:\/\/wearevillage.org\/wp-json\/wp\/v2\/product\/19620","targetHints":{"allow":["GET"]}}],"collection":[{"href":"https:\/\/wearevillage.org\/wp-json\/wp\/v2\/product"}],"about":[{"href":"https:\/\/wearevillage.org\/wp-json\/wp\/v2\/types\/product"}],"author":[{"embeddable":true,"href":"https:\/\/wearevillage.org\/wp-json\/wp\/v2\/users\/11"}],"wp:featuredmedia":[{"embeddable":true,"href":"https:\/\/wearevillage.org\/wp-json\/wp\/v2\/media\/20232"}],"wp:attachment":[{"href":"https:\/\/wearevillage.org\/wp-json\/wp\/v2\/media?parent=19620"}],"wp:term":[{"taxonomy":"product_brand","embeddable":true,"href":"https:\/\/wearevillage.org\/wp-json\/wp\/v2\/product_brand?post=19620"},{"taxonomy":"product_cat","embeddable":true,"href":"https:\/\/wearevillage.org\/wp-json\/wp\/v2\/product_cat?post=19620"},{"taxonomy":"product_tag","embeddable":true,"href":"https:\/\/wearevillage.org\/wp-json\/wp\/v2\/product_tag?post=19620"}],"curies":[{"name":"wp","href":"https:\/\/api.w.org\/{rel}","templated":true}]}}