{"id":19644,"date":"2024-11-29T18:22:17","date_gmt":"2024-11-29T17:22:17","guid":{"rendered":"https:\/\/wearevillage.org\/?post_type=product&#038;p=19644"},"modified":"2025-01-10T12:06:36","modified_gmt":"2025-01-10T11:06:36","slug":"outdoor-entlang-der-spree-von-treptow-nach-spindlersfeld","status":"publish","type":"product","link":"https:\/\/wearevillage.org\/shop\/village-outdoor\/w04-2025\/","title":{"rendered":"Outdoor \u2013  Entlang der Spree von Treptow nach Spindlersfeld"},"content":{"rendered":"<div class=\"wpb-content-wrapper\"><div class=\"vc_row wpb_row vc_row-fluid\"><div class=\"wpb_column vc_column_container vc_col-sm-12\"><div class=\"vc_column-inner\"><div class=\"wpb_wrapper\"><h4 style=\"text-align: left\" class=\"vc_custom_heading vc_do_custom_heading\" >Village Outdoor \u2013 Entlang der Spree von Treptow nach Spindlersfeld<\/h4><h5 style=\"text-align: left\" class=\"vc_custom_heading vc_do_custom_heading\" >mit Harms Wulf und Thomas Fischer<\/h5>\n\t<div class=\"wpb_text_column wpb_content_element\" >\n\t\t<div class=\"wpb_wrapper\">\n\t\t\t<p>Unsere Wanderung im Januar f\u00fchrt uns zu Beginn immer am Spreeufer entlang durch den Treptower Park, ein Volks- und Erholungspark aus der Mitte des 19. Jahrhundert. Im Verlauf der Strecke passieren wir verschiedene Bauten und Einrichtungen wie dem ruin\u00f6sen Freizeitpark Spreepark Pl\u00e4nterwald, der Insel der Jugend und den historischen Ausflugslokalen wie Zenner und Eierh\u00e4uschen. Am Ende des Parks setzen wir mit einer F\u00e4hre \u00fcber die Spree \u00fcber und erreichen bald den Volks- und Waldpark Wuhlheide, den wir bis zum Endpunkt der Wanderung Richtung Spindlersfeld durchqueren.<\/p>\n<p><strong>Was ist Village Outdoor?<\/strong><br \/>\nVillage Outdoor Events sind monatliche Treffen der we are village-Community und ihrer Freunde, um Outdoor-Aktivit\u00e4ten in und um Berlin zu genie\u00dfen. Zu den Aktivit\u00e4ten geh\u00f6ren Waldwanderungen, Radtouren, Schwimmen in Seen, Sightseeing und Kajakfahren.<br \/>\nJeden Monat gibt es einen kostenlosen und unkomplizierten Spaziergang oder eine Wanderung in Bereichen Berlins oder in der Umgebung, die mit \u00f6ffentlichen Verkehrsmitteln erreichbar sind.<\/p>\n\n\t\t<\/div>\n\t<\/div>\n<div class=\"vc_separator wpb_content_element vc_separator_align_center vc_sep_width_100 vc_sep_pos_align_center vc_separator_no_text vc_sep_color_grey wpb_content_element  wpb_content_element\" ><span class=\"vc_sep_holder vc_sep_holder_l\"><span class=\"vc_sep_line\"><\/span><\/span><span class=\"vc_sep_holder vc_sep_holder_r\"><span class=\"vc_sep_line\"><\/span><\/span>\n<\/div>\n\t<div class=\"wpb_text_column wpb_content_element\" >\n\t\t<div class=\"wpb_wrapper\">\n\t\t\t<p><img loading=\"lazy\" decoding=\"async\" class=\"wp-image-13760 alignleft\" src=\"https:\/\/wearevillage.org\/wp-content\/uploads\/2024\/04\/wav-team-Harms-Wulf-270x300.png\" alt=\"\" width=\"160\" height=\"178\" srcset=\"https:\/\/wearevillage.org\/wp-content\/uploads\/2024\/04\/wav-team-Harms-Wulf-270x300.png 270w, https:\/\/wearevillage.org\/wp-content\/uploads\/2024\/04\/wav-team-Harms-Wulf-135x150.png 135w, https:\/\/wearevillage.org\/wp-content\/uploads\/2024\/04\/wav-team-Harms-Wulf-768x853.png 768w, https:\/\/wearevillage.org\/wp-content\/uploads\/2024\/04\/wav-team-Harms-Wulf-624x693.png 624w, https:\/\/wearevillage.org\/wp-content\/uploads\/2024\/04\/wav-team-Harms-Wulf-390x433.png 390w, https:\/\/wearevillage.org\/wp-content\/uploads\/2024\/04\/wav-team-Harms-Wulf-600x667.png 600w, https:\/\/wearevillage.org\/wp-content\/uploads\/2024\/04\/wav-team-Harms-Wulf.png 900w\" sizes=\"auto, (max-width: 160px) 100vw, 160px\" \/><strong>Harms Wulf<\/strong> kennt Berlin bereits aus den Zeiten der Teilung. Seitdem hat er die Stadt- und Naturr\u00e4ume Berlins und seiner Umgebung beruflich und privat erkundet.<\/p>\n\n\t\t<\/div>\n\t<\/div>\n\n\t<div class=\"wpb_text_column wpb_content_element\" >\n\t\t<div class=\"wpb_wrapper\">\n\t\t\t<p><img loading=\"lazy\" decoding=\"async\" class=\"wp-image-16123 alignleft\" src=\"https:\/\/wearevillage.org\/wp-content\/uploads\/2024\/08\/wav-team-Thomas-Fischer-270x300.png\" alt=\"\" width=\"160\" height=\"178\" srcset=\"https:\/\/wearevillage.org\/wp-content\/uploads\/2024\/08\/wav-team-Thomas-Fischer-270x300.png 270w, https:\/\/wearevillage.org\/wp-content\/uploads\/2024\/08\/wav-team-Thomas-Fischer-135x150.png 135w, https:\/\/wearevillage.org\/wp-content\/uploads\/2024\/08\/wav-team-Thomas-Fischer-768x853.png 768w, https:\/\/wearevillage.org\/wp-content\/uploads\/2024\/08\/wav-team-Thomas-Fischer-624x693.png 624w, https:\/\/wearevillage.org\/wp-content\/uploads\/2024\/08\/wav-team-Thomas-Fischer-390x433.png 390w, https:\/\/wearevillage.org\/wp-content\/uploads\/2024\/08\/wav-team-Thomas-Fischer-600x667.png 600w, https:\/\/wearevillage.org\/wp-content\/uploads\/2024\/08\/wav-team-Thomas-Fischer.png 900w\" sizes=\"auto, (max-width: 160px) 100vw, 160px\" \/> F\u00fcr <strong>Thomas Fischer<\/strong> ist Bewegung im Freien und besonders in der Natur wichtig, um sich mit sich selbst und der Welt um ihn herum zu verbinden. Er unterst\u00fctzt daher die Village Outdoor Angebote und bringt seine zwanzigj\u00e4hrige Erfahrung aus der Erkundung von Berlin und Brandenburg ein.<br \/>\nMit seinem Hintergrund in den Gesundheitswissenschaften ist er besonders an der Verbindung von Geist, K\u00f6rper und sozialen Verbindungen interessiert. Er ist davon \u00fcberzeugt, dass Bewegung, Neugier und kontinuierliche Entwicklung zentral f\u00fcr die menschliche Reise durchs Leben sind.<\/p>\n\n\t\t<\/div>\n\t<\/div>\n<div class=\"vc_separator wpb_content_element vc_separator_align_center vc_sep_width_100 vc_sep_pos_align_center vc_separator_no_text vc_sep_color_grey wpb_content_element  wpb_content_element\" ><span class=\"vc_sep_holder vc_sep_holder_l\"><span class=\"vc_sep_line\"><\/span><\/span><span class=\"vc_sep_holder vc_sep_holder_r\"><span class=\"vc_sep_line\"><\/span><\/span>\n<\/div><\/div><\/div><\/div><\/div><div class=\"vc_row wpb_row vc_row-fluid\"><div class=\"wpb_column vc_column_container vc_col-sm-12\"><div class=\"vc_column-inner\"><div class=\"wpb_wrapper\">\n\t<div class=\"wpb_text_column wpb_content_element\" >\n\t\t<div class=\"wpb_wrapper\">\n\t\t\t<p><u><strong>Hinweise<\/strong><\/u><br \/>\n<strong>Treffpunkt<\/strong>: 11 Uhr, S-Bahnhof Treptower Park (Ostseite Richtung Park)<br \/>\n<strong>R\u00fcckfahrt<\/strong>: S-Bahnhof Spindlersfeld (S47)<br \/>\n<strong>Streckenl\u00e4nge<\/strong>: ca. 13 km (3 \u2013 4 Stunden)<br \/>\n<strong>Sprache<\/strong>: Je nach Bed\u00fcrfnissen der Gruppe werden wir Deutsch und\/oder Englisch sprechen.<br \/>\n<strong>Kosten<\/strong>: Die Teilnahme ist kostenlos.<\/p>\n\n\t\t<\/div>\n\t<\/div>\n<\/div><\/div><\/div><\/div>\n<\/div>","protected":false},"excerpt":{"rendered":"<h5>jeden letzten Sonntag im Monat<br \/>\n11:00 \u2013 15:00<\/h5>\n<p>Kostenfrei<br \/>\nTreffpunkt: S-Bahnhof Treptower Park (Ostseite Richtung Park)<\/p>\n<p><strong>| <span style=\"color: #ec6c23;\">LGBTQIA+\u00a0<\/span>|<\/strong><\/p>\n<p>Unsere Januarwanderung folgt dem Spreeufer durch den Treptower Park, vorbei am Spreepark Pl\u00e4nterwald und der Insel der Jugend. Wir setzen mit der F\u00e4hre \u00fcber und durchqueren den Wuhlheide Park bis Spindlersfeld.<\/p>\n","protected":false},"author":12,"featured_media":20606,"template":"","meta":{"pmpro_default_level":"","inline_featured_image":false},"product_brand":[],"product_cat":[77,791,769,79],"product_tag":[469],"class_list":{"0":"post-19644","1":"product","2":"type-product","3":"status-publish","4":"has-post-thumbnail","6":"product_cat-community-events","7":"product_cat-gemeinsam-statt-einsam","8":"product_cat-kostenloser-zugang","9":"product_cat-monatliche-events","10":"product_tag-lgbtqiaplus","11":"pmpro-has-access","13":"first","14":"outofstock","15":"purchasable","16":"product-type-variable"},"wpml_current_locale":"de_DE","wpml_translations":{"en_US":{"locale":"en_US","id":19645,"slug":"village-outdoor-winter-around-potsdam-kopie","post_title":"Outdoor \u2013 Along the Spree from Treptow to Spindlersfeld","href":"https:\/\/wearevillage.org\/en\/shop\/village-outdoor\/w04-2025"}},"language":{"code":"de","locale":"","name":"","is_rtl":false},"_links":{"self":[{"href":"https:\/\/wearevillage.org\/wp-json\/wp\/v2\/product\/19644","targetHints":{"allow":["GET"]}}],"collection":[{"href":"https:\/\/wearevillage.org\/wp-json\/wp\/v2\/product"}],"about":[{"href":"https:\/\/wearevillage.org\/wp-json\/wp\/v2\/types\/product"}],"author":[{"embeddable":true,"href":"https:\/\/wearevillage.org\/wp-json\/wp\/v2\/users\/12"}],"wp:featuredmedia":[{"embeddable":true,"href":"https:\/\/wearevillage.org\/wp-json\/wp\/v2\/media\/20606"}],"wp:attachment":[{"href":"https:\/\/wearevillage.org\/wp-json\/wp\/v2\/media?parent=19644"}],"wp:term":[{"taxonomy":"product_brand","embeddable":true,"href":"https:\/\/wearevillage.org\/wp-json\/wp\/v2\/product_brand?post=19644"},{"taxonomy":"product_cat","embeddable":true,"href":"https:\/\/wearevillage.org\/wp-json\/wp\/v2\/product_cat?post=19644"},{"taxonomy":"product_tag","embeddable":true,"href":"https:\/\/wearevillage.org\/wp-json\/wp\/v2\/product_tag?post=19644"}],"curies":[{"name":"wp","href":"https:\/\/api.w.org\/{rel}","templated":true}]}}