{"id":19864,"date":"2024-12-10T10:23:50","date_gmt":"2024-12-10T09:23:50","guid":{"rendered":"https:\/\/wearevillage.org\/?post_type=product&#038;p=19864"},"modified":"2025-01-17T17:14:30","modified_gmt":"2025-01-17T16:14:30","slug":"authentic-eros-online-infoabend","status":"publish","type":"product","link":"https:\/\/wearevillage.org\/shop\/authentic-eros-info-evening\/w03-2025\/","title":{"rendered":"Authentic Eros Online Infoabend"},"content":{"rendered":"<div class=\"wpb-content-wrapper\"><div class=\"vc_row wpb_row vc_row-fluid\"><div class=\"wpb_column vc_column_container vc_col-sm-12\"><div class=\"vc_column-inner\"><div class=\"wpb_wrapper\"><h4 style=\"text-align: left\" class=\"vc_custom_heading vc_do_custom_heading\" >Authentic Eros Jahrestraining - Ein Einf\u00fchrungsabend (Online)<\/h4><h5 style=\"text-align: left\" class=\"vc_custom_heading vc_do_custom_heading\" >Exploring skills in support of a deeper connection<\/h5><h5 style=\"text-align: left\" class=\"vc_custom_heading vc_do_custom_heading\" >mit Kai Ehrhardt<\/h5>\n\t<div class=\"wpb_text_column wpb_content_element\" >\n\t\t<div class=\"wpb_wrapper\">\n\t\t\t<p><strong>Trau dich zu lieben!<\/strong><br \/>\nRichte Leben, Sexualit\u00e4t und Beziehungen an deinen Werten und Bed\u00fcrfnissen aus. Verbinde dich mit dem Wesentlichen. Trau dich, pr\u00e4sent, wahrhaftig und lebendig zu sein.<br \/>\nWir freuen uns darauf, Eure Fragen zu beantworten und Euch einen \u00dcberblick \u00fcber das One Year Training zu geben.<br \/>\nWir bitten um Anmeldung f\u00fcr diese kostenlose Veranstaltung.<\/p>\n<p><strong>Sei dabei: Infoabend zum Jahrestraining<\/strong><br \/>\nBegleite uns zu einem informativen Abend \u00fcber das Jahrestraining, das darauf ausgelegt ist, dein Verst\u00e4ndnis von authentischen Beziehungen und pers\u00f6nlichem Wachstum zu vertiefen. Das Programm bietet eine einzigartige M\u00f6glichkeit, Themen wie Intimit\u00e4t, Verbundenheit und Selbsterkenntnis durch verschiedene Workshops und erfahrungsbasiertes Lernen zu erforschen.<\/p>\n<p><strong>Was dich erwartet<\/strong><br \/>\nAn diesem Abend kannst du:<br \/>\n\u2013 Das Programm kennenlernen: Erfahre mehr \u00fcber den Aufbau und die Inhalte des <strong>Jahrestrainings<\/strong>, einschlie\u00dflich zentraler Themen wie emotionale Intelligenz, Kommunikationsf\u00e4higkeiten und pers\u00f6nliche St\u00e4rkung.<br \/>\n\u2013 Den Trainer treffen: Begegne Kai Ehrhardt, dem erfahrenen Facilitator, der dich auf deiner Reise zu Selbsterforschung und Beziehungsdynamiken begleitet.<br \/>\n\u2013 Die Aktivit\u00e4ten kennenlernen: Gewinne einen Eindruck von den interaktiven \u00dcbungen, die Verbindung und Verst\u00e4ndnis zwischen den Teilnehmenden f\u00f6rdern.<\/p>\n<p><strong>Warum teilnehmen?<\/strong><br \/>\nDer Infoabend ist eine gro\u00dfartige Gelegenheit, Fragen zu stellen, Gleichgesinnte zu treffen und Einblicke zu gewinnen, wie dieses Programm deine Herangehensweise an Beziehungen und pers\u00f6nliches Wohlbefinden transformieren kann. Ob du dein Privatleben bereichern oder berufliche Kompetenzen ausbauen m\u00f6chtest \u2013 dieses Training bietet wertvolle Werkzeuge f\u00fcr alle.<\/p>\n<p>Wir freuen uns, dich willkommen zu hei\u00dfen!<br \/>\nWeitere Informationen zum Programm findest du unter <strong><a href=\"https:\/\/wearevillage.org\/shop\/one-year-training-2025\">Authentic Eros Jahrestraining<\/a><\/strong>.<\/p>\n\n\t\t<\/div>\n\t<\/div>\n<div class=\"vc_separator wpb_content_element vc_separator_align_center vc_sep_width_100 vc_sep_pos_align_center vc_separator_no_text vc_sep_color_grey wpb_content_element  wpb_content_element\" ><span class=\"vc_sep_holder vc_sep_holder_l\"><span class=\"vc_sep_line\"><\/span><\/span><span class=\"vc_sep_holder vc_sep_holder_r\"><span class=\"vc_sep_line\"><\/span><\/span>\n<\/div>\n\t<div class=\"wpb_text_column wpb_content_element\" >\n\t\t<div class=\"wpb_wrapper\">\n\t\t\t<p><img loading=\"lazy\" decoding=\"async\" class=\"wp-image-43 alignleft\" src=\"https:\/\/wearevillage.org\/wp-content\/uploads\/2022\/08\/team-kai-erhardt.jpg\" alt=\"\" width=\"160\" height=\"177\" srcset=\"https:\/\/wearevillage.org\/wp-content\/uploads\/2022\/08\/team-kai-erhardt.jpg 700w, https:\/\/wearevillage.org\/wp-content\/uploads\/2022\/08\/team-kai-erhardt-390x431.jpg 390w, https:\/\/wearevillage.org\/wp-content\/uploads\/2022\/08\/team-kai-erhardt-600x663.jpg 600w, https:\/\/wearevillage.org\/wp-content\/uploads\/2022\/08\/team-kai-erhardt-271x300.jpg 271w, https:\/\/wearevillage.org\/wp-content\/uploads\/2022\/08\/team-kai-erhardt-624x690.jpg 624w\" sizes=\"auto, (max-width: 160px) 100vw, 160px\" \/> <strong>Kai Ehrhardt<\/strong> gr\u00fcndete 2016 Village.Berlin (heute: we are village) und 2012 die Somatische Akademie Berlin, wo er administrativ in der Gesch\u00e4ftsf\u00fchrung t\u00e4tig ist, Veranstaltungen und Aus- sowie Fortbildungen entwickelt, und die STRETCH und BODY IQ Festivals kuratiert und durchf\u00fchrt. Als somatischer P\u00e4dagoge unterrichtet er den Erfahrbarer Atem nach Prof. Middendorf und Continuum und besitzt die Zulassung zum Heilpraktiker Psychotherapie. Im Jahr 2002 gr\u00fcndete er Authentic Eros \u2013 ein Angebot f\u00fcr schwule, bi und trans Gruppenprozesse rund um Intimit\u00e4t und Ber\u00fchrung, Kommunikation und pers\u00f6nliche Entwicklung.<\/p>\n\n\t\t<\/div>\n\t<\/div>\n<div class=\"vc_separator wpb_content_element vc_separator_align_center vc_sep_width_100 vc_sep_pos_align_center vc_separator_no_text vc_sep_color_grey wpb_content_element  wpb_content_element\" ><span class=\"vc_sep_holder vc_sep_holder_l\"><span class=\"vc_sep_line\"><\/span><\/span><span class=\"vc_sep_holder vc_sep_holder_r\"><span class=\"vc_sep_line\"><\/span><\/span>\n<\/div>\n\t<div class=\"wpb_text_column wpb_content_element\" >\n\t\t<div class=\"wpb_wrapper\">\n\t\t\t<p><strong><u>Hinweise<\/u><\/strong><br \/>\n<strong>Anmeldung<\/strong>: Dieses Event findet online statt. Wenn du teilnehmen m\u00f6chtest, registriere dich bitte \u00fcber diesen <a href=\"https:\/\/us02web.zoom.us\/meeting\/register\/tZMsceCurjwpHN3Ax9OOqB3RKAPWOWvZmDAI\"><strong>Link<\/strong><\/a>.<br \/>\n<strong>Sprache<\/strong>:\u00a0<span style=\"font-weight: 400;\">Je nach Bed\u00fcrfnissen der Gruppe werden wir Deutsch und\/oder Englisch sprechen.<\/span><\/p>\n\n\t\t<\/div>\n\t<\/div>\n<\/div><\/div><\/div><\/div>\n<\/div>","protected":false},"excerpt":{"rendered":"<h5>Freitag<br \/>\n18:00 \u2013 19:00<br \/>\nmit Kai Ehrhardt<br \/>\nkostenlos mit Anmeldung<\/h5>\n<p class=\"p1\"><strong>|<span style=\"color: #ec6c23;\"> GBTQ men* <\/span>|<\/strong><\/p>\n<p><strong>Trau dich zu lieben!<\/strong><br \/>\nRichte Leben, Sexualit\u00e4t und Beziehungen an deinen Werten und Bed\u00fcrfnissen aus. Verbinde dich mit dem Wesentlichen. Trau dich, pr\u00e4sent, wahrhaftig und lebendig zu sein. Wir freuen uns darauf, deine Fragen zu beantworten und dir einen \u00dcberblick \u00fcber das Authentic Eros Jahrestraining zu geben.<\/p>\n<p><strong>Anmeldung<\/strong>: Dieses Event findet online statt. Wenn du teilnehmen m\u00f6chtest, registriere dich bitte \u00fcber diesen <strong><a href=\"https:\/\/us02web.zoom.us\/meeting\/register\/tZMsceCurjwpHN3Ax9OOqB3RKAPWOWvZmDAI#\/registration\">Link<\/a><\/strong>.<\/p>\n","protected":false},"author":12,"featured_media":10542,"template":"","meta":{"pmpro_default_level":"","inline_featured_image":false},"product_brand":[],"product_cat":[785,769],"product_tag":[256],"class_list":{"0":"post-19864","1":"product","2":"type-product","3":"status-publish","4":"has-post-thumbnail","6":"product_cat-authentic-eros-events-qbtq-men","7":"product_cat-kostenloser-zugang","8":"product_tag-gbtq-men","9":"pmpro-has-access","11":"first","12":"outofstock","13":"purchasable","14":"product-type-variable"},"wpml_current_locale":"de_DE","wpml_translations":{"en_US":{"locale":"en_US","id":19868,"slug":"authentic-eros-introduction-weekend-kopie","post_title":"Authentic Eros Online Information Evening","href":"https:\/\/wearevillage.org\/en\/shop\/authentic-eros-info-evening\/w03-2025"}},"language":{"code":"de","locale":"","name":"","is_rtl":false},"_links":{"self":[{"href":"https:\/\/wearevillage.org\/wp-json\/wp\/v2\/product\/19864","targetHints":{"allow":["GET"]}}],"collection":[{"href":"https:\/\/wearevillage.org\/wp-json\/wp\/v2\/product"}],"about":[{"href":"https:\/\/wearevillage.org\/wp-json\/wp\/v2\/types\/product"}],"author":[{"embeddable":true,"href":"https:\/\/wearevillage.org\/wp-json\/wp\/v2\/users\/12"}],"wp:featuredmedia":[{"embeddable":true,"href":"https:\/\/wearevillage.org\/wp-json\/wp\/v2\/media\/10542"}],"wp:attachment":[{"href":"https:\/\/wearevillage.org\/wp-json\/wp\/v2\/media?parent=19864"}],"wp:term":[{"taxonomy":"product_brand","embeddable":true,"href":"https:\/\/wearevillage.org\/wp-json\/wp\/v2\/product_brand?post=19864"},{"taxonomy":"product_cat","embeddable":true,"href":"https:\/\/wearevillage.org\/wp-json\/wp\/v2\/product_cat?post=19864"},{"taxonomy":"product_tag","embeddable":true,"href":"https:\/\/wearevillage.org\/wp-json\/wp\/v2\/product_tag?post=19864"}],"curies":[{"name":"wp","href":"https:\/\/api.w.org\/{rel}","templated":true}]}}