{"id":19901,"date":"2024-12-11T15:54:42","date_gmt":"2024-12-11T14:54:42","guid":{"rendered":"https:\/\/wearevillage.org\/?post_type=product&#038;p=19901"},"modified":"2025-01-17T15:52:28","modified_gmt":"2025-01-17T14:52:28","slug":"manuskripte-der-fremden-koerper-queer-bridges","status":"publish","type":"product","link":"https:\/\/wearevillage.org\/shop\/queer-bridges-manuscripts-foreign-bodies\/w04-2025\/","title":{"rendered":"Manuskripte der Fremden K\u00f6rper \u2013\u00a0Queer Bridges"},"content":{"rendered":"<div class=\"wpb-content-wrapper\"><div class=\"vc_row wpb_row vc_row-fluid\"><div class=\"wpb_column vc_column_container vc_col-sm-12\"><div class=\"vc_column-inner\"><div class=\"wpb_wrapper\"><h4 style=\"text-align: left\" class=\"vc_custom_heading vc_do_custom_heading\" >Manuskripte der Fremden K\u00f6rper \u2013 Queer Bridges <\/h4><h5 style=\"text-align: left\" class=\"vc_custom_heading vc_do_custom_heading\" >mit Ahmad Baba<\/h5>\n\t<div class=\"wpb_text_column wpb_content_element\" >\n\t\t<div class=\"wpb_wrapper\">\n\t\t\t<p>Der Workshop <em>Manuskripte der Fremden K\u00f6rper<\/em>\u00a0l\u00e4dt alle Teilnehmenden ein, den K\u00f6rper als mehr als nur ein physiologisches Wesen zu betrachten \u2013 er ist ein Tor, um sich in einer Welt, die oft vom Verstand dominiert wird, wieder mit sich selbst zu verbinden.<\/p>\n<p>In diesem Workshop werden wir in die Emotionen eintauchen, die im K\u00f6rper gespeichert sind, insbesondere diejenigen, die uns oft beigebracht werden zu unterdr\u00fccken, wie Scham, Trauer und Freude. Die Teilnehmenden werden die innere St\u00e4rke und das kreative Potenzial in ihren K\u00f6rpern entdecken, indem sie bewegungsbasierte Praktiken, Tanz und andere kreative Ans\u00e4tze nutzen.<\/p>\n<p>Dieser Raum bietet die M\u00f6glichkeit, sich mit dem eigenen K\u00f6rper und anderen zu verbinden, sich von vererbten K\u00f6rpernormen zu l\u00f6sen und diese zu dekolonisieren, die Geschichten umzuschreiben, die unsere K\u00f6rper in unserer Haut und unseren Knochen tragen, und das, was unter diesen Schichten liegt, zu entdecken. Vorkenntnisse im Tanz sind nicht erforderlich.<\/p>\n\n\t\t<\/div>\n\t<\/div>\n<div class=\"vc_separator wpb_content_element vc_separator_align_center vc_sep_width_100 vc_sep_pos_align_center vc_separator_no_text vc_sep_color_grey wpb_content_element  wpb_content_element\" ><span class=\"vc_sep_holder vc_sep_holder_l\"><span class=\"vc_sep_line\"><\/span><\/span><span class=\"vc_sep_holder vc_sep_holder_r\"><span class=\"vc_sep_line\"><\/span><\/span>\n<\/div>\n\t<div class=\"wpb_text_column wpb_content_element\" >\n\t\t<div class=\"wpb_wrapper\">\n\t\t\t<p><img loading=\"lazy\" decoding=\"async\" class=\"wp-image-19904 alignleft\" src=\"https:\/\/wearevillage.org\/wp-content\/uploads\/2024\/12\/Ahmad-Baba-scaled-e1733929668510.jpeg\" alt=\"\" width=\"160\" height=\"178\" srcset=\"https:\/\/wearevillage.org\/wp-content\/uploads\/2024\/12\/Ahmad-Baba-scaled-e1733929668510.jpeg 1080w, https:\/\/wearevillage.org\/wp-content\/uploads\/2024\/12\/Ahmad-Baba-scaled-e1733929668510-269x300.jpeg 269w, https:\/\/wearevillage.org\/wp-content\/uploads\/2024\/12\/Ahmad-Baba-scaled-e1733929668510-919x1024.jpeg 919w, https:\/\/wearevillage.org\/wp-content\/uploads\/2024\/12\/Ahmad-Baba-scaled-e1733929668510-135x150.jpeg 135w, https:\/\/wearevillage.org\/wp-content\/uploads\/2024\/12\/Ahmad-Baba-scaled-e1733929668510-768x855.jpeg 768w, https:\/\/wearevillage.org\/wp-content\/uploads\/2024\/12\/Ahmad-Baba-scaled-e1733929668510-624x695.jpeg 624w, https:\/\/wearevillage.org\/wp-content\/uploads\/2024\/12\/Ahmad-Baba-scaled-e1733929668510-390x434.jpeg 390w, https:\/\/wearevillage.org\/wp-content\/uploads\/2024\/12\/Ahmad-Baba-scaled-e1733929668510-600x668.jpeg 600w\" sizes=\"auto, (max-width: 160px) 100vw, 160px\" \/><strong>Ahmad Baba<\/strong> ist ein multidisziplin\u00e4rer Performancek\u00fcnstler, der in den Bereichen Tanz, Multimedia und Kuratierung t\u00e4tig ist. Er hat einen Masterabschluss in Tanz- und Bewegungstherapie, einer k\u00f6rperpsychotherapeutischen Disziplin, und arbeitet sowohl in klinischen als auch nicht-klinischen Kontexten mit einem Fokus auf rassifizierte sexuelle und geschlechtliche Minderheiten sowie Migrant*innen. Ahmad leitet zudem Workshops in Berlin und dar\u00fcber hinaus, in denen er die Schnittstelle von Kunst und mentaler Gesundheit erforscht.<\/p>\n\n\t\t<\/div>\n\t<\/div>\n<div class=\"vc_separator wpb_content_element vc_separator_align_center vc_sep_width_100 vc_sep_pos_align_center vc_separator_no_text vc_sep_color_grey wpb_content_element  wpb_content_element\" ><span class=\"vc_sep_holder vc_sep_holder_l\"><span class=\"vc_sep_line\"><\/span><\/span><span class=\"vc_sep_holder vc_sep_holder_r\"><span class=\"vc_sep_line\"><\/span><\/span>\n<\/div>\n\t<div class=\"wpb_text_column wpb_content_element\" >\n\t\t<div class=\"wpb_wrapper\">\n\t\t\t<p><strong>Queer Bridges: Verbindungen schaffen und Ressourcen f\u00fcr LGBTQIA+ Menschen mit Migrationserfahrung bereitstellen.<\/strong><\/p>\n<p>Queere Menschen mit Migrationserfahrung in Berlin sehen sich in ihrem t\u00e4glichen Leben oft mit besonderen Herausforderungen konfrontiert, die ihren Zugang zu unterst\u00fctzenden Gemeinschaften und integrativen Umgebungen einschr\u00e4nken k\u00f6nnen.<\/p>\n<p><img loading=\"lazy\" decoding=\"async\" class=\"wp-image-15170 alignleft\" src=\"https:\/\/wearevillage.org\/wp-content\/uploads\/2024\/06\/stiftung-300x121.png\" alt=\"\" width=\"216\" height=\"87\" srcset=\"https:\/\/wearevillage.org\/wp-content\/uploads\/2024\/06\/stiftung-300x121.png 300w, https:\/\/wearevillage.org\/wp-content\/uploads\/2024\/06\/stiftung-1024x414.png 1024w, https:\/\/wearevillage.org\/wp-content\/uploads\/2024\/06\/stiftung-150x61.png 150w, https:\/\/wearevillage.org\/wp-content\/uploads\/2024\/06\/stiftung-768x310.png 768w, https:\/\/wearevillage.org\/wp-content\/uploads\/2024\/06\/stiftung-1536x620.png 1536w, https:\/\/wearevillage.org\/wp-content\/uploads\/2024\/06\/stiftung-2048x827.png 2048w, https:\/\/wearevillage.org\/wp-content\/uploads\/2024\/06\/stiftung-624x252.png 624w, https:\/\/wearevillage.org\/wp-content\/uploads\/2024\/06\/stiftung-390x158.png 390w, https:\/\/wearevillage.org\/wp-content\/uploads\/2024\/06\/stiftung-600x242.png 600w\" sizes=\"auto, (max-width: 216px) 100vw, 216px\" \/>Mit Unterst\u00fctzung der<strong> Deutschen Fernsehlotterie Stiftung<\/strong>, haben wir das Programm Queer Bridges entwickelt, um diese H\u00fcrden zu \u00fcberwinden. Wir bieten Ressourcen, Vernetzung und Unterst\u00fctzung in einem einladenden Umfeld f\u00fcr queere Migrant*innen und Gefl\u00fcchtete durch unser spezielles Programm. Unser Ziel ist es, ein Gef\u00fchl der Zugeh\u00f6rigkeit zur lokalen LGBTQIA+ Community zu f\u00f6rdern und damit eine reibungslose Integration sowie eine verbesserte Lebensqualit\u00e4t f\u00fcr queere Menschen mit Migrations- und\/oder Fluchterfahrung zu erm\u00f6glichen.<\/p>\n<p><span style=\"vertical-align: inherit;\"><span style=\"vertical-align: inherit;\">\u2705 Unser <strong>Queer Bridges<\/strong> Programm wird sich stetig weiter entwickeln und wir freuen uns auch jederzeit von Euren Bedarfen zu h\u00f6ren. Bei Interesse k\u00f6nnt ihr uns eine E-Mail schicken, um \u00fcber weitere Aktualisierungen informiert zu bleiben.<\/span><\/span><\/p>\n\n\t\t<\/div>\n\t<\/div>\n<div class=\"vc_separator wpb_content_element vc_separator_align_center vc_sep_width_100 vc_sep_pos_align_center vc_separator_no_text vc_sep_color_grey wpb_content_element  wpb_content_element\" ><span class=\"vc_sep_holder vc_sep_holder_l\"><span class=\"vc_sep_line\"><\/span><\/span><span class=\"vc_sep_holder vc_sep_holder_r\"><span class=\"vc_sep_line\"><\/span><\/span>\n<\/div>\n\t<div class=\"wpb_text_column wpb_content_element\" >\n\t\t<div class=\"wpb_wrapper\">\n\t\t\t<p><span style=\"text-decoration: underline;\"><strong>Hinweise<\/strong><\/span><br \/>\n<strong>Teilnehmende<\/strong>: Dieser Workshop richtet sich an alle, die sich als LGBTQIA+ identifizieren und Migrations- und\/oder Fluchterfahrung erlebt haben. Wenn ihr diese Erfahrungen nicht teilt, aber dennoch an einer Teilnahme interessiert seid, meldet euch bitte zuerst bei uns, um zu kl\u00e4ren, ob ein Platz frei ist. Wir bitten alle Teilnehmenden, den Schwerpunkt des Programms zu respektieren und dazu beizutragen, einen offenen, respektvollen Raum zu schaffen.<br \/>\n<strong>Anmeldung<\/strong>: F\u00fcr dieses Event stehen begrenzte Pl\u00e4tze zur Verf\u00fcgung. Eine Registrierung \u00fcber unsere Website ist daher erforderlich.<br \/>\n<strong>Sprache<\/strong>: Dieses Event wird auf Deutsch und Englisch sein.<br \/>\n<strong>Kosten<\/strong>: Die Teilnahme ist kostenlos.<\/p>\n\n\t\t<\/div>\n\t<\/div>\n<\/div><\/div><\/div><\/div>\n<\/div>","protected":false},"excerpt":{"rendered":"<h5>Monday<br \/>\n18:00-19:30<br \/>\nFrei<br \/>\nAnmeldung erforderlich<\/h5>\n<p><strong> | <span style=\"color: #ec6c23;\"> LGBTQIA+ <\/span> | <\/strong><\/p>\n<p>In diesem Workshop werden die Teilnehmenden eingeladen, den K\u00f6rper nicht nur als physische Struktur zu betrachten, sondern als ein Gef\u00e4\u00df f\u00fcr Selbsterkenntnis und Verbindung in einer kopflastigen Welt.<\/p>\n","protected":false},"author":12,"featured_media":20475,"template":"","meta":{"pmpro_default_level":"","inline_featured_image":false},"product_brand":[],"product_cat":[769,797,83],"product_tag":[469],"class_list":{"0":"post-19901","1":"product","2":"type-product","3":"status-publish","4":"has-post-thumbnail","6":"product_cat-kostenloser-zugang","7":"product_cat-queer-bridges-events-2","8":"product_cat-workshops","9":"product_tag-lgbtqiaplus","10":"pmpro-has-access","12":"first","13":"instock","14":"product-type-simple"},"wpml_current_locale":"de_DE","wpml_translations":{"en_US":{"locale":"en_US","id":19902,"slug":"the-power-of-imagination-queer-bridges-kopie-2","post_title":"Manuscripts of Foreign Bodies \u2013 Queer Bridges","href":"https:\/\/wearevillage.org\/en\/shop\/queer-bridges-manuscripts-foreign-bodies\/w04-2025"}},"language":{"code":"de","locale":"","name":"","is_rtl":false},"_links":{"self":[{"href":"https:\/\/wearevillage.org\/wp-json\/wp\/v2\/product\/19901","targetHints":{"allow":["GET"]}}],"collection":[{"href":"https:\/\/wearevillage.org\/wp-json\/wp\/v2\/product"}],"about":[{"href":"https:\/\/wearevillage.org\/wp-json\/wp\/v2\/types\/product"}],"author":[{"embeddable":true,"href":"https:\/\/wearevillage.org\/wp-json\/wp\/v2\/users\/12"}],"wp:featuredmedia":[{"embeddable":true,"href":"https:\/\/wearevillage.org\/wp-json\/wp\/v2\/media\/20475"}],"wp:attachment":[{"href":"https:\/\/wearevillage.org\/wp-json\/wp\/v2\/media?parent=19901"}],"wp:term":[{"taxonomy":"product_brand","embeddable":true,"href":"https:\/\/wearevillage.org\/wp-json\/wp\/v2\/product_brand?post=19901"},{"taxonomy":"product_cat","embeddable":true,"href":"https:\/\/wearevillage.org\/wp-json\/wp\/v2\/product_cat?post=19901"},{"taxonomy":"product_tag","embeddable":true,"href":"https:\/\/wearevillage.org\/wp-json\/wp\/v2\/product_tag?post=19901"}],"curies":[{"name":"wp","href":"https:\/\/api.w.org\/{rel}","templated":true}]}}