{"id":20107,"date":"2024-12-16T12:31:02","date_gmt":"2024-12-16T11:31:02","guid":{"rendered":"https:\/\/wearevillage.org\/?post_type=product&#038;p=20107"},"modified":"2024-12-20T14:40:44","modified_gmt":"2024-12-20T13:40:44","slug":"open-writing-circle-14","status":"publish","type":"product","link":"https:\/\/wearevillage.org\/shop\/writing-circle\/w03-2024\/","title":{"rendered":"Open writing circle"},"content":{"rendered":"<div class=\"wpb-content-wrapper\"><div class=\"vc_row wpb_row vc_row-fluid\"><div class=\"wpb_column vc_column_container vc_col-sm-12\"><div class=\"vc_column-inner\"><div class=\"wpb_wrapper\"><h4 style=\"text-align: left\" class=\"vc_custom_heading vc_do_custom_heading\" >Open writing circle<\/h4><h5 style=\"text-align: left\" class=\"vc_custom_heading vc_do_custom_heading\" >Gast: Alan Lessik<\/h5>\n\t<div class=\"wpb_text_column wpb_content_element\" >\n\t\t<div class=\"wpb_wrapper\">\n\t\t\t<p><strong>Worte und Geschichten wohnen in uns allen und warten darauf, entdeckt zu werden.<\/strong><\/p>\n<p>Unser monatlicher offener Schreibkreis l\u00e4dt Menschen mit allen Erfahrungsstufen im Schreiben ein, ihre Kreativit\u00e4t und Fantasie zu erforschen.In jeder Sitzung wird eine der vielen au\u00dfergew\u00f6hnlichen schreibenden, dichtenden oder k\u00fcnstlerisch t\u00e4tigen Personen Berlins ein lebendiges und kollektives Lernerlebnis gestalten.<\/p>\n<p>Ob du dich f\u00fcr Fiktion, Memoiren, Sachb\u00fccher oder Poesie interessierst, dieser unterst\u00fctzende Raum ermutigt dich, die Worte in deinem Inneren zu entdecken. Wir werden Techniken aus Schreibworkshops nutzen, um dein angeborenes Talent in einer kollaborativen Umgebung zu entfesseln, die einen dynamischen Austausch von Ideen und Einsichten erm\u00f6glicht.<\/p>\n<p>Dieser Workshop zielt darauf ab, einen best\u00e4rkenden, spielerischen und erm\u00e4chtigenden Raum f\u00fcr queere Menschen zu schaffen, um ihre Identit\u00e4ten zu erforschen, auszudr\u00fccken und zu feiern, sowie eine Plattform zu bieten, auf der die Geschichten der LGBTQIA+-Gemeinschaft geteilt, geh\u00f6rt und wertgesch\u00e4tzt werden k\u00f6nnen.<\/p>\n\n\t\t<\/div>\n\t<\/div>\n<div class=\"vc_separator wpb_content_element vc_separator_align_center vc_sep_width_100 vc_sep_pos_align_center vc_separator_no_text vc_sep_color_grey wpb_content_element  wpb_content_element\" ><span class=\"vc_sep_holder vc_sep_holder_l\"><span class=\"vc_sep_line\"><\/span><\/span><span class=\"vc_sep_holder vc_sep_holder_r\"><span class=\"vc_sep_line\"><\/span><\/span>\n<\/div>\n\t<div class=\"wpb_text_column wpb_content_element\" >\n\t\t<div class=\"wpb_wrapper\">\n\t\t\t<p><img loading=\"lazy\" decoding=\"async\" class=\"wp-image-14366 alignleft\" src=\"https:\/\/wearevillage.org\/wp-content\/uploads\/2024\/05\/wav-team-Alan-Lessik-270x300.png\" alt=\"\" width=\"160\" height=\"178\" srcset=\"https:\/\/wearevillage.org\/wp-content\/uploads\/2024\/05\/wav-team-Alan-Lessik-270x300.png 270w, https:\/\/wearevillage.org\/wp-content\/uploads\/2024\/05\/wav-team-Alan-Lessik-135x150.png 135w, https:\/\/wearevillage.org\/wp-content\/uploads\/2024\/05\/wav-team-Alan-Lessik-768x853.png 768w, https:\/\/wearevillage.org\/wp-content\/uploads\/2024\/05\/wav-team-Alan-Lessik-624x693.png 624w, https:\/\/wearevillage.org\/wp-content\/uploads\/2024\/05\/wav-team-Alan-Lessik-390x433.png 390w, https:\/\/wearevillage.org\/wp-content\/uploads\/2024\/05\/wav-team-Alan-Lessik-600x667.png 600w, https:\/\/wearevillage.org\/wp-content\/uploads\/2024\/05\/wav-team-Alan-Lessik.png 900w\" sizes=\"auto, (max-width: 160px) 100vw, 160px\" \/> <strong>Alan Lessik <\/strong>ist Romanautor, Queer-Aktivist und Zen-Praktizierender. Er lehrte Meditation bei Queer Dharma im San Francisco Zen Center und war Gastlehrer bei der SF LGBTQ Sangha.<\/p>\n\n\t\t<\/div>\n\t<\/div>\n<div class=\"vc_separator wpb_content_element vc_separator_align_center vc_sep_width_100 vc_sep_pos_align_center vc_separator_no_text vc_sep_color_grey vc_custom_1731067047055 wpb_content_element  vc_custom_1731067047055 wpb_content_element\" ><span class=\"vc_sep_holder vc_sep_holder_l\"><span class=\"vc_sep_line\"><\/span><\/span><span class=\"vc_sep_holder vc_sep_holder_r\"><span class=\"vc_sep_line\"><\/span><\/span>\n<\/div>\n\t<div class=\"wpb_text_column wpb_content_element\" >\n\t\t<div class=\"wpb_wrapper\">\n\t\t\t<p><span style=\"text-decoration: underline;\"><strong>Hinweise<\/strong><\/span><br \/>\n<strong>Level<\/strong>: Es sind keine Vorkenntnisse erforderlich.<br \/>\n<strong>Sprache<\/strong>: W\u00e4hrend die Gruppe haupts\u00e4chlich auf Englisch durchgef\u00fchrt wird, bist du herzlich eingeladen, in jeder Sprache zu schreiben, in der du dich wohlf\u00fchlst.<br \/>\n<strong>Kosten<\/strong>: Diese Veranstaltung ist kostenlos.<br \/>\nWir laden au\u00dferdem alle Schreibenden ein, eine zuk\u00fcnftige Sitzung zu leiten \u2013 bitte kontaktiere uns f\u00fcr weitere Informationen.<\/p>\n\n\t\t<\/div>\n\t<\/div>\n<\/div><\/div><\/div><\/div>\n<\/div>","protected":false},"excerpt":{"rendered":"<h5>Donnerstag (einmal pro Monat)<br \/>\n19:30 \u2013 21:30<br \/>\nkostenfrei<\/h5>\n<p class=\"p1\"><strong>| <span style=\"color: #ec6c23;\">LGBTQIA+<\/span>|\u00a0<\/strong><\/p>\n<p><strong>Worte und Geschichten wohnen in uns allen und warten darauf, entdeckt zu werden.<\/strong><\/p>\n<p>Unser monatlicher offener Schreibkreis l\u00e4dt Menschen mit allen Erfahrungsstufen im Schreiben ein, ihre Kreativit\u00e4t und Fantasie zu erforschen.In jeder Sitzung wird eine der vielen au\u00dfergew\u00f6hnlichen schreibenden, dichtenden oder k\u00fcnstlerisch t\u00e4tigen Personen Berlins ein lebendiges und kollektives Lernerlebnis gestalten.<\/p>\n","protected":false},"author":12,"featured_media":18354,"template":"","meta":{"pmpro_default_level":"","inline_featured_image":false},"product_brand":[],"product_cat":[769,79,80],"product_tag":[469],"class_list":{"0":"post-20107","1":"product","2":"type-product","3":"status-publish","4":"has-post-thumbnail","6":"product_cat-kostenloser-zugang","7":"product_cat-monatliche-events","8":"product_cat-queer-matters","9":"product_tag-lgbtqiaplus","10":"pmpro-has-access","12":"first","13":"outofstock","14":"purchasable","15":"product-type-variable"},"wpml_current_locale":"de_DE","wpml_translations":{"en_US":{"locale":"en_US","id":20108,"slug":"open-writing-circle-kopie-15","post_title":"Open writing circle","href":"https:\/\/wearevillage.org\/en\/shop\/writing-circle\/w03-2024"}},"language":{"code":"de","locale":"","name":"","is_rtl":false},"_links":{"self":[{"href":"https:\/\/wearevillage.org\/wp-json\/wp\/v2\/product\/20107","targetHints":{"allow":["GET"]}}],"collection":[{"href":"https:\/\/wearevillage.org\/wp-json\/wp\/v2\/product"}],"about":[{"href":"https:\/\/wearevillage.org\/wp-json\/wp\/v2\/types\/product"}],"author":[{"embeddable":true,"href":"https:\/\/wearevillage.org\/wp-json\/wp\/v2\/users\/12"}],"wp:featuredmedia":[{"embeddable":true,"href":"https:\/\/wearevillage.org\/wp-json\/wp\/v2\/media\/18354"}],"wp:attachment":[{"href":"https:\/\/wearevillage.org\/wp-json\/wp\/v2\/media?parent=20107"}],"wp:term":[{"taxonomy":"product_brand","embeddable":true,"href":"https:\/\/wearevillage.org\/wp-json\/wp\/v2\/product_brand?post=20107"},{"taxonomy":"product_cat","embeddable":true,"href":"https:\/\/wearevillage.org\/wp-json\/wp\/v2\/product_cat?post=20107"},{"taxonomy":"product_tag","embeddable":true,"href":"https:\/\/wearevillage.org\/wp-json\/wp\/v2\/product_tag?post=20107"}],"curies":[{"name":"wp","href":"https:\/\/api.w.org\/{rel}","templated":true}]}}