{"id":20240,"date":"2024-12-17T15:07:15","date_gmt":"2024-12-17T14:07:15","guid":{"rendered":"https:\/\/wearevillage.org\/?post_type=product&#038;p=20240"},"modified":"2025-02-03T16:22:54","modified_gmt":"2025-02-03T15:22:54","slug":"kink-101-eine-einfuehrung-in-bewussten-kink","status":"publish","type":"product","link":"https:\/\/wearevillage.org\/shop\/kink-touch\/w06-2025\/","title":{"rendered":"Kink 101 \u2013 Eine Einf\u00fchrung in bewussten Kink"},"content":{"rendered":"<div class=\"wpb-content-wrapper\"><div class=\"vc_row wpb_row vc_row-fluid\"><div class=\"wpb_column vc_column_container vc_col-sm-12\"><div class=\"vc_column-inner\"><div class=\"wpb_wrapper\"><h4 style=\"text-align: left\" class=\"vc_custom_heading vc_do_custom_heading\" >Kink 101 \u2013 Eine Einf\u00fchrung in bewussten Kink<\/h4><h5 style=\"text-align: left\" class=\"vc_custom_heading vc_do_custom_heading\" >Sensual Kink & Touch Lab Series for Queer People <\/h5><h5 style=\"text-align: left\" class=\"vc_custom_heading vc_do_custom_heading\" >mit Cal<\/h5>\n\t<div class=\"wpb_text_column wpb_content_element\" >\n\t\t<div class=\"wpb_wrapper\">\n\t\t\t<p><strong>Februar<\/strong>. W\u00e4hrend dieses dreist\u00fcndigen Workshops wirst du einen Einblick in die grundlegenden Konzepte von Kink und BDSM erhalten. Wir werden uns auf Intention, Pr\u00e4senz und achtsame Interaktionen konzentrieren. In diesem praxisorientierten Workshop werden wir verschiedene \u00dcbungen zu den Themen Einverst\u00e4ndnis, Macht und Unterwerfung, Schmerz und Fesselung durchf\u00fchren. Vielleicht bist du v\u00f6llig neu in der Welt von BDSM und Kink, vielleicht befindest du dich bereits in einer Phase der Erkundung. Wie auch immer, dieser Workshop ist f\u00fcr dich.<\/p>\n\n\t\t<\/div>\n\t<\/div>\n<div class=\"vc_separator wpb_content_element vc_separator_align_center vc_sep_width_100 vc_sep_pos_align_center vc_separator_no_text vc_sep_color_grey wpb_content_element  wpb_content_element\" ><span class=\"vc_sep_holder vc_sep_holder_l\"><span class=\"vc_sep_line\"><\/span><\/span><span class=\"vc_sep_holder vc_sep_holder_r\"><span class=\"vc_sep_line\"><\/span><\/span>\n<\/div>\n\t<div class=\"wpb_text_column wpb_content_element\" >\n\t\t<div class=\"wpb_wrapper\">\n\t\t\t<p><strong><img loading=\"lazy\" decoding=\"async\" class=\"wp-image-20247 alignleft\" src=\"https:\/\/wearevillage.org\/wp-content\/uploads\/2024\/12\/Cal-scaled-e1734445960541.jpg\" alt=\"\" width=\"160\" height=\"178\" srcset=\"https:\/\/wearevillage.org\/wp-content\/uploads\/2024\/12\/Cal-scaled-e1734445960541.jpg 1920w, https:\/\/wearevillage.org\/wp-content\/uploads\/2024\/12\/Cal-scaled-e1734445960541-270x300.jpg 270w, https:\/\/wearevillage.org\/wp-content\/uploads\/2024\/12\/Cal-scaled-e1734445960541-922x1024.jpg 922w, https:\/\/wearevillage.org\/wp-content\/uploads\/2024\/12\/Cal-scaled-e1734445960541-135x150.jpg 135w, https:\/\/wearevillage.org\/wp-content\/uploads\/2024\/12\/Cal-scaled-e1734445960541-768x853.jpg 768w, https:\/\/wearevillage.org\/wp-content\/uploads\/2024\/12\/Cal-scaled-e1734445960541-1383x1536.jpg 1383w, https:\/\/wearevillage.org\/wp-content\/uploads\/2024\/12\/Cal-scaled-e1734445960541-1843x2048.jpg 1843w, https:\/\/wearevillage.org\/wp-content\/uploads\/2024\/12\/Cal-scaled-e1734445960541-624x693.jpg 624w, https:\/\/wearevillage.org\/wp-content\/uploads\/2024\/12\/Cal-scaled-e1734445960541-390x433.jpg 390w, https:\/\/wearevillage.org\/wp-content\/uploads\/2024\/12\/Cal-scaled-e1734445960541-600x667.jpg 600w\" sizes=\"auto, (max-width: 160px) 100vw, 160px\" \/>Cal<\/strong> ist ein nicht-bin\u00e4rer Switch aus Schweden. Er ist einer der Mitbegr\u00fcnder des Center for Radical Sexuality in Stockholm, einem Raum f\u00fcr Queers aller Geschlechter, um Sexualit\u00e4t, Tantra, Kink und mehr zu erkunden. They leitet Workshops in Queer- und Kink-R\u00e4umen in ganz Europa.<\/p>\n\n\t\t<\/div>\n\t<\/div>\n<div class=\"vc_separator wpb_content_element vc_separator_align_center vc_sep_width_100 vc_sep_pos_align_center vc_separator_no_text vc_sep_color_grey vc_custom_1734451274044 wpb_content_element  vc_custom_1734451274044 wpb_content_element\" ><span class=\"vc_sep_holder vc_sep_holder_l\"><span class=\"vc_sep_line\"><\/span><\/span><span class=\"vc_sep_holder vc_sep_holder_r\"><span class=\"vc_sep_line\"><\/span><\/span>\n<\/div>\n\t<div class=\"wpb_text_column wpb_content_element\" >\n\t\t<div class=\"wpb_wrapper\">\n\t\t\t<p><strong>Was ist die Sensual Kink & Touch Lab Serie f\u00fcr Queer People?<\/strong><br \/>\nDie Sensual Kink & Touch Lab Series f\u00fcr Queer People ist ein monatlicher Workshop, bei dem wir einen sicheren und mutigen Raum f\u00fcr intentionale, konsensuelle und spielerische Begegnungen unter Menschen mit vielf\u00e4ltigen Orientierungen und Identit\u00e4ten schaffen wollen.<\/p>\n<p>Zum Beispiel mittels Rollenspiel- oder Impact-Play erkunden wir spielerisch Wege, unsere eigenen Gef\u00fchle, W\u00fcnsche oder Muster in Bezug auf Nacktheit, Intimit\u00e4t, Macht Dynamiken und Ber\u00fchrung zu erforschen. Wir laden euch ein, eure pers\u00f6nlichen Grenzen innerhalb eines Rahmens von gegenseitigem Respekt und Einvernehmen zu erkunden, zu kommunizieren und m\u00f6glicherweise zu erweitern. Dies er\u00f6ffnet die M\u00f6glichkeit, die kombinierte Kraft von Ber\u00fchrung und Rollenspiel zu erleben, die auf der F\u00e4higkeit beruht, einander verbal und nonverbal zuzuh\u00f6ren.<\/p>\n<p>Jede Veranstaltung wird je nach Thema und Hintergrund des\/der Facilitator*in einen eigenen Fokus haben. Diese kurzen Workshops k\u00f6nnen Nacktheit, Partner\u00fcbungen oder enge k\u00f6rperliche Interaktionen beinhalten.<\/p>\n<p><strong>Vorteile<\/strong><\/p>\n<ul>\n<li>Verbessert die klare Kommunikation und verst\u00e4rkt die Bedeutung von explizitem Einverst\u00e4ndnis.<\/li>\n<li>(Wir empfehlen auch die Teilnahme am verk\u00f6rperten Einwilligungs-Workshop, der am selben Tag vor dieser Veranstaltung stattfindet.)<\/li>\n<li>Bietet einen sicheren Raum f\u00fcr Selbstausdruck im Bereich Intimit\u00e4t und Sexualit\u00e4t, unterst\u00fctzt das Selbstwertgef\u00fchl und die psychische Gesundheit.<\/li>\n<li>Erm\u00e4chtigt Einzelne, indem sie die M\u00f6glichkeit zur Erforschung von Identit\u00e4t und pers\u00f6nlicher Macht in einer kontrollierten Umgebung bieten.<\/li>\n<li>F\u00f6rdert die Freisetzung von Endorphinen, Stressabbau und erh\u00f6htes K\u00f6rperbewusstsein.<\/li>\n<li>Kann als gesunder Bew\u00e4ltigungsmechanismus dienen und das Risiko von Substanzmissbrauch reduzieren.<\/li>\n<li>F\u00f6rdert ein Gef\u00fchl der Zugeh\u00f6rigkeit und st\u00e4rkt die empathische Beziehungsf\u00e4higkeit.<\/li>\n<\/ul>\n\n\t\t<\/div>\n\t<\/div>\n<div class=\"vc_separator wpb_content_element vc_separator_align_center vc_sep_width_100 vc_sep_pos_align_center vc_separator_no_text vc_sep_color_grey wpb_content_element  wpb_content_element\" ><span class=\"vc_sep_holder vc_sep_holder_l\"><span class=\"vc_sep_line\"><\/span><\/span><span class=\"vc_sep_holder vc_sep_holder_r\"><span class=\"vc_sep_line\"><\/span><\/span>\n<\/div>\n\t<div class=\"wpb_text_column wpb_content_element\" >\n\t\t<div class=\"wpb_wrapper\">\n\t\t\t<p><u><strong>Hinweise<\/strong><\/u><br \/>\n<strong>Teilnehmende<\/strong>: Dieses Format ist f\u00fcr alle queeren Menschen (LGBTQIA+), die Ber\u00fchrung und Kontakt in einer einvernehmlichen, unterst\u00fctzenden Atmosph\u00e4re erfahren m\u00f6chten. (Siehe auch unsere <a href=\"https:\/\/wearevillage.org\/faq\"><strong>FAQ<\/strong><\/a>). Du solltest einen relativ entspannten Umgang mit Nacktheit haben. Diese Veranstaltung ist sinnlich und kann genitale Ber\u00fchrungen beinhalten. Bitte lege Wert auf pers\u00f6nliche Hygiene.<br \/>\n<strong>Material<\/strong>: Bringe zum Abdecken von Kissen, Matten oder Massageliegen ein Laken mit.<br \/>\n<strong>Sprache<\/strong>: Der Workshop wird auf Englisch durchgef\u00fchrt.<br \/>\n<strong>Kosten<\/strong>: Dieses Event ist auch zu einem erm\u00e4\u00dfigten Mitgliederpreis erh\u00e4ltlich \u2013 aber kein Bestandteil der zwei kostenlosen monatlichen Mitgliederveranstaltungen. Erm\u00e4\u00dfigter Zugang ist auf schriftliche Anfrage an: <strong><a href=\"mailto:events@wearevillage.org\">events@wearevillage.org<\/a><\/strong> m\u00f6glich.<\/p>\n\n\t\t<\/div>\n\t<\/div>\n<\/div><\/div><\/div><\/div>\n<\/div>","protected":false},"excerpt":{"rendered":"<h5>Sonntags (einmal im Monat)<br \/>\n14:00 \u2013 17:00<\/h5>\n<p><strong>| <span style=\"color: #ec6c23;\">LGBTQIA+<\/span>\u00a0|<\/strong><\/p>\n<p><strong>Sensual Kink & Touch Workshop-Reihe f\u00fcr queere Menschen<\/strong><\/p>\n<p><strong>_ February_<\/strong>. W\u00e4hrend dieses praxisorientierten Workshops wirst du einen Einblick in die grundlegenden Konzepte von Kink und BDSM erhalten. Vielleicht bist du v\u00f6llig neu in der Welt von BDSM und Kink, vielleicht befindest du dich bereits in einer Phase der Erkundung. Wie auch immer, dieser Workshop ist f\u00fcr dich.<\/p>\n","protected":false},"author":11,"featured_media":18579,"template":"","meta":{"pmpro_default_level":"","inline_featured_image":false},"product_brand":[],"product_cat":[79,83],"product_tag":[469],"class_list":{"0":"post-20240","1":"product","2":"type-product","3":"status-publish","4":"has-post-thumbnail","6":"product_cat-monatliche-events","7":"product_cat-workshops","8":"product_tag-lgbtqiaplus","9":"pmpro-has-access","11":"first","12":"instock","13":"product-type-variable","14":"has-default-attributes"},"wpml_current_locale":"de_DE","wpml_translations":{"en_US":{"locale":"en_US","id":20243,"slug":"rope-flow-meditation-beyond-bondage-kopie","post_title":"Kink 101 - An introduction to conscious kink","href":"https:\/\/wearevillage.org\/en\/shop\/kink-touch\/w06-2025"}},"language":{"code":"de","locale":"","name":"","is_rtl":false},"_links":{"self":[{"href":"https:\/\/wearevillage.org\/wp-json\/wp\/v2\/product\/20240","targetHints":{"allow":["GET"]}}],"collection":[{"href":"https:\/\/wearevillage.org\/wp-json\/wp\/v2\/product"}],"about":[{"href":"https:\/\/wearevillage.org\/wp-json\/wp\/v2\/types\/product"}],"author":[{"embeddable":true,"href":"https:\/\/wearevillage.org\/wp-json\/wp\/v2\/users\/11"}],"wp:featuredmedia":[{"embeddable":true,"href":"https:\/\/wearevillage.org\/wp-json\/wp\/v2\/media\/18579"}],"wp:attachment":[{"href":"https:\/\/wearevillage.org\/wp-json\/wp\/v2\/media?parent=20240"}],"wp:term":[{"taxonomy":"product_brand","embeddable":true,"href":"https:\/\/wearevillage.org\/wp-json\/wp\/v2\/product_brand?post=20240"},{"taxonomy":"product_cat","embeddable":true,"href":"https:\/\/wearevillage.org\/wp-json\/wp\/v2\/product_cat?post=20240"},{"taxonomy":"product_tag","embeddable":true,"href":"https:\/\/wearevillage.org\/wp-json\/wp\/v2\/product_tag?post=20240"}],"curies":[{"name":"wp","href":"https:\/\/api.w.org\/{rel}","templated":true}]}}