{"id":20431,"date":"2024-12-18T11:02:05","date_gmt":"2024-12-18T10:02:05","guid":{"rendered":"https:\/\/wearevillage.org\/?post_type=product&#038;p=20431"},"modified":"2025-01-23T13:09:14","modified_gmt":"2025-01-23T12:09:14","slug":"spieleabend","status":"publish","type":"product","link":"https:\/\/wearevillage.org\/shop\/game-night\/w06-2025\/","title":{"rendered":"Spieleabend"},"content":{"rendered":"<div class=\"wpb-content-wrapper\"><div class=\"vc_row wpb_row vc_row-fluid\"><div class=\"wpb_column vc_column_container vc_col-sm-12\"><div class=\"vc_column-inner\"><div class=\"wpb_wrapper\"><h4 style=\"text-align: left\" class=\"vc_custom_heading vc_do_custom_heading\" >we are village Spieleabend<\/h4><h5 style=\"text-align: left\" class=\"vc_custom_heading vc_do_custom_heading\" >mit Pari Ludin<\/h5>\n\t<div class=\"wpb_text_column wpb_content_element\" >\n\t\t<div class=\"wpb_wrapper\">\n\t\t\t<p>Kommt zu unserem Spieleabend und genie\u00dft einen Abend voller Spa\u00df und Gemeinschaft! Egal, ob ihr neue Leute kennenlernen, Zeit mit Freunden verbringen oder einfach nach den Feiertagen entspannen m\u00f6chtet, bei diesem Event ist f\u00fcr alle etwas dabei. Wir teilen auch unsere Pl\u00e4ne f\u00fcr das Winterprogramm mit euch.<\/p>\n<p>Wir werden verschiedene Spiele zur Verf\u00fcgung haben, aber wenn ihr eure eigenen Favoriten mitbringen und teilen m\u00f6chtet, seid ihr herzlich dazu eingeladen. Lasst uns gemeinsam spielen und das Jahr in bester Gesellschaft beginnen!<\/p>\n\n\t\t<\/div>\n\t<\/div>\n<div class=\"vc_separator wpb_content_element vc_separator_align_center vc_sep_width_100 vc_sep_pos_align_center vc_separator_no_text vc_sep_color_grey wpb_content_element  wpb_content_element\" ><span class=\"vc_sep_holder vc_sep_holder_l\"><span class=\"vc_sep_line\"><\/span><\/span><span class=\"vc_sep_holder vc_sep_holder_r\"><span class=\"vc_sep_line\"><\/span><\/span>\n<\/div>\n\t<div class=\"wpb_text_column wpb_content_element\" >\n\t\t<div class=\"wpb_wrapper\">\n\t\t\t<p><img loading=\"lazy\" decoding=\"async\" class=\"wp-image-15142 alignleft\" src=\"https:\/\/wearevillage.org\/wp-content\/uploads\/2024\/06\/wav-team-Pari-Ludin-270x300.png\" alt=\"\" width=\"160\" height=\"178\" srcset=\"https:\/\/wearevillage.org\/wp-content\/uploads\/2024\/06\/wav-team-Pari-Ludin-270x300.png 270w, https:\/\/wearevillage.org\/wp-content\/uploads\/2024\/06\/wav-team-Pari-Ludin-135x150.png 135w, https:\/\/wearevillage.org\/wp-content\/uploads\/2024\/06\/wav-team-Pari-Ludin-768x853.png 768w, https:\/\/wearevillage.org\/wp-content\/uploads\/2024\/06\/wav-team-Pari-Ludin-624x693.png 624w, https:\/\/wearevillage.org\/wp-content\/uploads\/2024\/06\/wav-team-Pari-Ludin-390x433.png 390w, https:\/\/wearevillage.org\/wp-content\/uploads\/2024\/06\/wav-team-Pari-Ludin-600x667.png 600w, https:\/\/wearevillage.org\/wp-content\/uploads\/2024\/06\/wav-team-Pari-Ludin.png 900w\" sizes=\"auto, (max-width: 160px) 100vw, 160px\" \/><strong>Pari Ludin<\/strong> ist in Deutschland geboren und in Kanada aufgewachsen und engagiert sich leidenschaftlich f\u00fcr soziale Projekte. Mit afghanischen Wurzeln und einem tiefen Verst\u00e4ndnis f\u00fcr kulturelle Vielfalt, widmet sie sich insbesondere der Unterst\u00fctzung queerer Gefl\u00fcchteter und Menschen mit Migrationserfahrung. Ihre Arbeit zeichnet sich durch Empathie und ein starkes soziales Engagement aus, mit dem Ziel, Barrieren abzubauen, Inklusion zu f\u00f6rdern und sowohl lokal als auch dar\u00fcber hinaus sichere und einladende R\u00e4ume zu schaffen. Ihr Studium im Musik- und Kunstmanagement hat ihre F\u00e4higkeiten weiter gest\u00e4rkt, kreative L\u00f6sungen f\u00fcr gesellschaftliche Herausforderungen zu finden.<\/p>\n\n\t\t<\/div>\n\t<\/div>\n<div class=\"vc_separator wpb_content_element vc_separator_align_center vc_sep_width_100 vc_sep_pos_align_center vc_separator_no_text vc_sep_color_grey wpb_content_element  wpb_content_element\" ><span class=\"vc_sep_holder vc_sep_holder_l\"><span class=\"vc_sep_line\"><\/span><\/span><span class=\"vc_sep_holder vc_sep_holder_r\"><span class=\"vc_sep_line\"><\/span><\/span>\n<\/div>\n\t<div class=\"wpb_text_column wpb_content_element\" >\n\t\t<div class=\"wpb_wrapper\">\n\t\t\t<p><strong>Queer Bridges: Verbindungen schaffen und Ressourcen f\u00fcr LGBTQIA+ Menschen mit Migrationserfahrung bereitstellen.<\/strong><br \/>\nQueere Menschen mit Migrationserfahrung in Berlin sehen sich in ihrem t\u00e4glichen Leben oft mit besonderen Herausforderungen konfrontiert, die ihren Zugang zu unterst\u00fctzenden Gemeinschaften und integrativen Umgebungen einschr\u00e4nken k\u00f6nnen.<\/p>\n<p>Mit Unterst\u00fctzung der<strong> Deutschen Fernsehlotterie Stiftung<\/strong>, haben wir das Programm Queer Bridges entwickelt, um diese H\u00fcrden zu \u00fcberwinden. Wir bieten Ressourcen, Vernetzung und Unterst\u00fctzung in einem einladenden Umfeld f\u00fcr queere Migrant*innen und Gefl\u00fcchtete durch unser spezielles Programm. Unser Ziel ist es, ein Gef\u00fchl der Zugeh\u00f6rigkeit zur lokalen LGBTQIA+ Community zu f\u00f6rdern und damit eine reibungslose Integration sowie eine verbesserte Lebensqualit\u00e4t f\u00fcr queere Menschen mit Migrations- und\/oder Fluchterfahrung zu erm\u00f6glichen.<\/p>\n<p><span style=\"vertical-align: inherit;\"><span style=\"vertical-align: inherit;\">\u2705 Unser <strong>Queer Bridges<\/strong> Programm wird sich stetig weiter entwickeln und wir freuen uns auch jederzeit von Euren Bedarfen zu h\u00f6ren. Bei Interesse k\u00f6nnt ihr uns eine E-Mail schicken, um \u00fcber weitere Aktualisierungen informiert zu bleiben.<\/span><\/span><\/p>\n\n\t\t<\/div>\n\t<\/div>\n<div class=\"vc_separator wpb_content_element vc_separator_align_center vc_sep_width_100 vc_sep_pos_align_center vc_separator_no_text vc_sep_color_grey wpb_content_element  wpb_content_element\" ><span class=\"vc_sep_holder vc_sep_holder_l\"><span class=\"vc_sep_line\"><\/span><\/span><span class=\"vc_sep_holder vc_sep_holder_r\"><span class=\"vc_sep_line\"><\/span><\/span>\n<\/div>\n\t<div class=\"wpb_text_column wpb_content_element\" >\n\t\t<div class=\"wpb_wrapper\">\n\t\t\t<p><u><strong>Hinweise<\/strong><\/u><br \/>\n<strong>Teilnehmende:<\/strong> Diese Veranstaltung ist f\u00fcr alle offen.<br \/>\n<strong>Anmeldung<\/strong>: Keine Anmeldung ist erforderlich.<strong><br \/>\nSprache:<\/strong> Die Veranstaltung wird auf Englisch und Deutsch sein.<br \/>\n<strong>Kosten:<\/strong> Die Teilnahme ist kostenlos.<\/p>\n\n\t\t<\/div>\n\t<\/div>\n<\/div><\/div><\/div><\/div>\n<\/div>","protected":false},"excerpt":{"rendered":"<h5>Montag<br \/>\n18:00-20:00<br \/>\nFrei<\/h5>\n<p><strong> | <span style=\"color: #ec6c23;\"> LGBTQIA+ <\/span> | <\/strong><\/p>\n<p>Kommt zu unserem Spieleabend, voller Begegnungen und Gemeinschaft!<\/p>\n","protected":false},"author":12,"featured_media":20299,"template":"","meta":{"pmpro_default_level":"","inline_featured_image":false},"product_brand":[],"product_cat":[769],"product_tag":[469],"class_list":{"0":"post-20431","1":"product","2":"type-product","3":"status-publish","4":"has-post-thumbnail","6":"product_cat-kostenloser-zugang","7":"product_tag-lgbtqiaplus","8":"pmpro-has-access","10":"first","11":"outofstock","12":"purchasable","13":"product-type-variable"},"wpml_current_locale":"de_DE","wpml_translations":{"en_US":{"locale":"en_US","id":20432,"slug":"game-night-kopie","post_title":"Game Night","href":"https:\/\/wearevillage.org\/en\/shop\/game-night\/w06-2025"}},"language":{"code":"de","locale":"","name":"","is_rtl":false},"_links":{"self":[{"href":"https:\/\/wearevillage.org\/wp-json\/wp\/v2\/product\/20431","targetHints":{"allow":["GET"]}}],"collection":[{"href":"https:\/\/wearevillage.org\/wp-json\/wp\/v2\/product"}],"about":[{"href":"https:\/\/wearevillage.org\/wp-json\/wp\/v2\/types\/product"}],"author":[{"embeddable":true,"href":"https:\/\/wearevillage.org\/wp-json\/wp\/v2\/users\/12"}],"wp:featuredmedia":[{"embeddable":true,"href":"https:\/\/wearevillage.org\/wp-json\/wp\/v2\/media\/20299"}],"wp:attachment":[{"href":"https:\/\/wearevillage.org\/wp-json\/wp\/v2\/media?parent=20431"}],"wp:term":[{"taxonomy":"product_brand","embeddable":true,"href":"https:\/\/wearevillage.org\/wp-json\/wp\/v2\/product_brand?post=20431"},{"taxonomy":"product_cat","embeddable":true,"href":"https:\/\/wearevillage.org\/wp-json\/wp\/v2\/product_cat?post=20431"},{"taxonomy":"product_tag","embeddable":true,"href":"https:\/\/wearevillage.org\/wp-json\/wp\/v2\/product_tag?post=20431"}],"curies":[{"name":"wp","href":"https:\/\/api.w.org\/{rel}","templated":true}]}}