{"id":20555,"date":"2024-12-19T12:13:37","date_gmt":"2024-12-19T11:13:37","guid":{"rendered":"https:\/\/wearevillage.org\/?post_type=product&#038;p=20555"},"modified":"2025-01-13T15:52:58","modified_gmt":"2025-01-13T14:52:58","slug":"book-club-3","status":"publish","type":"product","link":"https:\/\/wearevillage.org\/shop\/book-club\/w06-2025\/","title":{"rendered":"Book Club"},"content":{"rendered":"<div class=\"wpb-content-wrapper\"><div class=\"vc_row wpb_row vc_row-fluid\"><div class=\"wpb_column vc_column_container vc_col-sm-12\"><div class=\"vc_column-inner\"><div class=\"wpb_wrapper\"><h4 style=\"text-align: left\" class=\"vc_custom_heading vc_do_custom_heading\" >Village Book Club - \u201eTransformer\u201c von Ezra Furman (2018)<\/h4><h5 style=\"text-align: left\" class=\"vc_custom_heading vc_do_custom_heading\" >Gast: Marco Astolfi<\/h5>\n\t<div class=\"wpb_text_column wpb_content_element\" >\n\t\t<div class=\"wpb_wrapper\">\n\t\t\t<p>Mit David Bowies Hilfe gelang es Lou Reed, \u201eTransformer\u201c zu machen, eine zug\u00e4ngliche Rock\u2019n\u2019Roll-Platte, die auch eine Meditation \u00fcber Ambiguit\u00e4t, Gender und Sexualit\u00e4t in einer Zeit ist, in der solche Themen in der Mainstream-Popkultur nicht akzeptabel waren. \u201eIch dachte immer, es w\u00fcrde irgendwie Spa\u00df machen, Leuten Charaktere vorzustellen, die sie vielleicht noch nicht kannten oder nicht kennenlernen wollten\u201c, sagte Lou Reed \u00fcber seinen Signature-Song \u201eWalk on the Wild Side\u201c. Der Text beschreibt eine Reihe von Stammg\u00e4sten in Andy Warhols Factory, darunter die Transgender-Superstars Holly Woodlawn und Candy Darling.<\/p>\n<p>Songwriterin Ezra Furman, die sich selbst als Transgender-Frau geoutet hat, erkundet Reeds und Transformers instabile Identit\u00e4ten durch genaues Zuh\u00f6ren und pers\u00f6nliche Reflexionen. Das Buch ist jedoch mehr als nur ein Essay \u00fcber die Platte oder ihren Autor: Es geht der Frage nach, wie sich der Begriff von Queerness im Laufe der Zeit entwickelt hat und was Reed sowohl f\u00fcr die Queer-Kultur als auch f\u00fcr Furman als Person bedeutete. Furman scheut sich nicht vor den h\u00e4sslicheren Seiten des S\u00e4ngers (Homophobie, h\u00e4usliche Gewalt und Rassismus) und pr\u00e4sentiert uns Lou Reed als eine echte Person mit seinen Fehlern und nicht nur als Idol.<\/p>\n\n\t\t<\/div>\n\t<\/div>\n<div class=\"vc_separator wpb_content_element vc_separator_align_center vc_sep_width_100 vc_sep_pos_align_center vc_separator_no_text vc_sep_color_grey wpb_content_element  wpb_content_element\" ><span class=\"vc_sep_holder vc_sep_holder_l\"><span class=\"vc_sep_line\"><\/span><\/span><span class=\"vc_sep_holder vc_sep_holder_r\"><span class=\"vc_sep_line\"><\/span><\/span>\n<\/div>\n\t<div class=\"wpb_text_column wpb_content_element\" >\n\t\t<div class=\"wpb_wrapper\">\n\t\t\t<p><img loading=\"lazy\" decoding=\"async\" class=\"wp-image-35 alignleft\" src=\"https:\/\/wearevillage.org\/wp-content\/uploads\/2022\/08\/Marco-Astolfi-271x300.jpg\" alt=\"\" width=\"160\" height=\"177\" srcset=\"https:\/\/wearevillage.org\/wp-content\/uploads\/2022\/08\/Marco-Astolfi-271x300.jpg 271w, https:\/\/wearevillage.org\/wp-content\/uploads\/2022\/08\/Marco-Astolfi-390x431.jpg 390w, https:\/\/wearevillage.org\/wp-content\/uploads\/2022\/08\/Marco-Astolfi-600x663.jpg 600w, https:\/\/wearevillage.org\/wp-content\/uploads\/2022\/08\/Marco-Astolfi-624x690.jpg 624w, https:\/\/wearevillage.org\/wp-content\/uploads\/2022\/08\/Marco-Astolfi.jpg 700w\" sizes=\"auto, (max-width: 160px) 100vw, 160px\" \/> <strong>Marco Astolfi<\/strong> ist Literatur\u00fcbersetzer, Schriftsteller und Fee aus Italien. Er lebt in Berlin, ist Mitveranstalter des Village Heart Circle f\u00fcr GBTQ-M\u00e4nner und leitet alle zwei Monate den Book Club-Abend. Er ist Stammgast beim Creative Writing und kann gelegentlich als Model f\u00fcr die Life Drawing Unterrichte vorgefunden werden. Er besuchte das One Year Training im 2018 und leitete die Workshops Cock O\u2019Clock beim Easter Stretch Festival 2019 und Privates Talk beim Stretch Imagina 2020.<\/p>\n\n\t\t<\/div>\n\t<\/div>\n<div class=\"vc_separator wpb_content_element vc_separator_align_center vc_sep_width_100 vc_sep_pos_align_center vc_separator_no_text vc_sep_color_grey vc_custom_1723801636502 wpb_content_element  vc_custom_1723801636502 wpb_content_element\" ><span class=\"vc_sep_holder vc_sep_holder_l\"><span class=\"vc_sep_line\"><\/span><\/span><span class=\"vc_sep_holder vc_sep_holder_r\"><span class=\"vc_sep_line\"><\/span><\/span>\n<\/div>\n\t<div class=\"wpb_text_column wpb_content_element\" >\n\t\t<div class=\"wpb_wrapper\">\n\t\t\t<p><strong>\u00dcber den Village Book Club<\/strong><br \/>\nB\u00fccherliebhaber und Leseratten treffen sich jeden Monat, um Literatur und Sachb\u00fccher (Romane, Biografien und Essays) zu besprechen, die sich mit LGBTQIA+-Themen und -Pers\u00f6nlichkeiten befassen oder damit in Zusammenhang stehen.<br \/>\nIn Voraussicht auf aufschlussreiche Diskussionen w\u00e4hlen wir das n\u00e4chste Buch zwei Monate im Voraus aus.<br \/>\nDie Diskussionen am Abend finden <strong>auf Englisch<\/strong> statt, aber die Teilnehmenden k\u00f6nnen die B\u00fccher in ihrer Lieblingssprache lesen.<\/p>\n\n\t\t<\/div>\n\t<\/div>\n<\/div><\/div><\/div><\/div>\n<\/div>","protected":false},"excerpt":{"rendered":"<h5>Donnerstags (einmal im Monat)<br \/>\n20:00 \u2013 22:30<br \/>\nEintritt frei<br \/>\nAuf Englisch<\/h5>\n<p class=\"p1\"><strong>| <span style=\"color: #ec6c23;\">LGBTQIA+<\/span>\u00a0|<\/strong><\/p>\n<h5><strong><em>Transformer<\/em><\/strong>\u00a0von Ezra Furman (2018)<\/h5>\n","protected":false},"author":12,"featured_media":20558,"template":"","meta":{"pmpro_default_level":"","inline_featured_image":false},"product_brand":[],"product_cat":[791,769,79],"product_tag":[469],"class_list":{"0":"post-20555","1":"product","2":"type-product","3":"status-publish","4":"has-post-thumbnail","6":"product_cat-gemeinsam-statt-einsam","7":"product_cat-kostenloser-zugang","8":"product_cat-monatliche-events","9":"product_tag-lgbtqiaplus","10":"pmpro-has-access","12":"first","13":"outofstock","14":"purchasable","15":"product-type-variable"},"wpml_current_locale":"de_DE","wpml_translations":{"en_US":{"locale":"en_US","id":20556,"slug":"book-club-kopie-2","post_title":"Book Club","href":"https:\/\/wearevillage.org\/en\/shop\/book-club\/w06-2025"}},"language":{"code":"de","locale":"","name":"","is_rtl":false},"_links":{"self":[{"href":"https:\/\/wearevillage.org\/wp-json\/wp\/v2\/product\/20555","targetHints":{"allow":["GET"]}}],"collection":[{"href":"https:\/\/wearevillage.org\/wp-json\/wp\/v2\/product"}],"about":[{"href":"https:\/\/wearevillage.org\/wp-json\/wp\/v2\/types\/product"}],"author":[{"embeddable":true,"href":"https:\/\/wearevillage.org\/wp-json\/wp\/v2\/users\/12"}],"wp:featuredmedia":[{"embeddable":true,"href":"https:\/\/wearevillage.org\/wp-json\/wp\/v2\/media\/20558"}],"wp:attachment":[{"href":"https:\/\/wearevillage.org\/wp-json\/wp\/v2\/media?parent=20555"}],"wp:term":[{"taxonomy":"product_brand","embeddable":true,"href":"https:\/\/wearevillage.org\/wp-json\/wp\/v2\/product_brand?post=20555"},{"taxonomy":"product_cat","embeddable":true,"href":"https:\/\/wearevillage.org\/wp-json\/wp\/v2\/product_cat?post=20555"},{"taxonomy":"product_tag","embeddable":true,"href":"https:\/\/wearevillage.org\/wp-json\/wp\/v2\/product_tag?post=20555"}],"curies":[{"name":"wp","href":"https:\/\/api.w.org\/{rel}","templated":true}]}}