{"id":20591,"date":"2024-12-20T18:37:52","date_gmt":"2024-12-20T17:37:52","guid":{"rendered":"https:\/\/wearevillage.org\/?post_type=product&#038;p=20591"},"modified":"2025-02-17T19:09:21","modified_gmt":"2025-02-17T18:09:21","slug":"zwischen-grenzen","status":"publish","type":"product","link":"https:\/\/wearevillage.org\/shop\/art-bridge-workshop-espinosa\/w42-2024\/","title":{"rendered":"Zwischen Grenzen"},"content":{"rendered":"<div class=\"wpb-content-wrapper\"><div class=\"vc_row wpb_row vc_row-fluid\"><div class=\"wpb_column vc_column_container vc_col-sm-12\"><div class=\"vc_column-inner\"><div class=\"wpb_wrapper\"><h4 style=\"text-align: left\" class=\"vc_custom_heading vc_do_custom_heading\" >Zwischen Grenzen<\/h4><h5 style=\"text-align: left\" class=\"vc_custom_heading vc_do_custom_heading\" >Pers\u00f6nliche Narrative von Geschlecht und Zugeh\u00f6rigkeit mit Pascale Espinosa & Nichol\u00e9 Vel\u00e1squez<\/h5>\n\t<div class=\"wpb_text_column wpb_content_element\" >\n\t\t<div class=\"wpb_wrapper\">\n\t\t\t<p>Dieser immersive 3-st\u00fcndige Workshop, geleitet von der K\u00fcnstlerin Pascale Espinosa und Nicholer Velazquez vom Team Instinct, erforscht die komplexen Schnittpunkte von Geschlechtsidentit\u00e4t, Transitionserfahrungen, Einsamkeit und Immigration im deutschen Kontext.<\/p>\n<ul>\n<li>Einf\u00fchrung (30 Minuten)Begr\u00fc\u00dfung und kurze Vorstellungsrunde<\/li>\n<li>\u00dcberblick \u00fcber die Hauptthemen: Geschlechtsidentit\u00e4t, Transition, Einsamkeit und Immigration<\/li>\n<li>Pers\u00f6nliche Erz\u00e4hlungen (45 Minuten)Pascale Espinosa teilt Einblicke aus ihrer k\u00fcnstlerischen Praxis und pers\u00f6nlichen Erfahrungen<\/li>\n<li>Nichole Velazquez spricht \u00fcber die Arbeit von Instinct mit diversen Organisationen\/Projekten in Berlin<\/li>\n<li>Interaktive Session (60 Minuten)Diskussionen in Kleingruppen \u00fcber pers\u00f6nliche<\/li>\n<li>Erfahrungen und Herausforderungen<\/li>\n<li>Kreative \u00dcbungen zur Erforschung der Identit\u00e4t durch verschiedene Medien (Schreiben, Zeichnen, Bewegung)<\/li>\n<li>Gemeinsame Reflexion (30 Minuten)Gruppenaustausch \u00fcber Erkenntnisse und Kreationen<\/li>\n<li>Diskussion \u00fcber den Aufbau unterst\u00fctzender Gemeinschaften und den Umgang mit gesellschaftlichen Erwartungen<\/li>\n<li>Abschluss und Ressourcen (15 Minuten)Zusammenfassung der wichtigsten Erkenntnisse<\/li>\n<li>Austausch von lokalen Ressourcen und Unterst\u00fctzungsnetzwerken<\/li>\n<\/ul>\n<p>Dieser Workshop zielt darauf ab, einen sicheren, inklusiven Raum zu schaffen, in dem die Teilnehmenden ihre vielschichtigen Identit\u00e4ten erforschen, Erfahrungen austauschen und Verbindungen aufbauen k\u00f6nnen. Durch k\u00fcnstlerischen Ausdruck und gef\u00fchrte Diskussionen gewinnen die Teilnehmenden neue Perspektiven auf die Komplexit\u00e4t von Gender, Transition und Immigration in der zeitgen\u00f6ssischen deutschen Gesellschaft.<\/p>\n\n\t\t<\/div>\n\t<\/div>\n<div class=\"vc_separator wpb_content_element vc_separator_align_center vc_sep_width_100 vc_sep_pos_align_center vc_separator_no_text vc_sep_color_grey wpb_content_element  wpb_content_element\" ><span class=\"vc_sep_holder vc_sep_holder_l\"><span class=\"vc_sep_line\"><\/span><\/span><span class=\"vc_sep_holder vc_sep_holder_r\"><span class=\"vc_sep_line\"><\/span><\/span>\n<\/div>\n\t<div class=\"wpb_text_column wpb_content_element\" >\n\t\t<div class=\"wpb_wrapper\">\n\t\t\t<p><strong><img loading=\"lazy\" decoding=\"async\" class=\"wp-image-20594 alignleft\" src=\"https:\/\/wearevillage.org\/wp-content\/uploads\/2024\/12\/Tomas_Espinosa-298x300.jpg\" alt=\"\" width=\"160\" height=\"161\" srcset=\"https:\/\/wearevillage.org\/wp-content\/uploads\/2024\/12\/Tomas_Espinosa-298x300.jpg 298w, https:\/\/wearevillage.org\/wp-content\/uploads\/2024\/12\/Tomas_Espinosa-1017x1024.jpg 1017w, https:\/\/wearevillage.org\/wp-content\/uploads\/2024\/12\/Tomas_Espinosa-150x150.jpg 150w, https:\/\/wearevillage.org\/wp-content\/uploads\/2024\/12\/Tomas_Espinosa-768x774.jpg 768w, https:\/\/wearevillage.org\/wp-content\/uploads\/2024\/12\/Tomas_Espinosa-1525x1536.jpg 1525w, https:\/\/wearevillage.org\/wp-content\/uploads\/2024\/12\/Tomas_Espinosa-2033x2048.jpg 2033w, https:\/\/wearevillage.org\/wp-content\/uploads\/2024\/12\/Tomas_Espinosa-624x629.jpg 624w, https:\/\/wearevillage.org\/wp-content\/uploads\/2024\/12\/Tomas_Espinosa-390x393.jpg 390w, https:\/\/wearevillage.org\/wp-content\/uploads\/2024\/12\/Tomas_Espinosa-600x604.jpg 600w, https:\/\/wearevillage.org\/wp-content\/uploads\/2024\/12\/Tomas_Espinosa-100x100.jpg 100w\" sizes=\"auto, (max-width: 160px) 100vw, 160px\" \/><\/strong><strong>Pascale Espinosa (Tom\u00e1s)<\/strong> (they\/them) ist eine multidisziplin\u00e4re K\u00fcnstlerin. Ihre Arbeit untersucht Situationen an den Schnittstellen zwischen privaten und \u00f6ffentlichen R\u00e4umen, wobei sie die Geschichte des Ortes und die Umst\u00e4nde m\u00f6glicher Begegnungen erforscht. In den letzten Jahren hat Espinosa auch \u00fcber die historische Gewalt in ihrem Heimatland Kolumbien und die Gewalt, die es bedeutet, eine nicht-bin\u00e4re Person zu sein, nachgedacht<\/p>\n\n\t\t<\/div>\n\t<\/div>\n<div class=\"vc_separator wpb_content_element vc_separator_align_center vc_sep_width_100 vc_sep_pos_align_center vc_separator_no_text vc_sep_color_grey wpb_content_element  wpb_content_element\" ><span class=\"vc_sep_holder vc_sep_holder_l\"><span class=\"vc_sep_line\"><\/span><\/span><span class=\"vc_sep_holder vc_sep_holder_r\"><span class=\"vc_sep_line\"><\/span><\/span>\n<\/div>\n\t<div class=\"wpb_text_column wpb_content_element\" >\n\t\t<div class=\"wpb_wrapper\">\n\t\t\t<p><strong>Zugeh\u00f6rigkeit, Unterst\u00fctzung und M\u00f6glichkeiten f\u00fcr queer internationale K\u00fcnstler*innen<\/strong><\/p>\n<p>Weil wir glauben, dass Kunst und Kultur eine m\u00e4chtige Plattform f\u00fcr Ver\u00e4nderung und Selbstentfaltung sein k\u00f6nnen und gleichzeitig bestehende kulturelle Strukturen und Kunstszenen durch neue, internationale queere Inspirationen bereichern und diversifizieren.<\/p>\n<p><img loading=\"lazy\" decoding=\"async\" class=\"size-medium wp-image-13574 alignleft\" src=\"https:\/\/wearevillage.org\/wp-content\/uploads\/2024\/03\/B_SEN_KuGZ_Logo_DE_H_P_1C-300x50.png\" alt=\"\" width=\"300\" height=\"50\" srcset=\"https:\/\/wearevillage.org\/wp-content\/uploads\/2024\/03\/B_SEN_KuGZ_Logo_DE_H_P_1C-300x50.png 300w, https:\/\/wearevillage.org\/wp-content\/uploads\/2024\/03\/B_SEN_KuGZ_Logo_DE_H_P_1C-1024x171.png 1024w, https:\/\/wearevillage.org\/wp-content\/uploads\/2024\/03\/B_SEN_KuGZ_Logo_DE_H_P_1C-150x25.png 150w, https:\/\/wearevillage.org\/wp-content\/uploads\/2024\/03\/B_SEN_KuGZ_Logo_DE_H_P_1C-768x128.png 768w, https:\/\/wearevillage.org\/wp-content\/uploads\/2024\/03\/B_SEN_KuGZ_Logo_DE_H_P_1C-1536x256.png 1536w, https:\/\/wearevillage.org\/wp-content\/uploads\/2024\/03\/B_SEN_KuGZ_Logo_DE_H_P_1C-2048x342.png 2048w, https:\/\/wearevillage.org\/wp-content\/uploads\/2024\/03\/B_SEN_KuGZ_Logo_DE_H_P_1C-624x104.png 624w, https:\/\/wearevillage.org\/wp-content\/uploads\/2024\/03\/B_SEN_KuGZ_Logo_DE_H_P_1C-390x65.png 390w, https:\/\/wearevillage.org\/wp-content\/uploads\/2024\/03\/B_SEN_KuGZ_Logo_DE_H_P_1C-600x100.png 600w\" sizes=\"auto, (max-width: 300px) 100vw, 300px\" \/>In Kooperation mit der <strong>Senatsverwaltung f\u00fcr Kultur und Gesellschaftlichen Zusammenhalt<\/strong> hat sich <strong>we are village | queer matters <\/strong>zum Ziel gesetzt, im Jahr 2024 ein Veranstaltungsprogramm anzubieten, das queeren K\u00fcnstlerinnen und K\u00fcnstlern mit Migrationshintergrund erm\u00f6glicht, in der Berliner Kunstszene Fu\u00df zu fassen.<\/p>\n\n\t\t<\/div>\n\t<\/div>\n<div class=\"vc_separator wpb_content_element vc_separator_align_center vc_sep_width_100 vc_sep_pos_align_center vc_separator_no_text vc_sep_color_grey wpb_content_element  wpb_content_element\" ><span class=\"vc_sep_holder vc_sep_holder_l\"><span class=\"vc_sep_line\"><\/span><\/span><span class=\"vc_sep_holder vc_sep_holder_r\"><span class=\"vc_sep_line\"><\/span><\/span>\n<\/div>\n\t<div class=\"wpb_text_column wpb_content_element\" >\n\t\t<div class=\"wpb_wrapper\">\n\t\t\t<p><b><u>Hinweise<\/u><\/b><br \/>\n<b>Sprache<\/b>: Je nach Bed\u00fcrfnissen der Gruppe werden wir Deutsch und\/oder Englisch sprechen.<br \/>\n<b>Kosten<\/b>: Diese Veranstaltung ist kostenlos.<\/p>\n\n\t\t<\/div>\n\t<\/div>\n<\/div><\/div><\/div><\/div>\n<\/div>","protected":false},"excerpt":{"rendered":"<h5>Samstag<br \/>\nkostenfrei<br \/>\n16:00 \u2013 19:00<\/h5>\n<p><strong> | <span style=\"color: #ec6c23;\">LGBTQIA+<\/span> | <\/strong><\/p>\n<p>Dieser immersive 3-st\u00fcndige Workshop, geleitet von der K\u00fcnstlerin Pascale Espinosa und Nichol\u00e9 Vel\u00e1squez vom Team Instinct, erforscht die komplexen Schnittpunkte von Geschlechtsidentit\u00e4t, Transitionserfahrungen, Einsamkeit und Immigration im deutschen Kontext.<\/p>\n","protected":false},"author":12,"featured_media":20596,"template":"","meta":{"pmpro_default_level":"","inline_featured_image":false},"product_brand":[],"product_cat":[77,769],"product_tag":[469],"class_list":{"0":"post-20591","1":"product","2":"type-product","3":"status-publish","4":"has-post-thumbnail","6":"product_cat-community-events","7":"product_cat-kostenloser-zugang","8":"product_tag-lgbtqiaplus","9":"pmpro-has-access","11":"first","12":"outofstock","13":"purchasable","14":"product-type-variable"},"wpml_current_locale":"de_DE","wpml_translations":{"en_US":{"locale":"en_US","id":20592,"slug":"queer-art-bridge-berlin-meet-up-copy","post_title":"Intersections of Identity","href":"https:\/\/wearevillage.org\/en\/shop\/art-bridge-workshop-espinosa\/w42-2024"}},"language":{"code":"de","locale":"","name":"","is_rtl":false},"_links":{"self":[{"href":"https:\/\/wearevillage.org\/wp-json\/wp\/v2\/product\/20591","targetHints":{"allow":["GET"]}}],"collection":[{"href":"https:\/\/wearevillage.org\/wp-json\/wp\/v2\/product"}],"about":[{"href":"https:\/\/wearevillage.org\/wp-json\/wp\/v2\/types\/product"}],"author":[{"embeddable":true,"href":"https:\/\/wearevillage.org\/wp-json\/wp\/v2\/users\/12"}],"wp:featuredmedia":[{"embeddable":true,"href":"https:\/\/wearevillage.org\/wp-json\/wp\/v2\/media\/20596"}],"wp:attachment":[{"href":"https:\/\/wearevillage.org\/wp-json\/wp\/v2\/media?parent=20591"}],"wp:term":[{"taxonomy":"product_brand","embeddable":true,"href":"https:\/\/wearevillage.org\/wp-json\/wp\/v2\/product_brand?post=20591"},{"taxonomy":"product_cat","embeddable":true,"href":"https:\/\/wearevillage.org\/wp-json\/wp\/v2\/product_cat?post=20591"},{"taxonomy":"product_tag","embeddable":true,"href":"https:\/\/wearevillage.org\/wp-json\/wp\/v2\/product_tag?post=20591"}],"curies":[{"name":"wp","href":"https:\/\/api.w.org\/{rel}","templated":true}]}}