{"id":21384,"date":"2025-01-20T17:00:03","date_gmt":"2025-01-20T16:00:03","guid":{"rendered":"https:\/\/wearevillage.org\/?post_type=product&#038;p=21384"},"modified":"2025-03-29T09:38:05","modified_gmt":"2025-03-29T08:38:05","slug":"outdoor-berlins-hoechster-berg-und-groesster-see","status":"publish","type":"product","link":"https:\/\/wearevillage.org\/shop\/village-outdoor\/w13-2025\/","title":{"rendered":"Outdoor \u2013  Berlins h\u00f6chster Berg und gr\u00f6\u00dfter See"},"content":{"rendered":"<div class=\"wpb-content-wrapper\"><div class=\"vc_row wpb_row vc_row-fluid\"><div class=\"wpb_column vc_column_container vc_col-sm-12\"><div class=\"vc_column-inner\"><div class=\"wpb_wrapper\"><h4 style=\"text-align: left\" class=\"vc_custom_heading vc_do_custom_heading\" >Village Outdoor \u2013 Berlins h\u00f6chster Berg und gr\u00f6\u00dfter See<\/h4><h5 style=\"text-align: left\" class=\"vc_custom_heading vc_do_custom_heading\" >mit Daniel Salamon und Thomas Fischer<\/h5>\n\t<div class=\"wpb_text_column wpb_content_element\" >\n\t\t<div class=\"wpb_wrapper\">\n\t\t\t<p>Der Gro\u00dfe M\u00fcggelberg ist mit 115 Metern H\u00f6he die gr\u00f6\u00dfte nat\u00fcrliche Erhebung Berlins und der Aussichtsturm auf dem danebenliegenden Kleinen M\u00fcggelberg ist ein schon seit \u00fcber hundert Jahren ein beliebtes Ausflugsziel. An den Ufern des Gro\u00dfen M\u00fcggelsees, des gr\u00f6\u00dften der Berliner Seen, liegt Friedrichshagen mit seiner h\u00fcbschen Uferpromenade und den lebendigen Caf\u00e9s. Eine Wanderung durch den Wald und am Ufer entlang verbindet diese beiden Punkte.<\/p>\n<p>Wir treffen uns in K\u00f6penick an der Station<em> Wendenschlo\u00df<\/em> der Stra\u00dfenbahnlinie 68 und laufen zun\u00e4chst am Ufer des Langen Sees an der olympischen Regattastrecke entlang. Zum Aussichtsturm auf dem Kleinen M\u00fcggelberg (H\u00f6he 88 Meter) f\u00fchrt uns eine Treppe. Von dort geht es ein St\u00fcck auf dem H\u00f6henzug entlang und dann schlie\u00dflich durch den Wald ans s\u00fcdliche Ufer des Gro\u00dfen M\u00fcggelsees. An dessen Ufer wandern wir bis zum Fu\u00dfg\u00e4ngertunnel, der unter der Spree hindurch nach Friedrichshagen f\u00fchrt, wo unsere Wanderung endet.<\/p>\n<p><strong>Was ist Village Outdoor?<\/strong><br \/>\nVillage Outdoor Events sind monatliche Treffen der we are village-Community und ihrer Freunde, um Outdoor-Aktivit\u00e4ten in und um Berlin zu genie\u00dfen. Zu den Aktivit\u00e4ten geh\u00f6ren Waldwanderungen, Radtouren, Schwimmen in Seen, Sightseeing und Kajakfahren.<br \/>\nJeden Monat gibt es einen kostenlosen und unkomplizierten Spaziergang oder eine Wanderung in Bereichen Berlins oder in der Umgebung, die mit \u00f6ffentlichen Verkehrsmitteln erreichbar sind.<\/p>\n\n\t\t<\/div>\n\t<\/div>\n<div class=\"vc_separator wpb_content_element vc_separator_align_center vc_sep_width_100 vc_sep_pos_align_center vc_separator_no_text vc_sep_color_grey wpb_content_element  wpb_content_element\" ><span class=\"vc_sep_holder vc_sep_holder_l\"><span class=\"vc_sep_line\"><\/span><\/span><span class=\"vc_sep_holder vc_sep_holder_r\"><span class=\"vc_sep_line\"><\/span><\/span>\n<\/div>\n\t<div class=\"wpb_text_column wpb_content_element\" >\n\t\t<div class=\"wpb_wrapper\">\n\t\t\t<p><img loading=\"lazy\" decoding=\"async\" class=\"wp-image-3097 alignleft\" src=\"https:\/\/wearevillage.org\/wp-content\/uploads\/2023\/02\/Daniel_Salamon-270x300.png\" alt=\"\" width=\"160\" height=\"178\" srcset=\"https:\/\/wearevillage.org\/wp-content\/uploads\/2023\/02\/Daniel_Salamon-270x300.png 270w, https:\/\/wearevillage.org\/wp-content\/uploads\/2023\/02\/Daniel_Salamon-135x150.png 135w, https:\/\/wearevillage.org\/wp-content\/uploads\/2023\/02\/Daniel_Salamon-768x853.png 768w, https:\/\/wearevillage.org\/wp-content\/uploads\/2023\/02\/Daniel_Salamon-624x693.png 624w, https:\/\/wearevillage.org\/wp-content\/uploads\/2023\/02\/Daniel_Salamon-390x433.png 390w, https:\/\/wearevillage.org\/wp-content\/uploads\/2023\/02\/Daniel_Salamon-600x667.png 600w, https:\/\/wearevillage.org\/wp-content\/uploads\/2023\/02\/Daniel_Salamon.png 900w\" sizes=\"auto, (max-width: 160px) 100vw, 160px\" \/><strong>Daniel Salamon<\/strong> genie\u00dft die Natur und das Leben im Freien schon seit fr\u00fchester Kindheit, praktiziert Yoga seit den sp\u00e4ten 1990er Jahren und hat ein wachsendes Interesse an therapeutischer und sinnlicher Ber\u00fchrung. Seit 2013 ist er auf verschiedene Weise mit dem Village und den Radical Faeries (weltweit) verbunden. Er lebt in Berlin, hat einen Garten im \u00e4u\u00dfersten Brandenburg und ist an anderen Orten anzutreffen, meist im Winter.<\/p>\n\n\t\t<\/div>\n\t<\/div>\n\n\t<div class=\"wpb_text_column wpb_content_element\" >\n\t\t<div class=\"wpb_wrapper\">\n\t\t\t<p><img loading=\"lazy\" decoding=\"async\" class=\"wp-image-16123 alignleft\" src=\"https:\/\/wearevillage.org\/wp-content\/uploads\/2024\/08\/wav-team-Thomas-Fischer-270x300.png\" alt=\"\" width=\"160\" height=\"178\" srcset=\"https:\/\/wearevillage.org\/wp-content\/uploads\/2024\/08\/wav-team-Thomas-Fischer-270x300.png 270w, https:\/\/wearevillage.org\/wp-content\/uploads\/2024\/08\/wav-team-Thomas-Fischer-135x150.png 135w, https:\/\/wearevillage.org\/wp-content\/uploads\/2024\/08\/wav-team-Thomas-Fischer-768x853.png 768w, https:\/\/wearevillage.org\/wp-content\/uploads\/2024\/08\/wav-team-Thomas-Fischer-624x693.png 624w, https:\/\/wearevillage.org\/wp-content\/uploads\/2024\/08\/wav-team-Thomas-Fischer-390x433.png 390w, https:\/\/wearevillage.org\/wp-content\/uploads\/2024\/08\/wav-team-Thomas-Fischer-600x667.png 600w, https:\/\/wearevillage.org\/wp-content\/uploads\/2024\/08\/wav-team-Thomas-Fischer.png 900w\" sizes=\"auto, (max-width: 160px) 100vw, 160px\" \/> F\u00fcr <strong>Thomas Fischer<\/strong> ist Bewegung im Freien und besonders in der Natur wichtig, um sich mit sich selbst und der Welt um ihn herum zu verbinden. Er unterst\u00fctzt daher die Village Outdoor Angebote und bringt seine zwanzigj\u00e4hrige Erfahrung aus der Erkundung von Berlin und Brandenburg ein.<br \/>\nMit seinem Hintergrund in den Gesundheitswissenschaften ist er besonders an der Verbindung von Geist, K\u00f6rper und sozialen Verbindungen interessiert. Er ist davon \u00fcberzeugt, dass Bewegung, Neugier und kontinuierliche Entwicklung zentral f\u00fcr die menschliche Reise durchs Leben sind.<\/p>\n\n\t\t<\/div>\n\t<\/div>\n<div class=\"vc_separator wpb_content_element vc_separator_align_center vc_sep_width_100 vc_sep_pos_align_center vc_separator_no_text vc_sep_color_grey wpb_content_element  wpb_content_element\" ><span class=\"vc_sep_holder vc_sep_holder_l\"><span class=\"vc_sep_line\"><\/span><\/span><span class=\"vc_sep_holder vc_sep_holder_r\"><span class=\"vc_sep_line\"><\/span><\/span>\n<\/div><\/div><\/div><\/div><\/div><div class=\"vc_row wpb_row vc_row-fluid\"><div class=\"wpb_column vc_column_container vc_col-sm-12\"><div class=\"vc_column-inner\"><div class=\"wpb_wrapper\">\n\t<div class=\"wpb_text_column wpb_content_element\" >\n\t\t<div class=\"wpb_wrapper\">\n\t\t\t<p><u><strong>Hinweise<\/strong><\/u><br \/>\nEs besteht die M\u00f6glichkeit zu einem gemeinsamen Abschluss bei Kaffee und Kuchen. Auch am Aussichtsturm und am Seeufer gibt es Verpflegungsm\u00f6glichkeiten.<br \/>\n<strong>Start<\/strong>: 11 Uhr.<br \/>\n<strong>Treffpunkt<\/strong>: Haltestelle \u201eWendenschloss\u201c der Tramlinie 68 in K\u00f6penick (erreichbar auch mit der F\u00e4hre von Gr\u00fcnau aus).<br \/>\n<strong>R\u00fcckfahrt<\/strong>: Von der S-Bahnstation \u201eFriedrichshagen\u201c.<br \/>\n<strong>Streckenl\u00e4nge<\/strong>: ca. 12 km (ca. 4 Stunden)<br \/>\n<strong>Sprache<\/strong>: Je nach Bed\u00fcrfnissen der Gruppe werden wir Deutsch und\/oder Englisch sprechen.<br \/>\n<strong>Kosten<\/strong>: Die Teilnahme ist kostenlos.<\/p>\n\n\t\t<\/div>\n\t<\/div>\n<\/div><\/div><\/div><\/div>\n<\/div>","protected":false},"excerpt":{"rendered":"<h5>jeden letzten Sonntag im Monat<br \/>\n11:00 \u2013 15:00<\/p>\n<p>Kostenfrei<\/p>\n<p><strong>Treffpunkt<\/strong>: Haltestelle \u201eWendenschlo\u00df\u201c der Tramlinie 68 in K\u00f6penick<\/h5>\n<p><strong>|<span style=\"color: #ec6c23;\"> LGBTQIA+\u00a0<\/span>|<\/strong><\/p>\n<p>Wir entdecken die M\u00fcggelberge und den Gro\u00dfen M\u00fcggelsee: Eine Wanderung von K\u00f6penick \u00fcber den Aussichtsturm auf dem Kleinen M\u00fcggelberg bis zur Uferpromenade in Friedrichshagen.<\/p>\n","protected":false},"author":12,"featured_media":21389,"template":"","meta":{"pmpro_default_level":"","inline_featured_image":false},"product_brand":[],"product_cat":[77,791,769,79],"product_tag":[469],"class_list":{"0":"post-21384","1":"product","2":"type-product","3":"status-publish","4":"has-post-thumbnail","6":"product_cat-community-events","7":"product_cat-gemeinsam-statt-einsam","8":"product_cat-kostenloser-zugang","9":"product_cat-monatliche-events","10":"product_tag-lgbtqiaplus","11":"pmpro-has-access","13":"first","14":"outofstock","15":"purchasable","16":"product-type-variable"},"wpml_current_locale":"de_DE","wpml_translations":{"en_US":{"locale":"en_US","id":21385,"slug":"outdoor-along-the-spree-from-treptow-to-spindlersfeld-kopie-2","post_title":"Outdoor \u2013 Berlin\u2019s highest natural elevation and largest lake","href":"https:\/\/wearevillage.org\/en\/shop\/village-outdoor\/w13-2025"}},"language":{"code":"de","locale":"","name":"","is_rtl":false},"_links":{"self":[{"href":"https:\/\/wearevillage.org\/wp-json\/wp\/v2\/product\/21384","targetHints":{"allow":["GET"]}}],"collection":[{"href":"https:\/\/wearevillage.org\/wp-json\/wp\/v2\/product"}],"about":[{"href":"https:\/\/wearevillage.org\/wp-json\/wp\/v2\/types\/product"}],"author":[{"embeddable":true,"href":"https:\/\/wearevillage.org\/wp-json\/wp\/v2\/users\/12"}],"wp:featuredmedia":[{"embeddable":true,"href":"https:\/\/wearevillage.org\/wp-json\/wp\/v2\/media\/21389"}],"wp:attachment":[{"href":"https:\/\/wearevillage.org\/wp-json\/wp\/v2\/media?parent=21384"}],"wp:term":[{"taxonomy":"product_brand","embeddable":true,"href":"https:\/\/wearevillage.org\/wp-json\/wp\/v2\/product_brand?post=21384"},{"taxonomy":"product_cat","embeddable":true,"href":"https:\/\/wearevillage.org\/wp-json\/wp\/v2\/product_cat?post=21384"},{"taxonomy":"product_tag","embeddable":true,"href":"https:\/\/wearevillage.org\/wp-json\/wp\/v2\/product_tag?post=21384"}],"curies":[{"name":"wp","href":"https:\/\/api.w.org\/{rel}","templated":true}]}}