{"id":21469,"date":"2025-01-21T15:24:15","date_gmt":"2025-01-21T14:24:15","guid":{"rendered":"https:\/\/wearevillage.org\/?post_type=product&#038;p=21469"},"modified":"2025-02-06T16:42:18","modified_gmt":"2025-02-06T15:42:18","slug":"kink-touch-lab-series-for-queer-people","status":"publish","type":"product","link":"https:\/\/wearevillage.org\/shop\/kink-touch\/w12-2025\/","title":{"rendered":"Mindful Power Exchange"},"content":{"rendered":"<div class=\"wpb-content-wrapper\"><div class=\"vc_row wpb_row vc_row-fluid\"><div class=\"wpb_column vc_column_container vc_col-sm-12\"><div class=\"vc_column-inner\"><div class=\"wpb_wrapper\"><h4 style=\"text-align: left\" class=\"vc_custom_heading vc_do_custom_heading\" >Mindful Power Exchange<\/h4><h5 style=\"text-align: left\" class=\"vc_custom_heading vc_do_custom_heading\" >Sensual Kink & Touch Lab Series for Queer People mit Phil Poole<\/h5>\n\t<div class=\"wpb_text_column wpb_content_element\" >\n\t\t<div class=\"wpb_wrapper\">\n\t\t\t<p><strong>Ein Workshop \u00fcber bewusstes Rollenspiel<\/strong><\/p>\n<p>Erkunde die komplexe Landschaft der Machtdynamiken aus einer Perspektive der Achtsamkeit. Diese zweist\u00fcndige, transformative Erfahrung verbindet Loving-Kindness-Meditation mit einer fein abgestimmten Erkundung von Dominanz und Unterwerfung. Basierend auf pers\u00f6nlichen Erfahrungen mit wechselnden Rollen in Kontexten des Machtspiels schafft der Workshop einen sicheren und urteilsfreien Raum f\u00fcr Selbsterkundung. Die Teilnehmenden sind eingeladen, Begriffe zu verwenden, die mit ihrem Selbst im Einklang sind und gleichzeitig gegenseitigen Respekt wahren.<\/p>\n<p>Teilnehmende k\u00f6nne sich auf behutsam entwickelte Interaktionen einlassen, die traditionelle Vorstellungen des Machtspiels in Frage stellen. Durch gef\u00fchrte Meditationen, Partner\u00fcbungen und Reflexions\u00fcbungen kannst du neue Perspektiven auf Dominanz, Unterwerfung, Verbindung, Einvernehmen und eine bewusstere Kommunikation erhalten.<\/p>\n<p><strong>Wir erkunden:<\/strong><\/p>\n<p>\u2022 Achtsame Ann\u00e4herung an Machtdynamiken<br \/>\n\u2022 Loving-Kindness-Meditationstechniken zur Schaffung von Verbindung bei unterschiedlichen Machtverh\u00e4ltnissen<br \/>\n\u2022 Verk\u00f6rperung dominanter und submissiver Rollen<br \/>\n\u2022 Respektvolle Kommunikation und das pers\u00f6nliche Setzen von Grenzen<\/p>\n<p>Dieser Workshop ist konzipiert f\u00fcr BDSM-Praktizierende, die ihr Wissen vertiefen m\u00f6chten, f\u00fcr Menschen, die unerfahren im Bereich BDSM und Machtspiel sind, f\u00fcr Menschen, die neugierig sind und f\u00fcr diejenigen, die sich f\u00fcr Achtsamkeit und zwischenmenschliche Verbindungen interessieren und aufgeschlossen sind f\u00fcr bewusste Beziehungspraktiken.<\/p>\n<p>Dein emotionaler und physischer Schutz hat h\u00f6chste Priorit\u00e4t. Hierf\u00fcr werden wir gemeinsam zu Beginn der Session ein pers\u00f6nliches \u201eStopp\u201c-Schl\u00fcsselwort und entsprechende Schritte festlegen. Jede*r Teilnehmende kann dieses Schl\u00fcsselwort jederzeit verwenden, um eine \u00dcbung zu pausieren oder abzubrechen, ohne dass Fragen gestellt werden und damit wir eine vollst\u00e4ndig einvernehmliche Erfahrung sicherstellen k\u00f6nnen.<\/p>\n\n\t\t<\/div>\n\t<\/div>\n<div class=\"vc_separator wpb_content_element vc_separator_align_center vc_sep_width_100 vc_sep_pos_align_center vc_separator_no_text vc_sep_color_grey wpb_content_element  wpb_content_element\" ><span class=\"vc_sep_holder vc_sep_holder_l\"><span class=\"vc_sep_line\"><\/span><\/span><span class=\"vc_sep_holder vc_sep_holder_r\"><span class=\"vc_sep_line\"><\/span><\/span>\n<\/div>\n\t<div class=\"wpb_text_column wpb_content_element\" >\n\t\t<div class=\"wpb_wrapper\">\n\t\t\t<p><img loading=\"lazy\" decoding=\"async\" class=\"wp-image-12850 alignleft\" src=\"https:\/\/wearevillage.org\/wp-content\/uploads\/2024\/02\/wav-team-Phil-Poole.png\" alt=\"\" width=\"160\" height=\"177\" srcset=\"https:\/\/wearevillage.org\/wp-content\/uploads\/2024\/02\/wav-team-Phil-Poole.png 900w, https:\/\/wearevillage.org\/wp-content\/uploads\/2024\/02\/wav-team-Phil-Poole-270x300.png 270w, https:\/\/wearevillage.org\/wp-content\/uploads\/2024\/02\/wav-team-Phil-Poole-135x150.png 135w, https:\/\/wearevillage.org\/wp-content\/uploads\/2024\/02\/wav-team-Phil-Poole-768x853.png 768w, https:\/\/wearevillage.org\/wp-content\/uploads\/2024\/02\/wav-team-Phil-Poole-624x693.png 624w, https:\/\/wearevillage.org\/wp-content\/uploads\/2024\/02\/wav-team-Phil-Poole-390x433.png 390w, https:\/\/wearevillage.org\/wp-content\/uploads\/2024\/02\/wav-team-Phil-Poole-600x667.png 600w\" sizes=\"auto, (max-width: 160px) 100vw, 160px\" \/> <strong>Phil Poole<\/strong> ist ein Coach, der Menschen hilft, ihr authentisches Leben zu finden. Er ist Engl\u00e4nder, lebt in Berlin und hat \u00fcber 10 Jahre lang Meditation studiert. Phil verwendet verschiedene Techniken, darunter Loving Kindness, K\u00f6rperarbeit und Bewegung.<\/p>\n\n\t\t<\/div>\n\t<\/div>\n<div class=\"vc_separator wpb_content_element vc_separator_align_center vc_sep_width_100 vc_sep_pos_align_center vc_separator_no_text vc_sep_color_grey wpb_content_element  wpb_content_element\" ><span class=\"vc_sep_holder vc_sep_holder_l\"><span class=\"vc_sep_line\"><\/span><\/span><span class=\"vc_sep_holder vc_sep_holder_r\"><span class=\"vc_sep_line\"><\/span><\/span>\n<\/div>\n\t<div class=\"wpb_text_column wpb_content_element\" >\n\t\t<div class=\"wpb_wrapper\">\n\t\t\t<p><strong>Was ist die Sensual Kink & Touch Lab Serie f\u00fcr Queer People?<\/strong><br \/>\nDie Sensual Kink & Touch Lab Series f\u00fcr Queer People ist ein monatlicher Workshop, bei dem wir einen sicheren und mutigen Raum f\u00fcr intentionale, konsensuelle und spielerische Begegnungen unter Menschen mit vielf\u00e4ltigen Orientierungen und Identit\u00e4ten schaffen wollen.<\/p>\n<p>Zum Beispiel mittels Rollenspiel- oder Impact-Play erkunden wir spielerisch Wege, unsere eigenen Gef\u00fchle, W\u00fcnsche oder Muster in Bezug auf Nacktheit, Intimit\u00e4t, Macht Dynamiken und Ber\u00fchrung zu erforschen. Wir laden euch ein, eure pers\u00f6nlichen Grenzen innerhalb eines Rahmens von gegenseitigem Respekt und Einvernehmen zu erkunden, zu kommunizieren und m\u00f6glicherweise zu erweitern. Dies er\u00f6ffnet die M\u00f6glichkeit, die kombinierte Kraft von Ber\u00fchrung und Rollenspiel zu erleben, die auf der F\u00e4higkeit beruht, einander verbal und nonverbal zuzuh\u00f6ren.<\/p>\n<p>Jede Veranstaltung wird je nach Thema und Hintergrund des\/der Facilitator*in einen eigenen Fokus haben. Diese kurzen Workshops k\u00f6nnen Nacktheit, Partner\u00fcbungen oder enge k\u00f6rperliche Interaktionen beinhalten.<\/p>\n<p><strong>Vorteile<br \/>\n<\/strong>\u2022 Verbessert die klare Kommunikation und verst\u00e4rkt die Bedeutung von explizitem Einverst\u00e4ndnis.<br \/>\n\u2022 Wir empfehlen auch die Teilnahme am verk\u00f6rperten Einwilligungs-Workshop, der am selben Tag vor dieser Veranstaltung stattfindet.<br \/>\n\u2022 Bietet einen sicheren Raum f\u00fcr Selbstausdruck im Bereich Intimit\u00e4t und Sexualit\u00e4t, unterst\u00fctzt das Selbstwertgef\u00fchl und die psychische Gesundheit.<br \/>\n\u2022 Erm\u00e4chtigt Einzelne, indem sie die M\u00f6glichkeit zur Erforschung von Identit\u00e4t und pers\u00f6nlicher Macht in einer kontrollierten Umgebung bieten.<br \/>\n\u2022 F\u00f6rdert die Freisetzung von Endorphinen, Stressabbau und erh\u00f6htes K\u00f6rperbewusstsein.<br \/>\n\u2022 Kann als gesunder Bew\u00e4ltigungsmechanismus dienen und das Risiko von Substanzmissbrauch reduzieren.<br \/>\n\u2022 F\u00f6rdert ein Gef\u00fchl der Zugeh\u00f6rigkeit und st\u00e4rkt die empathische Beziehungsf\u00e4higkeit.<\/p>\n\n\t\t<\/div>\n\t<\/div>\n<div class=\"vc_separator wpb_content_element vc_separator_align_center vc_sep_width_100 vc_sep_pos_align_center vc_separator_no_text vc_sep_color_grey vc_custom_1734451274044 wpb_content_element  vc_custom_1734451274044 wpb_content_element\" ><span class=\"vc_sep_holder vc_sep_holder_l\"><span class=\"vc_sep_line\"><\/span><\/span><span class=\"vc_sep_holder vc_sep_holder_r\"><span class=\"vc_sep_line\"><\/span><\/span>\n<\/div>\n\t<div class=\"wpb_text_column wpb_content_element\" >\n\t\t<div class=\"wpb_wrapper\">\n\t\t\t<p><u><strong>Hinweise<\/strong><\/u><br \/>\n<strong>Teilnehmende<\/strong>: Dieses Format ist f\u00fcr alle queeren Menschen (LGBTQIA+), die Ber\u00fchrung und Kontakt in einer einvernehmlichen, unterst\u00fctzenden Atmosph\u00e4re erfahren m\u00f6chten. (Siehe auch unsere <a href=\"https:\/\/wearevillage.org\/faq\"><strong>FAQ<\/strong><\/a>). Du solltest einen relativ entspannten Umgang mit Nacktheit haben. Diese Veranstaltung ist sinnlich und kann genitale Ber\u00fchrungen beinhalten. Bitte lege Wert auf pers\u00f6nliche Hygiene.<br \/>\n<strong>Material<\/strong>: Bringe zum Abdecken von Kissen, Matten oder Massageliegen ein Laken mit.<br \/>\n<strong>Sprache<\/strong>: Der Workshop wird auf Englisch durchgef\u00fchrt.<br \/>\n<strong>Kosten<\/strong>: Dieses Event ist auch zu einem erm\u00e4\u00dfigten Mitgliederpreis erh\u00e4ltlich \u2013 aber kein Bestandteil der zwei kostenlosen monatlichen Mitgliederveranstaltungen. Erm\u00e4\u00dfigter Zugang ist auf schriftliche Anfrage an: <strong><a href=\"mailto:events@wearevillage.org\">events@wearevillage.org<\/a><\/strong> m\u00f6glich.<\/p>\n\n\t\t<\/div>\n\t<\/div>\n<\/div><\/div><\/div><\/div>\n<\/div>","protected":false},"excerpt":{"rendered":"<h5>Sonntags (einmal im Monat)<br \/>\n14:00 \u2013 17:00<\/h5>\n<p><strong>| <span style=\"color: #ec6c23;\">LGBTQIA+<\/span>\u00a0|<\/strong><\/p>\n<p><strong>Sensual Kink & Touch Workshop-Reihe f\u00fcr queere Menschen<\/strong><\/p>\n<p><strong>_M\u00e4rz_<\/strong> Erkunde die komplexe Landschaft der Machtdynamiken aus einer Perspektive der Achtsamkeit. Diese zweist\u00fcndige, transformative Erfahrung verbindet Loving-Kindness-Meditation mit einer fein abgestimmten Erkundung von Dominanz und Unterwerfung.<\/p>\n","protected":false},"author":11,"featured_media":21824,"template":"","meta":{"pmpro_default_level":"","inline_featured_image":false},"product_brand":[],"product_cat":[79,83],"product_tag":[469],"class_list":{"0":"post-21469","1":"product","2":"type-product","3":"status-publish","4":"has-post-thumbnail","6":"product_cat-monatliche-events","7":"product_cat-workshops","8":"product_tag-lgbtqiaplus","9":"pmpro-has-access","11":"first","12":"instock","13":"product-type-variable","14":"has-default-attributes"},"wpml_current_locale":"de_DE","wpml_translations":{"en_US":{"locale":"en_US","id":21472,"slug":"kink-touch-lab-series-for-queer-people","post_title":"Mindful Power Exchange","href":"https:\/\/wearevillage.org\/en\/shop\/kink-touch\/w12-2025"}},"language":{"code":"de","locale":"","name":"","is_rtl":false},"_links":{"self":[{"href":"https:\/\/wearevillage.org\/wp-json\/wp\/v2\/product\/21469","targetHints":{"allow":["GET"]}}],"collection":[{"href":"https:\/\/wearevillage.org\/wp-json\/wp\/v2\/product"}],"about":[{"href":"https:\/\/wearevillage.org\/wp-json\/wp\/v2\/types\/product"}],"author":[{"embeddable":true,"href":"https:\/\/wearevillage.org\/wp-json\/wp\/v2\/users\/11"}],"wp:featuredmedia":[{"embeddable":true,"href":"https:\/\/wearevillage.org\/wp-json\/wp\/v2\/media\/21824"}],"wp:attachment":[{"href":"https:\/\/wearevillage.org\/wp-json\/wp\/v2\/media?parent=21469"}],"wp:term":[{"taxonomy":"product_brand","embeddable":true,"href":"https:\/\/wearevillage.org\/wp-json\/wp\/v2\/product_brand?post=21469"},{"taxonomy":"product_cat","embeddable":true,"href":"https:\/\/wearevillage.org\/wp-json\/wp\/v2\/product_cat?post=21469"},{"taxonomy":"product_tag","embeddable":true,"href":"https:\/\/wearevillage.org\/wp-json\/wp\/v2\/product_tag?post=21469"}],"curies":[{"name":"wp","href":"https:\/\/api.w.org\/{rel}","templated":true}]}}