{"id":21570,"date":"2025-01-23T11:49:02","date_gmt":"2025-01-23T10:49:02","guid":{"rendered":"https:\/\/wearevillage.org\/?post_type=product&#038;p=21570"},"modified":"2025-02-06T16:27:13","modified_gmt":"2025-02-06T15:27:13","slug":"queer-images-12","status":"publish","type":"product","link":"https:\/\/wearevillage.org\/shop\/queer-images\/w12-2025\/","title":{"rendered":"Queer Images"},"content":{"rendered":"<div class=\"wpb-content-wrapper\"><div class=\"vc_row wpb_row vc_row-fluid\"><div class=\"wpb_column vc_column_container vc_col-sm-12\"><div class=\"vc_column-inner\"><div class=\"wpb_wrapper\"><h4 style=\"text-align: left\" class=\"vc_custom_heading vc_do_custom_heading\" >Queer Images: Kreativit\u00e4t und Verbindung entdecken<\/h4><h5 style=\"text-align: left\" class=\"vc_custom_heading vc_do_custom_heading\" >mit Michael Rolnick<\/h5>\n\t<div class=\"wpb_text_column wpb_content_element\" >\n\t\t<div class=\"wpb_wrapper\">\n\t\t\t<p><strong>Ein Portr\u00e4t aus verschiedenen Blickwinkeln<\/strong><br \/>\nHeute experimentieren wir damit, ein Gesicht oder eine Figur aus unterschiedlichen Perspektiven zu betrachten und zu interpretieren, um die Vielschichtigkeit eines Portr\u00e4ts zu erfassen.<\/p>\n<p><strong>Was ist Queer Images?<\/strong><br \/>\nIn diesem Workshop, der monatlich stattfindet, bist du eingeladen, dich durch die Schaffung von visueller Kunst auszudr\u00fccken. Der Fokus liegt auf dem Prozess, nicht auf dem Ergebnis. Unser Ziel ist es, einen Kanal zu unserer pers\u00f6nlichen Kreativit\u00e4t zu \u00f6ffnen und tiefere Verbindungen zu unserem inneren Selbst und zueinander zu schaffen. Es sind keine besonderen F\u00e4higkeiten oder \u201eTalente\u201c erforderlich, nur die Bereitschaft, sich mit Neugier aktiv einzubringen.<\/p>\n\n\t\t<\/div>\n\t<\/div>\n<div class=\"vc_separator wpb_content_element vc_separator_align_center vc_sep_width_100 vc_sep_pos_align_center vc_separator_no_text vc_sep_color_grey wpb_content_element  wpb_content_element\" ><span class=\"vc_sep_holder vc_sep_holder_l\"><span class=\"vc_sep_line\"><\/span><\/span><span class=\"vc_sep_holder vc_sep_holder_r\"><span class=\"vc_sep_line\"><\/span><\/span>\n<\/div><\/div><\/div><\/div><\/div><div class=\"vc_row wpb_row vc_row-fluid\"><div class=\"wpb_column vc_column_container vc_col-sm-3\"><div class=\"vc_column-inner\"><div class=\"wpb_wrapper\">\n\t<div  class=\"wpb_single_image wpb_content_element vc_align_center wpb_content_element\">\n\t\t\n\t\t<figure class=\"wpb_wrapper vc_figure\">\n\t\t\t<div class=\"vc_single_image-wrapper   vc_box_border_grey\"><img decoding=\"async\" class=\"vc_single_image-img \" src=\"https:\/\/wearevillage.org\/wp-content\/uploads\/2024\/12\/wav-team-Michael-Rolnick-160x177.png\" width=\"160\" height=\"177\" alt=\"wav-team-Michael Rolnick\" title=\"wav-team-Michael Rolnick\" loading=\"lazy\" \/><\/div>\n\t\t<\/figure>\n\t<\/div>\n<\/div><\/div><\/div><div class=\"wpb_column vc_column_container vc_col-sm-9\"><div class=\"vc_column-inner\"><div class=\"wpb_wrapper\">\n\t<div class=\"wpb_text_column wpb_content_element\" >\n\t\t<div class=\"wpb_wrapper\">\n\t\t\t<p><strong>Michael<\/strong> <strong>Rolnick<\/strong> wurde in London geboren, wo er eine Ausbildung zum T\u00e4nzer an den Royal Ballet Schools absolvierte. Er tanzte unter anderem f\u00fcr das Northern Ballet Theatre, das Scottish Ballet, die Lindsay Kemp Company, AMP und zahlreiche andere. Michael arbeitet auch als Choreograf und macht bildende Kunst. Au\u00dferdem unterrichtet er Pilates und ist co-facilitator unseres Authentic Eros One-Year Trainings.<\/p>\n\n\t\t<\/div>\n\t<\/div>\n<\/div><\/div><\/div><div class=\"wpb_column vc_column_container vc_col-sm-12\"><div class=\"vc_column-inner\"><div class=\"wpb_wrapper\"><div class=\"vc_separator wpb_content_element vc_separator_align_center vc_sep_width_100 vc_sep_pos_align_center vc_separator_no_text vc_sep_color_grey wpb_content_element  wpb_content_element\" ><span class=\"vc_sep_holder vc_sep_holder_l\"><span class=\"vc_sep_line\"><\/span><\/span><span class=\"vc_sep_holder vc_sep_holder_r\"><span class=\"vc_sep_line\"><\/span><\/span>\n<\/div><\/div><\/div><\/div><\/div><div class=\"vc_row wpb_row vc_row-fluid\"><div class=\"wpb_column vc_column_container vc_col-sm-12\"><div class=\"vc_column-inner\"><div class=\"wpb_wrapper\">\n\t<div class=\"wpb_text_column wpb_content_element\" >\n\t\t<div class=\"wpb_wrapper\">\n\t\t\t<p><strong><u>Hinweise<\/u><\/strong><br \/>\n<strong>Sprache<\/strong>:\u00a0Je nach Bed\u00fcrfnissen der Gruppe werden wir Deutsch und\/oder Englisch sprechen.<br \/>\n<b>Kosten<\/b>: Die Veranstaltung ist kostenlos.<\/p>\n\n\t\t<\/div>\n\t<\/div>\n<\/div><\/div><\/div><\/div>\n<\/div>","protected":false},"excerpt":{"rendered":"<h5>Samstags (einmal im Monat)<br \/>\n13:00 \u2013 16:00<br \/>\nkostenlos<\/h5>\n<p><strong>| <span style=\"color: #ec6c23;\">LGBTQIA+ <\/span>|<\/strong><\/p>\n<p><strong>Ein Portr\u00e4t aus verschiedenen Blickwinkeln<\/strong><br \/>\nHeute experimentieren wir damit, ein Gesicht oder eine Figur aus unterschiedlichen Perspektiven zu betrachten und zu interpretieren, um die Vielschichtigkeit eines Portr\u00e4ts zu erfassen.<\/p>\n","protected":false},"author":12,"featured_media":22023,"template":"","meta":{"pmpro_default_level":"","inline_featured_image":false},"product_brand":[],"product_cat":[77,791,769,79],"product_tag":[469],"class_list":{"0":"post-21570","1":"product","2":"type-product","3":"status-publish","4":"has-post-thumbnail","6":"product_cat-community-events","7":"product_cat-gemeinsam-statt-einsam","8":"product_cat-kostenloser-zugang","9":"product_cat-monatliche-events","10":"product_tag-lgbtqiaplus","11":"pmpro-has-access","13":"first","14":"outofstock","15":"purchasable","16":"product-type-variable"},"wpml_current_locale":"de_DE","wpml_translations":{"en_US":{"locale":"en_US","id":21571,"slug":"queer-images-12","post_title":"Queer Images","href":"https:\/\/wearevillage.org\/en\/shop\/queer-images\/w12-2025"}},"language":{"code":"de","locale":"","name":"","is_rtl":false},"_links":{"self":[{"href":"https:\/\/wearevillage.org\/wp-json\/wp\/v2\/product\/21570","targetHints":{"allow":["GET"]}}],"collection":[{"href":"https:\/\/wearevillage.org\/wp-json\/wp\/v2\/product"}],"about":[{"href":"https:\/\/wearevillage.org\/wp-json\/wp\/v2\/types\/product"}],"author":[{"embeddable":true,"href":"https:\/\/wearevillage.org\/wp-json\/wp\/v2\/users\/12"}],"wp:featuredmedia":[{"embeddable":true,"href":"https:\/\/wearevillage.org\/wp-json\/wp\/v2\/media\/22023"}],"wp:attachment":[{"href":"https:\/\/wearevillage.org\/wp-json\/wp\/v2\/media?parent=21570"}],"wp:term":[{"taxonomy":"product_brand","embeddable":true,"href":"https:\/\/wearevillage.org\/wp-json\/wp\/v2\/product_brand?post=21570"},{"taxonomy":"product_cat","embeddable":true,"href":"https:\/\/wearevillage.org\/wp-json\/wp\/v2\/product_cat?post=21570"},{"taxonomy":"product_tag","embeddable":true,"href":"https:\/\/wearevillage.org\/wp-json\/wp\/v2\/product_tag?post=21570"}],"curies":[{"name":"wp","href":"https:\/\/api.w.org\/{rel}","templated":true}]}}