{"id":21574,"date":"2025-01-23T13:20:54","date_gmt":"2025-01-23T12:20:54","guid":{"rendered":"https:\/\/wearevillage.org\/?post_type=product&#038;p=21574"},"modified":"2025-02-28T16:38:57","modified_gmt":"2025-02-28T15:38:57","slug":"film-night","status":"publish","type":"product","link":"https:\/\/wearevillage.org\/shop\/village-film\/w13-2025\/","title":{"rendered":"Film Night \u2013 Beyond the Valley of the Dolls"},"content":{"rendered":"<div class=\"wpb-content-wrapper\"><div class=\"vc_row wpb_row vc_row-fluid\"><div class=\"wpb_column vc_column_container vc_col-sm-12\"><div class=\"vc_column-inner\"><div class=\"wpb_wrapper\"><h4 style=\"text-align: left\" class=\"vc_custom_heading vc_do_custom_heading\" >Film Night - Beyond the Valley of the Dolls<\/h4><h5 style=\"text-align: left\" class=\"vc_custom_heading vc_do_custom_heading\" >Gast: Marcelo Alves<\/h5>\n\t<div class=\"wpb_text_column wpb_content_element\" >\n\t\t<div class=\"wpb_wrapper\">\n\t\t\t<p><strong>Beyond the Valley of the Dolls (Blumen ohne Duft)<\/strong><br \/>\nRegisseur: Russ Meyers<br \/>\n1970 \u2013 109 Min<br \/>\nAuf English<\/p>\n<p><a href=\"https:\/\/www.criterion.com\/films\/28120-beyond-the-valley-of-the-dolls\" target=\"_blank\" rel=\"noopener\"><img loading=\"lazy\" decoding=\"async\" class=\" wp-image-21845 alignleft\" src=\"https:\/\/wearevillage.org\/wp-content\/uploads\/2025\/01\/Screenshot-2025-02-01-at-14.59.19-300x168.png\" alt=\"\" width=\"339\" height=\"190\" srcset=\"https:\/\/wearevillage.org\/wp-content\/uploads\/2025\/01\/Screenshot-2025-02-01-at-14.59.19-300x168.png 300w, https:\/\/wearevillage.org\/wp-content\/uploads\/2025\/01\/Screenshot-2025-02-01-at-14.59.19-1024x574.png 1024w, https:\/\/wearevillage.org\/wp-content\/uploads\/2025\/01\/Screenshot-2025-02-01-at-14.59.19-150x84.png 150w, https:\/\/wearevillage.org\/wp-content\/uploads\/2025\/01\/Screenshot-2025-02-01-at-14.59.19-768x430.png 768w, https:\/\/wearevillage.org\/wp-content\/uploads\/2025\/01\/Screenshot-2025-02-01-at-14.59.19-624x350.png 624w, https:\/\/wearevillage.org\/wp-content\/uploads\/2025\/01\/Screenshot-2025-02-01-at-14.59.19-390x218.png 390w, https:\/\/wearevillage.org\/wp-content\/uploads\/2025\/01\/Screenshot-2025-02-01-at-14.59.19-600x336.png 600w, https:\/\/wearevillage.org\/wp-content\/uploads\/2025\/01\/Screenshot-2025-02-01-at-14.59.19.png 1239w\" sizes=\"auto, (max-width: 339px) 100vw, 339px\" \/><\/a><\/p>\n<p>Schau\u2019 mit uns diesem bunten und stylischen Film, der die Subkultur feiert. Einige Themen, die wir nach dem Film besprechen k\u00f6nnen, sind: der Wert von Camp, Satire, Subkultur, lesbische und schwule Darstellungen ein Jahr nach Stonewall, visuelle Sprache und Stil sowie andere Sichtweisen, insbesondere in Bezug auf Camp.<\/p>\n<p>Eine hippe und angesagte M\u00e4dchen-Rockband macht sich auf den Weg nach Los Angeles, um das Erbe der Leads\u00e4ngerin Kelly anzutreten und es in LA zu schaffen (und gro\u00df herauszukommen). Sie geraten sofort unter den Einfluss des Rock\u2019n\u2019Roller-Svengalis und den \u201eTeen-Tycoon\u201c Ronnie \u201eZ-Man\u201c Barzell und anderer habgieriger Hollywood-Partytypen, wie der l\u00fcsternen Pornodarstellerin Ashley St. Ives, der uners\u00e4ttlichen Lesbe Roxanne und des zwielichtigen Anwalts Porter Hall. Bald versinken die M\u00e4dchen in einem Sumpf aus Drogen und Betrug, w\u00e4hrend ihr musikalischer Erfolg rasant an Fahrt aufnimmt. Es bedarf mehrerer Trag\u00f6dien, um sie zum Nachdenken zu bringen\u2026 ist es dann aber schon zu sp\u00e4t?<\/p>\n\n\t\t<\/div>\n\t<\/div>\n<div class=\"vc_separator wpb_content_element vc_separator_align_center vc_sep_width_100 vc_sep_pos_align_center vc_separator_no_text vc_sep_color_grey wpb_content_element  wpb_content_element\" ><span class=\"vc_sep_holder vc_sep_holder_l\"><span class=\"vc_sep_line\"><\/span><\/span><span class=\"vc_sep_holder vc_sep_holder_r\"><span class=\"vc_sep_line\"><\/span><\/span>\n<\/div>\n\t<div class=\"wpb_text_column wpb_content_element\" >\n\t\t<div class=\"wpb_wrapper\">\n\t\t\t<p><img loading=\"lazy\" decoding=\"async\" class=\"wp-image-34 alignleft\" src=\"https:\/\/wearevillage.org\/wp-content\/uploads\/2022\/08\/Marcelo-Alves.jpg\" alt=\"\" width=\"130\" height=\"144\" srcset=\"https:\/\/wearevillage.org\/wp-content\/uploads\/2022\/08\/Marcelo-Alves.jpg 700w, https:\/\/wearevillage.org\/wp-content\/uploads\/2022\/08\/Marcelo-Alves-390x431.jpg 390w, https:\/\/wearevillage.org\/wp-content\/uploads\/2022\/08\/Marcelo-Alves-600x663.jpg 600w, https:\/\/wearevillage.org\/wp-content\/uploads\/2022\/08\/Marcelo-Alves-271x300.jpg 271w, https:\/\/wearevillage.org\/wp-content\/uploads\/2022\/08\/Marcelo-Alves-624x690.jpg 624w\" sizes=\"auto, (max-width: 130px) 100vw, 130px\" \/>Nachdem <strong>Marcelo Alves <\/strong>20 Jahre lang in New York gelebt hat, ist er nach Berlin gezogen, um in Babelsberg Produktionsdesign zu studieren und jetzt in diesem Bereich zu arbeiten. Er betrachtet sein Leben als queerer POC der dritten Generation und engagiert sich in Community-Organisationen wie GMHC, Friends in Deed, der Berliner AIDS Hilfe und dem Berliner Chem-Sex Netzwerk. Seit dem ersten Stretch hat er sich bei Village.Berlin engagiert. Heute ist er Teil einer Anti-Rassismus- und Inklusionsinitiative und kann seine Leidenschaft teilen, indem er die monatliche Filmnacht mit organisiert.<\/p>\n\n\t\t<\/div>\n\t<\/div>\n<div class=\"vc_separator wpb_content_element vc_separator_align_center vc_sep_width_100 vc_sep_pos_align_center vc_separator_no_text vc_sep_color_grey vc_custom_1724778095340 wpb_content_element  vc_custom_1724778095340 wpb_content_element\" ><span class=\"vc_sep_holder vc_sep_holder_l\"><span class=\"vc_sep_line\"><\/span><\/span><span class=\"vc_sep_holder vc_sep_holder_r\"><span class=\"vc_sep_line\"><\/span><\/span>\n<\/div>\n\t<div class=\"wpb_text_column wpb_content_element\" >\n\t\t<div class=\"wpb_wrapper\">\n\t\t\t<p><strong>\u00dcber die Filmnacht am Village<\/strong><br \/>\nDie monatliche Filmnacht von we are village hat sich zu einem Muss f\u00fcr Cineasten entwickelt, die eine Auswahl an beliebten Klassikern genie\u00dfen wollen. Das Programm umfasst eine breite Erkundung queerer und nicht-normativer Perspektiven in verschiedenen Genres und k\u00fcnstlerischen Stilen, die \u00fcber LGBTQIA+Themen hinausgehen. Nach jeder Vorf\u00fchrung werden die G\u00e4ste zum Verweilen und zur Teilnahme an entspannten Gruppendiskussionen \u00fcber die Filme und damit verbundene Themen eingeladen.<\/p>\n\n\t\t<\/div>\n\t<\/div>\n<div class=\"vc_separator wpb_content_element vc_separator_align_center vc_sep_width_100 vc_sep_pos_align_center vc_separator_no_text vc_sep_color_grey wpb_content_element  wpb_content_element\" ><span class=\"vc_sep_holder vc_sep_holder_l\"><span class=\"vc_sep_line\"><\/span><\/span><span class=\"vc_sep_holder vc_sep_holder_r\"><span class=\"vc_sep_line\"><\/span><\/span>\n<\/div>\n\t<div class=\"wpb_text_column wpb_content_element\" >\n\t\t<div class=\"wpb_wrapper\">\n\t\t\t<p><b>Hinweise<br \/>\n<\/b>Einlass ist um 19:30 Uhr, der Film beginnt p\u00fcnktlich um 20:00 Uhr.<br \/>\n<strong>Sprache<\/strong>: Die Veranstaltung wird auf Englisch abgehalten.<br \/>\n<strong>Kosten<\/strong>: Die Veranstaltung ist f\u00fcr alle zug\u00e4nglich und kostenlos.<\/p>\n\n\t\t<\/div>\n\t<\/div>\n<\/div><\/div><\/div><\/div>\n<\/div>","protected":false},"excerpt":{"rendered":"<h5>Letzter Dienstag im Monat<br \/>\n19:30 \u2013 22:30<br \/>\nEintritt frei<\/h5>\n<p class=\"p1\"><strong>| <span style=\"color: #ec6c23;\">LGBTQIA+<\/span>|<\/strong><\/p>\n<p>Schau\u2019 mit uns diesem bunten und stylischen Film, der die Subkultur feiert. Einige Themen, die wir nach dem Film besprechen k\u00f6nnen, sind: der Wert von Camp, Satire, Subkultur, lesbische und schwule Darstellungen ein Jahr nach Stonewall, visuelle Sprache und Stil sowie andere Sichtweisen, insbesondere in Bezug auf Camp.<\/p>\n<p><strong>Beyond the Valley of the Dolls (Blumen ohne Duft)<\/strong><br \/>\nRegisseur: Russ Meyers<br \/>\n1970 \u2013 109 Min<br \/>\nAuf Englisch<\/p>\n","protected":false},"author":12,"featured_media":21848,"template":"","meta":{"pmpro_default_level":"","inline_featured_image":false},"product_brand":[],"product_cat":[77,769,79],"product_tag":[469],"class_list":{"0":"post-21574","1":"product","2":"type-product","3":"status-publish","4":"has-post-thumbnail","6":"product_cat-community-events","7":"product_cat-kostenloser-zugang","8":"product_cat-monatliche-events","9":"product_tag-lgbtqiaplus","10":"pmpro-has-access","12":"first","13":"outofstock","14":"purchasable","15":"product-type-variable"},"wpml_current_locale":"de_DE","wpml_translations":{"en_US":{"locale":"en_US","id":21575,"slug":"film-night","post_title":"Film Night - Beyond the Valley of the Dolls","href":"https:\/\/wearevillage.org\/en\/shop\/village-film\/w13-2025"}},"language":{"code":"de","locale":"","name":"","is_rtl":false},"_links":{"self":[{"href":"https:\/\/wearevillage.org\/wp-json\/wp\/v2\/product\/21574","targetHints":{"allow":["GET"]}}],"collection":[{"href":"https:\/\/wearevillage.org\/wp-json\/wp\/v2\/product"}],"about":[{"href":"https:\/\/wearevillage.org\/wp-json\/wp\/v2\/types\/product"}],"author":[{"embeddable":true,"href":"https:\/\/wearevillage.org\/wp-json\/wp\/v2\/users\/12"}],"wp:featuredmedia":[{"embeddable":true,"href":"https:\/\/wearevillage.org\/wp-json\/wp\/v2\/media\/21848"}],"wp:attachment":[{"href":"https:\/\/wearevillage.org\/wp-json\/wp\/v2\/media?parent=21574"}],"wp:term":[{"taxonomy":"product_brand","embeddable":true,"href":"https:\/\/wearevillage.org\/wp-json\/wp\/v2\/product_brand?post=21574"},{"taxonomy":"product_cat","embeddable":true,"href":"https:\/\/wearevillage.org\/wp-json\/wp\/v2\/product_cat?post=21574"},{"taxonomy":"product_tag","embeddable":true,"href":"https:\/\/wearevillage.org\/wp-json\/wp\/v2\/product_tag?post=21574"}],"curies":[{"name":"wp","href":"https:\/\/api.w.org\/{rel}","templated":true}]}}