{"id":22027,"date":"2025-02-06T17:28:33","date_gmt":"2025-02-06T16:28:33","guid":{"rendered":"http:\/\/shop\/soul-of-skin-training-lomi-lomi-massage-kopie\/"},"modified":"2026-03-02T14:50:35","modified_gmt":"2026-03-02T13:50:35","slug":"soul-of-skin-training-lomi-lomi-massage-2","status":"publish","type":"product","link":"https:\/\/wearevillage.org\/shop\/soul-of-skin-training\/w12-2026\/","title":{"rendered":"Soul of Skin Training \u2013 Lomi Lomi Massage"},"content":{"rendered":"<div class=\"wpb-content-wrapper\"><div class=\"vc_row wpb_row vc_row-fluid\"><div class=\"wpb_column vc_column_container vc_col-sm-12\"><div class=\"vc_column-inner\"><div class=\"wpb_wrapper\"><h4 style=\"text-align: left\" class=\"vc_custom_heading vc_do_custom_heading\" >Soul of Skin - Touch & Massage Training<\/h4><h4 style=\"text-align: left\" class=\"vc_custom_heading vc_do_custom_heading\" >Lomi Lomi Massage mit Roman S\u00f6llner<\/h4>\n\t<div class=\"wpb_text_column wpb_content_element\" >\n\t\t<div class=\"wpb_wrapper\">\n\t\t\t<p>Die Lomi Lomi Massage ist wie das Meer: Sanft, kraftvoll und rhythmisch. Wie beim Kommen und Gehen der Wellen flie\u00dfen fortlaufende geschmeidige Bewegungen \u00fcber und auch unter den K\u00f6rper. Tiefe Geborgenheit breitet sich aus. In einem achtsamen Rahmen tauchen wir ein und lassen alles Schwere abgleiten wie eine alte, zu eng gewordene Haut.<\/p>\n<p>An diesem Wochenende lernst Du, eine 90 min\u00fctige Lomi-Ganzk\u00f6rpermassage zu geben.<\/p>\n\n\t\t<\/div>\n\t<\/div>\n<div class=\"vc_separator wpb_content_element vc_separator_align_center vc_sep_width_100 vc_sep_pos_align_center vc_separator_no_text vc_sep_color_grey wpb_content_element  wpb_content_element\" ><span class=\"vc_sep_holder vc_sep_holder_l\"><span class=\"vc_sep_line\"><\/span><\/span><span class=\"vc_sep_holder vc_sep_holder_r\"><span class=\"vc_sep_line\"><\/span><\/span>\n<\/div>\n\t<div class=\"wpb_text_column wpb_content_element\" >\n\t\t<div class=\"wpb_wrapper\">\n\t\t\t<p><img loading=\"lazy\" decoding=\"async\" class=\"wp-image-6138 alignleft\" src=\"https:\/\/wearevillage.org\/wp-content\/uploads\/2023\/06\/wav-team-Roman-Soellner.png\" alt=\"\" width=\"160\" height=\"178\" srcset=\"https:\/\/wearevillage.org\/wp-content\/uploads\/2023\/06\/wav-team-Roman-Soellner.png 900w, https:\/\/wearevillage.org\/wp-content\/uploads\/2023\/06\/wav-team-Roman-Soellner-270x300.png 270w, https:\/\/wearevillage.org\/wp-content\/uploads\/2023\/06\/wav-team-Roman-Soellner-135x150.png 135w, https:\/\/wearevillage.org\/wp-content\/uploads\/2023\/06\/wav-team-Roman-Soellner-768x853.png 768w, https:\/\/wearevillage.org\/wp-content\/uploads\/2023\/06\/wav-team-Roman-Soellner-624x693.png 624w, https:\/\/wearevillage.org\/wp-content\/uploads\/2023\/06\/wav-team-Roman-Soellner-390x433.png 390w, https:\/\/wearevillage.org\/wp-content\/uploads\/2023\/06\/wav-team-Roman-Soellner-600x667.png 600w\" sizes=\"auto, (max-width: 160px) 100vw, 160px\" \/><strong>Roman S\u00f6llner<\/strong> begann seine Karriere als moderner T\u00e4nzer in New York. Verletzungen zwangen ihn, das T\u00e4nzerleben aufzugeben, und brachten ihn dazu, Massagetherapeut und Bodyworker zu werden, ausgebildet in vielen Massagetechniken. Es folgten zahlreiche Ausbildungen in Lomi-Massage auf Hawaii, die ihm eine neue Welt er\u00f6ffneten, in der heilende Ber\u00fchrung, Tanz und Spiritualit\u00e4t zu einer Einheit wurden. Im Laufe der Jahre hat Roman viele Ausbildungen in Lomi Lomi gegeben. Seit 16 Jahren sind die Liebe und der Respekt f\u00fcr die \u201eK\u00f6nigin der Massagen\u201c ein wesentlicher Bestandteil seines Lebens. Neben Bodywork in seiner Privatpraxis in N\u00fcrnberg ist Roman auch Schriftsteller, S\u00e4nger, Ritualist und h\u00e4lt Vortr\u00e4ge \u00fcber Mythen und M\u00e4rchen.<\/p>\n\n\t\t<\/div>\n\t<\/div>\n<div class=\"vc_separator wpb_content_element vc_separator_align_center vc_sep_width_100 vc_sep_pos_align_center vc_separator_no_text vc_sep_color_grey wpb_content_element  wpb_content_element\" ><span class=\"vc_sep_holder vc_sep_holder_l\"><span class=\"vc_sep_line\"><\/span><\/span><span class=\"vc_sep_holder vc_sep_holder_r\"><span class=\"vc_sep_line\"><\/span><\/span>\n<\/div>\n\t<div class=\"wpb_text_column wpb_content_element\" >\n\t\t<div class=\"wpb_wrapper\">\n\t\t\t<p><strong>Was ist SOUL OF SKIN?<\/strong><br \/>\n<strong><a href=\"https:\/\/wearevillage.org\/soul-of-skin\">SOUL OF SKIN<\/a><\/strong> ist ein ganzheitliches Massagetraining im Zweijahreszyklus und besteht aus acht Wochenend-Workshops. Die acht Wochenenden\/Methoden sind auch einzeln buchbar.<\/p>\n<p>Professionelle und erfahrende Praktizierende vermitteln in jedem Modul eine Methode. Entdecke die Massage als Form der intimen Begegnung! Erweitere Deine M\u00f6glichkeiten als Profi, Liebhaber und Partner!<\/p>\n<p><strong>An wen richtet sich SOUL OF SKIN<\/strong>?<br \/>\nDer Workshop Zyklus richtet sich GBTQ+ M\u00e4nner*, Anf\u00e4nger, Massageerfahrene oder die, die sich beruflich mit K\u00f6rperarbeit besch\u00e4ftigen.<\/p>\n<p><strong>Wie kann ich an SOUL OF SKIN teilnehmen?<\/strong><br \/>\nDie Module sind einzeln buchbar. Sie bauen nicht aufeinander auf. Jede Methode steht f\u00fcr sich und kann eine Bereicherung f\u00fcr Dich sein. Du kannst jederzeit einsteigen und die Module nach Belieben kombinieren oder nachholen.<\/p>\n<p><strong>Warum SOUL OF SKIN?<\/strong><br \/>\nDu lernst und erlebst wirkungsvolle Methoden f\u00fcr Heilung, Entspannung und Genuss. Du entdeckst die Massage als Form der intimen Begegnung. Du erweiterst Deine M\u00f6glichkeiten als Profi, Liebhaber und Partner! Du lernst konkrete Griffe und Techniken, aber auch, wie Du einen K\u00f6rper \u201eliest\u201c und Dich von Intuition und Empfindsamkeit leiten l\u00e4sst.<\/p>\n<p>\u2022 Ber\u00fchrung n\u00e4hrt.<br \/>\n\u2022 Ber\u00fchrung beruhigt, heilt, stimuliert.<br \/>\n\u2022 Ber\u00fchrung kommuniziert.<br \/>\n\u2022 Ber\u00fchrung ist unmittelbar.<br \/>\n\u2022 Ber\u00fchrung \u00fcbertr\u00e4gt sich auf K\u00f6rper, Geist und Seele.<br \/>\n\u2022 Ber\u00fchrung balanciert und schafft Verbindung.<br \/>\n\u2022 Ber\u00fchrung mit Anwesenheit und Herz ist ein starkes Mittel f\u00fcr Wandlung.<\/p>\n<p><strong>Was macht SOUL OF SKIN einzigartig?<\/strong><\/p>\n<p>1. UNSERE LEHRENDEN: Du profitierst von internationalen Experten mit einer umfassenden Ausbildung, die \u00fcber jahrelange Erfahrung mit K\u00f6rperarbeit verf\u00fcgen.<\/p>\n<p>2. VIELFALT: Du lernst ein breites Spektrum von Methoden mit unterschiedlichen Schwerpunkten kennen. Nimmst Du alle Module wahr, erh\u00e4ltst Du auf diese Weise eine umfassende Massageausbildung.<\/p>\n<p>3. GANZK\u00d6RPERLICH: F\u00fcr uns gibt es keine \u201eunber\u00fchrbaren\u201c K\u00f6rperteile. Wir bringen dem ganzen K\u00f6rper Aufmerksamkeit und Respekt entgegen, einschlie\u00dflich des Anus und der Genitalien \u2013 Bereiche, die normalerweise von traditionellen oder konventionellen Massageschulen gemieden werden.<\/p>\n<p>4. SICHERHEIT: Wir m\u00f6chten einen Rahmen bieten, in dem Du Dich sicher und geborgen f\u00fchlen kannst. Wir laden Dich zu neuen Erfahrungen ein. Aber es gibt keinen Gruppenzwang. Deine Grenzen werden respektiert. Es geht um Dich.<\/p>\n<p>5. IN EINER GRUPPE SEIN: Die Sch\u00f6nheit und Kraft respektvoller Ber\u00fchrung in einem Gruppen-Setting\u00a0 kann eine einzigartige Erfahrung sein. Teilnehmende, die an mehreren Modulen oder dem ganzen Programm teilnehmen, dringen zu einem tieferem Vertrauen und gr\u00f6\u00dferer Offenheit mit einander vor. Sie machen eine Erfahrung, nach der sich viele sehnen: Sie erleben N\u00e4he und Geborgenheit in einer Gemeinschaft.<\/p>\n\n\t\t<\/div>\n\t<\/div>\n<h4 style=\"text-align: left\" class=\"vc_custom_heading vc_do_custom_heading\" >\u00dcbersicht aller kommenden Daten<br \/>\nModule auch einzeln buchbar<\/h4><\/div><\/div><\/div><\/div><div class=\"vc_row wpb_row vc_row-fluid\"><div class=\"wpb_column vc_column_container vc_col-sm-12\"><div class=\"vc_column-inner\"><div class=\"wpb_wrapper\">\n\t<div class=\"wpb_text_column wpb_content_element\" >\n\t\t<div class=\"wpb_wrapper\">\n\t\t\t<table class=\"auto-table responsive-table\" style=\"height: 406px;\" width=\"824\">\n<tbody>\n<tr>\n<td data-th=\"Date\"><strong>M\u00e4rz 2025 \u2013 Juni 2026<\/strong><\/td>\n<td data-th=\"Workshops\"><strong>Gesamtes Training<\/strong><\/td>\n<td data-th=\"Facilitator\"><strong>Soul of Skin Massage & Touch Training Team<\/strong><\/td>\n<\/tr>\n<tr>\n<td data-th=\"Date\"><span style=\"font-weight: 400;\">1.\/2. M\u00e4rz 2025<\/span><\/td>\n<td data-th=\"Workshops\"><strong><a href=\"https:\/\/wearevillage.org\/shop\/soul-of-skin-training\/2025-w09\">Esalen-inspirierte Massage<\/a><\/strong><\/td>\n<td data-th=\"Facilitator\"><span style=\"font-weight: 400;\">Roman S\u00f6llner<\/span><\/td>\n<\/tr>\n<tr>\n<td data-th=\"Date\"><span style=\"font-weight: 400;\">7.\/8. Juni 2025 <\/span><\/td>\n<td data-th=\"Workshops\"><strong><a href=\"https:\/\/wearevillage.org\/shop\/soul-of-skin-training\/w23-2025\">Tiefengewebsmassage<\/a><\/strong><\/td>\n<td data-th=\"Facilitator\">Marc Buscha<\/td>\n<\/tr>\n<tr>\n<td data-th=\"Date\"><span style=\"font-weight: 400;\">30.\/31. August 2025<\/span><\/td>\n<td data-th=\"Workshops\"><strong><a href=\"https:\/\/wearevillage.org\/shop\/soul-of-skin-training\/w35-2025\">Bodyflow<\/a><\/strong><\/td>\n<td data-th=\"Facilitator\">Maevon Canter<\/td>\n<\/tr>\n<tr>\n<td data-th=\"Date\"><span style=\"font-weight: 400;\">22.\/23. November 2025 <\/span><\/td>\n<td data-th=\"Workshops\"><strong><a href=\"https:\/\/wearevillage.org\/shop\/soul-of-skin-training\/w47-2025\">Intuitive Erotic Massage<\/a><\/strong><\/td>\n<td data-th=\"Facilitator\">Damien J\u00e9go<\/td>\n<\/tr>\n<tr>\n<td data-th=\"Date\"><span style=\"font-weight: 400;\">24.\/25. Januar 2026 <\/span><\/td>\n<td data-th=\"Workshops\"><strong><a href=\"https:\/\/wearevillage.org\/shop\/soul-of-skin-training\/w04-2026\">Kunst der analen Ber\u00fchrung<\/a><\/strong><\/td>\n<td data-th=\"Facilitator\">Maevon Canter<\/td>\n<\/tr>\n<tr>\n<td data-th=\"Date\"><span style=\"font-weight: 400;\">21.\/22. M\u00e4rz 2026 <\/span><\/td>\n<td data-th=\"Workshops\"><strong><a href=\"https:\/\/wearevillage.org\/shop\/soul-of-skin-training\/w12-2026\">Lomi Lomi<\/a><\/strong><\/td>\n<td data-th=\"Facilitator\"><span style=\"font-weight: 400;\">Roman S\u00f6llner<\/span><\/td>\n<\/tr>\n<tr>\n<td data-th=\"Date\"><span style=\"font-weight: 400;\">20.\/21. Juni 2026<\/span><\/td>\n<td data-th=\"Workshops\"><strong><a href=\"https:\/\/wearevillage.org\/shop\/soul-of-skin-training\/w24-2026\">Sensual Thai Massage<\/a><\/strong><\/td>\n<td data-th=\"Facilitator\">Zahiro Ji (Be)<\/td>\n<\/tr>\n<\/tbody>\n<\/table>\n\n\t\t<\/div>\n\t<\/div>\n<\/div><\/div><\/div><\/div>\n<\/div>","protected":false},"excerpt":{"rendered":"<h5>Soul of Skin Massage Training<br \/>\n2 Tage Workshop<br \/>\n10:00 \u2013 17:30<\/h5>\n<p class=\"p1\"><strong>| <span style=\"color: #ec6c23;\">GBTQ men*<\/span>\u00a0|<\/strong><\/p>\n<p>An diesem Wochenende lernst Du, eine 90 min\u00fctige Ganzk\u00f6rpermassage zu geben. Lomi Lomi Massage ist sanft, kraftvoll und rhythmisch. Wie beim Kommen und Gehen der Wellen flie\u00dfen fortlaufende geschmeidige Bewegungen \u00fcber und auch unter den K\u00f6rper. Tiefe Geborgenheit breitet sich aus.<\/p>\n","protected":false},"author":14,"featured_media":5655,"template":"","meta":{"pmpro_default_level":"","inline_featured_image":false},"product_brand":[],"product_cat":[81,83],"product_tag":[256],"class_list":{"0":"post-22027","1":"product","2":"type-product","3":"status-publish","4":"has-post-thumbnail","6":"product_cat-trainings","7":"product_cat-workshops","8":"product_tag-gbtq-men","9":"pmpro-has-access","11":"first","12":"instock","13":"sale","14":"product-type-variable"},"wpml_current_locale":"de_DE","wpml_translations":{"en_US":{"locale":"en_US","id":22033,"slug":"soul-of-skin-training-lomi-lomi-massage-2","post_title":"Soul of Skin Training \u2013 Lomi Lomi Massage","href":"https:\/\/wearevillage.org\/en\/shop\/soul-of-skin-training\/w12-2026"}},"language":{"code":"de","locale":"","name":"","is_rtl":false},"_links":{"self":[{"href":"https:\/\/wearevillage.org\/wp-json\/wp\/v2\/product\/22027","targetHints":{"allow":["GET"]}}],"collection":[{"href":"https:\/\/wearevillage.org\/wp-json\/wp\/v2\/product"}],"about":[{"href":"https:\/\/wearevillage.org\/wp-json\/wp\/v2\/types\/product"}],"author":[{"embeddable":true,"href":"https:\/\/wearevillage.org\/wp-json\/wp\/v2\/users\/14"}],"wp:featuredmedia":[{"embeddable":true,"href":"https:\/\/wearevillage.org\/wp-json\/wp\/v2\/media\/5655"}],"wp:attachment":[{"href":"https:\/\/wearevillage.org\/wp-json\/wp\/v2\/media?parent=22027"}],"wp:term":[{"taxonomy":"product_brand","embeddable":true,"href":"https:\/\/wearevillage.org\/wp-json\/wp\/v2\/product_brand?post=22027"},{"taxonomy":"product_cat","embeddable":true,"href":"https:\/\/wearevillage.org\/wp-json\/wp\/v2\/product_cat?post=22027"},{"taxonomy":"product_tag","embeddable":true,"href":"https:\/\/wearevillage.org\/wp-json\/wp\/v2\/product_tag?post=22027"}],"curies":[{"name":"wp","href":"https:\/\/api.w.org\/{rel}","templated":true}]}}