{"id":22046,"date":"2025-02-06T18:00:11","date_gmt":"2025-02-06T17:00:11","guid":{"rendered":"https:\/\/wearevillage.org\/?post_type=product&#038;p=22046"},"modified":"2026-03-02T11:26:46","modified_gmt":"2026-03-02T10:26:46","slug":"soul-of-skin-training-sensual-thai-yoga-massage-2","status":"publish","type":"product","link":"https:\/\/wearevillage.org\/shop\/soul-of-skin-training\/w24-2026\/","title":{"rendered":"Soul of Skin Training \u2013 Sensual Thai Yoga Massage"},"content":{"rendered":"<div class=\"wpb-content-wrapper\"><div class=\"vc_row wpb_row vc_row-fluid\"><div class=\"wpb_column vc_column_container vc_col-sm-12\"><div class=\"vc_column-inner\"><div class=\"wpb_wrapper\"><h4 style=\"text-align: left\" class=\"vc_custom_heading vc_do_custom_heading\" >Soul of Skin - Touch & Massage Training<\/h4><h4 style=\"text-align: left\" class=\"vc_custom_heading vc_do_custom_heading\" >Sensual Thai Yoga Massage mit Zahiro Ji<\/h4>\n\t<div class=\"wpb_text_column wpb_content_element\" >\n\t\t<div class=\"wpb_wrapper\">\n\t\t\t<p>Thai Yoga Massage ist eine traditionelle Massageform aus Thailand, die dort \u201eNuad Phaen Boran\u201c (uralte heilsame Ber\u00fchrung ) genannt wird. Sie hat ihren Ursprung in Indien und enth\u00e4lt Elemente aus dem Ayurveda und dem Yoga und hat ihr eigenes Meridian System (\u201eSip Sen\u201c). In den letzen Jahren hat sich hier\u00fcber hinaus ein besonders im Westen genutzter neuer dynamischer Stil entwickelt.<\/p>\n<p>An diesem Wochenende verbinden wir das Erlernen der Grundformen dieser Massage\u00a0mit traditionellen und dynamischen Elementen\u00a0\u00a0mit dem spielerischen Erforschen und Erleben sinnlicher Momente der Ber\u00fchrung, die sich innerhalb dieser Form ergeben.\u00a0Hierbei werden wir im\u00a0\u00a0Dialog mit unseren Partnern sein und die Ber\u00fchrung so zu gestalten, das diese in einem sicheren Rahmen eine angenehme und stimmige Erfahrung werden kann.<\/p>\n<p>In der Massage, die an den F\u00fcssen\u00a0\u00a0beginnt und im Schulter Kopf Bereich endet, nutzen wir unterschiedliche K\u00f6rperteile\/ Extremit\u00e4ten ( H\u00e4nde, Arme, F\u00fcsse u.a.) in einem fortlaufenden Kontakt, der einem verbindenen Tanzduett gleicht.<\/p>\n<p>Die Massage findet ohne \u00d6l\u00a0\u00a0leicht bekleidet mit einer Baumwollhose und Shirt auf einer Bodenmatte statt. Am Ende des Workshops wird die ganze Sequenz zusammenfassend und verbindend wiederholt.<\/p>\n\n\t\t<\/div>\n\t<\/div>\n<div class=\"vc_separator wpb_content_element vc_separator_align_center vc_sep_width_100 vc_sep_pos_align_center vc_separator_no_text vc_sep_color_grey wpb_content_element  wpb_content_element\" ><span class=\"vc_sep_holder vc_sep_holder_l\"><span class=\"vc_sep_line\"><\/span><\/span><span class=\"vc_sep_holder vc_sep_holder_r\"><span class=\"vc_sep_line\"><\/span><\/span>\n<\/div>\n\t<div class=\"wpb_text_column wpb_content_element\" >\n\t\t<div class=\"wpb_wrapper\">\n\t\t\t<p><img loading=\"lazy\" decoding=\"async\" class=\"wp-image-28 alignleft\" src=\"https:\/\/wearevillage.org\/wp-content\/uploads\/2024\/11\/Zahiro-Ji.jpeg\" alt=\"\" width=\"160\" height=\"177\" \/> <strong>Zahiro Ji<\/strong> kommt urspr\u00fcnglich vom zeitgen\u00f6ssischen Tanz und arbeitete dann als Heilpraktiker und Dozent f\u00fcr Bewegung und Thai-Meridian-Massage. Als ein Certified Somatic Experiencing \u00ae Practitioner ist er nun im Bereich der Trauma- und Stressbew\u00e4ltigung spezialisiert und integriert hier seine F\u00e4higkeiten der K\u00f6rperarbeit und Bewegung. Er ist einer der Mitbegr\u00fcnder der Contact Improvisation Class im Village und leitete zahlreiche Massage\/ K\u00f6rperarbeit Workshops innerhalb der Village\/Stretch Community. <\/p>\n\n\t\t<\/div>\n\t<\/div>\n<div class=\"vc_separator wpb_content_element vc_separator_align_center vc_sep_width_100 vc_sep_pos_align_center vc_separator_no_text vc_sep_color_grey wpb_content_element  wpb_content_element\" ><span class=\"vc_sep_holder vc_sep_holder_l\"><span class=\"vc_sep_line\"><\/span><\/span><span class=\"vc_sep_holder vc_sep_holder_r\"><span class=\"vc_sep_line\"><\/span><\/span>\n<\/div>\n\t<div class=\"wpb_text_column wpb_content_element\" >\n\t\t<div class=\"wpb_wrapper\">\n\t\t\t<p><strong>Was ist SOUL OF SKIN?<\/strong><br \/>\nSOUL OF SKIN ist ein ganzheitliches Massagetraining im Zweijahreszyklus und besteht aus acht Wochenend-Workshops. Die acht Wochenenden\/Methoden sind auch einzeln buchbar.<\/p>\n<p>Professionelle und erfahrende Praktizierende vermitteln in jedem Modul eine Methode. Entdecke die Massage als Form der intimen Begegnung! Erweitere Deine M\u00f6glichkeiten als Profi, Liebhaber und Partner!<\/p>\n<p><strong>An wen richtet sich SOUL OF SKIN<\/strong>?<br \/>\nDer Workshop Zyklus richtet sich GBTQ+ M\u00e4nner*, Anf\u00e4nger, Massageerfahrene oder die, die sich beruflich mit K\u00f6rperarbeit besch\u00e4ftigen.<\/p>\n<p><strong>Wie kann ich an SOUL OF SKIN teilnehmen?<\/strong><br \/>\nDie Module sind einzeln buchbar. Sie bauen nicht aufeinander auf. Jede Methode steht f\u00fcr sich und kann eine Bereicherung f\u00fcr Dich sein. Du kannst jederzeit einsteigen und die Module nach Belieben kombinieren oder nachholen.<\/p>\n<p><strong>Warum SOUL OF SKIN?<\/strong><br \/>\nDu lernst und erlebst wirkungsvolle Methoden f\u00fcr Heilung, Entspannung und Genuss. Du entdeckst die Massage als Form der intimen Begegnung. Du erweiterst Deine M\u00f6glichkeiten als Profi, Liebhaber und Partner! Du lernst konkrete Griffe und Techniken, aber auch, wie Du einen K\u00f6rper \u201eliest\u201c und Dich von Intuition und Empfindsamkeit leiten l\u00e4sst.<\/p>\n<p>\u2022 Ber\u00fchrung n\u00e4hrt.<br \/>\n\u2022 Ber\u00fchrung beruhigt, heilt, stimuliert.<br \/>\n\u2022 Ber\u00fchrung kommuniziert.<br \/>\n\u2022 Ber\u00fchrung ist unmittelbar.<br \/>\n\u2022 Ber\u00fchrung \u00fcbertr\u00e4gt sich auf K\u00f6rper, Geist und Seele.<br \/>\n\u2022 Ber\u00fchrung balanciert und schafft Verbindung.<br \/>\n\u2022 Ber\u00fchrung mit Anwesenheit und Herz ist ein starkes Mittel f\u00fcr Wandlung.<\/p>\n<p><strong>Was macht SOUL OF SKIN einzigartig?<\/strong><\/p>\n<p>1. UNSERE LEHRENDEN: Du profitierst von internationalen Experten mit einer umfassenden Ausbildung, die \u00fcber jahrelange Erfahrung mit K\u00f6rperarbeit verf\u00fcgen.<\/p>\n<p>2. VIELFALT: Du lernst ein breites Spektrum von Methoden mit unterschiedlichen Schwerpunkten kennen. Nimmst Du alle Module wahr, erh\u00e4ltst Du auf diese Weise eine umfassende Massageausbildung.<\/p>\n<p>3. GANZK\u00d6RPERLICH: F\u00fcr uns gibt es keine \u201eunber\u00fchrbaren\u201c K\u00f6rperteile. Wir bringen dem ganzen K\u00f6rper Aufmerksamkeit und Respekt entgegen, einschlie\u00dflich des Anus und der Genitalien \u2013 Bereiche, die normalerweise von traditionellen oder konventionellen Massageschulen gemieden werden.<\/p>\n<p>4. SICHERHEIT: Wir m\u00f6chten einen Rahmen bieten, in dem Du Dich sicher und geborgen f\u00fchlen kannst. Wir laden Dich zu neuen Erfahrungen ein. Aber es gibt keinen Gruppenzwang. Deine Grenzen werden respektiert. Es geht um Dich.<\/p>\n<p>5. IN EINER GRUPPE SEIN: Die Sch\u00f6nheit und Kraft respektvoller Ber\u00fchrung in einem Gruppen-Setting\u00a0 kann eine einzigartige Erfahrung sein. Teilnehmende, die an mehreren Modulen oder dem ganzen Programm teilnehmen, dringen zu einem tieferem Vertrauen und gr\u00f6\u00dferer Offenheit mit einander vor. Sie machen eine Erfahrung, nach der sich viele sehnen: Sie erleben N\u00e4he und Geborgenheit in einer Gemeinschaft.<\/p>\n\n\t\t<\/div>\n\t<\/div>\n<h4 style=\"text-align: left\" class=\"vc_custom_heading vc_do_custom_heading\" >\u00dcbersicht aller kommenden Daten<br \/>\nModule auch einzeln buchbar<\/h4>\n\t<div class=\"wpb_text_column wpb_content_element\" >\n\t\t<div class=\"wpb_wrapper\">\n\t\t\t<table class=\"auto-table responsive-table\" style=\"height: 406px;\" width=\"824\">\n<tbody>\n<tr>\n<td data-th=\"Date\"><strong>M\u00e4rz 2025 \u2013 Juni 2026<\/strong><\/td>\n<td data-th=\"Workshops\"><strong>Gesamtes Training<\/strong><\/td>\n<td data-th=\"Facilitator\"><strong>Soul of Skin Massage & Touch Training Team<\/strong><\/td>\n<\/tr>\n<tr>\n<td data-th=\"Date\"><span style=\"font-weight: 400;\">1.\/2. M\u00e4rz 2025<\/span><\/td>\n<td data-th=\"Workshops\"><strong><a href=\"https:\/\/wearevillage.org\/shop\/soul-of-skin-training\/2025-w09\">Esalen-inspirierte Massage<\/a><\/strong><\/td>\n<td data-th=\"Facilitator\"><span style=\"font-weight: 400;\">Roman S\u00f6llner<\/span><\/td>\n<\/tr>\n<tr>\n<td data-th=\"Date\"><span style=\"font-weight: 400;\">7.\/8. Juni 2025 <\/span><\/td>\n<td data-th=\"Workshops\"><strong><a href=\"https:\/\/wearevillage.org\/shop\/soul-of-skin-training\/w23-2025\">Tiefengewebsmassage<\/a><\/strong><\/td>\n<td data-th=\"Facilitator\">Marc Buscha<\/td>\n<\/tr>\n<tr>\n<td data-th=\"Date\"><span style=\"font-weight: 400;\">30.\/31. August 2025<\/span><\/td>\n<td data-th=\"Workshops\"><strong><a href=\"https:\/\/wearevillage.org\/shop\/soul-of-skin-training\/w35-2025\">Bodyflow<\/a><\/strong><\/td>\n<td data-th=\"Facilitator\">Maevon Canter<\/td>\n<\/tr>\n<tr>\n<td data-th=\"Date\"><span style=\"font-weight: 400;\">22.\/23. November 2025 <\/span><\/td>\n<td data-th=\"Workshops\"><strong><a href=\"https:\/\/wearevillage.org\/shop\/soul-of-skin-training\/w47-2025\">Intuitive Erotic Massage<\/a><\/strong><\/td>\n<td data-th=\"Facilitator\">Damien J\u00e9go<\/td>\n<\/tr>\n<tr>\n<td data-th=\"Date\"><span style=\"font-weight: 400;\">24.\/25. Januar 2026 <\/span><\/td>\n<td data-th=\"Workshops\"><strong><a href=\"https:\/\/wearevillage.org\/shop\/soul-of-skin-training\/w04-2026\">Kunst der analen Ber\u00fchrung<\/a><\/strong><\/td>\n<td data-th=\"Facilitator\">Maevon Canter<\/td>\n<\/tr>\n<tr>\n<td data-th=\"Date\"><span style=\"font-weight: 400;\">21.\/22. M\u00e4rz 2026 <\/span><\/td>\n<td data-th=\"Workshops\"><strong><a href=\"https:\/\/wearevillage.org\/shop\/soul-of-skin-training\/w12-2026\">Lomi Lomi<\/a><\/strong><\/td>\n<td data-th=\"Facilitator\"><span style=\"font-weight: 400;\">Roman S\u00f6llner<\/span><\/td>\n<\/tr>\n<tr>\n<td data-th=\"Date\"><span style=\"font-weight: 400;\">20.\/21. Juni 2026<\/span><\/td>\n<td data-th=\"Workshops\"><strong><a href=\"https:\/\/wearevillage.org\/shop\/soul-of-skin-training\/w24-2026\">Sensual Thai Massage<\/a><\/strong><\/td>\n<td data-th=\"Facilitator\">Zahiro Ji (Be)<\/td>\n<\/tr>\n<\/tbody>\n<\/table>\n\n\t\t<\/div>\n\t<\/div>\n<\/div><\/div><\/div><\/div>\n<\/div>","protected":false},"excerpt":{"rendered":"<h5>Soul of Skin Massage Training<br \/>\n2 Tage Workshop<br \/>\n10:00 \u2013 17:30<\/h5>\n<p class=\"p1\"><strong>| <span style=\"color: #ec6c23;\">GBTQ men*<\/span>\u00a0|<\/strong><\/p>\n<p>Thai Yoga Massage ist eine traditionelle Massageform aus Thailand, die dort \u201eNuad Phaen Boran\u201c (uralte heilsame Ber\u00fchrung ) genannt wird. An diesem Wochenende verbinden wir das Erlernen der Grundformen dieser Massage in einem Ablauf von Fuss bis Kopf mit dem spielerischen Erforschen und Erleben sinnlicher Momente der Ber\u00fchrung, die sich innerhalb dieser Form ergeben.<\/p>\n","protected":false},"author":14,"featured_media":8909,"template":"","meta":{"pmpro_default_level":"","inline_featured_image":false},"product_brand":[],"product_cat":[787,81,83],"product_tag":[256],"class_list":{"0":"post-22046","1":"product","2":"type-product","3":"status-publish","4":"has-post-thumbnail","6":"product_cat-soul-of-skin-massage-touch-training","7":"product_cat-trainings","8":"product_cat-workshops","9":"product_tag-gbtq-men","10":"pmpro-has-access","12":"first","13":"instock","14":"sale","15":"purchasable","16":"product-type-variable"},"wpml_current_locale":"de_DE","wpml_translations":{"en_US":{"locale":"en_US","id":22052,"slug":"soul-of-skin-training-sensual-thai-yoga-massage-2","post_title":"Soul of Skin Training - Sensual Thai Yoga Massage","href":"https:\/\/wearevillage.org\/en\/shop\/soul-of-skin-training\/w24-2026"}},"language":{"code":"de","locale":"","name":"","is_rtl":false},"_links":{"self":[{"href":"https:\/\/wearevillage.org\/wp-json\/wp\/v2\/product\/22046","targetHints":{"allow":["GET"]}}],"collection":[{"href":"https:\/\/wearevillage.org\/wp-json\/wp\/v2\/product"}],"about":[{"href":"https:\/\/wearevillage.org\/wp-json\/wp\/v2\/types\/product"}],"author":[{"embeddable":true,"href":"https:\/\/wearevillage.org\/wp-json\/wp\/v2\/users\/14"}],"wp:featuredmedia":[{"embeddable":true,"href":"https:\/\/wearevillage.org\/wp-json\/wp\/v2\/media\/8909"}],"wp:attachment":[{"href":"https:\/\/wearevillage.org\/wp-json\/wp\/v2\/media?parent=22046"}],"wp:term":[{"taxonomy":"product_brand","embeddable":true,"href":"https:\/\/wearevillage.org\/wp-json\/wp\/v2\/product_brand?post=22046"},{"taxonomy":"product_cat","embeddable":true,"href":"https:\/\/wearevillage.org\/wp-json\/wp\/v2\/product_cat?post=22046"},{"taxonomy":"product_tag","embeddable":true,"href":"https:\/\/wearevillage.org\/wp-json\/wp\/v2\/product_tag?post=22046"}],"curies":[{"name":"wp","href":"https:\/\/api.w.org\/{rel}","templated":true}]}}