{"id":22134,"date":"2025-02-11T13:09:21","date_gmt":"2025-02-11T12:09:21","guid":{"rendered":"https:\/\/wearevillage.org\/?post_type=product&#038;p=22134"},"modified":"2025-03-31T17:01:46","modified_gmt":"2025-03-31T15:01:46","slug":"inneres-heiligtum-werkzeuge-fuer-ruhe-resilienz-und-heilung-queer-bridges-2","status":"publish","type":"product","link":"https:\/\/wearevillage.org\/shop\/queer-bridges-inneres-heiligtum\/w14-2025\/","title":{"rendered":"Innere Balance: Werkzeuge f\u00fcr Ruhe, Resilienz und innere St\u00e4rke \u2013\u00a0Queer Bridges"},"content":{"rendered":"<div class=\"wpb-content-wrapper\"><div class=\"vc_row wpb_row vc_row-fluid\"><div class=\"wpb_column vc_column_container vc_col-sm-12\"><div class=\"vc_column-inner\"><div class=\"wpb_wrapper\"><h4 style=\"text-align: left\" class=\"vc_custom_heading vc_do_custom_heading\" >Innere Balance: Werkzeuge f\u00fcr Ruhe, Resilienz und innere St\u00e4rke \u2013 Queer Bridges<\/h4><h5 style=\"text-align: left\" class=\"vc_custom_heading vc_do_custom_heading\" >mit Isabelle Dikumbi Rivera<\/h5>\n\t<div class=\"wpb_text_column wpb_content_element\" >\n\t\t<div class=\"wpb_wrapper\">\n\t\t\t<p>In diesem Workshop entsteht f\u00fcr dich eine friedliche Oase \u2013 ein \u201eDream-Lab\u201c, in dem du in einer schnelllebigen Welt zur Ruhe kommen kannst. Wir beginnen mit einer sanften, anf\u00e4ngerfreundlichen Yoga-Praxis, um Spannungen im K\u00f6rper zu l\u00f6sen. Danach erkunden wir \u00dcbungen wie Tagtr\u00e4umen, gef\u00fchrte Visualisierungen, Journaling und Atemtechniken, die emotionale Entlastung und innere Ruhe f\u00f6rdern. Klangb\u00e4der und einfache Stimm\u00fcbungen begleiten dich in einen wohltuenden inneren Raum.<\/p>\n<p>Gemeinsam erschaffen wir innere Alt\u00e4re \u2013 heilige Orte, die uns erden und unsere Seele st\u00e4rken. Der Austausch \u00fcber unsere Erfahrungen und Tr\u00e4ume in der Gemeinschaft wird zu einem kraftvollen Werkzeug f\u00fcr Heilung und Empowerment. Jede Sitzung ist darauf ausgerichtet, Ruhe, Resilienz und eine tiefe Verbundenheit mit dem eigenen Weg zu inspirieren. Egal, ob du neu in diesen Praktiken bist oder bereits Erfahrung hast \u2013 diese Reihe l\u00e4dt dich ein, deine Reise zu ehren und ein tieferes Gef\u00fchl von Frieden und Zugeh\u00f6rigkeit zu kultivieren.<\/p>\n<p>Du bist eingeladen, zu erkunden \u2013 oder einfach in Gemeinschaft zur Ruhe zu kommen. Du selbst bist dein inneres Heiligtum.<\/p>\n\n\t\t<\/div>\n\t<\/div>\n<div class=\"vc_separator wpb_content_element vc_separator_align_center vc_sep_width_100 vc_sep_pos_align_center vc_separator_no_text vc_sep_color_grey wpb_content_element  wpb_content_element\" ><span class=\"vc_sep_holder vc_sep_holder_l\"><span class=\"vc_sep_line\"><\/span><\/span><span class=\"vc_sep_holder vc_sep_holder_r\"><span class=\"vc_sep_line\"><\/span><\/span>\n<\/div>\n\t<div class=\"wpb_text_column wpb_content_element\" >\n\t\t<div class=\"wpb_wrapper\">\n\t\t\t<p><img loading=\"lazy\" decoding=\"async\" class=\"wp-image-22128 alignleft\" src=\"https:\/\/wearevillage.org\/wp-content\/uploads\/2025\/02\/Isabelle-Dikumbi-Rivera-scaled-e1739275278809.jpg\" alt=\"\" width=\"160\" height=\"178\" srcset=\"https:\/\/wearevillage.org\/wp-content\/uploads\/2025\/02\/Isabelle-Dikumbi-Rivera-scaled-e1739275278809.jpg 1216w, https:\/\/wearevillage.org\/wp-content\/uploads\/2025\/02\/Isabelle-Dikumbi-Rivera-scaled-e1739275278809-270x300.jpg 270w, https:\/\/wearevillage.org\/wp-content\/uploads\/2025\/02\/Isabelle-Dikumbi-Rivera-scaled-e1739275278809-920x1024.jpg 920w, https:\/\/wearevillage.org\/wp-content\/uploads\/2025\/02\/Isabelle-Dikumbi-Rivera-scaled-e1739275278809-135x150.jpg 135w, https:\/\/wearevillage.org\/wp-content\/uploads\/2025\/02\/Isabelle-Dikumbi-Rivera-scaled-e1739275278809-768x855.jpg 768w, https:\/\/wearevillage.org\/wp-content\/uploads\/2025\/02\/Isabelle-Dikumbi-Rivera-scaled-e1739275278809-624x694.jpg 624w, https:\/\/wearevillage.org\/wp-content\/uploads\/2025\/02\/Isabelle-Dikumbi-Rivera-scaled-e1739275278809-390x434.jpg 390w, https:\/\/wearevillage.org\/wp-content\/uploads\/2025\/02\/Isabelle-Dikumbi-Rivera-scaled-e1739275278809-600x668.jpg 600w\" sizes=\"auto, (max-width: 160px) 100vw, 160px\" \/> <strong>Isabelle Dikumbi<\/strong> ist eine schwarze Yogalehrerin und Heilpraktikerin, die in Berlin lebt. Ihre Expertise umfasst traditionelle chinesische Medizin, Pflanzenheilkunde, Massage sowie die heilende Kraft von Klang und Musik. Isabelle unterrichtet Vinyasa Yoga, Workshops rund um die Kraft der Stimme, Restorative Yoga und Praktiken der Entspannung. Sie hat Deutschlands erstes BIPoC Yoga Retreat \u201eNourish your Soul\u201c mitbegr\u00fcndet und im Jahr 2024 das erste \u201eYoga and Rest Retreat\u201c f\u00fcr BIPoC veranstaltet. Mit ihren vielf\u00e4ltigen Praktiken begleitet sie Menschen dabei, die Kraft ihres eigenen K\u00f6rpers und ihr Wohlbefinden zur\u00fcckzugewinnen.<\/p>\n\n\t\t<\/div>\n\t<\/div>\n<div class=\"vc_separator wpb_content_element vc_separator_align_center vc_sep_width_100 vc_sep_pos_align_center vc_separator_no_text vc_sep_color_grey wpb_content_element  wpb_content_element\" ><span class=\"vc_sep_holder vc_sep_holder_l\"><span class=\"vc_sep_line\"><\/span><\/span><span class=\"vc_sep_holder vc_sep_holder_r\"><span class=\"vc_sep_line\"><\/span><\/span>\n<\/div>\n\t<div class=\"wpb_text_column wpb_content_element\" >\n\t\t<div class=\"wpb_wrapper\">\n\t\t\t<p><strong>Queer Bridges: Verbindungen schaffen und Ressourcen f\u00fcr LGBTQIA+ Menschen mit Migrationserfahrung bereitstellen.<\/strong><\/p>\n<p>Queere Menschen mit Migrationserfahrung in Berlin sehen sich in ihrem t\u00e4glichen Leben oft mit besonderen Herausforderungen konfrontiert, die ihren Zugang zu unterst\u00fctzenden Gemeinschaften und integrativen Umgebungen einschr\u00e4nken k\u00f6nnen.<\/p>\n<p><img loading=\"lazy\" decoding=\"async\" class=\"wp-image-15170 alignleft\" src=\"https:\/\/wearevillage.org\/wp-content\/uploads\/2024\/06\/stiftung-300x121.png\" alt=\"\" width=\"216\" height=\"87\" srcset=\"https:\/\/wearevillage.org\/wp-content\/uploads\/2024\/06\/stiftung-300x121.png 300w, https:\/\/wearevillage.org\/wp-content\/uploads\/2024\/06\/stiftung-1024x414.png 1024w, https:\/\/wearevillage.org\/wp-content\/uploads\/2024\/06\/stiftung-150x61.png 150w, https:\/\/wearevillage.org\/wp-content\/uploads\/2024\/06\/stiftung-768x310.png 768w, https:\/\/wearevillage.org\/wp-content\/uploads\/2024\/06\/stiftung-1536x620.png 1536w, https:\/\/wearevillage.org\/wp-content\/uploads\/2024\/06\/stiftung-2048x827.png 2048w, https:\/\/wearevillage.org\/wp-content\/uploads\/2024\/06\/stiftung-624x252.png 624w, https:\/\/wearevillage.org\/wp-content\/uploads\/2024\/06\/stiftung-390x158.png 390w, https:\/\/wearevillage.org\/wp-content\/uploads\/2024\/06\/stiftung-600x242.png 600w\" sizes=\"auto, (max-width: 216px) 100vw, 216px\" \/>Mit Unterst\u00fctzung der<strong> Deutschen Fernsehlotterie Stiftung<\/strong>, haben wir das Programm Queer Bridges entwickelt, um diese H\u00fcrden zu \u00fcberwinden. Wir bieten Ressourcen, Vernetzung und Unterst\u00fctzung in einem einladenden Umfeld f\u00fcr queere Migrant*innen und Gefl\u00fcchtete durch unser spezielles Programm. Unser Ziel ist es, ein Gef\u00fchl der Zugeh\u00f6rigkeit zur lokalen LGBTQIA+ Community zu f\u00f6rdern und damit eine reibungslose Integration sowie eine verbesserte Lebensqualit\u00e4t f\u00fcr queere Menschen mit Migrations- und\/oder Fluchterfahrung zu erm\u00f6glichen.<\/p>\n<p><span style=\"vertical-align: inherit;\"><span style=\"vertical-align: inherit;\">\u2705 Unser <strong>Queer Bridges<\/strong> Programm wird sich stetig weiter entwickeln und wir freuen uns auch jederzeit von Euren Bedarfen zu h\u00f6ren. Bei Interesse k\u00f6nnt ihr uns eine E-Mail schicken, um \u00fcber weitere Aktualisierungen informiert zu bleiben.<\/span><\/span><\/p>\n\n\t\t<\/div>\n\t<\/div>\n<div class=\"vc_separator wpb_content_element vc_separator_align_center vc_sep_width_100 vc_sep_pos_align_center vc_separator_no_text vc_sep_color_grey wpb_content_element  wpb_content_element\" ><span class=\"vc_sep_holder vc_sep_holder_l\"><span class=\"vc_sep_line\"><\/span><\/span><span class=\"vc_sep_holder vc_sep_holder_r\"><span class=\"vc_sep_line\"><\/span><\/span>\n<\/div>\n\t<div class=\"wpb_text_column wpb_content_element\" >\n\t\t<div class=\"wpb_wrapper\">\n\t\t\t<p><span style=\"text-decoration: underline;\"><strong>Hinweise<\/strong><\/span><br \/>\nUm sich vollst\u00e4ndig auf das Erlebnis einzulassen, werden die Teilnehmenden ermutigt, bequeme Kleidung zu tragen und ein Journal mitzubringen.<br \/>\n<strong>Teilnehmende<\/strong>: Dieser Workshop richtet sich an alle, die sich als LGBTQIA+ identifizieren und Migrations- und\/oder Fluchterfahrung erlebt haben. Wenn ihr diese Erfahrungen nicht teilt, aber dennoch an einer Teilnahme interessiert seid, meldet euch bitte zuerst bei uns, um zu kl\u00e4ren, ob ein Platz frei ist. Wir bitten alle Teilnehmenden, den Schwerpunkt des Programms zu respektieren und dazu beizutragen, einen offenen, respektvollen Raum zu schaffen.<br \/>\n<strong>Anmeldung<\/strong>: F\u00fcr dieses Event stehen begrenzte Pl\u00e4tze zur Verf\u00fcgung. Eine Registrierung \u00fcber unsere Website ist daher erforderlich.<br \/>\n<strong>Sprache<\/strong>: Dieses Event wird auf Deutsch und Englisch sein.<br \/>\n<strong>Kosten<\/strong>: Die Teilnahme ist kostenlos.<\/p>\n\n\t\t<\/div>\n\t<\/div>\n<\/div><\/div><\/div><\/div>\n<\/div>","protected":false},"excerpt":{"rendered":"<h5>Montag<br \/>\n18:00-19:30<br \/>\nKostenfrei<br \/>\nAnmeldung erforderlich<\/h5>\n<p><strong> | <span style=\"color: #ec6c23;\"> LGBTQIA+ <\/span> | <\/strong><\/p>\n<p>Nimm teil an einem ruhigen Raum zum Ausruhen, Kraft sch\u00f6pfen und Erkunden sanfter Praktiken wie Yoga, Klangb\u00e4dern und gef\u00fchrter Reflexion in Gemeinschaft.<\/p>\n","protected":false},"author":12,"featured_media":22130,"template":"","meta":{"pmpro_default_level":"","inline_featured_image":false},"product_brand":[],"product_cat":[769,797,83],"product_tag":[469],"class_list":{"0":"post-22134","1":"product","2":"type-product","3":"status-publish","4":"has-post-thumbnail","6":"product_cat-kostenloser-zugang","7":"product_cat-queer-bridges-events-2","8":"product_cat-workshops","9":"product_tag-lgbtqiaplus","10":"pmpro-has-access","12":"first","13":"outofstock","14":"product-type-simple"},"wpml_current_locale":"de_DE","wpml_translations":{"en_US":{"locale":"en_US","id":22135,"slug":"inneres-heiligtum-werkzeuge-fuer-ruhe-resilienz-und-heilung-queer-bridges-2","post_title":"Inner Sanctuary: Tools for Rest, Resilience, and Healing \u2013 Queer Bridges","href":"https:\/\/wearevillage.org\/en\/shop\/queer-bridges-inneres-heiligtum\/w14-2025"}},"language":{"code":"de","locale":"","name":"","is_rtl":false},"_links":{"self":[{"href":"https:\/\/wearevillage.org\/wp-json\/wp\/v2\/product\/22134","targetHints":{"allow":["GET"]}}],"collection":[{"href":"https:\/\/wearevillage.org\/wp-json\/wp\/v2\/product"}],"about":[{"href":"https:\/\/wearevillage.org\/wp-json\/wp\/v2\/types\/product"}],"author":[{"embeddable":true,"href":"https:\/\/wearevillage.org\/wp-json\/wp\/v2\/users\/12"}],"wp:featuredmedia":[{"embeddable":true,"href":"https:\/\/wearevillage.org\/wp-json\/wp\/v2\/media\/22130"}],"wp:attachment":[{"href":"https:\/\/wearevillage.org\/wp-json\/wp\/v2\/media?parent=22134"}],"wp:term":[{"taxonomy":"product_brand","embeddable":true,"href":"https:\/\/wearevillage.org\/wp-json\/wp\/v2\/product_brand?post=22134"},{"taxonomy":"product_cat","embeddable":true,"href":"https:\/\/wearevillage.org\/wp-json\/wp\/v2\/product_cat?post=22134"},{"taxonomy":"product_tag","embeddable":true,"href":"https:\/\/wearevillage.org\/wp-json\/wp\/v2\/product_tag?post=22134"}],"curies":[{"name":"wp","href":"https:\/\/api.w.org\/{rel}","templated":true}]}}