{"id":22749,"date":"2025-02-25T14:29:41","date_gmt":"2025-02-25T13:29:41","guid":{"rendered":"https:\/\/wearevillage.org\/?post_type=product&#038;p=22749"},"modified":"2025-04-05T13:35:31","modified_gmt":"2025-04-05T11:35:31","slug":"was-wir-halten-erforschung-der-erinnerung-durch-textilien-queer-bridges-2","status":"publish","type":"product","link":"https:\/\/wearevillage.org\/shop\/queer-bridges-sewing-workshop\/w15-2025\/","title":{"rendered":"Was wir halten: Erforschung der Erinnerung durch Textilien \u2013\u00a0Queer Bridges"},"content":{"rendered":"<div class=\"wpb-content-wrapper\"><div class=\"vc_row wpb_row vc_row-fluid\"><div class=\"wpb_column vc_column_container vc_col-sm-12\"><div class=\"vc_column-inner\"><div class=\"wpb_wrapper\"><h4 style=\"text-align: left\" class=\"vc_custom_heading vc_do_custom_heading\" >Was wir halten: Erforschung der Erinnerung durch Textilien \u2013 Queer Bridges<\/h4><h5 style=\"text-align: left\" class=\"vc_custom_heading vc_do_custom_heading\" >mit Joachim Perez<\/h5>\n\t<div class=\"wpb_text_column wpb_content_element\" >\n\t\t<div class=\"wpb_wrapper\">\n\t\t\t<p>In diesem N\u00e4hworkshop widmen sich die Teilnehmenden der Kunst der textilen Rekonstruktion, indem sie Fragmente ausgedienter Stoffe und getragener Kleidungsst\u00fccke in neue, eindrucksvolle Formen verwandeln. Mit grundlegenden N\u00e4htechniken n\u00e4hern wir uns dem N\u00e4hen nicht nur als Handwerk, sondern als disziplinierte, kontemplative Praxis \u2013 ein Medium zur Erkundung von Erinnerung, Identit\u00e4t und Erneuerung.<\/p>\n<p>Die Teilnehmenden werden angeleitet, Texturen und Farben \u00fcbereinanderzulegen und die Kunstfertigkeit in jeder Naht und Falte zu entdecken, w\u00e4hrend sie Stoffe neu interpretieren, die ihre eigene Geschichte tragen. Diese Einladung, N\u00e4hen als eine Form des taktilen Erz\u00e4hlens zu betrachten, verwandelt \u00fcbersehene Materialien in bedeutungsvolle Kompositionen.<\/p>\n<p>Dieser Workshop ist mehr als ein Handwerk; er ist eine meditative Praxis. Gemeinsam entwickeln wir einen achtsamen Rhythmus und schaffen einzigartige Werke, die pers\u00f6nliche Erfahrungen mit kollektiven Themen verbinden. Jede Naht wird zum Ausdruck, jeder Faden zur Verbindung \u2013 und offenbart die stille Sch\u00f6nheit von Wiederentdeckung und Selbsterkenntnis.<\/p>\n<p>Stoff wird gestellt, aber Teilnehmende k\u00f6nnen gerne eigenen Stoff mitbringen<\/p>\n\n\t\t<\/div>\n\t<\/div>\n<div class=\"vc_separator wpb_content_element vc_separator_align_center vc_sep_width_100 vc_sep_pos_align_center vc_separator_no_text vc_sep_color_grey wpb_content_element  wpb_content_element\" ><span class=\"vc_sep_holder vc_sep_holder_l\"><span class=\"vc_sep_line\"><\/span><\/span><span class=\"vc_sep_holder vc_sep_holder_r\"><span class=\"vc_sep_line\"><\/span><\/span>\n<\/div>\n\t<div class=\"wpb_text_column wpb_content_element\" >\n\t\t<div class=\"wpb_wrapper\">\n\t\t\t<p><img loading=\"lazy\" decoding=\"async\" class=\"wp-image-19897 alignleft\" src=\"https:\/\/wearevillage.org\/wp-content\/uploads\/2024\/12\/DSCF0567-scaled-e1733927963600.jpg\" alt=\"\" width=\"160\" height=\"177\" srcset=\"https:\/\/wearevillage.org\/wp-content\/uploads\/2024\/12\/DSCF0567-scaled-e1733927963600.jpg 593w, https:\/\/wearevillage.org\/wp-content\/uploads\/2024\/12\/DSCF0567-scaled-e1733927963600-271x300.jpg 271w, https:\/\/wearevillage.org\/wp-content\/uploads\/2024\/12\/DSCF0567-scaled-e1733927963600-135x150.jpg 135w, https:\/\/wearevillage.org\/wp-content\/uploads\/2024\/12\/DSCF0567-scaled-e1733927963600-390x432.jpg 390w\" sizes=\"auto, (max-width: 160px) 100vw, 160px\" \/> <strong>Joachim Perez<\/strong> schafft gro\u00dfformatige Installationen, die Maskulinit\u00e4t und die komplexen Schichten der Sexualit\u00e4t erkunden und dabei pers\u00f6nliche sowie kollektive Erz\u00e4hlungen verweben. Seine Arbeiten verbinden Stoff, Stickerei, geschnitzte Linoleumplatten und detaillierte Zeichnungen zu immersiven Umgebungen, die Themen des sexuellen und sinnlichen Erwachens ansprechen. Als Absolvent der Parsons School of Design wurde seine Kunst international ausgestellt, unter anderem in Deutschland, Japan, der Schweiz, Frankreich, Rum\u00e4nien und den Vereinigten Staaten.<\/p>\n\n\t\t<\/div>\n\t<\/div>\n<div class=\"vc_separator wpb_content_element vc_separator_align_center vc_sep_width_100 vc_sep_pos_align_center vc_separator_no_text vc_sep_color_grey wpb_content_element  wpb_content_element\" ><span class=\"vc_sep_holder vc_sep_holder_l\"><span class=\"vc_sep_line\"><\/span><\/span><span class=\"vc_sep_holder vc_sep_holder_r\"><span class=\"vc_sep_line\"><\/span><\/span>\n<\/div>\n\t<div class=\"wpb_text_column wpb_content_element\" >\n\t\t<div class=\"wpb_wrapper\">\n\t\t\t<p><strong>Queer Bridges: Verbindungen schaffen und Ressourcen f\u00fcr LGBTQIA+ Menschen mit Migrationserfahrung bereitstellen.<\/strong><\/p>\n<p>Queere Menschen mit Migrationserfahrung in Berlin sehen sich in ihrem t\u00e4glichen Leben oft mit besonderen Herausforderungen konfrontiert, die ihren Zugang zu unterst\u00fctzenden Gemeinschaften und integrativen Umgebungen einschr\u00e4nken k\u00f6nnen.<\/p>\n<p><img loading=\"lazy\" decoding=\"async\" class=\"wp-image-15170 alignleft\" src=\"https:\/\/wearevillage.org\/wp-content\/uploads\/2024\/06\/stiftung-300x121.png\" alt=\"\" width=\"216\" height=\"87\" srcset=\"https:\/\/wearevillage.org\/wp-content\/uploads\/2024\/06\/stiftung-300x121.png 300w, https:\/\/wearevillage.org\/wp-content\/uploads\/2024\/06\/stiftung-1024x414.png 1024w, https:\/\/wearevillage.org\/wp-content\/uploads\/2024\/06\/stiftung-150x61.png 150w, https:\/\/wearevillage.org\/wp-content\/uploads\/2024\/06\/stiftung-768x310.png 768w, https:\/\/wearevillage.org\/wp-content\/uploads\/2024\/06\/stiftung-1536x620.png 1536w, https:\/\/wearevillage.org\/wp-content\/uploads\/2024\/06\/stiftung-2048x827.png 2048w, https:\/\/wearevillage.org\/wp-content\/uploads\/2024\/06\/stiftung-624x252.png 624w, https:\/\/wearevillage.org\/wp-content\/uploads\/2024\/06\/stiftung-390x158.png 390w, https:\/\/wearevillage.org\/wp-content\/uploads\/2024\/06\/stiftung-600x242.png 600w\" sizes=\"auto, (max-width: 216px) 100vw, 216px\" \/>Mit Unterst\u00fctzung der<strong> Deutschen Fernsehlotterie Stiftung<\/strong>, haben wir das Programm Queer Bridges entwickelt, um diese H\u00fcrden zu \u00fcberwinden. Wir bieten Ressourcen, Vernetzung und Unterst\u00fctzung in einem einladenden Umfeld f\u00fcr queere Migrant*innen und Gefl\u00fcchtete durch unser spezielles Programm. Unser Ziel ist es, ein Gef\u00fchl der Zugeh\u00f6rigkeit zur lokalen LGBTQIA+ Community zu f\u00f6rdern und damit eine reibungslose Integration sowie eine verbesserte Lebensqualit\u00e4t f\u00fcr queere Menschen mit Migrations- und\/oder Fluchterfahrung zu erm\u00f6glichen.<\/p>\n<p><span style=\"vertical-align: inherit;\"><span style=\"vertical-align: inherit;\">\u2705 Unser <strong>Queer Bridges<\/strong> Programm wird sich stetig weiter entwickeln und wir freuen uns auch jederzeit von Euren Bedarfen zu h\u00f6ren. Bei Interesse k\u00f6nnt ihr uns eine E-Mail schicken, um \u00fcber weitere Aktualisierungen informiert zu bleiben.<\/span><\/span><\/p>\n\n\t\t<\/div>\n\t<\/div>\n<div class=\"vc_separator wpb_content_element vc_separator_align_center vc_sep_width_100 vc_sep_pos_align_center vc_separator_no_text vc_sep_color_grey wpb_content_element  wpb_content_element\" ><span class=\"vc_sep_holder vc_sep_holder_l\"><span class=\"vc_sep_line\"><\/span><\/span><span class=\"vc_sep_holder vc_sep_holder_r\"><span class=\"vc_sep_line\"><\/span><\/span>\n<\/div>\n\t<div class=\"wpb_text_column wpb_content_element\" >\n\t\t<div class=\"wpb_wrapper\">\n\t\t\t<p><span style=\"text-decoration: underline;\"><strong>Hinweise<\/strong><\/span><br \/>\n<strong>Teilnehmende<\/strong>: Dieser Workshop richtet sich an alle, die sich als LGBTQIA+ identifizieren und Migrations- und\/oder Fluchterfahrung erlebt haben. Wenn ihr diese Erfahrungen nicht teilt, aber dennoch an einer Teilnahme interessiert seid, meldet euch bitte zuerst bei uns, um zu kl\u00e4ren, ob ein Platz frei ist. Wir bitten alle Teilnehmenden, den Schwerpunkt des Programms zu respektieren und dazu beizutragen, einen offenen, respektvollen Raum zu schaffen.<br \/>\n<strong>Anmeldung<\/strong>: Aufgrund begrenzter Pl\u00e4tze f\u00fcr die Veranstaltung ist eine Anmeldung \u00fcber unsere Webseite erforderlich.<br \/>\n<strong>Sprache<\/strong>: Dieses Event wird auf Englisch sein.<br \/>\n<strong>Kosten<\/strong>: Die Teilnahme ist kostenlos.<\/p>\n\n\t\t<\/div>\n\t<\/div>\n<\/div><\/div><\/div><\/div>\n<\/div>","protected":false},"excerpt":{"rendered":"<h5>Monday<br \/>\n18:00-19:30<\/p>\n<p>Kostenloser Workshop<br \/>\nAuf Englisch<\/h5>\n<p><strong>|<span style=\"color: #ec6c23;\"> LGBTQIA+ <\/span>|<\/strong><\/p>\n<p>Verwandle ausrangierte Stoffe und abgenutzte Kleidungsst\u00fccke durch die Kunst der Textilrekonstruktion in kreative, neue Formen.<\/p>\n","protected":false},"author":12,"featured_media":19899,"template":"","meta":{"pmpro_default_level":"","inline_featured_image":false},"product_brand":[],"product_cat":[769,797,83],"product_tag":[469],"class_list":{"0":"post-22749","1":"product","2":"type-product","3":"status-publish","4":"has-post-thumbnail","6":"product_cat-kostenloser-zugang","7":"product_cat-queer-bridges-events-2","8":"product_cat-workshops","9":"product_tag-lgbtqiaplus","10":"pmpro-has-access","12":"first","13":"instock","14":"product-type-simple"},"wpml_current_locale":"de_DE","wpml_translations":{"en_US":{"locale":"en_US","id":22750,"slug":"was-wir-halten-erforschung-der-erinnerung-durch-textilien-queer-bridges-2","post_title":"What we hold: Exploring memory through textile \u2013 Queer Bridges","href":"https:\/\/wearevillage.org\/en\/shop\/queer-bridges-sewing-workshop\/w15-2025"}},"language":{"code":"de","locale":"","name":"","is_rtl":false},"_links":{"self":[{"href":"https:\/\/wearevillage.org\/wp-json\/wp\/v2\/product\/22749","targetHints":{"allow":["GET"]}}],"collection":[{"href":"https:\/\/wearevillage.org\/wp-json\/wp\/v2\/product"}],"about":[{"href":"https:\/\/wearevillage.org\/wp-json\/wp\/v2\/types\/product"}],"author":[{"embeddable":true,"href":"https:\/\/wearevillage.org\/wp-json\/wp\/v2\/users\/12"}],"wp:featuredmedia":[{"embeddable":true,"href":"https:\/\/wearevillage.org\/wp-json\/wp\/v2\/media\/19899"}],"wp:attachment":[{"href":"https:\/\/wearevillage.org\/wp-json\/wp\/v2\/media?parent=22749"}],"wp:term":[{"taxonomy":"product_brand","embeddable":true,"href":"https:\/\/wearevillage.org\/wp-json\/wp\/v2\/product_brand?post=22749"},{"taxonomy":"product_cat","embeddable":true,"href":"https:\/\/wearevillage.org\/wp-json\/wp\/v2\/product_cat?post=22749"},{"taxonomy":"product_tag","embeddable":true,"href":"https:\/\/wearevillage.org\/wp-json\/wp\/v2\/product_tag?post=22749"}],"curies":[{"name":"wp","href":"https:\/\/api.w.org\/{rel}","templated":true}]}}