{"id":22764,"date":"2025-02-25T15:25:35","date_gmt":"2025-02-25T14:25:35","guid":{"rendered":"https:\/\/wearevillage.org\/?post_type=product&#038;p=22764"},"modified":"2025-03-02T14:23:36","modified_gmt":"2025-03-02T13:23:36","slug":"sensual-touch-lab-series-6","status":"publish","type":"product","link":"https:\/\/wearevillage.org\/shop\/sensual-touch\/w17-2025\/","title":{"rendered":"Eros Play Circle"},"content":{"rendered":"<div class=\"wpb-content-wrapper\"><div class=\"vc_row wpb_row vc_row-fluid\"><div class=\"wpb_column vc_column_container vc_col-sm-12\"><div class=\"vc_column-inner\"><div class=\"wpb_wrapper\"><h4 style=\"text-align: left\" class=\"vc_custom_heading vc_do_custom_heading\" >Eros Play Circle<\/h4><h5 style=\"text-align: left\" class=\"vc_custom_heading vc_do_custom_heading\" >Sensual Touch Lab Ber\u00fchrungsworkshop-Reihe f\u00fcr GBTQ M\u00e4nner*<\/h5>\n\t<div class=\"wpb_text_column wpb_content_element\" >\n\t\t<div class=\"wpb_wrapper\">\n\t\t\t<p><strong>April: Eros Play Circle mit Julian Martin.<\/strong> Inspiriert von Marina Kronkvists \u201eRitual Play\u201c gestalten wir ein erotisch-sinnliches Speed Dating.<br \/>\nIn mehreren Runden begegnest du verschiedenen Personen. In der Begegnung folgen beide nonverbal den eigenen Impulsen und geben sich der Dynamik hin. Das Spiel kann ohne oder mit Ber\u00fchrung stattfinden, dabei sind spielerische, sinnliche und erotische Interaktionen im vorher verhandelten Rahmen erlaubt. Erforsche die K\u00f6rpersprache deines Gegen\u00fcbers und respektiere dessen Grenzen.<\/p>\n\n\t\t<\/div>\n\t<\/div>\n<div class=\"vc_separator wpb_content_element vc_separator_align_center vc_sep_width_100 vc_sep_pos_align_center vc_separator_no_text vc_sep_color_grey wpb_content_element  wpb_content_element\" ><span class=\"vc_sep_holder vc_sep_holder_l\"><span class=\"vc_sep_line\"><\/span><\/span><span class=\"vc_sep_holder vc_sep_holder_r\"><span class=\"vc_sep_line\"><\/span><\/span>\n<\/div>\n\t<div class=\"wpb_text_column wpb_content_element\" >\n\t\t<div class=\"wpb_wrapper\">\n\t\t\t<p><img loading=\"lazy\" decoding=\"async\" class=\" wp-image-16921 alignleft\" src=\"https:\/\/wearevillage.org\/wp-content\/uploads\/2024\/07\/julian.png\" alt=\"\" width=\"160\" height=\"160\" srcset=\"https:\/\/wearevillage.org\/wp-content\/uploads\/2024\/07\/julian.png 200w, https:\/\/wearevillage.org\/wp-content\/uploads\/2024\/07\/julian-150x150.png 150w, https:\/\/wearevillage.org\/wp-content\/uploads\/2024\/07\/julian-100x100.png 100w\" sizes=\"auto, (max-width: 160px) 100vw, 160px\" \/><strong>Julian Martin<\/strong> begann seine Reise zur K\u00f6rperarbeit w\u00e4hrend der Schauspielausbildung. Nach Jahren auf der B\u00fchne etablierte er eine zweite Karriere als Masseur & Bodyworker. Seine Hingabe gilt nun Massage, Ber\u00fchrung, m\u00e4nnlicher Sexualit\u00e4t, queeren Lebensweisen, alternativen Beziehungsformen und Sexpositivit\u00e4t. Unter MEN BODYWORK bietet er in Z\u00fcrich vielf\u00e4ltige Angebote f\u00fcr M\u00e4nner, die Ausgleich suchen und ihre Sinnlichkeit entdecken m\u00f6chten. Regelm\u00e4\u00dfig leitet er Workshops in Z\u00fcrich, Wien, Berlin und Mykonos, sowie das NAKED MEN Festival in Z\u00fcrich.<\/p>\n\n\t\t<\/div>\n\t<\/div>\n<div class=\"vc_separator wpb_content_element vc_separator_align_center vc_sep_width_100 vc_sep_pos_align_center vc_separator_no_text vc_sep_color_grey wpb_content_element  wpb_content_element\" ><span class=\"vc_sep_holder vc_sep_holder_l\"><span class=\"vc_sep_line\"><\/span><\/span><span class=\"vc_sep_holder vc_sep_holder_r\"><span class=\"vc_sep_line\"><\/span><\/span>\n<\/div>\n\t<div class=\"wpb_text_column wpb_content_element\" >\n\t\t<div class=\"wpb_wrapper\">\n\t\t\t<p><b>Was ist Sensual Touch Lab Series for GBTQ M\u00e4nner*?<\/b><br \/>\n\u2022 Sensual Touch Lab Series f\u00fcr GBTQ M\u00e4nner* ist ein monatlicher Workshop, bei dem wir einen Raum f\u00fcr sinnliche N\u00e4he und spielerische Begegnungen schaffen m\u00f6chten.<br \/>\n\u2022 Verk\u00f6rperte, somatische Erfahrungen, die unsere Gesamtk\u00f6rperlichkeit wertsch\u00e4tzen. Sinnlichkeit als Zugang, neue Wege im Umgang mit unseren eigenen \u00c4ngsten oder Mustern in Bezug auf Nacktheit, Intimit\u00e4t und Ber\u00fchrung erkunden.<br \/>\n\u2022 Wir laden dich ein, deine pers\u00f6nlichen Grenzen in einem Rahmen gegenseitigen Respekts und Einvernehmens zu erforschen, zu kommunizieren und gegebenenfalls zu erweitern. Dabei er\u00f6ffnet sich die M\u00f6glichkeit, die Kraft von Ber\u00fchrung, Empfindung und nonverbaler, zwischenmenschlicher Bezogenheit zu erfahren.<br \/>\n\u2022 Jedes Event wird ein gef\u00fchrter Prozess sein, der je nach Thema und Hintergrund der Kursleitenden* eine besondere Note hat, sei es K\u00f6rperarbeit und Ber\u00fchrung, Somatik und Intimit\u00e4t oder etwas anderes. Diese Kurzworkshops k\u00f6nnen Nacktheit, Partner\u00fcbungen sowie k\u00f6rperlich nahe Interaktionen beinhalten.<\/p>\n<p><b>Vorteile<\/b><br \/>\n\u2022 Schafft wertvolle, gemeinsame Erfahrungen unter GBTQ M\u00e4nner* durch N\u00e4he, Empathie und Verbundenheit.<br \/>\n\u2022 Bek\u00e4mpft Gef\u00fchle der Isolation und Einsamkeit.<br \/>\n\u2022 F\u00f6rdert Selbstliebe und Akzeptanz des eigenen K\u00f6rpers und der Identit\u00e4t.<br \/>\n\u2022 Bietet einen sicheren, urteilsfreien Raum zur Erforschung pers\u00f6nlicher Grenzen.<br \/>\n\u2022 Tr\u00e4gt zum allgemeinen Wohlbefinden bei und unterst\u00fctzt die F\u00e4higkeit, dauerhafte Beziehungen aufzubauen.<br \/>\n\u2022 Kann als gesunder Bew\u00e4ltigungsmechanismus dienen und das Risiko von Substanzmissbrauch reduzieren.<\/p>\n\n\t\t<\/div>\n\t<\/div>\n<div class=\"vc_separator wpb_content_element vc_separator_align_center vc_sep_width_100 vc_sep_pos_align_center vc_separator_no_text vc_sep_color_grey wpb_content_element  wpb_content_element\" ><span class=\"vc_sep_holder vc_sep_holder_l\"><span class=\"vc_sep_line\"><\/span><\/span><span class=\"vc_sep_holder vc_sep_holder_r\"><span class=\"vc_sep_line\"><\/span><\/span>\n<\/div>\n\t<div class=\"wpb_text_column wpb_content_element\" >\n\t\t<div class=\"wpb_wrapper\">\n\t\t\t<p><b>Hinweise<\/b><br \/>\n\u2022 Dieses Format ist f\u00fcr alle queeren M\u00e4nner*\/M\u00e4nnlichkeiten, die Ber\u00fchrung in einer einvernehmlichen, unterst\u00fctzenden Atmosph\u00e4re erfahren m\u00f6chten.<br \/>\n\u2022 Bitte lege Wert auf pers\u00f6nliche Hygiene.<br \/>\n\u2022 Bringe zum Abdecken von Kissen, Matten oder Massageliegen ein Laken und ein Handtuch mit.<br \/>\n\u2022 Dieser Workshop wird auf Englisch durchgef\u00fchrt.<br \/>\n\u2022 Dieses Event ist auch zu einem erm\u00e4\u00dfigten Mitgliederpreis erh\u00e4ltlich \u2013 aber kein Bestandteil der zwei kostenlosen monatlichen Mitgliederveranstaltungen.<br \/>\n\u2022 Erm\u00e4\u00dfigter Zugang ist auf schriftliche Anfrage an: <strong><a href=\"mailto:events@wearevillage.org\">events@wearevillage.org<\/a><\/strong><\/p>\n\n\t\t<\/div>\n\t<\/div>\n<\/div><\/div><\/div><\/div>\n<\/div>","protected":false},"excerpt":{"rendered":"<h5>Sensual Touch Lab Series (einmal im Monat)<br \/>\nMontag<br \/>\n20:00 \u2013 22:30<\/h5>\n<p class=\"p1\"><strong>| <span style=\"color: #ec6c23;\">GBTQ men*<\/span>\u00a0|<\/strong><\/p>\n<p><strong>April: Eros Play Circle mit Julian Martin<\/strong>. Inspiriert von Marina Kronkvists \u201cRitual Play\u201d gestalten wir ein erotisch-sinnliches Speed Dating. In mehreren Runden begegnest du verschiedenen Personen. In der Begegnung folgen beide nonverbal den eigenen Impulsen und geben sich der Dynamik hin.<\/p>\n","protected":false},"author":11,"featured_media":15386,"template":"","meta":{"pmpro_default_level":"","inline_featured_image":false},"product_brand":[],"product_cat":[79,83],"product_tag":[256],"class_list":{"0":"post-22764","1":"product","2":"type-product","3":"status-publish","4":"has-post-thumbnail","6":"product_cat-monatliche-events","7":"product_cat-workshops","8":"product_tag-gbtq-men","9":"pmpro-has-access","11":"first","12":"instock","13":"product-type-variable","14":"has-default-attributes"},"wpml_current_locale":"de_DE","wpml_translations":{"en_US":{"locale":"en_US","id":22767,"slug":"sensual-touch-lab-series-6","post_title":"Eros Play Circle","href":"https:\/\/wearevillage.org\/en\/shop\/sensual-touch\/w17-2025"}},"language":{"code":"de","locale":"","name":"","is_rtl":false},"_links":{"self":[{"href":"https:\/\/wearevillage.org\/wp-json\/wp\/v2\/product\/22764","targetHints":{"allow":["GET"]}}],"collection":[{"href":"https:\/\/wearevillage.org\/wp-json\/wp\/v2\/product"}],"about":[{"href":"https:\/\/wearevillage.org\/wp-json\/wp\/v2\/types\/product"}],"author":[{"embeddable":true,"href":"https:\/\/wearevillage.org\/wp-json\/wp\/v2\/users\/11"}],"wp:featuredmedia":[{"embeddable":true,"href":"https:\/\/wearevillage.org\/wp-json\/wp\/v2\/media\/15386"}],"wp:attachment":[{"href":"https:\/\/wearevillage.org\/wp-json\/wp\/v2\/media?parent=22764"}],"wp:term":[{"taxonomy":"product_brand","embeddable":true,"href":"https:\/\/wearevillage.org\/wp-json\/wp\/v2\/product_brand?post=22764"},{"taxonomy":"product_cat","embeddable":true,"href":"https:\/\/wearevillage.org\/wp-json\/wp\/v2\/product_cat?post=22764"},{"taxonomy":"product_tag","embeddable":true,"href":"https:\/\/wearevillage.org\/wp-json\/wp\/v2\/product_tag?post=22764"}],"curies":[{"name":"wp","href":"https:\/\/api.w.org\/{rel}","templated":true}]}}