{"id":22898,"date":"2025-02-26T11:41:15","date_gmt":"2025-02-26T10:41:15","guid":{"rendered":"https:\/\/wearevillage.org\/?post_type=product&#038;p=22898"},"modified":"2025-03-31T14:34:43","modified_gmt":"2025-03-31T12:34:43","slug":"film-night-2","status":"publish","type":"product","link":"https:\/\/wearevillage.org\/shop\/village-film\/w18-2025\/","title":{"rendered":"Film Night \u2013 Rotting in the Sun"},"content":{"rendered":"<div class=\"wpb-content-wrapper\"><div class=\"vc_row wpb_row vc_row-fluid\"><div class=\"wpb_column vc_column_container vc_col-sm-12\"><div class=\"vc_column-inner\"><div class=\"wpb_wrapper\"><h4 style=\"text-align: left\" class=\"vc_custom_heading vc_do_custom_heading\" >Village Film Night - Rotting in the Sun<\/h4><h5 style=\"text-align: left\" class=\"vc_custom_heading vc_do_custom_heading\" >Gast: Sebastia\u0301n Arcos<\/h5>\n\t<div class=\"wpb_text_column wpb_content_element\" >\n\t\t<div class=\"wpb_wrapper\">\n\t\t\t<p><strong>Rotting in the Sun (In der Sonne verrotten)<\/strong><br \/>\nRegisseur: Sebasti\u00e1n Silva<br \/>\n2023 \u2013 111 Min.<br \/>\nIn Spanisch mit Englischen Untertiteln<\/p>\n<p>Endlosschleifen aus Drogen, M\u00e4nnern und Geheimnissen k\u00f6nnen ein probates Mittel gegen Schreibblockaden sein. Sebasti\u00e1n Silva und Jordan Firstman tummeln sich an den Str\u00e4nden, in den Clubs und auf den D\u00e4chern Mexikos und spielen in dieser sexy und absurden Kom\u00f6die urkomische Versionen ihrer selbst.<\/p>\n<p>Begleite uns auf eine spielerische und provokative Reise in das sonnendurchflutete Chaos von Kreativit\u00e4t, Begierde und Selbstzerst\u00f6rung. Unter der Regie des chilenischen Filmemachers Sebasti\u00e1n Silva ist Rotting in the Sun eine bissige und selbstbewusste Satire, die die Grenzen zwischen Realit\u00e4t und Fiktion verwischt und die Absurdit\u00e4ten des kreativen Prozesses, von Social-Media-Pers\u00f6nlichkeiten und queerer Identit\u00e4t erforscht.<\/p>\n\n\t\t<\/div>\n\t<\/div>\n\n\t<div class=\"wpb_text_column wpb_content_element\" >\n\t\t<div class=\"wpb_wrapper\">\n\t\t\t<p><strong>\u00dcber die Filmnacht am Village<\/strong><br \/>\nDie monatliche Filmnacht von we are village hat sich zu einem Muss f\u00fcr Cineasten entwickelt, die eine Auswahl an beliebten Klassikern genie\u00dfen wollen. Das Programm umfasst eine breite Erkundung queerer und nicht-normativer Perspektiven in verschiedenen Genres und k\u00fcnstlerischen Stilen, die \u00fcber LGBTQIA+Themen hinausgehen. Nach jeder Vorf\u00fchrung werden die G\u00e4ste zum Verweilen und zur Teilnahme an entspannten Gruppendiskussionen \u00fcber die Filme und damit verbundene Themen eingeladen.<\/p>\n\n\t\t<\/div>\n\t<\/div>\n<div class=\"vc_separator wpb_content_element vc_separator_align_center vc_sep_width_100 vc_sep_pos_align_center vc_separator_no_text vc_sep_color_grey wpb_content_element  wpb_content_element\" ><span class=\"vc_sep_holder vc_sep_holder_l\"><span class=\"vc_sep_line\"><\/span><\/span><span class=\"vc_sep_holder vc_sep_holder_r\"><span class=\"vc_sep_line\"><\/span><\/span>\n<\/div>\n\t<div class=\"wpb_text_column wpb_content_element\" >\n\t\t<div class=\"wpb_wrapper\">\n\t\t\t<p><strong><img loading=\"lazy\" decoding=\"async\" class=\"wp-image-23875 alignleft\" src=\"https:\/\/wearevillage.org\/wp-content\/uploads\/2025\/02\/Sebastian-Arcos-e1743007691678.jpg\" alt=\"\" width=\"160\" height=\"178\" \/>Sebasti\u00e1n Arcos<\/strong> ist eine multidisziplin\u00e4re, kolumbianische, kreative Person mit Sitz in Berlin, welche sich mit der Verkn\u00fcpfung von Design, Kuratierung und Kulturproduktion besch\u00e4ftigt. Mit mehr als acht Jahren Erfahrung in Grafikdesign, Branding und redaktionellen Projekten hat xier mit globalen Marken zusammengearbeitet und Projekte geleitet, bei denen die strategische Planung mit der k\u00fcnstlerischen Leitung verbunden wurde. Als Mitbegr\u00fcndungsmitglied von Maricafest!, einem Kulturfestival in Kolumbien, das die Stimmen von LGBTIQ+ feiert, bringt xier in die Arbeit eine lateinamerikanische Queer-Perspektive ein. Sebasti\u00e1n widmet sich der Auswahl von Filmen, die verschiedene Erz\u00e4hlungen anregen, inspirieren und zelebrieren.<\/p>\n\n\t\t<\/div>\n\t<\/div>\n<div class=\"vc_separator wpb_content_element vc_separator_align_center vc_sep_width_100 vc_sep_pos_align_center vc_separator_no_text vc_sep_color_grey vc_custom_1724778095340 wpb_content_element  vc_custom_1724778095340 wpb_content_element\" ><span class=\"vc_sep_holder vc_sep_holder_l\"><span class=\"vc_sep_line\"><\/span><\/span><span class=\"vc_sep_holder vc_sep_holder_r\"><span class=\"vc_sep_line\"><\/span><\/span>\n<\/div>\n\t<div class=\"wpb_text_column wpb_content_element\" >\n\t\t<div class=\"wpb_wrapper\">\n\t\t\t<p><b>Hinweise<br \/>\n<\/b>Einlass ist um 19:30 Uhr, der Film beginnt p\u00fcnktlich um 20:00 Uhr.<br \/>\n<strong>Sprache<\/strong>: Die Veranstaltung wird auf Englisch abgehalten.<br \/>\n<strong>Kosten<\/strong>: Die Veranstaltung ist f\u00fcr alle zug\u00e4nglich und kostenlos.<\/p>\n\n\t\t<\/div>\n\t<\/div>\n<\/div><\/div><\/div><\/div><div class=\"vc_row wpb_row vc_row-fluid\"><div class=\"wpb_column vc_column_container vc_col-sm-12\"><div class=\"vc_column-inner\"><div class=\"wpb_wrapper\"><\/div><\/div><\/div><\/div>\n<\/div>","protected":false},"excerpt":{"rendered":"<h5>Dienstags (einmal im Monat)<br \/>\n19:30 \u2013 22:30<br \/>\nEintritt frei<\/h5>\n<p class=\"p1\"><strong>| <span style=\"color: #ec6c23;\">LGBTQIA+<\/span>|<\/strong><\/p>\n<p><strong>Rotting in the Sun<\/strong><br \/>\nRegisseur: Sebasti\u00e1n Silva<br \/>\n2023 \u2013 111 Min<br \/>\nIn Spanisch mit Englischen Untertiteln<\/p>\n<p>Begleite uns auf eine spielerische und provokative Reise in das sonnendurchflutete Chaos von Kreativit\u00e4t, Begierde und Selbstzerst\u00f6rung.<\/p>\n","protected":false},"author":12,"featured_media":24059,"template":"","meta":{"pmpro_default_level":"","inline_featured_image":false},"product_brand":[],"product_cat":[77,769,79],"product_tag":[469],"class_list":{"0":"post-22898","1":"product","2":"type-product","3":"status-publish","4":"has-post-thumbnail","6":"product_cat-community-events","7":"product_cat-kostenloser-zugang","8":"product_cat-monatliche-events","9":"product_tag-lgbtqiaplus","10":"pmpro-has-access","12":"first","13":"outofstock","14":"purchasable","15":"product-type-variable"},"wpml_current_locale":"de_DE","wpml_translations":{"en_US":{"locale":"en_US","id":22899,"slug":"film-night-female-trouble-kopie","post_title":"Film Night - Rotting in the Sun","href":"https:\/\/wearevillage.org\/en\/shop\/village-film\/w18-2025"}},"language":{"code":"de","locale":"","name":"","is_rtl":false},"_links":{"self":[{"href":"https:\/\/wearevillage.org\/wp-json\/wp\/v2\/product\/22898","targetHints":{"allow":["GET"]}}],"collection":[{"href":"https:\/\/wearevillage.org\/wp-json\/wp\/v2\/product"}],"about":[{"href":"https:\/\/wearevillage.org\/wp-json\/wp\/v2\/types\/product"}],"author":[{"embeddable":true,"href":"https:\/\/wearevillage.org\/wp-json\/wp\/v2\/users\/12"}],"wp:featuredmedia":[{"embeddable":true,"href":"https:\/\/wearevillage.org\/wp-json\/wp\/v2\/media\/24059"}],"wp:attachment":[{"href":"https:\/\/wearevillage.org\/wp-json\/wp\/v2\/media?parent=22898"}],"wp:term":[{"taxonomy":"product_brand","embeddable":true,"href":"https:\/\/wearevillage.org\/wp-json\/wp\/v2\/product_brand?post=22898"},{"taxonomy":"product_cat","embeddable":true,"href":"https:\/\/wearevillage.org\/wp-json\/wp\/v2\/product_cat?post=22898"},{"taxonomy":"product_tag","embeddable":true,"href":"https:\/\/wearevillage.org\/wp-json\/wp\/v2\/product_tag?post=22898"}],"curies":[{"name":"wp","href":"https:\/\/api.w.org\/{rel}","templated":true}]}}