{"id":23794,"date":"2025-03-26T14:59:04","date_gmt":"2025-03-26T13:59:04","guid":{"rendered":"https:\/\/wearevillage.org\/?post_type=product&#038;p=23794"},"modified":"2025-03-26T15:00:22","modified_gmt":"2025-03-26T14:00:22","slug":"queer-needlework-circle-77","status":"publish","type":"product","link":"https:\/\/wearevillage.org\/shop\/queer-needlework-circle\/w19-2025\/","title":{"rendered":"Queer Needlework Circle"},"content":{"rendered":"<div class=\"wpb-content-wrapper\"><div class=\"vc_row wpb_row vc_row-fluid\"><div class=\"wpb_column vc_column_container vc_col-sm-12\"><div class=\"vc_column-inner\"><div class=\"wpb_wrapper\"><h4 style=\"text-align: left\" class=\"vc_custom_heading vc_do_custom_heading\" >Queer Needlework Circle<\/h4><h5 style=\"text-align: left\" class=\"vc_custom_heading vc_do_custom_heading\" >mit dem QNC-Kollektiv<\/h5>\n\t<div class=\"wpb_text_column wpb_content_element\" >\n\t\t<div class=\"wpb_wrapper\">\n\t\t\t<p>Der Queer Needlework Circle (QNC) ist eine Gruppe von LGBTQIA+ Textilhandwerkern, die sich regelm\u00e4\u00dfig treffen, um verschiedene Techniken auszutauschen und gemeinsam kreativ zu arbeiten.<br \/>\nDie Gruppe trifft sich w\u00f6chentlich, um Ideen f\u00fcr Textilarbeiten auszutauschen, und jedes Mitglied kreiert seine eigenen Kleidungsst\u00fccke. Dabei kann es sich zum Beispiel um Sticken, Stricken, H\u00e4keln, Weben, N\u00e4hen, Quilten oder Patchwork handeln\u2026<br \/>\nDu kannst auch ein bereits bestehendes Projekt mitbringen, an dem Du arbeiten m\u00f6chtest.<br \/>\nBei jedem Treffen tauschen die Teilnehmer*innen ihre Erfahrungen aus und unterst\u00fctzen sich gegenseitig in ihrem kreativen Prozess. Es werden auch Workshops organisiert, die sich auf eine bestimmte Technik konzentrieren.<br \/>\nDie Gruppe trifft sich auch f\u00fcr andere gemeinsame Momente, wie z. B. gemeinsame Einkaufstouren f\u00fcr den Kauf von Materialien und \u00c4hnlichem.<br \/>\nJeder, der ein Nadel\u00f6hr hat und sich mit LGBTQIA+ identifiziert, ist eingeladen, an unseren Veranstaltungen teilzunehmen. Was im Kreis passiert, bleibt im Kreis. Gemeinsam arbeiten wir daran, einen sicheren Raum f\u00fcr uns und andere zu schaffen.<\/p>\n\n\t\t<\/div>\n\t<\/div>\n<div class=\"vc_separator wpb_content_element vc_separator_align_center vc_sep_width_100 vc_sep_pos_align_center vc_separator_no_text vc_sep_color_grey wpb_content_element  wpb_content_element\" ><span class=\"vc_sep_holder vc_sep_holder_l\"><span class=\"vc_sep_line\"><\/span><\/span><span class=\"vc_sep_holder vc_sep_holder_r\"><span class=\"vc_sep_line\"><\/span><\/span>\n<\/div>\n\t<div class=\"wpb_text_column wpb_content_element\" >\n\t\t<div class=\"wpb_wrapper\">\n\t\t\t<p><u><b>Hinweise<\/b><\/u><br \/>\n<b>Sprache<\/b>:\u00a0Je nach Bed\u00fcrfnissen der Gruppe werden wir Deutsch und\/oder Englisch sprechen.<br \/>\n<b>Kosten<\/b>: Die Teilnahme ist kostenlos.<\/p>\n\n\t\t<\/div>\n\t<\/div>\n\n\t<div class=\"wpb_text_column wpb_content_element\" >\n\t\t<div class=\"wpb_wrapper\">\n\t\t\t\n\t\t<\/div>\n\t<\/div>\n<\/div><\/div><\/div><\/div>\n<\/div>","protected":false},"excerpt":{"rendered":"<h5>Mittwochs<br \/>\n19:30 \u2013 22:00<br \/>\nKostenlos<\/h5>\n<p><strong>| <span style=\"color: #ec6c23;\">LGBTQIA+\u00a0<\/span>|\u00a0<\/strong><\/p>\n<p>Der Queer Needlework Circle (QNC) ist eine Gruppe von LGBTQIA+ Textilhandwerkern, die sich regelm\u00e4\u00dfig treffen, um verschiedene Techniken auszutauschen und gemeinsam kreativ zu arbeiten.<\/p>\n","protected":false},"author":12,"featured_media":7898,"template":"","meta":{"pmpro_default_level":"","inline_featured_image":false},"product_brand":[],"product_cat":[791,769],"product_tag":[469],"class_list":{"0":"post-23794","1":"product","2":"type-product","3":"status-publish","4":"has-post-thumbnail","6":"product_cat-gemeinsam-statt-einsam","7":"product_cat-kostenloser-zugang","8":"product_tag-lgbtqiaplus","9":"pmpro-has-access","11":"first","12":"outofstock","13":"purchasable","14":"product-type-variable"},"wpml_current_locale":"de_DE","wpml_translations":{"en_US":{"locale":"en_US","id":23801,"slug":"queer-needlework-circle-77","post_title":"Queer Needlework Circle","href":"https:\/\/wearevillage.org\/en\/shop\/queer-needlework-circle\/w19-2025"}},"language":{"code":"de","locale":"","name":"","is_rtl":false},"_links":{"self":[{"href":"https:\/\/wearevillage.org\/wp-json\/wp\/v2\/product\/23794","targetHints":{"allow":["GET"]}}],"collection":[{"href":"https:\/\/wearevillage.org\/wp-json\/wp\/v2\/product"}],"about":[{"href":"https:\/\/wearevillage.org\/wp-json\/wp\/v2\/types\/product"}],"author":[{"embeddable":true,"href":"https:\/\/wearevillage.org\/wp-json\/wp\/v2\/users\/12"}],"wp:featuredmedia":[{"embeddable":true,"href":"https:\/\/wearevillage.org\/wp-json\/wp\/v2\/media\/7898"}],"wp:attachment":[{"href":"https:\/\/wearevillage.org\/wp-json\/wp\/v2\/media?parent=23794"}],"wp:term":[{"taxonomy":"product_brand","embeddable":true,"href":"https:\/\/wearevillage.org\/wp-json\/wp\/v2\/product_brand?post=23794"},{"taxonomy":"product_cat","embeddable":true,"href":"https:\/\/wearevillage.org\/wp-json\/wp\/v2\/product_cat?post=23794"},{"taxonomy":"product_tag","embeddable":true,"href":"https:\/\/wearevillage.org\/wp-json\/wp\/v2\/product_tag?post=23794"}],"curies":[{"name":"wp","href":"https:\/\/api.w.org\/{rel}","templated":true}]}}