{"id":23833,"date":"2025-03-26T16:54:09","date_gmt":"2025-03-26T15:54:09","guid":{"rendered":"https:\/\/wearevillage.org\/?post_type=product&#038;p=23833"},"modified":"2025-03-27T11:59:47","modified_gmt":"2025-03-27T10:59:47","slug":"village-potluck-22","status":"publish","type":"product","link":"https:\/\/wearevillage.org\/shop\/potluck\/w20-2025\/","title":{"rendered":"Village Potluck"},"content":{"rendered":"<div class=\"wpb-content-wrapper\"><div class=\"vc_row wpb_row vc_row-fluid\"><div class=\"wpb_column vc_column_container vc_col-sm-12\"><div class=\"vc_column-inner\"><div class=\"wpb_wrapper\"><h4 style=\"text-align: left\" class=\"vc_custom_heading vc_do_custom_heading\" >Village Potluck<\/h4><h5 style=\"text-align: left\" class=\"vc_custom_heading vc_do_custom_heading\" >vom Volunteer Team organisiert<\/h5>\n\t<div class=\"wpb_text_column wpb_content_element\" >\n\t\t<div class=\"wpb_wrapper\">\n\t\t\t<p>Gemeinsam Zeit verbringen!<br \/>\nIn diesem Sinne l\u00e4dt dich das Village dazu ein, an diesem kostenlosen Event teilzunehmen, zu genie\u00dfen, zu lachen und neue Freundschaften zu schlie\u00dfen.<br \/>\nBring einfach etwas zu Essen deiner Wahl mit (wenn m\u00f6glich)\u00a0und wir essen & trinken zusammen in gem\u00fctlicher, lockerer Runde.<br \/>\nGerne kannst du auch deine Freunde dazu einladen \u2013 eine gute Gelegenheit zusammen eine tolle Zeit im Village zu verbringen \u2013 drinnen und im Garten.<\/p>\n\n\t\t<\/div>\n\t<\/div>\n\n\t<div class=\"wpb_text_column wpb_content_element\" >\n\t\t<div class=\"wpb_wrapper\">\n\t\t\t<p><strong><u>Hinweise<\/u><\/strong><br \/>\n<strong>Sprache<\/strong>: Dieses Event wird je nach Teilnehmerbed\u00fcrfnissen auf Deutsch und\/oder Englisch sein.<br \/>\n<strong>Kosten<\/strong>: Die Teilnahme ist kostenlos.<\/p>\n\n\t\t<\/div>\n\t<\/div>\n<\/div><\/div><\/div><\/div>\n<\/div>","protected":false},"excerpt":{"rendered":"<h5>Samstags (einmal pro Monat)<br \/>\n19:30 \u2013 23:00<\/p>\n<p>Kostenfrei<\/h5>\n<p><strong>| <span style=\"color: #ec6c23;\">LGBTQI+ Friends<\/span>\u00a0|<\/strong><\/p>\n<p>Gemeinsam Zeit verbringen! In diesem Sinne l\u00e4dt dich das Village dazu ein, an diesem kostenlosen Event teilzunehmen, zu genie\u00dfen, zu lachen und neue Freundschaften zu schlie\u00dfen. Bring einfach etwas zu Essen deiner Wahl mit (wenn m\u00f6glich)\u00a0und wir essen & trinken zusammen in gem\u00fctlicher, lockerer Runde.<\/p>\n","protected":false},"author":12,"featured_media":1828,"template":"","meta":{"pmpro_default_level":"","inline_featured_image":false},"product_brand":[],"product_cat":[77,791,79],"product_tag":[469],"class_list":{"0":"post-23833","1":"product","2":"type-product","3":"status-publish","4":"has-post-thumbnail","6":"product_cat-community-events","7":"product_cat-gemeinsam-statt-einsam","8":"product_cat-monatliche-events","9":"product_tag-lgbtqiaplus","10":"pmpro-has-access","12":"first","13":"outofstock","14":"purchasable","15":"product-type-variable"},"wpml_current_locale":"de_DE","wpml_translations":{"en_US":{"locale":"en_US","id":23840,"slug":"village-potluck-22","post_title":"Village Potluck","href":"https:\/\/wearevillage.org\/en\/shop\/potluck\/w20-2025"}},"language":{"code":"de","locale":"","name":"","is_rtl":false},"_links":{"self":[{"href":"https:\/\/wearevillage.org\/wp-json\/wp\/v2\/product\/23833","targetHints":{"allow":["GET"]}}],"collection":[{"href":"https:\/\/wearevillage.org\/wp-json\/wp\/v2\/product"}],"about":[{"href":"https:\/\/wearevillage.org\/wp-json\/wp\/v2\/types\/product"}],"author":[{"embeddable":true,"href":"https:\/\/wearevillage.org\/wp-json\/wp\/v2\/users\/12"}],"wp:featuredmedia":[{"embeddable":true,"href":"https:\/\/wearevillage.org\/wp-json\/wp\/v2\/media\/1828"}],"wp:attachment":[{"href":"https:\/\/wearevillage.org\/wp-json\/wp\/v2\/media?parent=23833"}],"wp:term":[{"taxonomy":"product_brand","embeddable":true,"href":"https:\/\/wearevillage.org\/wp-json\/wp\/v2\/product_brand?post=23833"},{"taxonomy":"product_cat","embeddable":true,"href":"https:\/\/wearevillage.org\/wp-json\/wp\/v2\/product_cat?post=23833"},{"taxonomy":"product_tag","embeddable":true,"href":"https:\/\/wearevillage.org\/wp-json\/wp\/v2\/product_tag?post=23833"}],"curies":[{"name":"wp","href":"https:\/\/api.w.org\/{rel}","templated":true}]}}