{"id":23905,"date":"2025-03-27T12:49:25","date_gmt":"2025-03-27T11:49:25","guid":{"rendered":"https:\/\/wearevillage.org\/?post_type=product&#038;p=23905"},"modified":"2025-03-27T13:27:51","modified_gmt":"2025-03-27T12:27:51","slug":"queer-images-14","status":"publish","type":"product","link":"https:\/\/wearevillage.org\/shop\/queer-images\/w20-2025\/","title":{"rendered":"Queer Images"},"content":{"rendered":"<div class=\"wpb-content-wrapper\"><div class=\"vc_row wpb_row vc_row-fluid\"><div class=\"wpb_column vc_column_container vc_col-sm-12\"><div class=\"vc_column-inner\"><div class=\"wpb_wrapper\"><h4 style=\"text-align: left\" class=\"vc_custom_heading vc_do_custom_heading\" >Queer Images: Kreativit\u00e4t und Verbindung entdecken<\/h4><h5 style=\"text-align: left\" class=\"vc_custom_heading vc_do_custom_heading\" >mit Michael Rolnick<\/h5>\n\t<div class=\"wpb_text_column wpb_content_element\" >\n\t\t<div class=\"wpb_wrapper\">\n\t\t\t<p><strong>_Mai_ \u201eCollage und Narrativ\u201c \u2013 Geschichten erz\u00e4hlen mit geschichteten Leporello-Bildern<\/strong><br \/>\nEine Collage ist mehr als nur Schneiden und Kleben \u2013 sie kann ein starkes Mittel sein, um Geschichten zu erz\u00e4hlen. In diesem Workshop erkunden wir, wie gefundene Bilder, Texturen und unerwartete Kontraste fesselnde visuelle Erz\u00e4hlungen erschaffen k\u00f6nnen. Ob du dich zu surrealen Kompositionen, pers\u00f6nlichem Storytelling oder abstrakten Themen hingezogen f\u00fchlst \u2013 diese Techniken helfen dir, deine einzigartige Vision zum Leben zu erwecken. Keine Erfahrungen n\u00f6tig \u2013 nur Neugier und Freude am Experimentieren!<\/p>\n<p><strong>Was ist Queer Images?<\/strong><br \/>\nIn diesem monatlichen Workshop, bist du eingeladen, dich durch visuelle Kunst auszudr\u00fccken. Der Schwerpunkt liegt hierbei auf dem Prozess, nicht auf dem Ergebnis. Unser Ziel ist es, einen Zugang zu unserer eigenen Kreativit\u00e4t herzustellen, indem wir eine tiefere Verbindung zu unserem inneren Selbst und zueinander aufbauen. Es sind keine besonderen F\u00e4higkeiten oder \u201eTalente\u201c erforderlich, lediglich die Bereitschaft, sich mit Neugier aktiv einzubringen.<\/p>\n\n\t\t<\/div>\n\t<\/div>\n<div class=\"vc_separator wpb_content_element vc_separator_align_center vc_sep_width_100 vc_sep_pos_align_center vc_separator_no_text vc_sep_color_grey wpb_content_element  wpb_content_element\" ><span class=\"vc_sep_holder vc_sep_holder_l\"><span class=\"vc_sep_line\"><\/span><\/span><span class=\"vc_sep_holder vc_sep_holder_r\"><span class=\"vc_sep_line\"><\/span><\/span>\n<\/div><\/div><\/div><\/div><\/div><div class=\"vc_row wpb_row vc_row-fluid\"><div class=\"wpb_column vc_column_container vc_col-sm-12\"><div class=\"vc_column-inner\"><div class=\"wpb_wrapper\">\n\t<div class=\"wpb_text_column wpb_content_element\" >\n\t\t<div class=\"wpb_wrapper\">\n\t\t\t<p><img loading=\"lazy\" decoding=\"async\" class=\"wp-image-38 alignleft\" src=\"https:\/\/wearevillage.org\/wp-content\/uploads\/2022\/08\/Michael-Rolnick.jpg\" alt=\"\" width=\"160\" height=\"177\" srcset=\"https:\/\/wearevillage.org\/wp-content\/uploads\/2022\/08\/Michael-Rolnick.jpg 700w, https:\/\/wearevillage.org\/wp-content\/uploads\/2022\/08\/Michael-Rolnick-390x431.jpg 390w, https:\/\/wearevillage.org\/wp-content\/uploads\/2022\/08\/Michael-Rolnick-600x663.jpg 600w, https:\/\/wearevillage.org\/wp-content\/uploads\/2022\/08\/Michael-Rolnick-271x300.jpg 271w, https:\/\/wearevillage.org\/wp-content\/uploads\/2022\/08\/Michael-Rolnick-624x690.jpg 624w\" sizes=\"auto, (max-width: 160px) 100vw, 160px\" \/><strong>Michael<\/strong> <strong>Rolnick<\/strong> wurde in London geboren, wo er eine Ausbildung zum T\u00e4nzer an den Royal Ballet Schools absolvierte. Er tanzte unter anderem f\u00fcr das Northern Ballet Theatre, das Scottish Ballet, die Lindsay Kemp Company, AMP und zahlreiche andere. Michael arbeitet auch als Choreograf und macht bildende Kunst. Au\u00dferdem unterrichtet er Pilates und ist co-facilitator unseres Authentic Eros One-Year Trainings.<\/p>\n\n\t\t<\/div>\n\t<\/div>\n<div class=\"vc_separator wpb_content_element vc_separator_align_center vc_sep_width_100 vc_sep_pos_align_center vc_separator_no_text vc_sep_color_grey wpb_content_element  wpb_content_element\" ><span class=\"vc_sep_holder vc_sep_holder_l\"><span class=\"vc_sep_line\"><\/span><\/span><span class=\"vc_sep_holder vc_sep_holder_r\"><span class=\"vc_sep_line\"><\/span><\/span>\n<\/div><\/div><\/div><\/div><\/div><div class=\"vc_row wpb_row vc_row-fluid\"><div class=\"wpb_column vc_column_container vc_col-sm-12\"><div class=\"vc_column-inner\"><div class=\"wpb_wrapper\">\n\t<div class=\"wpb_text_column wpb_content_element\" >\n\t\t<div class=\"wpb_wrapper\">\n\t\t\t<p><strong><u>Hinweise<\/u><\/strong><br \/>\n<strong>Sprache<\/strong>:\u00a0Je nach Bed\u00fcrfnissen der Gruppe werden wir Deutsch und\/oder Englisch sprechen.<br \/>\n<b>Kosten<\/b>: Die Veranstaltung ist kostenlos.<\/p>\n\n\t\t<\/div>\n\t<\/div>\n<\/div><\/div><\/div><\/div>\n<\/div>","protected":false},"excerpt":{"rendered":"<h5>Samstags (einmal im Monat)<br \/>\n13:00 \u2013 16:00<br \/>\nKostenloser Workshop<\/h5>\n<p><strong>| <span style=\"color: #ec6c23;\">LGBTQIA+ <\/span>|<\/strong><\/p>\n<p><strong>_Mai_ \u201eCollage und Narrativ\u201c \u2013 Geschichten erz\u00e4hlen mit geschichteten Leporello-Bildern<\/strong><br \/>\nIn diesem Workshop erkunden wir, wie gefundene Bilder, Texturen und unerwartete Kontraste fesselnde visuelle Erz\u00e4hlungen erschaffen k\u00f6nnen.<\/p>\n","protected":false},"author":12,"featured_media":23913,"template":"","meta":{"pmpro_default_level":"","inline_featured_image":false},"product_brand":[],"product_cat":[77,791,769,79],"product_tag":[469],"class_list":{"0":"post-23905","1":"product","2":"type-product","3":"status-publish","4":"has-post-thumbnail","6":"product_cat-community-events","7":"product_cat-gemeinsam-statt-einsam","8":"product_cat-kostenloser-zugang","9":"product_cat-monatliche-events","10":"product_tag-lgbtqiaplus","11":"pmpro-has-access","13":"first","14":"outofstock","15":"purchasable","16":"product-type-variable"},"wpml_current_locale":"de_DE","wpml_translations":{"en_US":{"locale":"en_US","id":23916,"slug":"queer-images-14","post_title":"Queer Images","href":"https:\/\/wearevillage.org\/en\/shop\/queer-images\/w20-2025"}},"language":{"code":"de","locale":"","name":"","is_rtl":false},"_links":{"self":[{"href":"https:\/\/wearevillage.org\/wp-json\/wp\/v2\/product\/23905","targetHints":{"allow":["GET"]}}],"collection":[{"href":"https:\/\/wearevillage.org\/wp-json\/wp\/v2\/product"}],"about":[{"href":"https:\/\/wearevillage.org\/wp-json\/wp\/v2\/types\/product"}],"author":[{"embeddable":true,"href":"https:\/\/wearevillage.org\/wp-json\/wp\/v2\/users\/12"}],"wp:featuredmedia":[{"embeddable":true,"href":"https:\/\/wearevillage.org\/wp-json\/wp\/v2\/media\/23913"}],"wp:attachment":[{"href":"https:\/\/wearevillage.org\/wp-json\/wp\/v2\/media?parent=23905"}],"wp:term":[{"taxonomy":"product_brand","embeddable":true,"href":"https:\/\/wearevillage.org\/wp-json\/wp\/v2\/product_brand?post=23905"},{"taxonomy":"product_cat","embeddable":true,"href":"https:\/\/wearevillage.org\/wp-json\/wp\/v2\/product_cat?post=23905"},{"taxonomy":"product_tag","embeddable":true,"href":"https:\/\/wearevillage.org\/wp-json\/wp\/v2\/product_tag?post=23905"}],"curies":[{"name":"wp","href":"https:\/\/api.w.org\/{rel}","templated":true}]}}