{"id":23985,"date":"2025-03-28T14:40:32","date_gmt":"2025-03-28T13:40:32","guid":{"rendered":"https:\/\/wearevillage.org\/?post_type=product&#038;p=23985"},"modified":"2025-04-10T11:44:56","modified_gmt":"2025-04-10T09:44:56","slug":"kartografien-des-koerpers-queer-bridges-3","status":"publish","type":"product","link":"https:\/\/wearevillage.org\/shop\/queer-bridges-kartografien-des-koerpers\/w21-2025\/","title":{"rendered":"Kartografien des K\u00f6rpers \u2013\u00a0Queer Bridges"},"content":{"rendered":"<div class=\"wpb-content-wrapper\"><div class=\"vc_row wpb_row vc_row-fluid\"><div class=\"wpb_column vc_column_container vc_col-sm-12\"><div class=\"vc_column-inner\"><div class=\"wpb_wrapper\"><h4 style=\"text-align: left\" class=\"vc_custom_heading vc_do_custom_heading\" >Kartografien des K\u00f6rpers \u2013 Queer Bridges<\/h4><h5 style=\"text-align: left\" class=\"vc_custom_heading vc_do_custom_heading\" >mit Sabrina Szych und Yusa Jacobo<\/h5>\n\t<div class=\"wpb_text_column wpb_content_element\" >\n\t\t<div class=\"wpb_wrapper\">\n\t\t\t<p>Body Cartographies ist ein Laborraum, in dem wir gemeinsam Migrationsprozesse kartografieren und verk\u00f6rpern, basierend auf dem <strong><a href=\"https:\/\/visceracolectivo.wixsite.com\/website\">MUAMI-Projekt<\/a><\/strong>. Dieser Workshop m\u00f6chte k\u00fcnstlerische Werkzeuge vermitteln und den Prozess der Identit\u00e4ts(um)gestaltung begleiten, der entsteht, wenn eine Person als queere Person ihr Territorium wechselt.<\/p>\n<p>Wir m\u00f6chten einen kollektiven Raum schaffen in dem wir k\u00f6rperlich und symbolisch die Schnittpunkte nachzeichnen, die unseren eigenen Migrationserfahrungen \u2013 im Kontext von Berlin, Deutschland \u2013 Bedeutung verleihen.<\/p>\n<p>Durch diese Begegnungen ermutigen wir die Teilnehmenden, wieder in Kontakt mit dem eigenen K\u00f6rper zu treten, die vielen Distanzen, die Teil dieses Prozesses sind, neu zu deuten und zu verk\u00f6rpern. In diesem Labor arbeiten wir mit Techniken aus dem K\u00f6rperausdruck, Kartografien und Landkarten, Malerei und poetischem Schreiben.<\/p>\n<p>Veranstaltungsfoto von <strong>Sabrina Szych<\/strong>.<\/p>\n\n\t\t<\/div>\n\t<\/div>\n<div class=\"vc_separator wpb_content_element vc_separator_align_center vc_sep_width_100 vc_sep_pos_align_center vc_separator_no_text vc_sep_color_grey wpb_content_element  wpb_content_element\" ><span class=\"vc_sep_holder vc_sep_holder_l\"><span class=\"vc_sep_line\"><\/span><\/span><span class=\"vc_sep_holder vc_sep_holder_r\"><span class=\"vc_sep_line\"><\/span><\/span>\n<\/div>\n\t<div class=\"wpb_text_column wpb_content_element\" >\n\t\t<div class=\"wpb_wrapper\">\n\t\t\t<p><img loading=\"lazy\" decoding=\"async\" class=\"size-full wp-image-23943 alignleft\" src=\"https:\/\/wearevillage.org\/wp-content\/uploads\/2025\/03\/Sabrina-Szych-e1743085496447.png\" alt=\"\" width=\"160\" height=\"178\" srcset=\"https:\/\/wearevillage.org\/wp-content\/uploads\/2025\/03\/Sabrina-Szych-e1743085496447.png 1492w, https:\/\/wearevillage.org\/wp-content\/uploads\/2025\/03\/Sabrina-Szych-e1743085496447-270x300.png 270w, https:\/\/wearevillage.org\/wp-content\/uploads\/2025\/03\/Sabrina-Szych-e1743085496447-920x1024.png 920w, https:\/\/wearevillage.org\/wp-content\/uploads\/2025\/03\/Sabrina-Szych-e1743085496447-135x150.png 135w, https:\/\/wearevillage.org\/wp-content\/uploads\/2025\/03\/Sabrina-Szych-e1743085496447-768x854.png 768w, https:\/\/wearevillage.org\/wp-content\/uploads\/2025\/03\/Sabrina-Szych-e1743085496447-1381x1536.png 1381w, https:\/\/wearevillage.org\/wp-content\/uploads\/2025\/03\/Sabrina-Szych-e1743085496447-624x694.png 624w, https:\/\/wearevillage.org\/wp-content\/uploads\/2025\/03\/Sabrina-Szych-e1743085496447-390x434.png 390w, https:\/\/wearevillage.org\/wp-content\/uploads\/2025\/03\/Sabrina-Szych-e1743085496447-600x668.png 600w\" sizes=\"auto, (max-width: 160px) 100vw, 160px\" \/> <strong>Sabrina Szych<\/strong> (sie\/ihr) ist eine argentinische multidisziplin\u00e4re K\u00fcnstlerin mit Schwerpunkt in den darstellenden K\u00fcnsten. Sie studierte an der Nationalen Universit\u00e4t der K\u00fcnste in Buenos Aires und entwickelte sich dort als Choreografin im Bereich K\u00f6rperausdruck. Sabrina ist Teil eines Forschungsprojekts namens \u201ePhysical Painting\u201c, in dem Tanz und Malerei miteinander in Dialog treten. Seit neun Jahren unterrichtet sie Tanz mit Fokus auf somatische Praktiken und Improvisation. 2024 zog sie nach Berlin und arbeitet seither in verschiedenen B\u00fchnenr\u00e4umen mit Licht und Raumgestaltung.<\/p>\n<p><img loading=\"lazy\" decoding=\"async\" class=\"wp-image-18038 alignleft\" src=\"https:\/\/wearevillage.org\/wp-content\/uploads\/2024\/10\/yusa-jacobo-scaled.jpg\" alt=\"\" width=\"160\" height=\"178\" srcset=\"https:\/\/wearevillage.org\/wp-content\/uploads\/2024\/10\/yusa-jacobo-scaled.jpg 2307w, https:\/\/wearevillage.org\/wp-content\/uploads\/2024\/10\/yusa-jacobo-270x300.jpg 270w, https:\/\/wearevillage.org\/wp-content\/uploads\/2024\/10\/yusa-jacobo-923x1024.jpg 923w, https:\/\/wearevillage.org\/wp-content\/uploads\/2024\/10\/yusa-jacobo-135x150.jpg 135w, https:\/\/wearevillage.org\/wp-content\/uploads\/2024\/10\/yusa-jacobo-768x852.jpg 768w, https:\/\/wearevillage.org\/wp-content\/uploads\/2024\/10\/yusa-jacobo-1384x1536.jpg 1384w, https:\/\/wearevillage.org\/wp-content\/uploads\/2024\/10\/yusa-jacobo-1845x2048.jpg 1845w, https:\/\/wearevillage.org\/wp-content\/uploads\/2024\/10\/yusa-jacobo-624x693.jpg 624w, https:\/\/wearevillage.org\/wp-content\/uploads\/2024\/10\/yusa-jacobo-390x433.jpg 390w, https:\/\/wearevillage.org\/wp-content\/uploads\/2024\/10\/yusa-jacobo-600x666.jpg 600w\" sizes=\"auto, (max-width: 160px) 100vw, 160px\" \/><strong>Yusa Jacobo<\/strong> (she\/they) ist eine queere BIPOC-K\u00fcnstler*in aus Argentinien, die in Deutschland lebt. Sie hat einen Abschluss in Choreografischer Komposition mit einer Perspektive auf Somatik und Improvisation von der Nationalen Universit\u00e4t der K\u00fcnste in Buenos Aires. Yusa engagiert sich in der k\u00fcnstlerischen und p\u00e4dagogischen Forschung und betrachtet den K\u00f6rper als Matrix ihrer Praktiken, die sich zwischen Tanz, Keramik und Poesie bewegen. Sie ist daran interessiert, R\u00e4ume zu schaffen, die Mikropolitik, Kunst, Somatik und sozialen Wandel miteinander verbinden.<\/p>\n\n\t\t<\/div>\n\t<\/div>\n<div class=\"vc_separator wpb_content_element vc_separator_align_center vc_sep_width_100 vc_sep_pos_align_center vc_separator_no_text vc_sep_color_grey wpb_content_element  wpb_content_element\" ><span class=\"vc_sep_holder vc_sep_holder_l\"><span class=\"vc_sep_line\"><\/span><\/span><span class=\"vc_sep_holder vc_sep_holder_r\"><span class=\"vc_sep_line\"><\/span><\/span>\n<\/div>\n\t<div class=\"wpb_text_column wpb_content_element\" >\n\t\t<div class=\"wpb_wrapper\">\n\t\t\t<p><strong>Queer Bridges: Verbindungen schaffen und Ressourcen f\u00fcr LGBTQIA+ Menschen mit Migrationserfahrung bereitstellen.<\/strong><br \/>\nQueere Menschen mit Migrationserfahrung in Berlin sehen sich in ihrem t\u00e4glichen Leben oft mit besonderen Herausforderungen konfrontiert, die ihren Zugang zu unterst\u00fctzenden Gemeinschaften und integrativen Umgebungen einschr\u00e4nken k\u00f6nnen.<br \/>\n<img loading=\"lazy\" decoding=\"async\" class=\"wp-image-15170 alignleft\" src=\"https:\/\/wearevillage.org\/wp-content\/uploads\/2024\/06\/stiftung-300x121.png\" alt=\"\" width=\"216\" height=\"87\" srcset=\"https:\/\/wearevillage.org\/wp-content\/uploads\/2024\/06\/stiftung-300x121.png 300w, https:\/\/wearevillage.org\/wp-content\/uploads\/2024\/06\/stiftung-1024x414.png 1024w, https:\/\/wearevillage.org\/wp-content\/uploads\/2024\/06\/stiftung-150x61.png 150w, https:\/\/wearevillage.org\/wp-content\/uploads\/2024\/06\/stiftung-768x310.png 768w, https:\/\/wearevillage.org\/wp-content\/uploads\/2024\/06\/stiftung-1536x620.png 1536w, https:\/\/wearevillage.org\/wp-content\/uploads\/2024\/06\/stiftung-2048x827.png 2048w, https:\/\/wearevillage.org\/wp-content\/uploads\/2024\/06\/stiftung-624x252.png 624w, https:\/\/wearevillage.org\/wp-content\/uploads\/2024\/06\/stiftung-390x158.png 390w, https:\/\/wearevillage.org\/wp-content\/uploads\/2024\/06\/stiftung-600x242.png 600w\" sizes=\"auto, (max-width: 216px) 100vw, 216px\" \/>Mit Unterst\u00fctzung der<strong> Deutschen Fernsehlotterie Stiftung<\/strong>, haben wir das Programm Queer Bridges entwickelt, um diese H\u00fcrden zu \u00fcberwinden. Wir bieten Ressourcen, Vernetzung und Unterst\u00fctzung in einem einladenden Umfeld f\u00fcr queere Migrant*innen und Gefl\u00fcchtete durch unser spezielles Programm. Unser Ziel ist es, ein Gef\u00fchl der Zugeh\u00f6rigkeit zur lokalen LGBTQIA+ Community zu f\u00f6rdern und damit eine reibungslose Integration sowie eine verbesserte Lebensqualit\u00e4t f\u00fcr queere Menschen mit Migrations- und\/oder Fluchterfahrung zu erm\u00f6glichen.<br \/>\n\u2705 Unser <strong>Queer Bridges<\/strong> Programm wird sich stetig weiter entwickeln und wir freuen uns auch jederzeit von Euren Bedarfen zu h\u00f6ren. Bei Interesse k\u00f6nnt ihr uns eine E-Mail schicken, um \u00fcber weitere Aktualisierungen informiert zu bleiben.<\/p>\n\n\t\t<\/div>\n\t<\/div>\n<div class=\"vc_separator wpb_content_element vc_separator_align_center vc_sep_width_100 vc_sep_pos_align_center vc_separator_no_text vc_sep_color_grey wpb_content_element  wpb_content_element\" ><span class=\"vc_sep_holder vc_sep_holder_l\"><span class=\"vc_sep_line\"><\/span><\/span><span class=\"vc_sep_holder vc_sep_holder_r\"><span class=\"vc_sep_line\"><\/span><\/span>\n<\/div>\n\t<div class=\"wpb_text_column wpb_content_element\" >\n\t\t<div class=\"wpb_wrapper\">\n\t\t\t<p><span style=\"text-decoration: underline;\"><strong>Hinweise<\/strong><\/span><br \/>\n<strong>Teilnehmende<\/strong>: Dieser Workshop richtet sich an alle, die sich als LGBTQIA+ identifizieren und Migrations- und\/oder Fluchterfahrung erlebt haben. Wenn ihr diese Erfahrungen nicht teilt, aber dennoch an einer Teilnahme interessiert seid, meldet euch bitte zuerst bei uns, um zu kl\u00e4ren, ob ein Platz frei ist. Wir bitten alle Teilnehmenden, den Schwerpunkt des Programms zu respektieren und dazu beizutragen, einen offenen, respektvollen Raum zu schaffen.<br \/>\n<strong>Anmeldung<\/strong>: F\u00fcr dieses Event stehen begrenzte Pl\u00e4tze zur Verf\u00fcgung. Eine Registrierung \u00fcber unsere Website ist daher erforderlich.<br \/>\n<strong>Sprache<\/strong>: Dieses Event wird auf Englisch sein.<br \/>\n<strong>Kosten<\/strong>: Die Teilnahme ist kostenlos.<\/p>\n\n\t\t<\/div>\n\t<\/div>\n<\/div><\/div><\/div><\/div>\n<\/div>","protected":false},"excerpt":{"rendered":"<h5>Montag<br \/>\n18:00-19:30<\/p>\n<p>Kostenfreier Workshop<br \/>\nAnmeldung erforderlich<br \/>\nAuf Englisch<\/h5>\n<p><strong> | <span style=\"color: #ec6c23;\"> LGBTQIA+ <\/span> | <\/strong><\/p>\n<p>Lasst uns gemeinsam herausfinden, wie queere Migrations\u00aderfahrungen unsere K\u00f6rper und Geschichten pr\u00e4gen, und nutzt Bewegung, Kunst und Schreiben als Werkzeuge f\u00fcr Verbindung und Reflexion in Berlin.<\/p>\n","protected":false},"author":12,"featured_media":23971,"template":"","meta":{"pmpro_default_level":"","inline_featured_image":false},"product_brand":[],"product_cat":[769,797,83],"product_tag":[469],"class_list":{"0":"post-23985","1":"product","2":"type-product","3":"status-publish","4":"has-post-thumbnail","6":"product_cat-kostenloser-zugang","7":"product_cat-queer-bridges-events-2","8":"product_cat-workshops","9":"product_tag-lgbtqiaplus","10":"pmpro-has-access","12":"first","13":"instock","14":"sold-individually","15":"product-type-simple"},"wpml_current_locale":"de_DE","wpml_translations":{"en_US":{"locale":"en_US","id":23993,"slug":"kartografien-des-koerpers-queer-bridges-3","post_title":"Body Cartographies - Queer Bridges","href":"https:\/\/wearevillage.org\/en\/shop\/queer-bridges-kartografien-des-koerpers\/w21-2025"}},"language":{"code":"de","locale":"","name":"","is_rtl":false},"_links":{"self":[{"href":"https:\/\/wearevillage.org\/wp-json\/wp\/v2\/product\/23985","targetHints":{"allow":["GET"]}}],"collection":[{"href":"https:\/\/wearevillage.org\/wp-json\/wp\/v2\/product"}],"about":[{"href":"https:\/\/wearevillage.org\/wp-json\/wp\/v2\/types\/product"}],"author":[{"embeddable":true,"href":"https:\/\/wearevillage.org\/wp-json\/wp\/v2\/users\/12"}],"wp:featuredmedia":[{"embeddable":true,"href":"https:\/\/wearevillage.org\/wp-json\/wp\/v2\/media\/23971"}],"wp:attachment":[{"href":"https:\/\/wearevillage.org\/wp-json\/wp\/v2\/media?parent=23985"}],"wp:term":[{"taxonomy":"product_brand","embeddable":true,"href":"https:\/\/wearevillage.org\/wp-json\/wp\/v2\/product_brand?post=23985"},{"taxonomy":"product_cat","embeddable":true,"href":"https:\/\/wearevillage.org\/wp-json\/wp\/v2\/product_cat?post=23985"},{"taxonomy":"product_tag","embeddable":true,"href":"https:\/\/wearevillage.org\/wp-json\/wp\/v2\/product_tag?post=23985"}],"curies":[{"name":"wp","href":"https:\/\/api.w.org\/{rel}","templated":true}]}}